{"id":25573,"date":"2018-05-25T13:58:41","date_gmt":"2018-05-25T11:58:41","guid":{"rendered":"https:\/\/foliobooks.pl\/?post_type=product&#038;p=25573"},"modified":"2026-01-14T11:46:14","modified_gmt":"2026-01-14T10:46:14","slug":"leroy-grannis-surf-photography","status":"publish","type":"product","link":"https:\/\/foliobooks.pl\/en\/shop\/leroy-grannis-surf-photography\/","title":{"rendered":"LeRoy Grannis. Surf Photography of the 1960s and 1970s"},"content":{"rendered":"<p>At a time when surfing is more popular than ever, it\u2019s fitting to look back at the years that brought the sport into the mainstream. Developed by Hawaiian Islanders over five centuries ago, surfing began to peak on the mainland in the 1950s\u2014becoming not just a sport, but a way of life, admired and exported across the globe. One of the key image-makers from that period is LeRoy Grannis, a surfer since 1931, who began photographing the longboard era of the early 1960s in both California and Hawaii.<\/p>\n<p>This edition brings back Grannis\u2019s hair-raising, sold-out Collector\u2019s Edition, curated from the photographer\u2019s personal archives, to showcase his most vibrant work in a compact and affordable format\u2014from the bliss of catching the perfect wave at San Onofre to dramatic wipeouts at Oahu\u2019s famed North Shore.<\/p>\n<p>An innovator in the field, Grannis suction-cupped a waterproof box to his board, enabling him to change film in the water and stay closer to the action than any other photographer of the time. He also covered the emerging surf lifestyle, from \u201csurfer stomps\u201d and hordes of fans at surf contests to board-laden woody station wagons along the Pacific Coast Highway. It is in these iconic images that a sport still in its adolescence embodied the free-spirited nature of an era\u2014a time before shortboards and celebrity endorsements, when surfing was at its bronzed best.<\/p>\n","protected":false},"excerpt":{"rendered":"<p>At a time when surfing is more popular than ever, it\u2019s fitting to look back at the years that brought the sport into the mainstream. Developed by Hawaiian Islanders over five centuries ago, surfing began to peak on the mainland in the 1950s\u2014becoming not just a sport, but a way of life, admired and exported&#8230;<\/p>\n","protected":false},"featured_media":25597,"comment_status":"closed","ping_status":"closed","template":"","meta":[],"product_brand":[],"product_cat":[4517,4521],"product_tag":[10664,11496,11529,6104,6632,10845,10581,1488,6944,6816],"class_list":{"0":"post-25573","1":"product","2":"type-product","3":"status-publish","4":"has-post-thumbnail","6":"product_cat-photography-en","7":"product_cat-silva-rerum-en-en","8":"product_tag-america-en","9":"product_tag-california-en","10":"product_tag-documentary-photography-en","11":"product_tag-lifestyle","12":"product_tag-photographers","13":"product_tag-recreation-en","14":"product_tag-rest-en","15":"product_tag-sport-en","16":"product_tag-surfing-en","17":"product_tag-water","18":"pa_author_att-jim-heimann-en","19":"pa_author_att-leroy-grannis-en","20":"pa_author_att-steve-barilotti-en","21":"pa_cover-hardcover","22":"pa_format-172-x-24-cm-en","23":"pa_isbn-9783836566797-en","24":"pa_language-eng-f-ger","25":"pa_pages-400-en","26":"pa_published-2018-04-25-en","27":"pa_publisher-taschen-en-en","29":"first","30":"outofstock","31":"sold-individually","32":"shipping-taxable","33":"purchasable","34":"product-type-simple"},"yoast_head":"<!-- This site is optimized with the Yoast SEO plugin v27.4 - https:\/\/yoast.com\/product\/yoast-seo-wordpress\/ -->\n<title>LeRoy Grannis. Surf Photography of the 1960s and 1970s (Jim Heimann, LeRoy Grannis, Steve Barilotti) - book \/ album - Folio<\/title>\n<meta name=\"description\" content=\"Wejd\u017a i kup ksi\u0105\u017ck\u0119 LeRoy Grannis. Surf Photography of the 1960s and 1970s autorstwa Jim Heimann, LeRoy Grannis, Steve Barilotti wydan\u0105 przez TASCHEN (2018-04-25) w formacie 17,2 x 24 cm (ISBN: 9783836566797). Zapraszamy!\" \/>\n<meta name=\"robots\" content=\"index, follow, max-snippet:-1, max-image-preview:large, max-video-preview:-1\" \/>\n<link rel=\"canonical\" href=\"https:\/\/foliobooks.pl\/en\/shop\/leroy-grannis-surf-photography\/\" \/>\n<meta property=\"og:locale\" content=\"en_US\" \/>\n<meta property=\"og:type\" content=\"article\" \/>\n<meta property=\"og:title\" content=\"LeRoy Grannis. Surf Photography of the 1960s and 1970s (Jim Heimann, LeRoy Grannis, Steve Barilotti) - book \/ album - Folio\" \/>\n<meta property=\"og:description\" content=\"Wejd\u017a i kup ksi\u0105\u017ck\u0119 LeRoy Grannis. Surf Photography of the 1960s and 1970s autorstwa Jim Heimann, LeRoy Grannis, Steve Barilotti wydan\u0105 przez TASCHEN (2018-04-25) w formacie 17,2 x 24 cm (ISBN: 9783836566797). Zapraszamy!\" \/>\n<meta property=\"og:url\" content=\"https:\/\/foliobooks.pl\/en\/shop\/leroy-grannis-surf-photography\/\" \/>\n<meta property=\"og:site_name\" content=\"Folio\" \/>\n<meta property=\"article:modified_time\" content=\"2026-01-14T10:46:14+00:00\" \/>\n<meta property=\"og:image\" content=\"https:\/\/foliobooks.pl\/wp-content\/uploads\/2018\/05\/9783836566797.png\" \/>\n\t<meta property=\"og:image:width\" content=\"570\" \/>\n\t<meta property=\"og:image:height\" content=\"708\" \/>\n\t<meta property=\"og:image:type\" content=\"image\/png\" \/>\n<meta name=\"twitter:card\" content=\"summary_large_image\" \/>\n<meta name=\"twitter:label1\" content=\"Est. reading time\" \/>\n\t<meta name=\"twitter:data1\" content=\"1 minute\" \/>\n<script type=\"application\/ld+json\" class=\"yoast-schema-graph\">{\"@context\":\"https:\\\/\\\/schema.org\",\"@graph\":[{\"@type\":\"WebPage\",\"@id\":\"https:\\\/\\\/foliobooks.pl\\\/en\\\/shop\\\/leroy-grannis-surf-photography\\\/\",\"url\":\"https:\\\/\\\/foliobooks.pl\\\/en\\\/shop\\\/leroy-grannis-surf-photography\\\/\",\"name\":\"LeRoy Grannis. Surf Photography of the 1960s and 1970s (Jim Heimann, LeRoy Grannis, Steve Barilotti) - book \\\/ album - Folio\",\"isPartOf\":{\"@id\":\"https:\\\/\\\/foliobooks.pl\\\/en\\\/#website\"},\"primaryImageOfPage\":{\"@id\":\"https:\\\/\\\/foliobooks.pl\\\/en\\\/shop\\\/leroy-grannis-surf-photography\\\/#primaryimage\"},\"image\":{\"@id\":\"https:\\\/\\\/foliobooks.pl\\\/en\\\/shop\\\/leroy-grannis-surf-photography\\\/#primaryimage\"},\"thumbnailUrl\":\"https:\\\/\\\/foliobooks.pl\\\/wp-content\\\/uploads\\\/2018\\\/05\\\/9783836566797.png\",\"datePublished\":\"2018-05-25T11:58:41+00:00\",\"dateModified\":\"2026-01-14T10:46:14+00:00\",\"description\":\"Wejd\u017a i kup ksi\u0105\u017ck\u0119 LeRoy Grannis. Surf Photography of the 1960s and 1970s autorstwa Jim Heimann, LeRoy Grannis, Steve Barilotti wydan\u0105 przez TASCHEN (2018-04-25) w formacie 17,2 x 24 cm (ISBN: 9783836566797). Zapraszamy!\",\"breadcrumb\":{\"@id\":\"https:\\\/\\\/foliobooks.pl\\\/en\\\/shop\\\/leroy-grannis-surf-photography\\\/#breadcrumb\"},\"inLanguage\":\"en-US\",\"potentialAction\":[{\"@type\":\"ReadAction\",\"target\":[\"https:\\\/\\\/foliobooks.pl\\\/en\\\/shop\\\/leroy-grannis-surf-photography\\\/\"]}]},{\"@type\":\"ImageObject\",\"inLanguage\":\"en-US\",\"@id\":\"https:\\\/\\\/foliobooks.pl\\\/en\\\/shop\\\/leroy-grannis-surf-photography\\\/#primaryimage\",\"url\":\"https:\\\/\\\/foliobooks.pl\\\/wp-content\\\/uploads\\\/2018\\\/05\\\/9783836566797.png\",\"contentUrl\":\"https:\\\/\\\/foliobooks.pl\\\/wp-content\\\/uploads\\\/2018\\\/05\\\/9783836566797.png\",\"width\":570,\"height\":708},{\"@type\":\"BreadcrumbList\",\"@id\":\"https:\\\/\\\/foliobooks.pl\\\/en\\\/shop\\\/leroy-grannis-surf-photography\\\/#breadcrumb\",\"itemListElement\":[{\"@type\":\"ListItem\",\"position\":1,\"name\":\"Strona g\u0142\u00f3wna\",\"item\":\"https:\\\/\\\/foliobooks.pl\\\/en\\\/\"},{\"@type\":\"ListItem\",\"position\":2,\"name\":\"Shop\",\"item\":\"https:\\\/\\\/foliobooks.pl\\\/en\\\/shop\\\/\"},{\"@type\":\"ListItem\",\"position\":3,\"name\":\"LeRoy Grannis. Surf Photography of the 1960s and 1970s\"}]},{\"@type\":\"WebSite\",\"@id\":\"https:\\\/\\\/foliobooks.pl\\\/en\\\/#website\",\"url\":\"https:\\\/\\\/foliobooks.pl\\\/en\\\/\",\"name\":\"Folio\",\"description\":\"Ksi\u0119garnia internetowa\",\"potentialAction\":[{\"@type\":\"SearchAction\",\"target\":{\"@type\":\"EntryPoint\",\"urlTemplate\":\"https:\\\/\\\/foliobooks.pl\\\/en\\\/?s={search_term_string}\"},\"query-input\":{\"@type\":\"PropertyValueSpecification\",\"valueRequired\":true,\"valueName\":\"search_term_string\"}}],\"inLanguage\":\"en-US\"}]}<\/script>\n<!-- \/ Yoast SEO plugin. -->","yoast_head_json":{"title":"LeRoy Grannis. Surf Photography of the 1960s and 1970s (Jim Heimann, LeRoy Grannis, Steve Barilotti) - book \/ album - Folio","description":"Wejd\u017a i kup ksi\u0105\u017ck\u0119 LeRoy Grannis. Surf Photography of the 1960s and 1970s autorstwa Jim Heimann, LeRoy Grannis, Steve Barilotti wydan\u0105 przez TASCHEN (2018-04-25) w formacie 17,2 x 24 cm (ISBN: 9783836566797). Zapraszamy!","robots":{"index":"index","follow":"follow","max-snippet":"max-snippet:-1","max-image-preview":"max-image-preview:large","max-video-preview":"max-video-preview:-1"},"canonical":"https:\/\/foliobooks.pl\/en\/shop\/leroy-grannis-surf-photography\/","og_locale":"en_US","og_type":"article","og_title":"LeRoy Grannis. Surf Photography of the 1960s and 1970s (Jim Heimann, LeRoy Grannis, Steve Barilotti) - book \/ album - Folio","og_description":"Wejd\u017a i kup ksi\u0105\u017ck\u0119 LeRoy Grannis. Surf Photography of the 1960s and 1970s autorstwa Jim Heimann, LeRoy Grannis, Steve Barilotti wydan\u0105 przez TASCHEN (2018-04-25) w formacie 17,2 x 24 cm (ISBN: 9783836566797). Zapraszamy!","og_url":"https:\/\/foliobooks.pl\/en\/shop\/leroy-grannis-surf-photography\/","og_site_name":"Folio","article_modified_time":"2026-01-14T10:46:14+00:00","og_image":[{"width":570,"height":708,"url":"https:\/\/foliobooks.pl\/wp-content\/uploads\/2018\/05\/9783836566797.png","type":"image\/png"}],"twitter_card":"summary_large_image","twitter_misc":{"Est. reading time":"1 minute"},"schema":{"@context":"https:\/\/schema.org","@graph":[{"@type":"WebPage","@id":"https:\/\/foliobooks.pl\/en\/shop\/leroy-grannis-surf-photography\/","url":"https:\/\/foliobooks.pl\/en\/shop\/leroy-grannis-surf-photography\/","name":"LeRoy Grannis. Surf Photography of the 1960s and 1970s (Jim Heimann, LeRoy Grannis, Steve Barilotti) - book \/ album - Folio","isPartOf":{"@id":"https:\/\/foliobooks.pl\/en\/#website"},"primaryImageOfPage":{"@id":"https:\/\/foliobooks.pl\/en\/shop\/leroy-grannis-surf-photography\/#primaryimage"},"image":{"@id":"https:\/\/foliobooks.pl\/en\/shop\/leroy-grannis-surf-photography\/#primaryimage"},"thumbnailUrl":"https:\/\/foliobooks.pl\/wp-content\/uploads\/2018\/05\/9783836566797.png","datePublished":"2018-05-25T11:58:41+00:00","dateModified":"2026-01-14T10:46:14+00:00","description":"Wejd\u017a i kup ksi\u0105\u017ck\u0119 LeRoy Grannis. Surf Photography of the 1960s and 1970s autorstwa Jim Heimann, LeRoy Grannis, Steve Barilotti wydan\u0105 przez TASCHEN (2018-04-25) w formacie 17,2 x 24 cm (ISBN: 9783836566797). Zapraszamy!","breadcrumb":{"@id":"https:\/\/foliobooks.pl\/en\/shop\/leroy-grannis-surf-photography\/#breadcrumb"},"inLanguage":"en-US","potentialAction":[{"@type":"ReadAction","target":["https:\/\/foliobooks.pl\/en\/shop\/leroy-grannis-surf-photography\/"]}]},{"@type":"ImageObject","inLanguage":"en-US","@id":"https:\/\/foliobooks.pl\/en\/shop\/leroy-grannis-surf-photography\/#primaryimage","url":"https:\/\/foliobooks.pl\/wp-content\/uploads\/2018\/05\/9783836566797.png","contentUrl":"https:\/\/foliobooks.pl\/wp-content\/uploads\/2018\/05\/9783836566797.png","width":570,"height":708},{"@type":"BreadcrumbList","@id":"https:\/\/foliobooks.pl\/en\/shop\/leroy-grannis-surf-photography\/#breadcrumb","itemListElement":[{"@type":"ListItem","position":1,"name":"Strona g\u0142\u00f3wna","item":"https:\/\/foliobooks.pl\/en\/"},{"@type":"ListItem","position":2,"name":"Shop","item":"https:\/\/foliobooks.pl\/en\/shop\/"},{"@type":"ListItem","position":3,"name":"LeRoy Grannis. Surf Photography of the 1960s and 1970s"}]},{"@type":"WebSite","@id":"https:\/\/foliobooks.pl\/en\/#website","url":"https:\/\/foliobooks.pl\/en\/","name":"Folio","description":"Ksi\u0119garnia internetowa","potentialAction":[{"@type":"SearchAction","target":{"@type":"EntryPoint","urlTemplate":"https:\/\/foliobooks.pl\/en\/?s={search_term_string}"},"query-input":{"@type":"PropertyValueSpecification","valueRequired":true,"valueName":"search_term_string"}}],"inLanguage":"en-US"}]}},"_links":{"self":[{"href":"https:\/\/foliobooks.pl\/en\/wp-json\/wp\/v2\/product\/25573","targetHints":{"allow":["GET"]}}],"collection":[{"href":"https:\/\/foliobooks.pl\/en\/wp-json\/wp\/v2\/product"}],"about":[{"href":"https:\/\/foliobooks.pl\/en\/wp-json\/wp\/v2\/types\/product"}],"replies":[{"embeddable":true,"href":"https:\/\/foliobooks.pl\/en\/wp-json\/wp\/v2\/comments?post=25573"}],"wp:featuredmedia":[{"embeddable":true,"href":"https:\/\/foliobooks.pl\/en\/wp-json\/wp\/v2\/media\/25597"}],"wp:attachment":[{"href":"https:\/\/foliobooks.pl\/en\/wp-json\/wp\/v2\/media?parent=25573"}],"wp:term":[{"taxonomy":"product_brand","embeddable":true,"href":"https:\/\/foliobooks.pl\/en\/wp-json\/wp\/v2\/product_brand?post=25573"},{"taxonomy":"product_cat","embeddable":true,"href":"https:\/\/foliobooks.pl\/en\/wp-json\/wp\/v2\/product_cat?post=25573"},{"taxonomy":"product_tag","embeddable":true,"href":"https:\/\/foliobooks.pl\/en\/wp-json\/wp\/v2\/product_tag?post=25573"}],"curies":[{"name":"wp","href":"https:\/\/api.w.org\/{rel}","templated":true}]}}