{"id":25304,"date":"2018-05-21T12:34:20","date_gmt":"2018-05-21T10:34:20","guid":{"rendered":"https:\/\/foliobooks.pl\/?post_type=product&#038;p=25304"},"modified":"2018-05-29T23:23:00","modified_gmt":"2018-05-29T21:23:00","slug":"pop-up-card-water-lily","status":"publish","type":"product","link":"https:\/\/foliobooks.pl\/en\/shop\/pop-up-card-water-lily\/","title":{"rendered":"Pop Up Card. Water Lily"},"content":{"rendered":"<p>Item no. F03<\/p>\n<p>High quality, pop up card that shows a water lily. The pieces are cut out with a laser and then put together by hand. This little work of art makes a smile to each face by opening. The inside of the card is blank so you can add your own message. It\u2019s perfect for many different occasions as a greetings card (e.g. birthday card), invitation, gift card, voucher, etc.<\/p>\n<ul>\n<li>suitable envelope included<\/li>\n<\/ul>\n","protected":false},"excerpt":{"rendered":"<p>Item no. F03 High quality, pop up card that shows a water lily. The pieces are cut out with a laser and then put together by hand. This little work of art makes a smile to each face by opening. The inside of the card is blank so you can add your own message. It\u2019s&#8230;<\/p>\n","protected":false},"featured_media":25459,"comment_status":"closed","ping_status":"closed","template":"","meta":[],"product_brand":[],"product_cat":[12944,4797],"product_tag":[6177,13018,12987,12448,12449,2834,2251,5431,12699,11546,10580,1991,11453,1617,12464,12984,6816],"class_list":{"0":"post-25304","1":"product","2":"type-product","3":"status-publish","4":"has-post-thumbnail","6":"product_cat-3dcards","7":"product_cat-beautifulthings","8":"product_tag-3d-en","9":"product_tag-birthday-en","10":"product_tag-cards","11":"product_tag-ceremonies-en","12":"product_tag-events-en","13":"product_tag-flora","14":"product_tag-flowers","15":"product_tag-gift","16":"product_tag-invitations-en","17":"product_tag-memorabilia-en","18":"product_tag-natural-world-en","19":"product_tag-nature","20":"product_tag-paper-en","21":"product_tag-pop-up-en","22":"product_tag-postcards-en","23":"product_tag-stationery-en","24":"product_tag-water","25":"pa_format-12-x-18-cm-en","27":"first","28":"instock","29":"sale","30":"shipping-taxable","31":"purchasable","32":"product-type-simple"},"yoast_head":"<!-- This site is optimized with the Yoast SEO plugin v27.4 - https:\/\/yoast.com\/product\/yoast-seo-wordpress\/ -->\n<title>Pop Up Card. Water Lily () - book \/ album - Folio<\/title>\n<meta name=\"description\" content=\"Wejd\u017a i kup ksi\u0105\u017ck\u0119 Pop Up Card. Water Lily autorstwa wydan\u0105 przez () w formacie 12 x 18 cm (ISBN: ). Zapraszamy!\" \/>\n<meta name=\"robots\" content=\"index, follow, max-snippet:-1, max-image-preview:large, max-video-preview:-1\" \/>\n<link rel=\"canonical\" href=\"https:\/\/foliobooks.pl\/en\/shop\/pop-up-card-water-lily\/\" \/>\n<meta property=\"og:locale\" content=\"en_US\" \/>\n<meta property=\"og:type\" content=\"article\" \/>\n<meta property=\"og:title\" content=\"Pop Up Card. Water Lily () - book \/ album - Folio\" \/>\n<meta property=\"og:description\" content=\"Wejd\u017a i kup ksi\u0105\u017ck\u0119 Pop Up Card. Water Lily autorstwa wydan\u0105 przez () w formacie 12 x 18 cm (ISBN: ). Zapraszamy!\" \/>\n<meta property=\"og:url\" content=\"https:\/\/foliobooks.pl\/en\/shop\/pop-up-card-water-lily\/\" \/>\n<meta property=\"og:site_name\" content=\"Folio\" \/>\n<meta property=\"article:modified_time\" content=\"2018-05-29T21:23:00+00:00\" \/>\n<meta property=\"og:image\" content=\"https:\/\/foliobooks.pl\/wp-content\/uploads\/2018\/05\/4260395471533.png\" \/>\n\t<meta property=\"og:image:width\" content=\"570\" \/>\n\t<meta property=\"og:image:height\" content=\"708\" \/>\n\t<meta property=\"og:image:type\" content=\"image\/png\" \/>\n<meta name=\"twitter:card\" content=\"summary_large_image\" \/>\n<script type=\"application\/ld+json\" class=\"yoast-schema-graph\">{\"@context\":\"https:\\\/\\\/schema.org\",\"@graph\":[{\"@type\":\"WebPage\",\"@id\":\"https:\\\/\\\/foliobooks.pl\\\/en\\\/shop\\\/pop-up-card-water-lily\\\/\",\"url\":\"https:\\\/\\\/foliobooks.pl\\\/en\\\/shop\\\/pop-up-card-water-lily\\\/\",\"name\":\"Pop Up Card. Water Lily () - book \\\/ album - Folio\",\"isPartOf\":{\"@id\":\"https:\\\/\\\/foliobooks.pl\\\/en\\\/#website\"},\"primaryImageOfPage\":{\"@id\":\"https:\\\/\\\/foliobooks.pl\\\/en\\\/shop\\\/pop-up-card-water-lily\\\/#primaryimage\"},\"image\":{\"@id\":\"https:\\\/\\\/foliobooks.pl\\\/en\\\/shop\\\/pop-up-card-water-lily\\\/#primaryimage\"},\"thumbnailUrl\":\"https:\\\/\\\/foliobooks.pl\\\/wp-content\\\/uploads\\\/2018\\\/05\\\/4260395471533.png\",\"datePublished\":\"2018-05-21T10:34:20+00:00\",\"dateModified\":\"2018-05-29T21:23:00+00:00\",\"description\":\"Wejd\u017a i kup ksi\u0105\u017ck\u0119 Pop Up Card. Water Lily autorstwa wydan\u0105 przez () w formacie 12 x 18 cm (ISBN: ). Zapraszamy!\",\"breadcrumb\":{\"@id\":\"https:\\\/\\\/foliobooks.pl\\\/en\\\/shop\\\/pop-up-card-water-lily\\\/#breadcrumb\"},\"inLanguage\":\"en-US\",\"potentialAction\":[{\"@type\":\"ReadAction\",\"target\":[\"https:\\\/\\\/foliobooks.pl\\\/en\\\/shop\\\/pop-up-card-water-lily\\\/\"]}]},{\"@type\":\"ImageObject\",\"inLanguage\":\"en-US\",\"@id\":\"https:\\\/\\\/foliobooks.pl\\\/en\\\/shop\\\/pop-up-card-water-lily\\\/#primaryimage\",\"url\":\"https:\\\/\\\/foliobooks.pl\\\/wp-content\\\/uploads\\\/2018\\\/05\\\/4260395471533.png\",\"contentUrl\":\"https:\\\/\\\/foliobooks.pl\\\/wp-content\\\/uploads\\\/2018\\\/05\\\/4260395471533.png\",\"width\":570,\"height\":708},{\"@type\":\"BreadcrumbList\",\"@id\":\"https:\\\/\\\/foliobooks.pl\\\/en\\\/shop\\\/pop-up-card-water-lily\\\/#breadcrumb\",\"itemListElement\":[{\"@type\":\"ListItem\",\"position\":1,\"name\":\"Strona g\u0142\u00f3wna\",\"item\":\"https:\\\/\\\/foliobooks.pl\\\/en\\\/\"},{\"@type\":\"ListItem\",\"position\":2,\"name\":\"Shop\",\"item\":\"https:\\\/\\\/foliobooks.pl\\\/en\\\/shop\\\/\"},{\"@type\":\"ListItem\",\"position\":3,\"name\":\"Pop Up Card. Water Lily\"}]},{\"@type\":\"WebSite\",\"@id\":\"https:\\\/\\\/foliobooks.pl\\\/en\\\/#website\",\"url\":\"https:\\\/\\\/foliobooks.pl\\\/en\\\/\",\"name\":\"Folio\",\"description\":\"Ksi\u0119garnia internetowa\",\"potentialAction\":[{\"@type\":\"SearchAction\",\"target\":{\"@type\":\"EntryPoint\",\"urlTemplate\":\"https:\\\/\\\/foliobooks.pl\\\/en\\\/?s={search_term_string}\"},\"query-input\":{\"@type\":\"PropertyValueSpecification\",\"valueRequired\":true,\"valueName\":\"search_term_string\"}}],\"inLanguage\":\"en-US\"}]}<\/script>\n<!-- \/ Yoast SEO plugin. -->","yoast_head_json":{"title":"Pop Up Card. Water Lily () - book \/ album - Folio","description":"Wejd\u017a i kup ksi\u0105\u017ck\u0119 Pop Up Card. Water Lily autorstwa wydan\u0105 przez () w formacie 12 x 18 cm (ISBN: ). Zapraszamy!","robots":{"index":"index","follow":"follow","max-snippet":"max-snippet:-1","max-image-preview":"max-image-preview:large","max-video-preview":"max-video-preview:-1"},"canonical":"https:\/\/foliobooks.pl\/en\/shop\/pop-up-card-water-lily\/","og_locale":"en_US","og_type":"article","og_title":"Pop Up Card. Water Lily () - book \/ album - Folio","og_description":"Wejd\u017a i kup ksi\u0105\u017ck\u0119 Pop Up Card. Water Lily autorstwa wydan\u0105 przez () w formacie 12 x 18 cm (ISBN: ). Zapraszamy!","og_url":"https:\/\/foliobooks.pl\/en\/shop\/pop-up-card-water-lily\/","og_site_name":"Folio","article_modified_time":"2018-05-29T21:23:00+00:00","og_image":[{"width":570,"height":708,"url":"https:\/\/foliobooks.pl\/wp-content\/uploads\/2018\/05\/4260395471533.png","type":"image\/png"}],"twitter_card":"summary_large_image","schema":{"@context":"https:\/\/schema.org","@graph":[{"@type":"WebPage","@id":"https:\/\/foliobooks.pl\/en\/shop\/pop-up-card-water-lily\/","url":"https:\/\/foliobooks.pl\/en\/shop\/pop-up-card-water-lily\/","name":"Pop Up Card. Water Lily () - book \/ album - Folio","isPartOf":{"@id":"https:\/\/foliobooks.pl\/en\/#website"},"primaryImageOfPage":{"@id":"https:\/\/foliobooks.pl\/en\/shop\/pop-up-card-water-lily\/#primaryimage"},"image":{"@id":"https:\/\/foliobooks.pl\/en\/shop\/pop-up-card-water-lily\/#primaryimage"},"thumbnailUrl":"https:\/\/foliobooks.pl\/wp-content\/uploads\/2018\/05\/4260395471533.png","datePublished":"2018-05-21T10:34:20+00:00","dateModified":"2018-05-29T21:23:00+00:00","description":"Wejd\u017a i kup ksi\u0105\u017ck\u0119 Pop Up Card. Water Lily autorstwa wydan\u0105 przez () w formacie 12 x 18 cm (ISBN: ). Zapraszamy!","breadcrumb":{"@id":"https:\/\/foliobooks.pl\/en\/shop\/pop-up-card-water-lily\/#breadcrumb"},"inLanguage":"en-US","potentialAction":[{"@type":"ReadAction","target":["https:\/\/foliobooks.pl\/en\/shop\/pop-up-card-water-lily\/"]}]},{"@type":"ImageObject","inLanguage":"en-US","@id":"https:\/\/foliobooks.pl\/en\/shop\/pop-up-card-water-lily\/#primaryimage","url":"https:\/\/foliobooks.pl\/wp-content\/uploads\/2018\/05\/4260395471533.png","contentUrl":"https:\/\/foliobooks.pl\/wp-content\/uploads\/2018\/05\/4260395471533.png","width":570,"height":708},{"@type":"BreadcrumbList","@id":"https:\/\/foliobooks.pl\/en\/shop\/pop-up-card-water-lily\/#breadcrumb","itemListElement":[{"@type":"ListItem","position":1,"name":"Strona g\u0142\u00f3wna","item":"https:\/\/foliobooks.pl\/en\/"},{"@type":"ListItem","position":2,"name":"Shop","item":"https:\/\/foliobooks.pl\/en\/shop\/"},{"@type":"ListItem","position":3,"name":"Pop Up Card. Water Lily"}]},{"@type":"WebSite","@id":"https:\/\/foliobooks.pl\/en\/#website","url":"https:\/\/foliobooks.pl\/en\/","name":"Folio","description":"Ksi\u0119garnia internetowa","potentialAction":[{"@type":"SearchAction","target":{"@type":"EntryPoint","urlTemplate":"https:\/\/foliobooks.pl\/en\/?s={search_term_string}"},"query-input":{"@type":"PropertyValueSpecification","valueRequired":true,"valueName":"search_term_string"}}],"inLanguage":"en-US"}]}},"_links":{"self":[{"href":"https:\/\/foliobooks.pl\/en\/wp-json\/wp\/v2\/product\/25304","targetHints":{"allow":["GET"]}}],"collection":[{"href":"https:\/\/foliobooks.pl\/en\/wp-json\/wp\/v2\/product"}],"about":[{"href":"https:\/\/foliobooks.pl\/en\/wp-json\/wp\/v2\/types\/product"}],"replies":[{"embeddable":true,"href":"https:\/\/foliobooks.pl\/en\/wp-json\/wp\/v2\/comments?post=25304"}],"wp:featuredmedia":[{"embeddable":true,"href":"https:\/\/foliobooks.pl\/en\/wp-json\/wp\/v2\/media\/25459"}],"wp:attachment":[{"href":"https:\/\/foliobooks.pl\/en\/wp-json\/wp\/v2\/media?parent=25304"}],"wp:term":[{"taxonomy":"product_brand","embeddable":true,"href":"https:\/\/foliobooks.pl\/en\/wp-json\/wp\/v2\/product_brand?post=25304"},{"taxonomy":"product_cat","embeddable":true,"href":"https:\/\/foliobooks.pl\/en\/wp-json\/wp\/v2\/product_cat?post=25304"},{"taxonomy":"product_tag","embeddable":true,"href":"https:\/\/foliobooks.pl\/en\/wp-json\/wp\/v2\/product_tag?post=25304"}],"curies":[{"name":"wp","href":"https:\/\/api.w.org\/{rel}","templated":true}]}}