{"id":25052,"date":"2018-04-26T16:04:17","date_gmt":"2018-04-26T14:04:17","guid":{"rendered":"https:\/\/foliobooks.pl\/?post_type=product&#038;p=25052"},"modified":"2018-05-02T11:41:05","modified_gmt":"2018-05-02T09:41:05","slug":"greeting-card-set-vienna-1900","status":"publish","type":"product","link":"https:\/\/foliobooks.pl\/en\/shop\/greeting-card-set-vienna-1900\/","title":{"rendered":"Greeting Card Set. Vienna 1900"},"content":{"rendered":"<p>Dimensions: 17 x 12 x 5,5 cm | 6 x 4 x 2 in.<\/p>\n<p>PEPIN <em>Greeting Card Sets<\/em> contain 20 folded greeting cards (2 x 10 designs) and 20 envelopes (10 x 2 designs) with matching designs. The cards measure 150x210mm (6\u201d x 8.\u201d) when open and folded 105\u00d7150 mm (4\u215b x 6\u201d).<\/p>\n<p>The design on the PEPIN <em>Greeting Card Sets<\/em> are based on masterpieces from important art &amp; design movements.<\/p>\n<ul>\n<li>20 folded greeting cards (2&#215;10 designs) and 20 envelopes (10&#215;2 designs) with matching designs, all kept in high-quality box with magnetic snap closure<\/li>\n<\/ul>\n","protected":false},"excerpt":{"rendered":"<p>Dimensions: 17 x 12 x 5,5 cm | 6 x 4 x 2 in. PEPIN Greeting Card Sets contain 20 folded greeting cards (2 x 10 designs) and 20 envelopes (10 x 2 designs) with matching designs. The cards measure 150x210mm (6\u201d x 8.\u201d) when open and folded 105\u00d7150 mm (4\u215b x 6\u201d). The design&#8230;<\/p>\n","protected":false},"featured_media":25157,"comment_status":"closed","ping_status":"closed","template":"","meta":[],"product_brand":[],"product_cat":[4797,12946],"product_tag":[9083,6937,12804,12987,12983,1649,12879,12464,12984,10640],"class_list":{"0":"post-25052","1":"product","2":"type-product","3":"status-publish","4":"has-post-thumbnail","6":"product_cat-beautifulthings","7":"product_cat-postcards","8":"product_tag-art-en","9":"product_tag-art-nouveau","10":"product_tag-austria-en","11":"product_tag-cards","12":"product_tag-envelopes-en","13":"product_tag-illustration","14":"product_tag-patterns-en","15":"product_tag-postcards-en","16":"product_tag-stationery-en","17":"product_tag-vienna-secession-en","18":"pa_isbn-9789460094729-en","19":"pa_language-english-german-french-italian-spanish","20":"pa_published-2017-10-26-en","21":"pa_publisher-pepin-press-en","23":"first","24":"instock","25":"sale","26":"sold-individually","27":"shipping-taxable","28":"purchasable","29":"product-type-simple"},"yoast_head":"<!-- This site is optimized with the Yoast SEO plugin v27.4 - https:\/\/yoast.com\/product\/yoast-seo-wordpress\/ -->\n<title>Greeting Card Set. Vienna 1900 () - book \/ album - Folio<\/title>\n<meta name=\"description\" content=\"Wejd\u017a i kup ksi\u0105\u017ck\u0119 Greeting Card Set. Vienna 1900 autorstwa wydan\u0105 przez Pepin Press (2017-10-26) w formacie (ISBN: 9789460094729). Zapraszamy!\" \/>\n<meta name=\"robots\" content=\"index, follow, max-snippet:-1, max-image-preview:large, max-video-preview:-1\" \/>\n<link rel=\"canonical\" href=\"https:\/\/foliobooks.pl\/en\/shop\/greeting-card-set-vienna-1900\/\" \/>\n<meta property=\"og:locale\" content=\"en_US\" \/>\n<meta property=\"og:type\" content=\"article\" \/>\n<meta property=\"og:title\" content=\"Greeting Card Set. Vienna 1900 () - book \/ album - Folio\" \/>\n<meta property=\"og:description\" content=\"Wejd\u017a i kup ksi\u0105\u017ck\u0119 Greeting Card Set. Vienna 1900 autorstwa wydan\u0105 przez Pepin Press (2017-10-26) w formacie (ISBN: 9789460094729). Zapraszamy!\" \/>\n<meta property=\"og:url\" content=\"https:\/\/foliobooks.pl\/en\/shop\/greeting-card-set-vienna-1900\/\" \/>\n<meta property=\"og:site_name\" content=\"Folio\" \/>\n<meta property=\"article:modified_time\" content=\"2018-05-02T09:41:05+00:00\" \/>\n<meta property=\"og:image\" content=\"https:\/\/foliobooks.pl\/wp-content\/uploads\/2018\/04\/9789460094729.png\" \/>\n\t<meta property=\"og:image:width\" content=\"570\" \/>\n\t<meta property=\"og:image:height\" content=\"708\" \/>\n\t<meta property=\"og:image:type\" content=\"image\/png\" \/>\n<meta name=\"twitter:card\" content=\"summary_large_image\" \/>\n<script type=\"application\/ld+json\" class=\"yoast-schema-graph\">{\"@context\":\"https:\\\/\\\/schema.org\",\"@graph\":[{\"@type\":\"WebPage\",\"@id\":\"https:\\\/\\\/foliobooks.pl\\\/en\\\/shop\\\/greeting-card-set-vienna-1900\\\/\",\"url\":\"https:\\\/\\\/foliobooks.pl\\\/en\\\/shop\\\/greeting-card-set-vienna-1900\\\/\",\"name\":\"Greeting Card Set. Vienna 1900 () - book \\\/ album - Folio\",\"isPartOf\":{\"@id\":\"https:\\\/\\\/foliobooks.pl\\\/en\\\/#website\"},\"primaryImageOfPage\":{\"@id\":\"https:\\\/\\\/foliobooks.pl\\\/en\\\/shop\\\/greeting-card-set-vienna-1900\\\/#primaryimage\"},\"image\":{\"@id\":\"https:\\\/\\\/foliobooks.pl\\\/en\\\/shop\\\/greeting-card-set-vienna-1900\\\/#primaryimage\"},\"thumbnailUrl\":\"https:\\\/\\\/foliobooks.pl\\\/wp-content\\\/uploads\\\/2018\\\/04\\\/9789460094729.png\",\"datePublished\":\"2018-04-26T14:04:17+00:00\",\"dateModified\":\"2018-05-02T09:41:05+00:00\",\"description\":\"Wejd\u017a i kup ksi\u0105\u017ck\u0119 Greeting Card Set. Vienna 1900 autorstwa wydan\u0105 przez Pepin Press (2017-10-26) w formacie (ISBN: 9789460094729). Zapraszamy!\",\"breadcrumb\":{\"@id\":\"https:\\\/\\\/foliobooks.pl\\\/en\\\/shop\\\/greeting-card-set-vienna-1900\\\/#breadcrumb\"},\"inLanguage\":\"en-US\",\"potentialAction\":[{\"@type\":\"ReadAction\",\"target\":[\"https:\\\/\\\/foliobooks.pl\\\/en\\\/shop\\\/greeting-card-set-vienna-1900\\\/\"]}]},{\"@type\":\"ImageObject\",\"inLanguage\":\"en-US\",\"@id\":\"https:\\\/\\\/foliobooks.pl\\\/en\\\/shop\\\/greeting-card-set-vienna-1900\\\/#primaryimage\",\"url\":\"https:\\\/\\\/foliobooks.pl\\\/wp-content\\\/uploads\\\/2018\\\/04\\\/9789460094729.png\",\"contentUrl\":\"https:\\\/\\\/foliobooks.pl\\\/wp-content\\\/uploads\\\/2018\\\/04\\\/9789460094729.png\",\"width\":570,\"height\":708},{\"@type\":\"BreadcrumbList\",\"@id\":\"https:\\\/\\\/foliobooks.pl\\\/en\\\/shop\\\/greeting-card-set-vienna-1900\\\/#breadcrumb\",\"itemListElement\":[{\"@type\":\"ListItem\",\"position\":1,\"name\":\"Strona g\u0142\u00f3wna\",\"item\":\"https:\\\/\\\/foliobooks.pl\\\/en\\\/\"},{\"@type\":\"ListItem\",\"position\":2,\"name\":\"Shop\",\"item\":\"https:\\\/\\\/foliobooks.pl\\\/en\\\/shop\\\/\"},{\"@type\":\"ListItem\",\"position\":3,\"name\":\"Greeting Card Set. Vienna 1900\"}]},{\"@type\":\"WebSite\",\"@id\":\"https:\\\/\\\/foliobooks.pl\\\/en\\\/#website\",\"url\":\"https:\\\/\\\/foliobooks.pl\\\/en\\\/\",\"name\":\"Folio\",\"description\":\"Ksi\u0119garnia internetowa\",\"potentialAction\":[{\"@type\":\"SearchAction\",\"target\":{\"@type\":\"EntryPoint\",\"urlTemplate\":\"https:\\\/\\\/foliobooks.pl\\\/en\\\/?s={search_term_string}\"},\"query-input\":{\"@type\":\"PropertyValueSpecification\",\"valueRequired\":true,\"valueName\":\"search_term_string\"}}],\"inLanguage\":\"en-US\"}]}<\/script>\n<!-- \/ Yoast SEO plugin. -->","yoast_head_json":{"title":"Greeting Card Set. Vienna 1900 () - book \/ album - Folio","description":"Wejd\u017a i kup ksi\u0105\u017ck\u0119 Greeting Card Set. Vienna 1900 autorstwa wydan\u0105 przez Pepin Press (2017-10-26) w formacie (ISBN: 9789460094729). Zapraszamy!","robots":{"index":"index","follow":"follow","max-snippet":"max-snippet:-1","max-image-preview":"max-image-preview:large","max-video-preview":"max-video-preview:-1"},"canonical":"https:\/\/foliobooks.pl\/en\/shop\/greeting-card-set-vienna-1900\/","og_locale":"en_US","og_type":"article","og_title":"Greeting Card Set. Vienna 1900 () - book \/ album - Folio","og_description":"Wejd\u017a i kup ksi\u0105\u017ck\u0119 Greeting Card Set. Vienna 1900 autorstwa wydan\u0105 przez Pepin Press (2017-10-26) w formacie (ISBN: 9789460094729). Zapraszamy!","og_url":"https:\/\/foliobooks.pl\/en\/shop\/greeting-card-set-vienna-1900\/","og_site_name":"Folio","article_modified_time":"2018-05-02T09:41:05+00:00","og_image":[{"width":570,"height":708,"url":"https:\/\/foliobooks.pl\/wp-content\/uploads\/2018\/04\/9789460094729.png","type":"image\/png"}],"twitter_card":"summary_large_image","schema":{"@context":"https:\/\/schema.org","@graph":[{"@type":"WebPage","@id":"https:\/\/foliobooks.pl\/en\/shop\/greeting-card-set-vienna-1900\/","url":"https:\/\/foliobooks.pl\/en\/shop\/greeting-card-set-vienna-1900\/","name":"Greeting Card Set. Vienna 1900 () - book \/ album - Folio","isPartOf":{"@id":"https:\/\/foliobooks.pl\/en\/#website"},"primaryImageOfPage":{"@id":"https:\/\/foliobooks.pl\/en\/shop\/greeting-card-set-vienna-1900\/#primaryimage"},"image":{"@id":"https:\/\/foliobooks.pl\/en\/shop\/greeting-card-set-vienna-1900\/#primaryimage"},"thumbnailUrl":"https:\/\/foliobooks.pl\/wp-content\/uploads\/2018\/04\/9789460094729.png","datePublished":"2018-04-26T14:04:17+00:00","dateModified":"2018-05-02T09:41:05+00:00","description":"Wejd\u017a i kup ksi\u0105\u017ck\u0119 Greeting Card Set. Vienna 1900 autorstwa wydan\u0105 przez Pepin Press (2017-10-26) w formacie (ISBN: 9789460094729). Zapraszamy!","breadcrumb":{"@id":"https:\/\/foliobooks.pl\/en\/shop\/greeting-card-set-vienna-1900\/#breadcrumb"},"inLanguage":"en-US","potentialAction":[{"@type":"ReadAction","target":["https:\/\/foliobooks.pl\/en\/shop\/greeting-card-set-vienna-1900\/"]}]},{"@type":"ImageObject","inLanguage":"en-US","@id":"https:\/\/foliobooks.pl\/en\/shop\/greeting-card-set-vienna-1900\/#primaryimage","url":"https:\/\/foliobooks.pl\/wp-content\/uploads\/2018\/04\/9789460094729.png","contentUrl":"https:\/\/foliobooks.pl\/wp-content\/uploads\/2018\/04\/9789460094729.png","width":570,"height":708},{"@type":"BreadcrumbList","@id":"https:\/\/foliobooks.pl\/en\/shop\/greeting-card-set-vienna-1900\/#breadcrumb","itemListElement":[{"@type":"ListItem","position":1,"name":"Strona g\u0142\u00f3wna","item":"https:\/\/foliobooks.pl\/en\/"},{"@type":"ListItem","position":2,"name":"Shop","item":"https:\/\/foliobooks.pl\/en\/shop\/"},{"@type":"ListItem","position":3,"name":"Greeting Card Set. Vienna 1900"}]},{"@type":"WebSite","@id":"https:\/\/foliobooks.pl\/en\/#website","url":"https:\/\/foliobooks.pl\/en\/","name":"Folio","description":"Ksi\u0119garnia internetowa","potentialAction":[{"@type":"SearchAction","target":{"@type":"EntryPoint","urlTemplate":"https:\/\/foliobooks.pl\/en\/?s={search_term_string}"},"query-input":{"@type":"PropertyValueSpecification","valueRequired":true,"valueName":"search_term_string"}}],"inLanguage":"en-US"}]}},"_links":{"self":[{"href":"https:\/\/foliobooks.pl\/en\/wp-json\/wp\/v2\/product\/25052","targetHints":{"allow":["GET"]}}],"collection":[{"href":"https:\/\/foliobooks.pl\/en\/wp-json\/wp\/v2\/product"}],"about":[{"href":"https:\/\/foliobooks.pl\/en\/wp-json\/wp\/v2\/types\/product"}],"replies":[{"embeddable":true,"href":"https:\/\/foliobooks.pl\/en\/wp-json\/wp\/v2\/comments?post=25052"}],"wp:featuredmedia":[{"embeddable":true,"href":"https:\/\/foliobooks.pl\/en\/wp-json\/wp\/v2\/media\/25157"}],"wp:attachment":[{"href":"https:\/\/foliobooks.pl\/en\/wp-json\/wp\/v2\/media?parent=25052"}],"wp:term":[{"taxonomy":"product_brand","embeddable":true,"href":"https:\/\/foliobooks.pl\/en\/wp-json\/wp\/v2\/product_brand?post=25052"},{"taxonomy":"product_cat","embeddable":true,"href":"https:\/\/foliobooks.pl\/en\/wp-json\/wp\/v2\/product_cat?post=25052"},{"taxonomy":"product_tag","embeddable":true,"href":"https:\/\/foliobooks.pl\/en\/wp-json\/wp\/v2\/product_tag?post=25052"}],"curies":[{"name":"wp","href":"https:\/\/api.w.org\/{rel}","templated":true}]}}