{"id":25039,"date":"2018-04-26T14:45:51","date_gmt":"2018-04-26T12:45:51","guid":{"rendered":"https:\/\/foliobooks.pl\/?post_type=product&#038;p=25039"},"modified":"2019-12-19T17:22:02","modified_gmt":"2019-12-19T16:22:02","slug":"label-sticker-book-japan-style","status":"publish","type":"product","link":"https:\/\/foliobooks.pl\/en\/shop\/label-sticker-book-japan-style\/","title":{"rendered":"Label &#038; Sticker Book. Japan Style"},"content":{"rendered":"<p>PEPIN\u00ae <em>Label &amp; Sticker Books<\/em> contain 32 sheets of high-quality sticker paper with a total of about 250 labels, stickers and strips of sticker tape per volume.<\/p>\n<p>The stylish designs come in various shapes and sizes and allow you to label, decorate and seal your envelopes, packages and many other items. The sticker paper is uncoated and easy to write on with pen, pencil or felt marker.<\/p>\n<ul>\n<li>32 sheets of high-quality sticker paper with a total of about 250 labels<\/li>\n<\/ul>\n","protected":false},"excerpt":{"rendered":"<p>PEPIN\u00ae Label &amp; Sticker Books contain 32 sheets of high-quality sticker paper with a total of about 250 labels, stickers and strips of sticker tape per volume. The stylish designs come in various shapes and sizes and allow you to label, decorate and seal your envelopes, packages and many other items. The sticker paper is&#8230;<\/p>\n","protected":false},"featured_media":25089,"comment_status":"closed","ping_status":"closed","template":"","meta":[],"product_brand":[],"product_cat":[4522,4797,12945],"product_tag":[1156,9083,12480,11506,1460,6178,13008,4971,1649,6929,11453,11454,12879,12967,12966],"class_list":{"0":"post-25039","1":"product","2":"type-product","3":"status-publish","4":"has-post-thumbnail","6":"product_cat-art-en","7":"product_cat-beautifulthings","8":"product_cat-paper","9":"product_tag-appliedarts-en","10":"product_tag-art-en","11":"product_tag-art-activities-en","12":"product_tag-asia-en","13":"product_tag-children-en","14":"product_tag-decorations-en","15":"product_tag-decoupage-en","16":"product_tag-hobby-en","17":"product_tag-illustration","18":"product_tag-japan","19":"product_tag-paper-en","20":"product_tag-paper-art-en","21":"product_tag-patterns-en","22":"product_tag-scrapbooking-en","23":"product_tag-stickers-en","24":"pa_cover-softcover","25":"pa_format-172-x-24-cm-en","26":"pa_isbn-9789460094217-en","27":"pa_language-english-german-french-and-spanish","28":"pa_published-2016-04-21-en","29":"pa_publisher-pepin-press-en","31":"first","32":"outofstock","33":"sold-individually","34":"shipping-taxable","35":"purchasable","36":"product-type-simple"},"yoast_head":"<!-- This site is optimized with the Yoast SEO plugin v27.4 - https:\/\/yoast.com\/product\/yoast-seo-wordpress\/ -->\n<title>Label &amp; Sticker Book. Japan Style () - book \/ album - Folio<\/title>\n<meta name=\"description\" content=\"Wejd\u017a i kup ksi\u0105\u017ck\u0119 Label &amp; Sticker Book. Japan Style autorstwa wydan\u0105 przez Pepin Press (2016-04-21) w formacie 17,2 x 24 cm (ISBN: 9789460094217). Zapraszamy!\" \/>\n<meta name=\"robots\" content=\"index, follow, max-snippet:-1, max-image-preview:large, max-video-preview:-1\" \/>\n<link rel=\"canonical\" href=\"https:\/\/foliobooks.pl\/en\/shop\/label-sticker-book-japan-style\/\" \/>\n<meta property=\"og:locale\" content=\"en_US\" \/>\n<meta property=\"og:type\" content=\"article\" \/>\n<meta property=\"og:title\" content=\"Label &amp; Sticker Book. Japan Style () - book \/ album - Folio\" \/>\n<meta property=\"og:description\" content=\"Wejd\u017a i kup ksi\u0105\u017ck\u0119 Label &amp; Sticker Book. Japan Style autorstwa wydan\u0105 przez Pepin Press (2016-04-21) w formacie 17,2 x 24 cm (ISBN: 9789460094217). Zapraszamy!\" \/>\n<meta property=\"og:url\" content=\"https:\/\/foliobooks.pl\/en\/shop\/label-sticker-book-japan-style\/\" \/>\n<meta property=\"og:site_name\" content=\"Folio\" \/>\n<meta property=\"article:modified_time\" content=\"2019-12-19T16:22:02+00:00\" \/>\n<meta property=\"og:image\" content=\"https:\/\/foliobooks.pl\/wp-content\/uploads\/2018\/04\/9789460094217.png\" \/>\n\t<meta property=\"og:image:width\" content=\"570\" \/>\n\t<meta property=\"og:image:height\" content=\"708\" \/>\n\t<meta property=\"og:image:type\" content=\"image\/png\" \/>\n<meta name=\"twitter:card\" content=\"summary_large_image\" \/>\n<script type=\"application\/ld+json\" class=\"yoast-schema-graph\">{\"@context\":\"https:\\\/\\\/schema.org\",\"@graph\":[{\"@type\":\"WebPage\",\"@id\":\"https:\\\/\\\/foliobooks.pl\\\/en\\\/shop\\\/label-sticker-book-japan-style\\\/\",\"url\":\"https:\\\/\\\/foliobooks.pl\\\/en\\\/shop\\\/label-sticker-book-japan-style\\\/\",\"name\":\"Label & Sticker Book. Japan Style () - book \\\/ album - Folio\",\"isPartOf\":{\"@id\":\"https:\\\/\\\/foliobooks.pl\\\/en\\\/#website\"},\"primaryImageOfPage\":{\"@id\":\"https:\\\/\\\/foliobooks.pl\\\/en\\\/shop\\\/label-sticker-book-japan-style\\\/#primaryimage\"},\"image\":{\"@id\":\"https:\\\/\\\/foliobooks.pl\\\/en\\\/shop\\\/label-sticker-book-japan-style\\\/#primaryimage\"},\"thumbnailUrl\":\"https:\\\/\\\/foliobooks.pl\\\/wp-content\\\/uploads\\\/2018\\\/04\\\/9789460094217.png\",\"datePublished\":\"2018-04-26T12:45:51+00:00\",\"dateModified\":\"2019-12-19T16:22:02+00:00\",\"description\":\"Wejd\u017a i kup ksi\u0105\u017ck\u0119 Label & Sticker Book. Japan Style autorstwa wydan\u0105 przez Pepin Press (2016-04-21) w formacie 17,2 x 24 cm (ISBN: 9789460094217). Zapraszamy!\",\"breadcrumb\":{\"@id\":\"https:\\\/\\\/foliobooks.pl\\\/en\\\/shop\\\/label-sticker-book-japan-style\\\/#breadcrumb\"},\"inLanguage\":\"en-US\",\"potentialAction\":[{\"@type\":\"ReadAction\",\"target\":[\"https:\\\/\\\/foliobooks.pl\\\/en\\\/shop\\\/label-sticker-book-japan-style\\\/\"]}]},{\"@type\":\"ImageObject\",\"inLanguage\":\"en-US\",\"@id\":\"https:\\\/\\\/foliobooks.pl\\\/en\\\/shop\\\/label-sticker-book-japan-style\\\/#primaryimage\",\"url\":\"https:\\\/\\\/foliobooks.pl\\\/wp-content\\\/uploads\\\/2018\\\/04\\\/9789460094217.png\",\"contentUrl\":\"https:\\\/\\\/foliobooks.pl\\\/wp-content\\\/uploads\\\/2018\\\/04\\\/9789460094217.png\",\"width\":570,\"height\":708},{\"@type\":\"BreadcrumbList\",\"@id\":\"https:\\\/\\\/foliobooks.pl\\\/en\\\/shop\\\/label-sticker-book-japan-style\\\/#breadcrumb\",\"itemListElement\":[{\"@type\":\"ListItem\",\"position\":1,\"name\":\"Strona g\u0142\u00f3wna\",\"item\":\"https:\\\/\\\/foliobooks.pl\\\/en\\\/\"},{\"@type\":\"ListItem\",\"position\":2,\"name\":\"Shop\",\"item\":\"https:\\\/\\\/foliobooks.pl\\\/en\\\/shop\\\/\"},{\"@type\":\"ListItem\",\"position\":3,\"name\":\"Label &#038; Sticker Book. Japan Style\"}]},{\"@type\":\"WebSite\",\"@id\":\"https:\\\/\\\/foliobooks.pl\\\/en\\\/#website\",\"url\":\"https:\\\/\\\/foliobooks.pl\\\/en\\\/\",\"name\":\"Folio\",\"description\":\"Ksi\u0119garnia internetowa\",\"potentialAction\":[{\"@type\":\"SearchAction\",\"target\":{\"@type\":\"EntryPoint\",\"urlTemplate\":\"https:\\\/\\\/foliobooks.pl\\\/en\\\/?s={search_term_string}\"},\"query-input\":{\"@type\":\"PropertyValueSpecification\",\"valueRequired\":true,\"valueName\":\"search_term_string\"}}],\"inLanguage\":\"en-US\"}]}<\/script>\n<!-- \/ Yoast SEO plugin. -->","yoast_head_json":{"title":"Label & Sticker Book. Japan Style () - book \/ album - Folio","description":"Wejd\u017a i kup ksi\u0105\u017ck\u0119 Label & Sticker Book. Japan Style autorstwa wydan\u0105 przez Pepin Press (2016-04-21) w formacie 17,2 x 24 cm (ISBN: 9789460094217). Zapraszamy!","robots":{"index":"index","follow":"follow","max-snippet":"max-snippet:-1","max-image-preview":"max-image-preview:large","max-video-preview":"max-video-preview:-1"},"canonical":"https:\/\/foliobooks.pl\/en\/shop\/label-sticker-book-japan-style\/","og_locale":"en_US","og_type":"article","og_title":"Label & Sticker Book. Japan Style () - book \/ album - Folio","og_description":"Wejd\u017a i kup ksi\u0105\u017ck\u0119 Label & Sticker Book. Japan Style autorstwa wydan\u0105 przez Pepin Press (2016-04-21) w formacie 17,2 x 24 cm (ISBN: 9789460094217). Zapraszamy!","og_url":"https:\/\/foliobooks.pl\/en\/shop\/label-sticker-book-japan-style\/","og_site_name":"Folio","article_modified_time":"2019-12-19T16:22:02+00:00","og_image":[{"width":570,"height":708,"url":"https:\/\/foliobooks.pl\/wp-content\/uploads\/2018\/04\/9789460094217.png","type":"image\/png"}],"twitter_card":"summary_large_image","schema":{"@context":"https:\/\/schema.org","@graph":[{"@type":"WebPage","@id":"https:\/\/foliobooks.pl\/en\/shop\/label-sticker-book-japan-style\/","url":"https:\/\/foliobooks.pl\/en\/shop\/label-sticker-book-japan-style\/","name":"Label & Sticker Book. Japan Style () - book \/ album - Folio","isPartOf":{"@id":"https:\/\/foliobooks.pl\/en\/#website"},"primaryImageOfPage":{"@id":"https:\/\/foliobooks.pl\/en\/shop\/label-sticker-book-japan-style\/#primaryimage"},"image":{"@id":"https:\/\/foliobooks.pl\/en\/shop\/label-sticker-book-japan-style\/#primaryimage"},"thumbnailUrl":"https:\/\/foliobooks.pl\/wp-content\/uploads\/2018\/04\/9789460094217.png","datePublished":"2018-04-26T12:45:51+00:00","dateModified":"2019-12-19T16:22:02+00:00","description":"Wejd\u017a i kup ksi\u0105\u017ck\u0119 Label & Sticker Book. Japan Style autorstwa wydan\u0105 przez Pepin Press (2016-04-21) w formacie 17,2 x 24 cm (ISBN: 9789460094217). Zapraszamy!","breadcrumb":{"@id":"https:\/\/foliobooks.pl\/en\/shop\/label-sticker-book-japan-style\/#breadcrumb"},"inLanguage":"en-US","potentialAction":[{"@type":"ReadAction","target":["https:\/\/foliobooks.pl\/en\/shop\/label-sticker-book-japan-style\/"]}]},{"@type":"ImageObject","inLanguage":"en-US","@id":"https:\/\/foliobooks.pl\/en\/shop\/label-sticker-book-japan-style\/#primaryimage","url":"https:\/\/foliobooks.pl\/wp-content\/uploads\/2018\/04\/9789460094217.png","contentUrl":"https:\/\/foliobooks.pl\/wp-content\/uploads\/2018\/04\/9789460094217.png","width":570,"height":708},{"@type":"BreadcrumbList","@id":"https:\/\/foliobooks.pl\/en\/shop\/label-sticker-book-japan-style\/#breadcrumb","itemListElement":[{"@type":"ListItem","position":1,"name":"Strona g\u0142\u00f3wna","item":"https:\/\/foliobooks.pl\/en\/"},{"@type":"ListItem","position":2,"name":"Shop","item":"https:\/\/foliobooks.pl\/en\/shop\/"},{"@type":"ListItem","position":3,"name":"Label &#038; Sticker Book. Japan Style"}]},{"@type":"WebSite","@id":"https:\/\/foliobooks.pl\/en\/#website","url":"https:\/\/foliobooks.pl\/en\/","name":"Folio","description":"Ksi\u0119garnia internetowa","potentialAction":[{"@type":"SearchAction","target":{"@type":"EntryPoint","urlTemplate":"https:\/\/foliobooks.pl\/en\/?s={search_term_string}"},"query-input":{"@type":"PropertyValueSpecification","valueRequired":true,"valueName":"search_term_string"}}],"inLanguage":"en-US"}]}},"_links":{"self":[{"href":"https:\/\/foliobooks.pl\/en\/wp-json\/wp\/v2\/product\/25039","targetHints":{"allow":["GET"]}}],"collection":[{"href":"https:\/\/foliobooks.pl\/en\/wp-json\/wp\/v2\/product"}],"about":[{"href":"https:\/\/foliobooks.pl\/en\/wp-json\/wp\/v2\/types\/product"}],"replies":[{"embeddable":true,"href":"https:\/\/foliobooks.pl\/en\/wp-json\/wp\/v2\/comments?post=25039"}],"wp:featuredmedia":[{"embeddable":true,"href":"https:\/\/foliobooks.pl\/en\/wp-json\/wp\/v2\/media\/25089"}],"wp:attachment":[{"href":"https:\/\/foliobooks.pl\/en\/wp-json\/wp\/v2\/media?parent=25039"}],"wp:term":[{"taxonomy":"product_brand","embeddable":true,"href":"https:\/\/foliobooks.pl\/en\/wp-json\/wp\/v2\/product_brand?post=25039"},{"taxonomy":"product_cat","embeddable":true,"href":"https:\/\/foliobooks.pl\/en\/wp-json\/wp\/v2\/product_cat?post=25039"},{"taxonomy":"product_tag","embeddable":true,"href":"https:\/\/foliobooks.pl\/en\/wp-json\/wp\/v2\/product_tag?post=25039"}],"curies":[{"name":"wp","href":"https:\/\/api.w.org\/{rel}","templated":true}]}}