{"id":25033,"date":"2018-04-26T12:51:50","date_gmt":"2018-04-26T10:51:50","guid":{"rendered":"https:\/\/foliobooks.pl\/?post_type=product&#038;p=25033"},"modified":"2018-04-26T12:51:50","modified_gmt":"2018-04-26T10:51:50","slug":"origami-book-chinese-patterns","status":"publish","type":"product","link":"https:\/\/foliobooks.pl\/en\/shop\/origami-book-chinese-patterns\/","title":{"rendered":"Origami Book. Chinese Patterns"},"content":{"rendered":"<p>PEPIN\u00ae origami books contains 96 beautifully designed origami sheets that can be easily removed. Included are a few folding diagrams.<\/p>\n<p>Origami is the more than a thousand year old Japanese art of paper folding. In the 19th century, paper folding also became popular in Europe and now it is loved all over the world. Origami is often meant to be decorative, but it can be practical as well: envelopes, folders and boxes can be created by simply folding a sheet of paper in the right way. The possibilities are endless, ranging from simple shapes for children to play with to very intricate structures.<\/p>\n<ul>\n<li>96 high quality origami sheets, 12 designs (8 sheets each), special finishes, printed with soy-based ink<\/li>\n<\/ul>\n","protected":false},"excerpt":{"rendered":"<p>PEPIN\u00ae origami books contains 96 beautifully designed origami sheets that can be easily removed. Included are a few folding diagrams. Origami is the more than a thousand year old Japanese art of paper folding. In the 19th century, paper folding also became popular in Europe and now it is loved all over the world. Origami&#8230;<\/p>\n","protected":false},"featured_media":25072,"comment_status":"closed","ping_status":"closed","template":"","meta":[],"product_brand":[],"product_cat":[4522,4797,12945],"product_tag":[1156,9083,12480,11506,1460,12959,6178,12589,4971,11452,11453,11454,12879],"class_list":{"0":"post-25033","1":"product","2":"type-product","3":"status-publish","4":"has-post-thumbnail","6":"product_cat-art-en","7":"product_cat-beautifulthings","8":"product_cat-paper","9":"product_tag-appliedarts-en","10":"product_tag-art-en","11":"product_tag-art-activities-en","12":"product_tag-asia-en","13":"product_tag-children-en","14":"product_tag-china","15":"product_tag-decorations-en","16":"product_tag-designs-en","17":"product_tag-hobby-en","18":"product_tag-origami-en","19":"product_tag-paper-en","20":"product_tag-paper-art-en","21":"product_tag-patterns-en","22":"pa_cover-softcover","23":"pa_format-22-x-22-cm-en","24":"pa_isbn-9789460094538-en","25":"pa_language-english-german-french-italian-spanish","26":"pa_published-2017-10-26-en","27":"pa_publisher-pepin-press-en","29":"first","30":"instock","31":"sale","32":"sold-individually","33":"shipping-taxable","34":"purchasable","35":"product-type-simple"},"yoast_head":"<!-- This site is optimized with the Yoast SEO plugin v27.4 - https:\/\/yoast.com\/product\/yoast-seo-wordpress\/ -->\n<title>Origami Book. Chinese Patterns () - book \/ album - Folio<\/title>\n<meta name=\"description\" content=\"Wejd\u017a i kup ksi\u0105\u017ck\u0119 Origami Book. Chinese Patterns autorstwa wydan\u0105 przez Pepin Press (2017-10-26) w formacie 22 x 22 cm (ISBN: 9789460094538). Zapraszamy!\" \/>\n<meta name=\"robots\" content=\"index, follow, max-snippet:-1, max-image-preview:large, max-video-preview:-1\" \/>\n<link rel=\"canonical\" href=\"https:\/\/foliobooks.pl\/en\/shop\/origami-book-chinese-patterns\/\" \/>\n<meta property=\"og:locale\" content=\"en_US\" \/>\n<meta property=\"og:type\" content=\"article\" \/>\n<meta property=\"og:title\" content=\"Origami Book. Chinese Patterns () - book \/ album - Folio\" \/>\n<meta property=\"og:description\" content=\"Wejd\u017a i kup ksi\u0105\u017ck\u0119 Origami Book. Chinese Patterns autorstwa wydan\u0105 przez Pepin Press (2017-10-26) w formacie 22 x 22 cm (ISBN: 9789460094538). Zapraszamy!\" \/>\n<meta property=\"og:url\" content=\"https:\/\/foliobooks.pl\/en\/shop\/origami-book-chinese-patterns\/\" \/>\n<meta property=\"og:site_name\" content=\"Folio\" \/>\n<meta property=\"og:image\" content=\"https:\/\/foliobooks.pl\/wp-content\/uploads\/2018\/04\/9789460094538.png\" \/>\n\t<meta property=\"og:image:width\" content=\"570\" \/>\n\t<meta property=\"og:image:height\" content=\"708\" \/>\n\t<meta property=\"og:image:type\" content=\"image\/png\" \/>\n<meta name=\"twitter:card\" content=\"summary_large_image\" \/>\n<meta name=\"twitter:label1\" content=\"Est. reading time\" \/>\n\t<meta name=\"twitter:data1\" content=\"1 minute\" \/>\n<script type=\"application\/ld+json\" class=\"yoast-schema-graph\">{\"@context\":\"https:\\\/\\\/schema.org\",\"@graph\":[{\"@type\":\"WebPage\",\"@id\":\"https:\\\/\\\/foliobooks.pl\\\/en\\\/shop\\\/origami-book-chinese-patterns\\\/\",\"url\":\"https:\\\/\\\/foliobooks.pl\\\/en\\\/shop\\\/origami-book-chinese-patterns\\\/\",\"name\":\"Origami Book. Chinese Patterns () - book \\\/ album - Folio\",\"isPartOf\":{\"@id\":\"https:\\\/\\\/foliobooks.pl\\\/en\\\/#website\"},\"primaryImageOfPage\":{\"@id\":\"https:\\\/\\\/foliobooks.pl\\\/en\\\/shop\\\/origami-book-chinese-patterns\\\/#primaryimage\"},\"image\":{\"@id\":\"https:\\\/\\\/foliobooks.pl\\\/en\\\/shop\\\/origami-book-chinese-patterns\\\/#primaryimage\"},\"thumbnailUrl\":\"https:\\\/\\\/foliobooks.pl\\\/wp-content\\\/uploads\\\/2018\\\/04\\\/9789460094538.png\",\"datePublished\":\"2018-04-26T10:51:50+00:00\",\"description\":\"Wejd\u017a i kup ksi\u0105\u017ck\u0119 Origami Book. Chinese Patterns autorstwa wydan\u0105 przez Pepin Press (2017-10-26) w formacie 22 x 22 cm (ISBN: 9789460094538). Zapraszamy!\",\"breadcrumb\":{\"@id\":\"https:\\\/\\\/foliobooks.pl\\\/en\\\/shop\\\/origami-book-chinese-patterns\\\/#breadcrumb\"},\"inLanguage\":\"en-US\",\"potentialAction\":[{\"@type\":\"ReadAction\",\"target\":[\"https:\\\/\\\/foliobooks.pl\\\/en\\\/shop\\\/origami-book-chinese-patterns\\\/\"]}]},{\"@type\":\"ImageObject\",\"inLanguage\":\"en-US\",\"@id\":\"https:\\\/\\\/foliobooks.pl\\\/en\\\/shop\\\/origami-book-chinese-patterns\\\/#primaryimage\",\"url\":\"https:\\\/\\\/foliobooks.pl\\\/wp-content\\\/uploads\\\/2018\\\/04\\\/9789460094538.png\",\"contentUrl\":\"https:\\\/\\\/foliobooks.pl\\\/wp-content\\\/uploads\\\/2018\\\/04\\\/9789460094538.png\",\"width\":570,\"height\":708},{\"@type\":\"BreadcrumbList\",\"@id\":\"https:\\\/\\\/foliobooks.pl\\\/en\\\/shop\\\/origami-book-chinese-patterns\\\/#breadcrumb\",\"itemListElement\":[{\"@type\":\"ListItem\",\"position\":1,\"name\":\"Strona g\u0142\u00f3wna\",\"item\":\"https:\\\/\\\/foliobooks.pl\\\/en\\\/\"},{\"@type\":\"ListItem\",\"position\":2,\"name\":\"Shop\",\"item\":\"https:\\\/\\\/foliobooks.pl\\\/en\\\/shop\\\/\"},{\"@type\":\"ListItem\",\"position\":3,\"name\":\"Origami Book. Chinese Patterns\"}]},{\"@type\":\"WebSite\",\"@id\":\"https:\\\/\\\/foliobooks.pl\\\/en\\\/#website\",\"url\":\"https:\\\/\\\/foliobooks.pl\\\/en\\\/\",\"name\":\"Folio\",\"description\":\"Ksi\u0119garnia internetowa\",\"potentialAction\":[{\"@type\":\"SearchAction\",\"target\":{\"@type\":\"EntryPoint\",\"urlTemplate\":\"https:\\\/\\\/foliobooks.pl\\\/en\\\/?s={search_term_string}\"},\"query-input\":{\"@type\":\"PropertyValueSpecification\",\"valueRequired\":true,\"valueName\":\"search_term_string\"}}],\"inLanguage\":\"en-US\"}]}<\/script>\n<!-- \/ Yoast SEO plugin. -->","yoast_head_json":{"title":"Origami Book. Chinese Patterns () - book \/ album - Folio","description":"Wejd\u017a i kup ksi\u0105\u017ck\u0119 Origami Book. Chinese Patterns autorstwa wydan\u0105 przez Pepin Press (2017-10-26) w formacie 22 x 22 cm (ISBN: 9789460094538). Zapraszamy!","robots":{"index":"index","follow":"follow","max-snippet":"max-snippet:-1","max-image-preview":"max-image-preview:large","max-video-preview":"max-video-preview:-1"},"canonical":"https:\/\/foliobooks.pl\/en\/shop\/origami-book-chinese-patterns\/","og_locale":"en_US","og_type":"article","og_title":"Origami Book. Chinese Patterns () - book \/ album - Folio","og_description":"Wejd\u017a i kup ksi\u0105\u017ck\u0119 Origami Book. Chinese Patterns autorstwa wydan\u0105 przez Pepin Press (2017-10-26) w formacie 22 x 22 cm (ISBN: 9789460094538). Zapraszamy!","og_url":"https:\/\/foliobooks.pl\/en\/shop\/origami-book-chinese-patterns\/","og_site_name":"Folio","og_image":[{"width":570,"height":708,"url":"https:\/\/foliobooks.pl\/wp-content\/uploads\/2018\/04\/9789460094538.png","type":"image\/png"}],"twitter_card":"summary_large_image","twitter_misc":{"Est. reading time":"1 minute"},"schema":{"@context":"https:\/\/schema.org","@graph":[{"@type":"WebPage","@id":"https:\/\/foliobooks.pl\/en\/shop\/origami-book-chinese-patterns\/","url":"https:\/\/foliobooks.pl\/en\/shop\/origami-book-chinese-patterns\/","name":"Origami Book. Chinese Patterns () - book \/ album - Folio","isPartOf":{"@id":"https:\/\/foliobooks.pl\/en\/#website"},"primaryImageOfPage":{"@id":"https:\/\/foliobooks.pl\/en\/shop\/origami-book-chinese-patterns\/#primaryimage"},"image":{"@id":"https:\/\/foliobooks.pl\/en\/shop\/origami-book-chinese-patterns\/#primaryimage"},"thumbnailUrl":"https:\/\/foliobooks.pl\/wp-content\/uploads\/2018\/04\/9789460094538.png","datePublished":"2018-04-26T10:51:50+00:00","description":"Wejd\u017a i kup ksi\u0105\u017ck\u0119 Origami Book. Chinese Patterns autorstwa wydan\u0105 przez Pepin Press (2017-10-26) w formacie 22 x 22 cm (ISBN: 9789460094538). Zapraszamy!","breadcrumb":{"@id":"https:\/\/foliobooks.pl\/en\/shop\/origami-book-chinese-patterns\/#breadcrumb"},"inLanguage":"en-US","potentialAction":[{"@type":"ReadAction","target":["https:\/\/foliobooks.pl\/en\/shop\/origami-book-chinese-patterns\/"]}]},{"@type":"ImageObject","inLanguage":"en-US","@id":"https:\/\/foliobooks.pl\/en\/shop\/origami-book-chinese-patterns\/#primaryimage","url":"https:\/\/foliobooks.pl\/wp-content\/uploads\/2018\/04\/9789460094538.png","contentUrl":"https:\/\/foliobooks.pl\/wp-content\/uploads\/2018\/04\/9789460094538.png","width":570,"height":708},{"@type":"BreadcrumbList","@id":"https:\/\/foliobooks.pl\/en\/shop\/origami-book-chinese-patterns\/#breadcrumb","itemListElement":[{"@type":"ListItem","position":1,"name":"Strona g\u0142\u00f3wna","item":"https:\/\/foliobooks.pl\/en\/"},{"@type":"ListItem","position":2,"name":"Shop","item":"https:\/\/foliobooks.pl\/en\/shop\/"},{"@type":"ListItem","position":3,"name":"Origami Book. Chinese Patterns"}]},{"@type":"WebSite","@id":"https:\/\/foliobooks.pl\/en\/#website","url":"https:\/\/foliobooks.pl\/en\/","name":"Folio","description":"Ksi\u0119garnia internetowa","potentialAction":[{"@type":"SearchAction","target":{"@type":"EntryPoint","urlTemplate":"https:\/\/foliobooks.pl\/en\/?s={search_term_string}"},"query-input":{"@type":"PropertyValueSpecification","valueRequired":true,"valueName":"search_term_string"}}],"inLanguage":"en-US"}]}},"_links":{"self":[{"href":"https:\/\/foliobooks.pl\/en\/wp-json\/wp\/v2\/product\/25033","targetHints":{"allow":["GET"]}}],"collection":[{"href":"https:\/\/foliobooks.pl\/en\/wp-json\/wp\/v2\/product"}],"about":[{"href":"https:\/\/foliobooks.pl\/en\/wp-json\/wp\/v2\/types\/product"}],"replies":[{"embeddable":true,"href":"https:\/\/foliobooks.pl\/en\/wp-json\/wp\/v2\/comments?post=25033"}],"wp:featuredmedia":[{"embeddable":true,"href":"https:\/\/foliobooks.pl\/en\/wp-json\/wp\/v2\/media\/25072"}],"wp:attachment":[{"href":"https:\/\/foliobooks.pl\/en\/wp-json\/wp\/v2\/media?parent=25033"}],"wp:term":[{"taxonomy":"product_brand","embeddable":true,"href":"https:\/\/foliobooks.pl\/en\/wp-json\/wp\/v2\/product_brand?post=25033"},{"taxonomy":"product_cat","embeddable":true,"href":"https:\/\/foliobooks.pl\/en\/wp-json\/wp\/v2\/product_cat?post=25033"},{"taxonomy":"product_tag","embeddable":true,"href":"https:\/\/foliobooks.pl\/en\/wp-json\/wp\/v2\/product_tag?post=25033"}],"curies":[{"name":"wp","href":"https:\/\/api.w.org\/{rel}","templated":true}]}}