{"id":24759,"date":"2018-04-13T15:02:39","date_gmt":"2018-04-13T13:02:39","guid":{"rendered":"https:\/\/foliobooks.pl\/?post_type=product&#038;p=24759"},"modified":"2022-09-19T16:37:19","modified_gmt":"2022-09-19T14:37:19","slug":"titian","status":"publish","type":"product","link":"https:\/\/foliobooks.pl\/en\/shop\/titian\/","title":{"rendered":"Titian"},"content":{"rendered":"<p>Immerse yourself in the rich shades and textures of Tiziano Vecellio (c. 1490\u20131576), commonly known as Titian, and the figurehead of 16th-century Venetian painting. With his bold approach to form and startling, opulent colors, Titian worked with a number of prestigious commissions and left behind an astonishing repertoire of portraits, mythological scenes, altarpieces, and landscapes that remains one of the most important legacies of Renaissance art.<\/p>\n<p>This dependable artist introduction traces Titian\u2019s complete career and its trailblazing influence on successive generations of artists, from Diego Vel\u00e1zquez to van Dyck. From the rippling sensuality of <em>Venus of Urbino<\/em> (c. 1538) to the airborne dynamism of <em>Bacchus and Ariadne<\/em> (1520\u20131523), all the major works are here, charting the artist\u2019s stylistic experimentation over time as well as his consistent and unique ability to work across genres and to bring a defining new level of emotional and spiritual aspect to his subjects.<\/p>\n","protected":false},"excerpt":{"rendered":"<p>Immerse yourself in the rich shades and textures of Tiziano Vecellio (c. 1490\u20131576), commonly known as Titian, and the figurehead of 16th-century Venetian painting. With his bold approach to form and startling, opulent colors, Titian worked with a number of prestigious commissions and left behind an astonishing repertoire of portraits, mythological scenes, altarpieces, and landscapes&#8230;<\/p>\n","protected":false},"featured_media":24864,"comment_status":"closed","ping_status":"closed","template":"","meta":[],"product_brand":[],"product_cat":[4522],"product_tag":[2767,1146,11524,6463,524,11488],"class_list":{"0":"post-24759","1":"product","2":"type-product","3":"status-publish","4":"has-post-thumbnail","6":"product_cat-art-en","7":"product_tag-art-history","8":"product_tag-great-masters-en","9":"product_tag-italy-en","10":"product_tag-old-arts","11":"product_tag-painting-en","12":"product_tag-renaissance-en","13":"pa_author_att-ian-g-kennedy-en","14":"pa_cover-hardcover","15":"pa_format-21-x-26-cm-en","16":"pa_isbn-9783836548564-en","17":"pa_language-eng","18":"pa_pages-96-en","19":"pa_published-2018-02-15-en","20":"pa_publisher-taschen-en-en","22":"first","23":"instock","24":"sold-individually","25":"shipping-taxable","26":"purchasable","27":"product-type-simple"},"yoast_head":"<!-- This site is optimized with the Yoast SEO plugin v27.4 - https:\/\/yoast.com\/product\/yoast-seo-wordpress\/ -->\n<title>Titian (Ian G. Kennedy) - book \/ album - Folio<\/title>\n<meta name=\"description\" content=\"Wejd\u017a i kup ksi\u0105\u017ck\u0119 Titian autorstwa Ian G. Kennedy wydan\u0105 przez TASCHEN (2018-02-15) w formacie 21 x 26 cm (ISBN: 9783836548564). Zapraszamy!\" \/>\n<meta name=\"robots\" content=\"index, follow, max-snippet:-1, max-image-preview:large, max-video-preview:-1\" \/>\n<link rel=\"canonical\" href=\"https:\/\/foliobooks.pl\/en\/shop\/titian\/\" \/>\n<meta property=\"og:locale\" content=\"en_US\" \/>\n<meta property=\"og:type\" content=\"article\" \/>\n<meta property=\"og:title\" content=\"Titian (Ian G. Kennedy) - book \/ album - Folio\" \/>\n<meta property=\"og:description\" content=\"Wejd\u017a i kup ksi\u0105\u017ck\u0119 Titian autorstwa Ian G. Kennedy wydan\u0105 przez TASCHEN (2018-02-15) w formacie 21 x 26 cm (ISBN: 9783836548564). Zapraszamy!\" \/>\n<meta property=\"og:url\" content=\"https:\/\/foliobooks.pl\/en\/shop\/titian\/\" \/>\n<meta property=\"og:site_name\" content=\"Folio\" \/>\n<meta property=\"article:modified_time\" content=\"2022-09-19T14:37:19+00:00\" \/>\n<meta property=\"og:image\" content=\"https:\/\/foliobooks.pl\/wp-content\/uploads\/2018\/04\/9783836548564.png\" \/>\n\t<meta property=\"og:image:width\" content=\"570\" \/>\n\t<meta property=\"og:image:height\" content=\"708\" \/>\n\t<meta property=\"og:image:type\" content=\"image\/png\" \/>\n<meta name=\"twitter:card\" content=\"summary_large_image\" \/>\n<meta name=\"twitter:label1\" content=\"Est. reading time\" \/>\n\t<meta name=\"twitter:data1\" content=\"1 minute\" \/>\n<script type=\"application\/ld+json\" class=\"yoast-schema-graph\">{\"@context\":\"https:\\\/\\\/schema.org\",\"@graph\":[{\"@type\":\"WebPage\",\"@id\":\"https:\\\/\\\/foliobooks.pl\\\/en\\\/shop\\\/titian\\\/\",\"url\":\"https:\\\/\\\/foliobooks.pl\\\/en\\\/shop\\\/titian\\\/\",\"name\":\"Titian (Ian G. Kennedy) - book \\\/ album - Folio\",\"isPartOf\":{\"@id\":\"https:\\\/\\\/foliobooks.pl\\\/en\\\/#website\"},\"primaryImageOfPage\":{\"@id\":\"https:\\\/\\\/foliobooks.pl\\\/en\\\/shop\\\/titian\\\/#primaryimage\"},\"image\":{\"@id\":\"https:\\\/\\\/foliobooks.pl\\\/en\\\/shop\\\/titian\\\/#primaryimage\"},\"thumbnailUrl\":\"https:\\\/\\\/foliobooks.pl\\\/wp-content\\\/uploads\\\/2018\\\/04\\\/9783836548564.png\",\"datePublished\":\"2018-04-13T13:02:39+00:00\",\"dateModified\":\"2022-09-19T14:37:19+00:00\",\"description\":\"Wejd\u017a i kup ksi\u0105\u017ck\u0119 Titian autorstwa Ian G. Kennedy wydan\u0105 przez TASCHEN (2018-02-15) w formacie 21 x 26 cm (ISBN: 9783836548564). Zapraszamy!\",\"breadcrumb\":{\"@id\":\"https:\\\/\\\/foliobooks.pl\\\/en\\\/shop\\\/titian\\\/#breadcrumb\"},\"inLanguage\":\"en-US\",\"potentialAction\":[{\"@type\":\"ReadAction\",\"target\":[\"https:\\\/\\\/foliobooks.pl\\\/en\\\/shop\\\/titian\\\/\"]}]},{\"@type\":\"ImageObject\",\"inLanguage\":\"en-US\",\"@id\":\"https:\\\/\\\/foliobooks.pl\\\/en\\\/shop\\\/titian\\\/#primaryimage\",\"url\":\"https:\\\/\\\/foliobooks.pl\\\/wp-content\\\/uploads\\\/2018\\\/04\\\/9783836548564.png\",\"contentUrl\":\"https:\\\/\\\/foliobooks.pl\\\/wp-content\\\/uploads\\\/2018\\\/04\\\/9783836548564.png\",\"width\":570,\"height\":708},{\"@type\":\"BreadcrumbList\",\"@id\":\"https:\\\/\\\/foliobooks.pl\\\/en\\\/shop\\\/titian\\\/#breadcrumb\",\"itemListElement\":[{\"@type\":\"ListItem\",\"position\":1,\"name\":\"Strona g\u0142\u00f3wna\",\"item\":\"https:\\\/\\\/foliobooks.pl\\\/en\\\/\"},{\"@type\":\"ListItem\",\"position\":2,\"name\":\"Shop\",\"item\":\"https:\\\/\\\/foliobooks.pl\\\/en\\\/shop\\\/\"},{\"@type\":\"ListItem\",\"position\":3,\"name\":\"Titian\"}]},{\"@type\":\"WebSite\",\"@id\":\"https:\\\/\\\/foliobooks.pl\\\/en\\\/#website\",\"url\":\"https:\\\/\\\/foliobooks.pl\\\/en\\\/\",\"name\":\"Folio\",\"description\":\"Ksi\u0119garnia internetowa\",\"potentialAction\":[{\"@type\":\"SearchAction\",\"target\":{\"@type\":\"EntryPoint\",\"urlTemplate\":\"https:\\\/\\\/foliobooks.pl\\\/en\\\/?s={search_term_string}\"},\"query-input\":{\"@type\":\"PropertyValueSpecification\",\"valueRequired\":true,\"valueName\":\"search_term_string\"}}],\"inLanguage\":\"en-US\"}]}<\/script>\n<!-- \/ Yoast SEO plugin. -->","yoast_head_json":{"title":"Titian (Ian G. Kennedy) - book \/ album - Folio","description":"Wejd\u017a i kup ksi\u0105\u017ck\u0119 Titian autorstwa Ian G. Kennedy wydan\u0105 przez TASCHEN (2018-02-15) w formacie 21 x 26 cm (ISBN: 9783836548564). Zapraszamy!","robots":{"index":"index","follow":"follow","max-snippet":"max-snippet:-1","max-image-preview":"max-image-preview:large","max-video-preview":"max-video-preview:-1"},"canonical":"https:\/\/foliobooks.pl\/en\/shop\/titian\/","og_locale":"en_US","og_type":"article","og_title":"Titian (Ian G. Kennedy) - book \/ album - Folio","og_description":"Wejd\u017a i kup ksi\u0105\u017ck\u0119 Titian autorstwa Ian G. Kennedy wydan\u0105 przez TASCHEN (2018-02-15) w formacie 21 x 26 cm (ISBN: 9783836548564). Zapraszamy!","og_url":"https:\/\/foliobooks.pl\/en\/shop\/titian\/","og_site_name":"Folio","article_modified_time":"2022-09-19T14:37:19+00:00","og_image":[{"width":570,"height":708,"url":"https:\/\/foliobooks.pl\/wp-content\/uploads\/2018\/04\/9783836548564.png","type":"image\/png"}],"twitter_card":"summary_large_image","twitter_misc":{"Est. reading time":"1 minute"},"schema":{"@context":"https:\/\/schema.org","@graph":[{"@type":"WebPage","@id":"https:\/\/foliobooks.pl\/en\/shop\/titian\/","url":"https:\/\/foliobooks.pl\/en\/shop\/titian\/","name":"Titian (Ian G. Kennedy) - book \/ album - Folio","isPartOf":{"@id":"https:\/\/foliobooks.pl\/en\/#website"},"primaryImageOfPage":{"@id":"https:\/\/foliobooks.pl\/en\/shop\/titian\/#primaryimage"},"image":{"@id":"https:\/\/foliobooks.pl\/en\/shop\/titian\/#primaryimage"},"thumbnailUrl":"https:\/\/foliobooks.pl\/wp-content\/uploads\/2018\/04\/9783836548564.png","datePublished":"2018-04-13T13:02:39+00:00","dateModified":"2022-09-19T14:37:19+00:00","description":"Wejd\u017a i kup ksi\u0105\u017ck\u0119 Titian autorstwa Ian G. Kennedy wydan\u0105 przez TASCHEN (2018-02-15) w formacie 21 x 26 cm (ISBN: 9783836548564). Zapraszamy!","breadcrumb":{"@id":"https:\/\/foliobooks.pl\/en\/shop\/titian\/#breadcrumb"},"inLanguage":"en-US","potentialAction":[{"@type":"ReadAction","target":["https:\/\/foliobooks.pl\/en\/shop\/titian\/"]}]},{"@type":"ImageObject","inLanguage":"en-US","@id":"https:\/\/foliobooks.pl\/en\/shop\/titian\/#primaryimage","url":"https:\/\/foliobooks.pl\/wp-content\/uploads\/2018\/04\/9783836548564.png","contentUrl":"https:\/\/foliobooks.pl\/wp-content\/uploads\/2018\/04\/9783836548564.png","width":570,"height":708},{"@type":"BreadcrumbList","@id":"https:\/\/foliobooks.pl\/en\/shop\/titian\/#breadcrumb","itemListElement":[{"@type":"ListItem","position":1,"name":"Strona g\u0142\u00f3wna","item":"https:\/\/foliobooks.pl\/en\/"},{"@type":"ListItem","position":2,"name":"Shop","item":"https:\/\/foliobooks.pl\/en\/shop\/"},{"@type":"ListItem","position":3,"name":"Titian"}]},{"@type":"WebSite","@id":"https:\/\/foliobooks.pl\/en\/#website","url":"https:\/\/foliobooks.pl\/en\/","name":"Folio","description":"Ksi\u0119garnia internetowa","potentialAction":[{"@type":"SearchAction","target":{"@type":"EntryPoint","urlTemplate":"https:\/\/foliobooks.pl\/en\/?s={search_term_string}"},"query-input":{"@type":"PropertyValueSpecification","valueRequired":true,"valueName":"search_term_string"}}],"inLanguage":"en-US"}]}},"_links":{"self":[{"href":"https:\/\/foliobooks.pl\/en\/wp-json\/wp\/v2\/product\/24759","targetHints":{"allow":["GET"]}}],"collection":[{"href":"https:\/\/foliobooks.pl\/en\/wp-json\/wp\/v2\/product"}],"about":[{"href":"https:\/\/foliobooks.pl\/en\/wp-json\/wp\/v2\/types\/product"}],"replies":[{"embeddable":true,"href":"https:\/\/foliobooks.pl\/en\/wp-json\/wp\/v2\/comments?post=24759"}],"wp:featuredmedia":[{"embeddable":true,"href":"https:\/\/foliobooks.pl\/en\/wp-json\/wp\/v2\/media\/24864"}],"wp:attachment":[{"href":"https:\/\/foliobooks.pl\/en\/wp-json\/wp\/v2\/media?parent=24759"}],"wp:term":[{"taxonomy":"product_brand","embeddable":true,"href":"https:\/\/foliobooks.pl\/en\/wp-json\/wp\/v2\/product_brand?post=24759"},{"taxonomy":"product_cat","embeddable":true,"href":"https:\/\/foliobooks.pl\/en\/wp-json\/wp\/v2\/product_cat?post=24759"},{"taxonomy":"product_tag","embeddable":true,"href":"https:\/\/foliobooks.pl\/en\/wp-json\/wp\/v2\/product_tag?post=24759"}],"curies":[{"name":"wp","href":"https:\/\/api.w.org\/{rel}","templated":true}]}}