{"id":24747,"date":"2018-04-13T14:23:35","date_gmt":"2018-04-13T12:23:35","guid":{"rendered":"https:\/\/foliobooks.pl\/?post_type=product&#038;p=24747"},"modified":"2022-08-17T17:23:25","modified_gmt":"2022-08-17T15:23:25","slug":"prisse-davennes-egyptian-art","status":"publish","type":"product","link":"https:\/\/foliobooks.pl\/en\/shop\/prisse-davennes-egyptian-art\/","title":{"rendered":"Prisse d&#8217;Avennes. Egyptian Art"},"content":{"rendered":"<p>A lifelong devotee of ancient Egyptian and Oriental culture, the French author, artist, and scholar Achille-Constant-Th\u00e9odore-\u00c9mile Prisse d\u2019Avennes (1807\u20131879) is famed as one of the most influential Egyptologists, long before the discipline was even properly established.<\/p>\n<p>Prisse first embarked on his explorations in 1836, documenting sites throughout the Nile Valley, often under his Egyptian pseudonym, Edris Effendi. Prisse\u2019s first publication of notes, drawings, and squeezes (a kind of frottage) came in the form of <em>Les Monuments \u00e9gyptiens<\/em>, a modest collection of 51 plates, but one met with considerable acclaim in popular and intellectual circles. Encouraged by his success, Prisse returned to Egypt in the late 1850s to expand his work into the collection <em>L\u2019Histoire de l\u2019art \u00e9gyptien<\/em>\u2014together with his first volume, these two tomes make up a truly complete survey of Egyptian art.<\/p>\n<p>His albums cover architecture, drawing, sculpture, painting, and industrial or minor arts, with sections, plans, architectural details, and surface decoration all documented with utmost sensitivity and accuracy. Even when compared to the products of the great state-sponsored expeditions to Egypt of this period, Prisse\u2019s compendium remains the largest, single-handed illustrated record of Egyptian art in existence.<\/p>\n<p>Discover the complete collection of Prisse\u2019s unsurpassed illustrations in a visual and archaeological feast of symmetry and complexity. Once exclusively available as an XL-sized title, this <em>Bibliotheca Universalis<\/em> edition captures all the mystery and opulence of Prisse\u2019s groundbreaking collection in an affordable, compact format.<\/p>\n","protected":false},"excerpt":{"rendered":"<p>A lifelong devotee of ancient Egyptian and Oriental culture, the French author, artist, and scholar Achille-Constant-Th\u00e9odore-\u00c9mile Prisse d\u2019Avennes (1807\u20131879) is famed as one of the most influential Egyptologists, long before the discipline was even properly established. Prisse first embarked on his explorations in 1836, documenting sites throughout the Nile Valley, often under his Egyptian pseudonym,&#8230;<\/p>\n","protected":false},"featured_media":24799,"comment_status":"closed","ping_status":"closed","template":"","meta":[],"product_brand":[],"product_cat":[4522],"product_tag":[10792,12822,1156,6124,2767,12821,10639,1681,1649,6463,524,981],"class_list":{"0":"post-24747","1":"product","2":"type-product","3":"status-publish","4":"has-post-thumbnail","6":"product_cat-art-en","7":"product_tag-africa-en","8":"product_tag-antiquity-en","9":"product_tag-appliedarts-en","10":"product_tag-architecture-en","11":"product_tag-art-history","12":"product_tag-egypt-en","13":"product_tag-handicrafts-en","14":"product_tag-history","15":"product_tag-illustration","16":"product_tag-old-arts","17":"product_tag-painting-en","18":"product_tag-sculpture-en","19":"pa_author_att-salima-ikram-en","20":"pa_cover-hardcover","21":"pa_format-14-x-195-cm-en","22":"pa_isbn-9783836565004-en","23":"pa_language-eng-f-ger","24":"pa_pages-600-en","25":"pa_published-2018-03-21-en","26":"pa_publisher-taschen-en-en","28":"first","29":"instock","30":"sold-individually","31":"shipping-taxable","32":"purchasable","33":"product-type-simple"},"yoast_head":"<!-- This site is optimized with the Yoast SEO plugin v27.6 - https:\/\/yoast.com\/product\/yoast-seo-wordpress\/ -->\n<title>Prisse d&#039;Avennes. Egyptian Art (Salima Ikram) - book \/ album - Folio<\/title>\n<meta name=\"description\" content=\"Wejd\u017a i kup ksi\u0105\u017ck\u0119 Prisse d&#039;Avennes. Egyptian Art autorstwa Salima Ikram wydan\u0105 przez TASCHEN (2018-03-21) w formacie 14 x 19,5 cm (ISBN: 9783836565004). Zapraszamy!\" \/>\n<meta name=\"robots\" content=\"index, follow, max-snippet:-1, max-image-preview:large, max-video-preview:-1\" \/>\n<link rel=\"canonical\" href=\"https:\/\/foliobooks.pl\/en\/shop\/prisse-davennes-egyptian-art\/\" \/>\n<meta property=\"og:locale\" content=\"en_US\" \/>\n<meta property=\"og:type\" content=\"article\" \/>\n<meta property=\"og:title\" content=\"Prisse d&#039;Avennes. Egyptian Art (Salima Ikram) - book \/ album - Folio\" \/>\n<meta property=\"og:description\" content=\"Wejd\u017a i kup ksi\u0105\u017ck\u0119 Prisse d&#039;Avennes. Egyptian Art autorstwa Salima Ikram wydan\u0105 przez TASCHEN (2018-03-21) w formacie 14 x 19,5 cm (ISBN: 9783836565004). Zapraszamy!\" \/>\n<meta property=\"og:url\" content=\"https:\/\/foliobooks.pl\/en\/shop\/prisse-davennes-egyptian-art\/\" \/>\n<meta property=\"og:site_name\" content=\"Folio\" \/>\n<meta property=\"article:modified_time\" content=\"2022-08-17T15:23:25+00:00\" \/>\n<meta property=\"og:image\" content=\"https:\/\/foliobooks.pl\/wp-content\/uploads\/2018\/04\/9783836565004.png\" \/>\n\t<meta property=\"og:image:width\" content=\"570\" \/>\n\t<meta property=\"og:image:height\" content=\"708\" \/>\n\t<meta property=\"og:image:type\" content=\"image\/png\" \/>\n<meta name=\"twitter:card\" content=\"summary_large_image\" \/>\n<meta name=\"twitter:label1\" content=\"Est. reading time\" \/>\n\t<meta name=\"twitter:data1\" content=\"1 minute\" \/>\n<script type=\"application\/ld+json\" class=\"yoast-schema-graph\">{\"@context\":\"https:\\\/\\\/schema.org\",\"@graph\":[{\"@type\":\"WebPage\",\"@id\":\"https:\\\/\\\/foliobooks.pl\\\/en\\\/shop\\\/prisse-davennes-egyptian-art\\\/\",\"url\":\"https:\\\/\\\/foliobooks.pl\\\/en\\\/shop\\\/prisse-davennes-egyptian-art\\\/\",\"name\":\"Prisse d'Avennes. Egyptian Art (Salima Ikram) - book \\\/ album - Folio\",\"isPartOf\":{\"@id\":\"https:\\\/\\\/foliobooks.pl\\\/en\\\/#website\"},\"primaryImageOfPage\":{\"@id\":\"https:\\\/\\\/foliobooks.pl\\\/en\\\/shop\\\/prisse-davennes-egyptian-art\\\/#primaryimage\"},\"image\":{\"@id\":\"https:\\\/\\\/foliobooks.pl\\\/en\\\/shop\\\/prisse-davennes-egyptian-art\\\/#primaryimage\"},\"thumbnailUrl\":\"https:\\\/\\\/foliobooks.pl\\\/wp-content\\\/uploads\\\/2018\\\/04\\\/9783836565004.png\",\"datePublished\":\"2018-04-13T12:23:35+00:00\",\"dateModified\":\"2022-08-17T15:23:25+00:00\",\"description\":\"Wejd\u017a i kup ksi\u0105\u017ck\u0119 Prisse d'Avennes. Egyptian Art autorstwa Salima Ikram wydan\u0105 przez TASCHEN (2018-03-21) w formacie 14 x 19,5 cm (ISBN: 9783836565004). Zapraszamy!\",\"breadcrumb\":{\"@id\":\"https:\\\/\\\/foliobooks.pl\\\/en\\\/shop\\\/prisse-davennes-egyptian-art\\\/#breadcrumb\"},\"inLanguage\":\"en-US\",\"potentialAction\":[{\"@type\":\"ReadAction\",\"target\":[\"https:\\\/\\\/foliobooks.pl\\\/en\\\/shop\\\/prisse-davennes-egyptian-art\\\/\"]}]},{\"@type\":\"ImageObject\",\"inLanguage\":\"en-US\",\"@id\":\"https:\\\/\\\/foliobooks.pl\\\/en\\\/shop\\\/prisse-davennes-egyptian-art\\\/#primaryimage\",\"url\":\"https:\\\/\\\/foliobooks.pl\\\/wp-content\\\/uploads\\\/2018\\\/04\\\/9783836565004.png\",\"contentUrl\":\"https:\\\/\\\/foliobooks.pl\\\/wp-content\\\/uploads\\\/2018\\\/04\\\/9783836565004.png\",\"width\":570,\"height\":708},{\"@type\":\"BreadcrumbList\",\"@id\":\"https:\\\/\\\/foliobooks.pl\\\/en\\\/shop\\\/prisse-davennes-egyptian-art\\\/#breadcrumb\",\"itemListElement\":[{\"@type\":\"ListItem\",\"position\":1,\"name\":\"Strona g\u0142\u00f3wna\",\"item\":\"https:\\\/\\\/foliobooks.pl\\\/en\\\/\"},{\"@type\":\"ListItem\",\"position\":2,\"name\":\"Shop\",\"item\":\"https:\\\/\\\/foliobooks.pl\\\/en\\\/shop\\\/\"},{\"@type\":\"ListItem\",\"position\":3,\"name\":\"Prisse d&#8217;Avennes. Egyptian Art\"}]},{\"@type\":\"WebSite\",\"@id\":\"https:\\\/\\\/foliobooks.pl\\\/en\\\/#website\",\"url\":\"https:\\\/\\\/foliobooks.pl\\\/en\\\/\",\"name\":\"Folio\",\"description\":\"Ksi\u0119garnia internetowa\",\"potentialAction\":[{\"@type\":\"SearchAction\",\"target\":{\"@type\":\"EntryPoint\",\"urlTemplate\":\"https:\\\/\\\/foliobooks.pl\\\/en\\\/?s={search_term_string}\"},\"query-input\":{\"@type\":\"PropertyValueSpecification\",\"valueRequired\":true,\"valueName\":\"search_term_string\"}}],\"inLanguage\":\"en-US\"}]}<\/script>\n<!-- \/ Yoast SEO plugin. -->","yoast_head_json":{"title":"Prisse d'Avennes. Egyptian Art (Salima Ikram) - book \/ album - Folio","description":"Wejd\u017a i kup ksi\u0105\u017ck\u0119 Prisse d'Avennes. Egyptian Art autorstwa Salima Ikram wydan\u0105 przez TASCHEN (2018-03-21) w formacie 14 x 19,5 cm (ISBN: 9783836565004). Zapraszamy!","robots":{"index":"index","follow":"follow","max-snippet":"max-snippet:-1","max-image-preview":"max-image-preview:large","max-video-preview":"max-video-preview:-1"},"canonical":"https:\/\/foliobooks.pl\/en\/shop\/prisse-davennes-egyptian-art\/","og_locale":"en_US","og_type":"article","og_title":"Prisse d'Avennes. Egyptian Art (Salima Ikram) - book \/ album - Folio","og_description":"Wejd\u017a i kup ksi\u0105\u017ck\u0119 Prisse d'Avennes. Egyptian Art autorstwa Salima Ikram wydan\u0105 przez TASCHEN (2018-03-21) w formacie 14 x 19,5 cm (ISBN: 9783836565004). Zapraszamy!","og_url":"https:\/\/foliobooks.pl\/en\/shop\/prisse-davennes-egyptian-art\/","og_site_name":"Folio","article_modified_time":"2022-08-17T15:23:25+00:00","og_image":[{"width":570,"height":708,"url":"https:\/\/foliobooks.pl\/wp-content\/uploads\/2018\/04\/9783836565004.png","type":"image\/png"}],"twitter_card":"summary_large_image","twitter_misc":{"Est. reading time":"1 minute"},"schema":{"@context":"https:\/\/schema.org","@graph":[{"@type":"WebPage","@id":"https:\/\/foliobooks.pl\/en\/shop\/prisse-davennes-egyptian-art\/","url":"https:\/\/foliobooks.pl\/en\/shop\/prisse-davennes-egyptian-art\/","name":"Prisse d'Avennes. Egyptian Art (Salima Ikram) - book \/ album - Folio","isPartOf":{"@id":"https:\/\/foliobooks.pl\/en\/#website"},"primaryImageOfPage":{"@id":"https:\/\/foliobooks.pl\/en\/shop\/prisse-davennes-egyptian-art\/#primaryimage"},"image":{"@id":"https:\/\/foliobooks.pl\/en\/shop\/prisse-davennes-egyptian-art\/#primaryimage"},"thumbnailUrl":"https:\/\/foliobooks.pl\/wp-content\/uploads\/2018\/04\/9783836565004.png","datePublished":"2018-04-13T12:23:35+00:00","dateModified":"2022-08-17T15:23:25+00:00","description":"Wejd\u017a i kup ksi\u0105\u017ck\u0119 Prisse d'Avennes. Egyptian Art autorstwa Salima Ikram wydan\u0105 przez TASCHEN (2018-03-21) w formacie 14 x 19,5 cm (ISBN: 9783836565004). Zapraszamy!","breadcrumb":{"@id":"https:\/\/foliobooks.pl\/en\/shop\/prisse-davennes-egyptian-art\/#breadcrumb"},"inLanguage":"en-US","potentialAction":[{"@type":"ReadAction","target":["https:\/\/foliobooks.pl\/en\/shop\/prisse-davennes-egyptian-art\/"]}]},{"@type":"ImageObject","inLanguage":"en-US","@id":"https:\/\/foliobooks.pl\/en\/shop\/prisse-davennes-egyptian-art\/#primaryimage","url":"https:\/\/foliobooks.pl\/wp-content\/uploads\/2018\/04\/9783836565004.png","contentUrl":"https:\/\/foliobooks.pl\/wp-content\/uploads\/2018\/04\/9783836565004.png","width":570,"height":708},{"@type":"BreadcrumbList","@id":"https:\/\/foliobooks.pl\/en\/shop\/prisse-davennes-egyptian-art\/#breadcrumb","itemListElement":[{"@type":"ListItem","position":1,"name":"Strona g\u0142\u00f3wna","item":"https:\/\/foliobooks.pl\/en\/"},{"@type":"ListItem","position":2,"name":"Shop","item":"https:\/\/foliobooks.pl\/en\/shop\/"},{"@type":"ListItem","position":3,"name":"Prisse d&#8217;Avennes. Egyptian Art"}]},{"@type":"WebSite","@id":"https:\/\/foliobooks.pl\/en\/#website","url":"https:\/\/foliobooks.pl\/en\/","name":"Folio","description":"Ksi\u0119garnia internetowa","potentialAction":[{"@type":"SearchAction","target":{"@type":"EntryPoint","urlTemplate":"https:\/\/foliobooks.pl\/en\/?s={search_term_string}"},"query-input":{"@type":"PropertyValueSpecification","valueRequired":true,"valueName":"search_term_string"}}],"inLanguage":"en-US"}]}},"_links":{"self":[{"href":"https:\/\/foliobooks.pl\/en\/wp-json\/wp\/v2\/product\/24747","targetHints":{"allow":["GET"]}}],"collection":[{"href":"https:\/\/foliobooks.pl\/en\/wp-json\/wp\/v2\/product"}],"about":[{"href":"https:\/\/foliobooks.pl\/en\/wp-json\/wp\/v2\/types\/product"}],"replies":[{"embeddable":true,"href":"https:\/\/foliobooks.pl\/en\/wp-json\/wp\/v2\/comments?post=24747"}],"wp:featuredmedia":[{"embeddable":true,"href":"https:\/\/foliobooks.pl\/en\/wp-json\/wp\/v2\/media\/24799"}],"wp:attachment":[{"href":"https:\/\/foliobooks.pl\/en\/wp-json\/wp\/v2\/media?parent=24747"}],"wp:term":[{"taxonomy":"product_brand","embeddable":true,"href":"https:\/\/foliobooks.pl\/en\/wp-json\/wp\/v2\/product_brand?post=24747"},{"taxonomy":"product_cat","embeddable":true,"href":"https:\/\/foliobooks.pl\/en\/wp-json\/wp\/v2\/product_cat?post=24747"},{"taxonomy":"product_tag","embeddable":true,"href":"https:\/\/foliobooks.pl\/en\/wp-json\/wp\/v2\/product_tag?post=24747"}],"curies":[{"name":"wp","href":"https:\/\/api.w.org\/{rel}","templated":true}]}}