{"id":24742,"date":"2018-04-17T11:21:30","date_gmt":"2018-04-17T09:21:30","guid":{"rendered":"https:\/\/foliobooks.pl\/?post_type=product&#038;p=24742"},"modified":"2022-09-19T16:36:58","modified_gmt":"2022-09-19T14:36:58","slug":"what-great-paintings-say-faces-of-power","status":"publish","type":"product","link":"https:\/\/foliobooks.pl\/en\/shop\/what-great-paintings-say-faces-of-power\/","title":{"rendered":"What Great Paintings Say. Faces of Power"},"content":{"rendered":"<p>The intrigue, drama, and covert messages hidden in the faces of powerful men and women.<\/p>\n<p>Byzantine empresses, French revolutionaries, and Spanish generals: history&#8217;s most impressive figures stare boldly out of the canvases in this collection of formidable paintings. Each individual represented in these images radiates with strength and splendor; be they an aristocratic widow in mourning, a murdered politician, or a jovial group of Ukrainian rebels.<\/p>\n<p>Authors Rose-Marie and Rainer Hagen tease out the stories and secrets of 13 masterpieces by artists including Goya, Titian, Velazquez, and Ilya Repin. Regal, holy, and wise, the men and women in these works will inspire you with their conquests and resilience.<\/p>\n<p>TASCHEN reproduces these masterworks in stunning quality, working in collaboration with esteemed art collections all over the world, including in Brussels, St. Petersburg, New York, and Naples. Combining astute analysis with magnified painting details, this book is a unique historical investigation in tribute to the movers and shakers of the past.<\/p>\n","protected":false},"excerpt":{"rendered":"<p>The intrigue, drama, and covert messages hidden in the faces of powerful men and women. Byzantine empresses, French revolutionaries, and Spanish generals: history&#8217;s most impressive figures stare boldly out of the canvases in this collection of formidable paintings. Each individual represented in these images radiates with strength and splendor; be they an aristocratic widow in&#8230;<\/p>\n","protected":false},"featured_media":25006,"comment_status":"closed","ping_status":"closed","template":"","meta":[],"product_brand":[],"product_cat":[4522],"product_tag":[2767,6693,1146,1681,6463,524,1066],"class_list":{"0":"post-24742","1":"product","2":"type-product","3":"status-publish","4":"has-post-thumbnail","6":"product_cat-art-en","7":"product_tag-art-history","8":"product_tag-famous-people","9":"product_tag-great-masters-en","10":"product_tag-history","11":"product_tag-old-arts","12":"product_tag-painting-en","13":"product_tag-portraits-en","14":"pa_author_att-rainer-hagen-en","15":"pa_author_att-rose-marie-hagen-2-en","16":"pa_cover-hardcover","17":"pa_format-21-x-259-cm-en","18":"pa_isbn-9783836569767-en","19":"pa_language-eng","20":"pa_pages-96-en","21":"pa_published-2018-03-14-en","22":"pa_publisher-taschen-en-en","24":"first","25":"outofstock","26":"sold-individually","27":"shipping-taxable","28":"purchasable","29":"product-type-simple"},"yoast_head":"<!-- This site is optimized with the Yoast SEO plugin v27.4 - https:\/\/yoast.com\/product\/yoast-seo-wordpress\/ -->\n<title>What Great Paintings Say. Faces of Power (Rainer Hagen, Rose Marie Hagen) - book \/ album - Folio<\/title>\n<meta name=\"description\" content=\"Wejd\u017a i kup ksi\u0105\u017ck\u0119 What Great Paintings Say. Faces of Power autorstwa Rainer Hagen, Rose Marie Hagen wydan\u0105 przez TASCHEN (2018-03-14) w formacie 21 x 25,9 cm (ISBN: 9783836569767). Zapraszamy!\" \/>\n<meta name=\"robots\" content=\"index, follow, max-snippet:-1, max-image-preview:large, max-video-preview:-1\" \/>\n<link rel=\"canonical\" href=\"https:\/\/foliobooks.pl\/en\/shop\/what-great-paintings-say-faces-of-power\/\" \/>\n<meta property=\"og:locale\" content=\"en_US\" \/>\n<meta property=\"og:type\" content=\"article\" \/>\n<meta property=\"og:title\" content=\"What Great Paintings Say. Faces of Power (Rainer Hagen, Rose Marie Hagen) - book \/ album - Folio\" \/>\n<meta property=\"og:description\" content=\"Wejd\u017a i kup ksi\u0105\u017ck\u0119 What Great Paintings Say. Faces of Power autorstwa Rainer Hagen, Rose Marie Hagen wydan\u0105 przez TASCHEN (2018-03-14) w formacie 21 x 25,9 cm (ISBN: 9783836569767). Zapraszamy!\" \/>\n<meta property=\"og:url\" content=\"https:\/\/foliobooks.pl\/en\/shop\/what-great-paintings-say-faces-of-power\/\" \/>\n<meta property=\"og:site_name\" content=\"Folio\" \/>\n<meta property=\"article:modified_time\" content=\"2022-09-19T14:36:58+00:00\" \/>\n<meta property=\"og:image\" content=\"https:\/\/foliobooks.pl\/wp-content\/uploads\/2018\/04\/9783836569767.png\" \/>\n\t<meta property=\"og:image:width\" content=\"570\" \/>\n\t<meta property=\"og:image:height\" content=\"708\" \/>\n\t<meta property=\"og:image:type\" content=\"image\/png\" \/>\n<meta name=\"twitter:card\" content=\"summary_large_image\" \/>\n<meta name=\"twitter:label1\" content=\"Est. reading time\" \/>\n\t<meta name=\"twitter:data1\" content=\"1 minute\" \/>\n<script type=\"application\/ld+json\" class=\"yoast-schema-graph\">{\"@context\":\"https:\\\/\\\/schema.org\",\"@graph\":[{\"@type\":\"WebPage\",\"@id\":\"https:\\\/\\\/foliobooks.pl\\\/en\\\/shop\\\/what-great-paintings-say-faces-of-power\\\/\",\"url\":\"https:\\\/\\\/foliobooks.pl\\\/en\\\/shop\\\/what-great-paintings-say-faces-of-power\\\/\",\"name\":\"What Great Paintings Say. Faces of Power (Rainer Hagen, Rose Marie Hagen) - book \\\/ album - Folio\",\"isPartOf\":{\"@id\":\"https:\\\/\\\/foliobooks.pl\\\/en\\\/#website\"},\"primaryImageOfPage\":{\"@id\":\"https:\\\/\\\/foliobooks.pl\\\/en\\\/shop\\\/what-great-paintings-say-faces-of-power\\\/#primaryimage\"},\"image\":{\"@id\":\"https:\\\/\\\/foliobooks.pl\\\/en\\\/shop\\\/what-great-paintings-say-faces-of-power\\\/#primaryimage\"},\"thumbnailUrl\":\"https:\\\/\\\/foliobooks.pl\\\/wp-content\\\/uploads\\\/2018\\\/04\\\/9783836569767.png\",\"datePublished\":\"2018-04-17T09:21:30+00:00\",\"dateModified\":\"2022-09-19T14:36:58+00:00\",\"description\":\"Wejd\u017a i kup ksi\u0105\u017ck\u0119 What Great Paintings Say. Faces of Power autorstwa Rainer Hagen, Rose Marie Hagen wydan\u0105 przez TASCHEN (2018-03-14) w formacie 21 x 25,9 cm (ISBN: 9783836569767). Zapraszamy!\",\"breadcrumb\":{\"@id\":\"https:\\\/\\\/foliobooks.pl\\\/en\\\/shop\\\/what-great-paintings-say-faces-of-power\\\/#breadcrumb\"},\"inLanguage\":\"en-US\",\"potentialAction\":[{\"@type\":\"ReadAction\",\"target\":[\"https:\\\/\\\/foliobooks.pl\\\/en\\\/shop\\\/what-great-paintings-say-faces-of-power\\\/\"]}]},{\"@type\":\"ImageObject\",\"inLanguage\":\"en-US\",\"@id\":\"https:\\\/\\\/foliobooks.pl\\\/en\\\/shop\\\/what-great-paintings-say-faces-of-power\\\/#primaryimage\",\"url\":\"https:\\\/\\\/foliobooks.pl\\\/wp-content\\\/uploads\\\/2018\\\/04\\\/9783836569767.png\",\"contentUrl\":\"https:\\\/\\\/foliobooks.pl\\\/wp-content\\\/uploads\\\/2018\\\/04\\\/9783836569767.png\",\"width\":570,\"height\":708},{\"@type\":\"BreadcrumbList\",\"@id\":\"https:\\\/\\\/foliobooks.pl\\\/en\\\/shop\\\/what-great-paintings-say-faces-of-power\\\/#breadcrumb\",\"itemListElement\":[{\"@type\":\"ListItem\",\"position\":1,\"name\":\"Strona g\u0142\u00f3wna\",\"item\":\"https:\\\/\\\/foliobooks.pl\\\/en\\\/\"},{\"@type\":\"ListItem\",\"position\":2,\"name\":\"Shop\",\"item\":\"https:\\\/\\\/foliobooks.pl\\\/en\\\/shop\\\/\"},{\"@type\":\"ListItem\",\"position\":3,\"name\":\"What Great Paintings Say. Faces of Power\"}]},{\"@type\":\"WebSite\",\"@id\":\"https:\\\/\\\/foliobooks.pl\\\/en\\\/#website\",\"url\":\"https:\\\/\\\/foliobooks.pl\\\/en\\\/\",\"name\":\"Folio\",\"description\":\"Ksi\u0119garnia internetowa\",\"potentialAction\":[{\"@type\":\"SearchAction\",\"target\":{\"@type\":\"EntryPoint\",\"urlTemplate\":\"https:\\\/\\\/foliobooks.pl\\\/en\\\/?s={search_term_string}\"},\"query-input\":{\"@type\":\"PropertyValueSpecification\",\"valueRequired\":true,\"valueName\":\"search_term_string\"}}],\"inLanguage\":\"en-US\"}]}<\/script>\n<!-- \/ Yoast SEO plugin. -->","yoast_head_json":{"title":"What Great Paintings Say. Faces of Power (Rainer Hagen, Rose Marie Hagen) - book \/ album - Folio","description":"Wejd\u017a i kup ksi\u0105\u017ck\u0119 What Great Paintings Say. Faces of Power autorstwa Rainer Hagen, Rose Marie Hagen wydan\u0105 przez TASCHEN (2018-03-14) w formacie 21 x 25,9 cm (ISBN: 9783836569767). Zapraszamy!","robots":{"index":"index","follow":"follow","max-snippet":"max-snippet:-1","max-image-preview":"max-image-preview:large","max-video-preview":"max-video-preview:-1"},"canonical":"https:\/\/foliobooks.pl\/en\/shop\/what-great-paintings-say-faces-of-power\/","og_locale":"en_US","og_type":"article","og_title":"What Great Paintings Say. Faces of Power (Rainer Hagen, Rose Marie Hagen) - book \/ album - Folio","og_description":"Wejd\u017a i kup ksi\u0105\u017ck\u0119 What Great Paintings Say. Faces of Power autorstwa Rainer Hagen, Rose Marie Hagen wydan\u0105 przez TASCHEN (2018-03-14) w formacie 21 x 25,9 cm (ISBN: 9783836569767). Zapraszamy!","og_url":"https:\/\/foliobooks.pl\/en\/shop\/what-great-paintings-say-faces-of-power\/","og_site_name":"Folio","article_modified_time":"2022-09-19T14:36:58+00:00","og_image":[{"width":570,"height":708,"url":"https:\/\/foliobooks.pl\/wp-content\/uploads\/2018\/04\/9783836569767.png","type":"image\/png"}],"twitter_card":"summary_large_image","twitter_misc":{"Est. reading time":"1 minute"},"schema":{"@context":"https:\/\/schema.org","@graph":[{"@type":"WebPage","@id":"https:\/\/foliobooks.pl\/en\/shop\/what-great-paintings-say-faces-of-power\/","url":"https:\/\/foliobooks.pl\/en\/shop\/what-great-paintings-say-faces-of-power\/","name":"What Great Paintings Say. Faces of Power (Rainer Hagen, Rose Marie Hagen) - book \/ album - Folio","isPartOf":{"@id":"https:\/\/foliobooks.pl\/en\/#website"},"primaryImageOfPage":{"@id":"https:\/\/foliobooks.pl\/en\/shop\/what-great-paintings-say-faces-of-power\/#primaryimage"},"image":{"@id":"https:\/\/foliobooks.pl\/en\/shop\/what-great-paintings-say-faces-of-power\/#primaryimage"},"thumbnailUrl":"https:\/\/foliobooks.pl\/wp-content\/uploads\/2018\/04\/9783836569767.png","datePublished":"2018-04-17T09:21:30+00:00","dateModified":"2022-09-19T14:36:58+00:00","description":"Wejd\u017a i kup ksi\u0105\u017ck\u0119 What Great Paintings Say. Faces of Power autorstwa Rainer Hagen, Rose Marie Hagen wydan\u0105 przez TASCHEN (2018-03-14) w formacie 21 x 25,9 cm (ISBN: 9783836569767). Zapraszamy!","breadcrumb":{"@id":"https:\/\/foliobooks.pl\/en\/shop\/what-great-paintings-say-faces-of-power\/#breadcrumb"},"inLanguage":"en-US","potentialAction":[{"@type":"ReadAction","target":["https:\/\/foliobooks.pl\/en\/shop\/what-great-paintings-say-faces-of-power\/"]}]},{"@type":"ImageObject","inLanguage":"en-US","@id":"https:\/\/foliobooks.pl\/en\/shop\/what-great-paintings-say-faces-of-power\/#primaryimage","url":"https:\/\/foliobooks.pl\/wp-content\/uploads\/2018\/04\/9783836569767.png","contentUrl":"https:\/\/foliobooks.pl\/wp-content\/uploads\/2018\/04\/9783836569767.png","width":570,"height":708},{"@type":"BreadcrumbList","@id":"https:\/\/foliobooks.pl\/en\/shop\/what-great-paintings-say-faces-of-power\/#breadcrumb","itemListElement":[{"@type":"ListItem","position":1,"name":"Strona g\u0142\u00f3wna","item":"https:\/\/foliobooks.pl\/en\/"},{"@type":"ListItem","position":2,"name":"Shop","item":"https:\/\/foliobooks.pl\/en\/shop\/"},{"@type":"ListItem","position":3,"name":"What Great Paintings Say. Faces of Power"}]},{"@type":"WebSite","@id":"https:\/\/foliobooks.pl\/en\/#website","url":"https:\/\/foliobooks.pl\/en\/","name":"Folio","description":"Ksi\u0119garnia internetowa","potentialAction":[{"@type":"SearchAction","target":{"@type":"EntryPoint","urlTemplate":"https:\/\/foliobooks.pl\/en\/?s={search_term_string}"},"query-input":{"@type":"PropertyValueSpecification","valueRequired":true,"valueName":"search_term_string"}}],"inLanguage":"en-US"}]}},"_links":{"self":[{"href":"https:\/\/foliobooks.pl\/en\/wp-json\/wp\/v2\/product\/24742","targetHints":{"allow":["GET"]}}],"collection":[{"href":"https:\/\/foliobooks.pl\/en\/wp-json\/wp\/v2\/product"}],"about":[{"href":"https:\/\/foliobooks.pl\/en\/wp-json\/wp\/v2\/types\/product"}],"replies":[{"embeddable":true,"href":"https:\/\/foliobooks.pl\/en\/wp-json\/wp\/v2\/comments?post=24742"}],"wp:featuredmedia":[{"embeddable":true,"href":"https:\/\/foliobooks.pl\/en\/wp-json\/wp\/v2\/media\/25006"}],"wp:attachment":[{"href":"https:\/\/foliobooks.pl\/en\/wp-json\/wp\/v2\/media?parent=24742"}],"wp:term":[{"taxonomy":"product_brand","embeddable":true,"href":"https:\/\/foliobooks.pl\/en\/wp-json\/wp\/v2\/product_brand?post=24742"},{"taxonomy":"product_cat","embeddable":true,"href":"https:\/\/foliobooks.pl\/en\/wp-json\/wp\/v2\/product_cat?post=24742"},{"taxonomy":"product_tag","embeddable":true,"href":"https:\/\/foliobooks.pl\/en\/wp-json\/wp\/v2\/product_tag?post=24742"}],"curies":[{"name":"wp","href":"https:\/\/api.w.org\/{rel}","templated":true}]}}