{"id":24657,"date":"2018-03-21T16:25:49","date_gmt":"2018-03-21T15:25:49","guid":{"rendered":"https:\/\/foliobooks.pl\/sklep\/redoute-the-book-of-flowers\/"},"modified":"2019-12-20T17:33:59","modified_gmt":"2019-12-20T16:33:59","slug":"redoute-the-book-of-flowers","status":"publish","type":"product","link":"https:\/\/foliobooks.pl\/en\/shop\/redoute-the-book-of-flowers\/","title":{"rendered":"Redout\u00e9. The Book of Flowers"},"content":{"rendered":"<p>French flower painter Pierre-Joseph Redout\u00e9 (1759\u20131840) devoted himself exclusively to capturing the diversity of flowering plants in watercolor paintings which were then published as copper engravings, with careful botanical descriptions. The darling of wealthy Parisian patrons including Napoleon\u2019s wife Josephine, he was dubbed \u201cthe Raphael of flowers,\u201d and is regarded to this day as a master of botanical illustration.<\/p>\n<p>This elegant catalogue brings together all engravings from Redout\u00e9\u2019s illustrations of <em>Roses<\/em> and <em>Choix des plus belles fleurs<\/em> (<em>Selection of the Most Beautiful Flowers<\/em>) and the most astounding images from <em>The Lilies<\/em>. Offering a vibrant overview of Redout\u00e9\u2019s admixture of accuracy and beauty, it is also a privileged glimpse into the magnificent gardens and greenhouses of a bygone Paris.<\/p>\n","protected":false},"excerpt":{"rendered":"<p>French flower painter Pierre-Joseph Redout\u00e9 (1759\u20131840) devoted himself exclusively to capturing the diversity of flowering plants in watercolor paintings which were then published as copper engravings, with careful botanical descriptions. The darling of wealthy Parisian patrons including Napoleon\u2019s wife Josephine, he was dubbed \u201cthe Raphael of flowers,\u201d and is regarded to this day as a&#8230;<\/p>\n","protected":false},"featured_media":24646,"comment_status":"closed","ping_status":"closed","template":"","meta":[],"product_brand":[],"product_cat":[4522,4521],"product_tag":[1156,1702,11517,2834,2251,2253,1146,1649,10580,1991,6463,524],"class_list":{"0":"post-24657","1":"product","2":"type-product","3":"status-publish","4":"has-post-thumbnail","6":"product_cat-art-en","7":"product_cat-silva-rerum-en-en","8":"product_tag-appliedarts-en","9":"product_tag-artists","10":"product_tag-chalcography-en","11":"product_tag-flora","12":"product_tag-flowers","13":"product_tag-graphics","14":"product_tag-great-masters-en","15":"product_tag-illustration","16":"product_tag-natural-world-en","17":"product_tag-nature","18":"product_tag-old-arts","19":"product_tag-painting-en","20":"pa_author_att-h-walter-lack-en","21":"pa_cover-hardcover","22":"pa_format-25-x-345-cm-en","23":"pa_isbn-9783836568937-en","24":"pa_language-eng-f-ger","25":"pa_pages-608-en","26":"pa_published-2018-04-03-en","27":"pa_publisher-taschen-en-en","29":"first","30":"instock","31":"sold-individually","32":"shipping-taxable","33":"purchasable","34":"product-type-simple"},"yoast_head":"<!-- This site is optimized with the Yoast SEO plugin v27.5 - https:\/\/yoast.com\/product\/yoast-seo-wordpress\/ -->\n<title>Redout\u00e9. The Book of Flowers (H. Walter Lack) - book \/ album - Folio<\/title>\n<meta name=\"description\" content=\"Wejd\u017a i kup ksi\u0105\u017ck\u0119 Redout\u00e9. The Book of Flowers autorstwa H. Walter Lack wydan\u0105 przez TASCHEN (2018-04-03) w formacie 25 x 34,5 cm (ISBN: 9783836568937). Zapraszamy!\" \/>\n<meta name=\"robots\" content=\"index, follow, max-snippet:-1, max-image-preview:large, max-video-preview:-1\" \/>\n<link rel=\"canonical\" href=\"https:\/\/foliobooks.pl\/en\/shop\/redoute-the-book-of-flowers\/\" \/>\n<meta property=\"og:locale\" content=\"en_US\" \/>\n<meta property=\"og:type\" content=\"article\" \/>\n<meta property=\"og:title\" content=\"Redout\u00e9. The Book of Flowers (H. Walter Lack) - book \/ album - Folio\" \/>\n<meta property=\"og:description\" content=\"Wejd\u017a i kup ksi\u0105\u017ck\u0119 Redout\u00e9. The Book of Flowers autorstwa H. Walter Lack wydan\u0105 przez TASCHEN (2018-04-03) w formacie 25 x 34,5 cm (ISBN: 9783836568937). Zapraszamy!\" \/>\n<meta property=\"og:url\" content=\"https:\/\/foliobooks.pl\/en\/shop\/redoute-the-book-of-flowers\/\" \/>\n<meta property=\"og:site_name\" content=\"Folio\" \/>\n<meta property=\"article:modified_time\" content=\"2019-12-20T16:33:59+00:00\" \/>\n<meta property=\"og:image\" content=\"https:\/\/foliobooks.pl\/wp-content\/uploads\/2018\/03\/9783836568937.png\" \/>\n\t<meta property=\"og:image:width\" content=\"570\" \/>\n\t<meta property=\"og:image:height\" content=\"708\" \/>\n\t<meta property=\"og:image:type\" content=\"image\/png\" \/>\n<meta name=\"twitter:card\" content=\"summary_large_image\" \/>\n<meta name=\"twitter:label1\" content=\"Est. reading time\" \/>\n\t<meta name=\"twitter:data1\" content=\"1 minute\" \/>\n<script type=\"application\/ld+json\" class=\"yoast-schema-graph\">{\"@context\":\"https:\\\/\\\/schema.org\",\"@graph\":[{\"@type\":\"WebPage\",\"@id\":\"https:\\\/\\\/foliobooks.pl\\\/en\\\/shop\\\/redoute-the-book-of-flowers\\\/\",\"url\":\"https:\\\/\\\/foliobooks.pl\\\/en\\\/shop\\\/redoute-the-book-of-flowers\\\/\",\"name\":\"Redout\u00e9. The Book of Flowers (H. Walter Lack) - book \\\/ album - Folio\",\"isPartOf\":{\"@id\":\"https:\\\/\\\/foliobooks.pl\\\/en\\\/#website\"},\"primaryImageOfPage\":{\"@id\":\"https:\\\/\\\/foliobooks.pl\\\/en\\\/shop\\\/redoute-the-book-of-flowers\\\/#primaryimage\"},\"image\":{\"@id\":\"https:\\\/\\\/foliobooks.pl\\\/en\\\/shop\\\/redoute-the-book-of-flowers\\\/#primaryimage\"},\"thumbnailUrl\":\"https:\\\/\\\/foliobooks.pl\\\/wp-content\\\/uploads\\\/2018\\\/03\\\/9783836568937.png\",\"datePublished\":\"2018-03-21T15:25:49+00:00\",\"dateModified\":\"2019-12-20T16:33:59+00:00\",\"description\":\"Wejd\u017a i kup ksi\u0105\u017ck\u0119 Redout\u00e9. The Book of Flowers autorstwa H. Walter Lack wydan\u0105 przez TASCHEN (2018-04-03) w formacie 25 x 34,5 cm (ISBN: 9783836568937). Zapraszamy!\",\"breadcrumb\":{\"@id\":\"https:\\\/\\\/foliobooks.pl\\\/en\\\/shop\\\/redoute-the-book-of-flowers\\\/#breadcrumb\"},\"inLanguage\":\"en-US\",\"potentialAction\":[{\"@type\":\"ReadAction\",\"target\":[\"https:\\\/\\\/foliobooks.pl\\\/en\\\/shop\\\/redoute-the-book-of-flowers\\\/\"]}]},{\"@type\":\"ImageObject\",\"inLanguage\":\"en-US\",\"@id\":\"https:\\\/\\\/foliobooks.pl\\\/en\\\/shop\\\/redoute-the-book-of-flowers\\\/#primaryimage\",\"url\":\"https:\\\/\\\/foliobooks.pl\\\/wp-content\\\/uploads\\\/2018\\\/03\\\/9783836568937.png\",\"contentUrl\":\"https:\\\/\\\/foliobooks.pl\\\/wp-content\\\/uploads\\\/2018\\\/03\\\/9783836568937.png\",\"width\":570,\"height\":708},{\"@type\":\"BreadcrumbList\",\"@id\":\"https:\\\/\\\/foliobooks.pl\\\/en\\\/shop\\\/redoute-the-book-of-flowers\\\/#breadcrumb\",\"itemListElement\":[{\"@type\":\"ListItem\",\"position\":1,\"name\":\"Strona g\u0142\u00f3wna\",\"item\":\"https:\\\/\\\/foliobooks.pl\\\/en\\\/\"},{\"@type\":\"ListItem\",\"position\":2,\"name\":\"Shop\",\"item\":\"https:\\\/\\\/foliobooks.pl\\\/en\\\/shop\\\/\"},{\"@type\":\"ListItem\",\"position\":3,\"name\":\"Redout\u00e9. The Book of Flowers\"}]},{\"@type\":\"WebSite\",\"@id\":\"https:\\\/\\\/foliobooks.pl\\\/en\\\/#website\",\"url\":\"https:\\\/\\\/foliobooks.pl\\\/en\\\/\",\"name\":\"Folio\",\"description\":\"Ksi\u0119garnia internetowa\",\"potentialAction\":[{\"@type\":\"SearchAction\",\"target\":{\"@type\":\"EntryPoint\",\"urlTemplate\":\"https:\\\/\\\/foliobooks.pl\\\/en\\\/?s={search_term_string}\"},\"query-input\":{\"@type\":\"PropertyValueSpecification\",\"valueRequired\":true,\"valueName\":\"search_term_string\"}}],\"inLanguage\":\"en-US\"}]}<\/script>\n<!-- \/ Yoast SEO plugin. -->","yoast_head_json":{"title":"Redout\u00e9. The Book of Flowers (H. Walter Lack) - book \/ album - Folio","description":"Wejd\u017a i kup ksi\u0105\u017ck\u0119 Redout\u00e9. The Book of Flowers autorstwa H. Walter Lack wydan\u0105 przez TASCHEN (2018-04-03) w formacie 25 x 34,5 cm (ISBN: 9783836568937). Zapraszamy!","robots":{"index":"index","follow":"follow","max-snippet":"max-snippet:-1","max-image-preview":"max-image-preview:large","max-video-preview":"max-video-preview:-1"},"canonical":"https:\/\/foliobooks.pl\/en\/shop\/redoute-the-book-of-flowers\/","og_locale":"en_US","og_type":"article","og_title":"Redout\u00e9. The Book of Flowers (H. Walter Lack) - book \/ album - Folio","og_description":"Wejd\u017a i kup ksi\u0105\u017ck\u0119 Redout\u00e9. The Book of Flowers autorstwa H. Walter Lack wydan\u0105 przez TASCHEN (2018-04-03) w formacie 25 x 34,5 cm (ISBN: 9783836568937). Zapraszamy!","og_url":"https:\/\/foliobooks.pl\/en\/shop\/redoute-the-book-of-flowers\/","og_site_name":"Folio","article_modified_time":"2019-12-20T16:33:59+00:00","og_image":[{"width":570,"height":708,"url":"https:\/\/foliobooks.pl\/wp-content\/uploads\/2018\/03\/9783836568937.png","type":"image\/png"}],"twitter_card":"summary_large_image","twitter_misc":{"Est. reading time":"1 minute"},"schema":{"@context":"https:\/\/schema.org","@graph":[{"@type":"WebPage","@id":"https:\/\/foliobooks.pl\/en\/shop\/redoute-the-book-of-flowers\/","url":"https:\/\/foliobooks.pl\/en\/shop\/redoute-the-book-of-flowers\/","name":"Redout\u00e9. The Book of Flowers (H. Walter Lack) - book \/ album - Folio","isPartOf":{"@id":"https:\/\/foliobooks.pl\/en\/#website"},"primaryImageOfPage":{"@id":"https:\/\/foliobooks.pl\/en\/shop\/redoute-the-book-of-flowers\/#primaryimage"},"image":{"@id":"https:\/\/foliobooks.pl\/en\/shop\/redoute-the-book-of-flowers\/#primaryimage"},"thumbnailUrl":"https:\/\/foliobooks.pl\/wp-content\/uploads\/2018\/03\/9783836568937.png","datePublished":"2018-03-21T15:25:49+00:00","dateModified":"2019-12-20T16:33:59+00:00","description":"Wejd\u017a i kup ksi\u0105\u017ck\u0119 Redout\u00e9. The Book of Flowers autorstwa H. Walter Lack wydan\u0105 przez TASCHEN (2018-04-03) w formacie 25 x 34,5 cm (ISBN: 9783836568937). Zapraszamy!","breadcrumb":{"@id":"https:\/\/foliobooks.pl\/en\/shop\/redoute-the-book-of-flowers\/#breadcrumb"},"inLanguage":"en-US","potentialAction":[{"@type":"ReadAction","target":["https:\/\/foliobooks.pl\/en\/shop\/redoute-the-book-of-flowers\/"]}]},{"@type":"ImageObject","inLanguage":"en-US","@id":"https:\/\/foliobooks.pl\/en\/shop\/redoute-the-book-of-flowers\/#primaryimage","url":"https:\/\/foliobooks.pl\/wp-content\/uploads\/2018\/03\/9783836568937.png","contentUrl":"https:\/\/foliobooks.pl\/wp-content\/uploads\/2018\/03\/9783836568937.png","width":570,"height":708},{"@type":"BreadcrumbList","@id":"https:\/\/foliobooks.pl\/en\/shop\/redoute-the-book-of-flowers\/#breadcrumb","itemListElement":[{"@type":"ListItem","position":1,"name":"Strona g\u0142\u00f3wna","item":"https:\/\/foliobooks.pl\/en\/"},{"@type":"ListItem","position":2,"name":"Shop","item":"https:\/\/foliobooks.pl\/en\/shop\/"},{"@type":"ListItem","position":3,"name":"Redout\u00e9. The Book of Flowers"}]},{"@type":"WebSite","@id":"https:\/\/foliobooks.pl\/en\/#website","url":"https:\/\/foliobooks.pl\/en\/","name":"Folio","description":"Ksi\u0119garnia internetowa","potentialAction":[{"@type":"SearchAction","target":{"@type":"EntryPoint","urlTemplate":"https:\/\/foliobooks.pl\/en\/?s={search_term_string}"},"query-input":{"@type":"PropertyValueSpecification","valueRequired":true,"valueName":"search_term_string"}}],"inLanguage":"en-US"}]}},"_links":{"self":[{"href":"https:\/\/foliobooks.pl\/en\/wp-json\/wp\/v2\/product\/24657","targetHints":{"allow":["GET"]}}],"collection":[{"href":"https:\/\/foliobooks.pl\/en\/wp-json\/wp\/v2\/product"}],"about":[{"href":"https:\/\/foliobooks.pl\/en\/wp-json\/wp\/v2\/types\/product"}],"replies":[{"embeddable":true,"href":"https:\/\/foliobooks.pl\/en\/wp-json\/wp\/v2\/comments?post=24657"}],"wp:featuredmedia":[{"embeddable":true,"href":"https:\/\/foliobooks.pl\/en\/wp-json\/wp\/v2\/media\/24646"}],"wp:attachment":[{"href":"https:\/\/foliobooks.pl\/en\/wp-json\/wp\/v2\/media?parent=24657"}],"wp:term":[{"taxonomy":"product_brand","embeddable":true,"href":"https:\/\/foliobooks.pl\/en\/wp-json\/wp\/v2\/product_brand?post=24657"},{"taxonomy":"product_cat","embeddable":true,"href":"https:\/\/foliobooks.pl\/en\/wp-json\/wp\/v2\/product_cat?post=24657"},{"taxonomy":"product_tag","embeddable":true,"href":"https:\/\/foliobooks.pl\/en\/wp-json\/wp\/v2\/product_tag?post=24657"}],"curies":[{"name":"wp","href":"https:\/\/api.w.org\/{rel}","templated":true}]}}