{"id":24613,"date":"2018-03-20T11:50:46","date_gmt":"2018-03-20T10:50:46","guid":{"rendered":"https:\/\/foliobooks.pl\/?post_type=product&#038;p=24613"},"modified":"2025-09-12T17:08:31","modified_gmt":"2025-09-12T15:08:31","slug":"stephen-shore-solving-pictures","status":"publish","type":"product","link":"https:\/\/foliobooks.pl\/en\/shop\/stephen-shore-solving-pictures\/","title":{"rendered":"Stephen Shore. Solving Pictures"},"content":{"rendered":"<p>Stephen Shore is one of the most influential photographers of our time, acknowledged especially for his pivotal role in the rise of colour photography in the 1970s. Less familiar is the wide range of his experimentation with various cameras, formats and modes of dissemination \u2013 from amateur and vernacular forms early in his career to digital technologies today.<\/p>\n<p>Encompassing the entirety of Shore\u2019s career, and including over fifty images published in this book for the very first time, <em>Stephen Shore. Solving Pictures<\/em> allows for a fuller understanding of the artist\u2019s singular vision and uncompromising pursuit of photography\u2019s possibilities.<\/p>\n","protected":false},"excerpt":{"rendered":"<p>Stephen Shore is one of the most influential photographers of our time, acknowledged especially for his pivotal role in the rise of colour photography in the 1970s. Less familiar is the wide range of his experimentation with various cameras, formats and modes of dissemination \u2013 from amateur and vernacular forms early in his career to&#8230;<\/p>\n","protected":false},"featured_media":24631,"comment_status":"closed","ping_status":"closed","template":"","meta":[],"product_brand":[],"product_cat":[4517],"product_tag":[154,6632,6121],"class_list":{"0":"post-24613","1":"product","2":"type-product","3":"status-publish","4":"has-post-thumbnail","6":"product_cat-photography-en","7":"product_tag-monographs","8":"product_tag-photographers","9":"product_tag-photography","10":"pa_author_att-quentin-bajac-en","11":"pa_cover-hardcover","12":"pa_format-229-x-267-cm-en","13":"pa_isbn-9780500544969-en","14":"pa_language-eng","15":"pa_pages-332-en","16":"pa_published-2017-11-23-en","17":"pa_publisher-thames-hudson-en","19":"first","20":"outofstock","21":"sale","22":"sold-individually","23":"shipping-taxable","24":"purchasable","25":"product-type-simple"},"yoast_head":"<!-- This site is optimized with the Yoast SEO plugin v27.4 - https:\/\/yoast.com\/product\/yoast-seo-wordpress\/ -->\n<title>Stephen Shore. Solving Pictures (Quentin Bajac) - book \/ album - Folio<\/title>\n<meta name=\"description\" content=\"Wejd\u017a i kup ksi\u0105\u017ck\u0119 Stephen Shore. Solving Pictures autorstwa Quentin Bajac wydan\u0105 przez Thames &amp; Hudson (2017-11-23) w formacie 22,9 x 26,7 cm (ISBN: 9780500544969). Zapraszamy!\" \/>\n<meta name=\"robots\" content=\"index, follow, max-snippet:-1, max-image-preview:large, max-video-preview:-1\" \/>\n<link rel=\"canonical\" href=\"https:\/\/foliobooks.pl\/en\/shop\/stephen-shore-solving-pictures\/\" \/>\n<meta property=\"og:locale\" content=\"en_US\" \/>\n<meta property=\"og:type\" content=\"article\" \/>\n<meta property=\"og:title\" content=\"Stephen Shore. Solving Pictures (Quentin Bajac) - book \/ album - Folio\" \/>\n<meta property=\"og:description\" content=\"Wejd\u017a i kup ksi\u0105\u017ck\u0119 Stephen Shore. Solving Pictures autorstwa Quentin Bajac wydan\u0105 przez Thames &amp; Hudson (2017-11-23) w formacie 22,9 x 26,7 cm (ISBN: 9780500544969). Zapraszamy!\" \/>\n<meta property=\"og:url\" content=\"https:\/\/foliobooks.pl\/en\/shop\/stephen-shore-solving-pictures\/\" \/>\n<meta property=\"og:site_name\" content=\"Folio\" \/>\n<meta property=\"article:modified_time\" content=\"2025-09-12T15:08:31+00:00\" \/>\n<meta property=\"og:image\" content=\"https:\/\/foliobooks.pl\/wp-content\/uploads\/2018\/03\/9780500544969.png\" \/>\n\t<meta property=\"og:image:width\" content=\"570\" \/>\n\t<meta property=\"og:image:height\" content=\"708\" \/>\n\t<meta property=\"og:image:type\" content=\"image\/png\" \/>\n<meta name=\"twitter:card\" content=\"summary_large_image\" \/>\n<meta name=\"twitter:label1\" content=\"Est. reading time\" \/>\n\t<meta name=\"twitter:data1\" content=\"1 minute\" \/>\n<script type=\"application\/ld+json\" class=\"yoast-schema-graph\">{\"@context\":\"https:\\\/\\\/schema.org\",\"@graph\":[{\"@type\":\"WebPage\",\"@id\":\"https:\\\/\\\/foliobooks.pl\\\/en\\\/shop\\\/stephen-shore-solving-pictures\\\/\",\"url\":\"https:\\\/\\\/foliobooks.pl\\\/en\\\/shop\\\/stephen-shore-solving-pictures\\\/\",\"name\":\"Stephen Shore. Solving Pictures (Quentin Bajac) - book \\\/ album - Folio\",\"isPartOf\":{\"@id\":\"https:\\\/\\\/foliobooks.pl\\\/en\\\/#website\"},\"primaryImageOfPage\":{\"@id\":\"https:\\\/\\\/foliobooks.pl\\\/en\\\/shop\\\/stephen-shore-solving-pictures\\\/#primaryimage\"},\"image\":{\"@id\":\"https:\\\/\\\/foliobooks.pl\\\/en\\\/shop\\\/stephen-shore-solving-pictures\\\/#primaryimage\"},\"thumbnailUrl\":\"https:\\\/\\\/foliobooks.pl\\\/wp-content\\\/uploads\\\/2018\\\/03\\\/9780500544969.png\",\"datePublished\":\"2018-03-20T10:50:46+00:00\",\"dateModified\":\"2025-09-12T15:08:31+00:00\",\"description\":\"Wejd\u017a i kup ksi\u0105\u017ck\u0119 Stephen Shore. Solving Pictures autorstwa Quentin Bajac wydan\u0105 przez Thames &amp; Hudson (2017-11-23) w formacie 22,9 x 26,7 cm (ISBN: 9780500544969). Zapraszamy!\",\"breadcrumb\":{\"@id\":\"https:\\\/\\\/foliobooks.pl\\\/en\\\/shop\\\/stephen-shore-solving-pictures\\\/#breadcrumb\"},\"inLanguage\":\"en-US\",\"potentialAction\":[{\"@type\":\"ReadAction\",\"target\":[\"https:\\\/\\\/foliobooks.pl\\\/en\\\/shop\\\/stephen-shore-solving-pictures\\\/\"]}]},{\"@type\":\"ImageObject\",\"inLanguage\":\"en-US\",\"@id\":\"https:\\\/\\\/foliobooks.pl\\\/en\\\/shop\\\/stephen-shore-solving-pictures\\\/#primaryimage\",\"url\":\"https:\\\/\\\/foliobooks.pl\\\/wp-content\\\/uploads\\\/2018\\\/03\\\/9780500544969.png\",\"contentUrl\":\"https:\\\/\\\/foliobooks.pl\\\/wp-content\\\/uploads\\\/2018\\\/03\\\/9780500544969.png\",\"width\":570,\"height\":708},{\"@type\":\"BreadcrumbList\",\"@id\":\"https:\\\/\\\/foliobooks.pl\\\/en\\\/shop\\\/stephen-shore-solving-pictures\\\/#breadcrumb\",\"itemListElement\":[{\"@type\":\"ListItem\",\"position\":1,\"name\":\"Strona g\u0142\u00f3wna\",\"item\":\"https:\\\/\\\/foliobooks.pl\\\/en\\\/\"},{\"@type\":\"ListItem\",\"position\":2,\"name\":\"Shop\",\"item\":\"https:\\\/\\\/foliobooks.pl\\\/en\\\/shop\\\/\"},{\"@type\":\"ListItem\",\"position\":3,\"name\":\"Stephen Shore. Solving Pictures\"}]},{\"@type\":\"WebSite\",\"@id\":\"https:\\\/\\\/foliobooks.pl\\\/en\\\/#website\",\"url\":\"https:\\\/\\\/foliobooks.pl\\\/en\\\/\",\"name\":\"Folio\",\"description\":\"Ksi\u0119garnia internetowa\",\"potentialAction\":[{\"@type\":\"SearchAction\",\"target\":{\"@type\":\"EntryPoint\",\"urlTemplate\":\"https:\\\/\\\/foliobooks.pl\\\/en\\\/?s={search_term_string}\"},\"query-input\":{\"@type\":\"PropertyValueSpecification\",\"valueRequired\":true,\"valueName\":\"search_term_string\"}}],\"inLanguage\":\"en-US\"}]}<\/script>\n<!-- \/ Yoast SEO plugin. -->","yoast_head_json":{"title":"Stephen Shore. Solving Pictures (Quentin Bajac) - book \/ album - Folio","description":"Wejd\u017a i kup ksi\u0105\u017ck\u0119 Stephen Shore. Solving Pictures autorstwa Quentin Bajac wydan\u0105 przez Thames &amp; Hudson (2017-11-23) w formacie 22,9 x 26,7 cm (ISBN: 9780500544969). Zapraszamy!","robots":{"index":"index","follow":"follow","max-snippet":"max-snippet:-1","max-image-preview":"max-image-preview:large","max-video-preview":"max-video-preview:-1"},"canonical":"https:\/\/foliobooks.pl\/en\/shop\/stephen-shore-solving-pictures\/","og_locale":"en_US","og_type":"article","og_title":"Stephen Shore. Solving Pictures (Quentin Bajac) - book \/ album - Folio","og_description":"Wejd\u017a i kup ksi\u0105\u017ck\u0119 Stephen Shore. Solving Pictures autorstwa Quentin Bajac wydan\u0105 przez Thames &amp; Hudson (2017-11-23) w formacie 22,9 x 26,7 cm (ISBN: 9780500544969). Zapraszamy!","og_url":"https:\/\/foliobooks.pl\/en\/shop\/stephen-shore-solving-pictures\/","og_site_name":"Folio","article_modified_time":"2025-09-12T15:08:31+00:00","og_image":[{"width":570,"height":708,"url":"https:\/\/foliobooks.pl\/wp-content\/uploads\/2018\/03\/9780500544969.png","type":"image\/png"}],"twitter_card":"summary_large_image","twitter_misc":{"Est. reading time":"1 minute"},"schema":{"@context":"https:\/\/schema.org","@graph":[{"@type":"WebPage","@id":"https:\/\/foliobooks.pl\/en\/shop\/stephen-shore-solving-pictures\/","url":"https:\/\/foliobooks.pl\/en\/shop\/stephen-shore-solving-pictures\/","name":"Stephen Shore. Solving Pictures (Quentin Bajac) - book \/ album - Folio","isPartOf":{"@id":"https:\/\/foliobooks.pl\/en\/#website"},"primaryImageOfPage":{"@id":"https:\/\/foliobooks.pl\/en\/shop\/stephen-shore-solving-pictures\/#primaryimage"},"image":{"@id":"https:\/\/foliobooks.pl\/en\/shop\/stephen-shore-solving-pictures\/#primaryimage"},"thumbnailUrl":"https:\/\/foliobooks.pl\/wp-content\/uploads\/2018\/03\/9780500544969.png","datePublished":"2018-03-20T10:50:46+00:00","dateModified":"2025-09-12T15:08:31+00:00","description":"Wejd\u017a i kup ksi\u0105\u017ck\u0119 Stephen Shore. Solving Pictures autorstwa Quentin Bajac wydan\u0105 przez Thames &amp; Hudson (2017-11-23) w formacie 22,9 x 26,7 cm (ISBN: 9780500544969). Zapraszamy!","breadcrumb":{"@id":"https:\/\/foliobooks.pl\/en\/shop\/stephen-shore-solving-pictures\/#breadcrumb"},"inLanguage":"en-US","potentialAction":[{"@type":"ReadAction","target":["https:\/\/foliobooks.pl\/en\/shop\/stephen-shore-solving-pictures\/"]}]},{"@type":"ImageObject","inLanguage":"en-US","@id":"https:\/\/foliobooks.pl\/en\/shop\/stephen-shore-solving-pictures\/#primaryimage","url":"https:\/\/foliobooks.pl\/wp-content\/uploads\/2018\/03\/9780500544969.png","contentUrl":"https:\/\/foliobooks.pl\/wp-content\/uploads\/2018\/03\/9780500544969.png","width":570,"height":708},{"@type":"BreadcrumbList","@id":"https:\/\/foliobooks.pl\/en\/shop\/stephen-shore-solving-pictures\/#breadcrumb","itemListElement":[{"@type":"ListItem","position":1,"name":"Strona g\u0142\u00f3wna","item":"https:\/\/foliobooks.pl\/en\/"},{"@type":"ListItem","position":2,"name":"Shop","item":"https:\/\/foliobooks.pl\/en\/shop\/"},{"@type":"ListItem","position":3,"name":"Stephen Shore. Solving Pictures"}]},{"@type":"WebSite","@id":"https:\/\/foliobooks.pl\/en\/#website","url":"https:\/\/foliobooks.pl\/en\/","name":"Folio","description":"Ksi\u0119garnia internetowa","potentialAction":[{"@type":"SearchAction","target":{"@type":"EntryPoint","urlTemplate":"https:\/\/foliobooks.pl\/en\/?s={search_term_string}"},"query-input":{"@type":"PropertyValueSpecification","valueRequired":true,"valueName":"search_term_string"}}],"inLanguage":"en-US"}]}},"_links":{"self":[{"href":"https:\/\/foliobooks.pl\/en\/wp-json\/wp\/v2\/product\/24613","targetHints":{"allow":["GET"]}}],"collection":[{"href":"https:\/\/foliobooks.pl\/en\/wp-json\/wp\/v2\/product"}],"about":[{"href":"https:\/\/foliobooks.pl\/en\/wp-json\/wp\/v2\/types\/product"}],"replies":[{"embeddable":true,"href":"https:\/\/foliobooks.pl\/en\/wp-json\/wp\/v2\/comments?post=24613"}],"wp:featuredmedia":[{"embeddable":true,"href":"https:\/\/foliobooks.pl\/en\/wp-json\/wp\/v2\/media\/24631"}],"wp:attachment":[{"href":"https:\/\/foliobooks.pl\/en\/wp-json\/wp\/v2\/media?parent=24613"}],"wp:term":[{"taxonomy":"product_brand","embeddable":true,"href":"https:\/\/foliobooks.pl\/en\/wp-json\/wp\/v2\/product_brand?post=24613"},{"taxonomy":"product_cat","embeddable":true,"href":"https:\/\/foliobooks.pl\/en\/wp-json\/wp\/v2\/product_cat?post=24613"},{"taxonomy":"product_tag","embeddable":true,"href":"https:\/\/foliobooks.pl\/en\/wp-json\/wp\/v2\/product_tag?post=24613"}],"curies":[{"name":"wp","href":"https:\/\/api.w.org\/{rel}","templated":true}]}}