{"id":24579,"date":"2018-03-19T15:51:16","date_gmt":"2018-03-19T14:51:16","guid":{"rendered":"https:\/\/foliobooks.pl\/sklep\/dian-hansons-butt-book\/"},"modified":"2022-09-20T12:52:19","modified_gmt":"2022-09-20T10:52:19","slug":"dian-hansons-butt-book","status":"publish","type":"product","link":"https:\/\/foliobooks.pl\/en\/shop\/dian-hansons-butt-book\/","title":{"rendered":"Dian Hanson\u2019s Butt Book"},"content":{"rendered":"<p>All the best photos (and some tasty new ones) from the original Big Butt Book, ranging from petite Pam Anderson to robust Serena Williams, plus interviews with Coco Austin, Buffie the Body, Tinto Brass, John (Buttman) Stagliano, and Brazil\u2019s Watermelon Woman reconfigured into a chunky, 512-page Bibliotheca Universalis edition.<\/p>\n<p>The Kama Sutra gives detailed instructions on how to spank it. Contemporary Italians touch it for luck before placing a bet. Americans are having it cosmetically enhanced at rates approaching breast enlargement surgery. The female butt, tush, culo, or derri\u00e8re has always inspired awe, fantasy, and slavish devotion.<\/p>\n<p>Curiously, its primary purpose is functional rather than aesthetic: butts balance our bodies while running, according to biologists. But ask any pygophiliac\u2014as fundament fans are clinically termed\u2014and you\u2019ll get the same answer: female hindquarters exist to please the eye, the hands, and parts south. Sir Mix-a-Lot said it all when he proclaimed, \u201cMy anaconda don\u2019t want none, unless you\u2019ve got buns, hun.\u201d<\/p>\n<p>All of this valuable insight, as well as some 400 photos from 1900 to 2008, were included in TASCHEN\u2019s original The Big Butt Book, released in 2010. Now, that same content is compressed and reconfigured into TASCHEN\u2019s popular Bibliotheca Universalis format, with some new photos thrown in just for fun. You\u2019ll still find works by Elmer Batters, Jean-Paul Goude, Ralph Gibson, Richard Kern, Jan Saudek, Ed Fox, Guido Argentini, and Sante D\u2019Orazio, of butts ranging from petite Pam Anderson\u2019s to sumptuous Serena Williams\u2019s, all contextualized by interviews with porn icon John (Buttman) Stagliano, filmmaker Tinto Brass, and butt queens Buffie the Body, Coco Austin,and Brazil\u2019s Watermelon Woman, but in a portable size, at an affordable price. What could be more bootylicious?<\/p>\n","protected":false},"excerpt":{"rendered":"<p>All the best photos (and some tasty new ones) from the original Big Butt Book, ranging from petite Pam Anderson to robust Serena Williams, plus interviews with Coco Austin, Buffie the Body, Tinto Brass, John (Buttman) Stagliano, and Brazil\u2019s Watermelon Woman reconfigured into a chunky, 512-page Bibliotheca Universalis edition. The Kama Sutra gives detailed instructions&#8230;<\/p>\n","protected":false},"featured_media":24568,"comment_status":"closed","ping_status":"closed","template":"","meta":[],"product_brand":[],"product_cat":[4517],"product_tag":[1647,1710,6121],"class_list":{"0":"post-24579","1":"product","2":"type-product","3":"status-publish","4":"has-post-thumbnail","6":"product_cat-photography-en","7":"product_tag-erotica","8":"product_tag-models","9":"product_tag-photography","10":"pa_author_att-dian-hanson-en","11":"pa_cover-hardcover","12":"pa_format-14-x-194-cm-en","13":"pa_isbn-9783836566872-en","14":"pa_language-eng-f-ger","15":"pa_pages-512-en","16":"pa_published-2018-03-28-en","17":"pa_publisher-taschen-en-en","19":"first","20":"outofstock","21":"sold-individually","22":"shipping-taxable","23":"purchasable","24":"product-type-simple"},"yoast_head":"<!-- This site is optimized with the Yoast SEO plugin v27.4 - https:\/\/yoast.com\/product\/yoast-seo-wordpress\/ -->\n<title>Dian Hanson\u2019s Butt Book (Dian Hanson) - book \/ album - Folio<\/title>\n<meta name=\"description\" content=\"Wejd\u017a i kup ksi\u0105\u017ck\u0119 Dian Hanson\u2019s Butt Book autorstwa Dian Hanson wydan\u0105 przez TASCHEN (2018-03-28) w formacie 14 x 19,4 cm (ISBN: 9783836566872). Zapraszamy!\" \/>\n<meta name=\"robots\" content=\"index, follow, max-snippet:-1, max-image-preview:large, max-video-preview:-1\" \/>\n<link rel=\"canonical\" href=\"https:\/\/foliobooks.pl\/en\/shop\/dian-hansons-butt-book\/\" \/>\n<meta property=\"og:locale\" content=\"en_US\" \/>\n<meta property=\"og:type\" content=\"article\" \/>\n<meta property=\"og:title\" content=\"Dian Hanson\u2019s Butt Book (Dian Hanson) - book \/ album - Folio\" \/>\n<meta property=\"og:description\" content=\"Wejd\u017a i kup ksi\u0105\u017ck\u0119 Dian Hanson\u2019s Butt Book autorstwa Dian Hanson wydan\u0105 przez TASCHEN (2018-03-28) w formacie 14 x 19,4 cm (ISBN: 9783836566872). Zapraszamy!\" \/>\n<meta property=\"og:url\" content=\"https:\/\/foliobooks.pl\/en\/shop\/dian-hansons-butt-book\/\" \/>\n<meta property=\"og:site_name\" content=\"Folio\" \/>\n<meta property=\"article:modified_time\" content=\"2022-09-20T10:52:19+00:00\" \/>\n<meta property=\"og:image\" content=\"https:\/\/foliobooks.pl\/wp-content\/uploads\/2018\/03\/9783836566872.png\" \/>\n\t<meta property=\"og:image:width\" content=\"570\" \/>\n\t<meta property=\"og:image:height\" content=\"708\" \/>\n\t<meta property=\"og:image:type\" content=\"image\/png\" \/>\n<meta name=\"twitter:card\" content=\"summary_large_image\" \/>\n<meta name=\"twitter:label1\" content=\"Est. reading time\" \/>\n\t<meta name=\"twitter:data1\" content=\"1 minute\" \/>\n<script type=\"application\/ld+json\" class=\"yoast-schema-graph\">{\"@context\":\"https:\\\/\\\/schema.org\",\"@graph\":[{\"@type\":\"WebPage\",\"@id\":\"https:\\\/\\\/foliobooks.pl\\\/en\\\/shop\\\/dian-hansons-butt-book\\\/\",\"url\":\"https:\\\/\\\/foliobooks.pl\\\/en\\\/shop\\\/dian-hansons-butt-book\\\/\",\"name\":\"Dian Hanson\u2019s Butt Book (Dian Hanson) - book \\\/ album - Folio\",\"isPartOf\":{\"@id\":\"https:\\\/\\\/foliobooks.pl\\\/en\\\/#website\"},\"primaryImageOfPage\":{\"@id\":\"https:\\\/\\\/foliobooks.pl\\\/en\\\/shop\\\/dian-hansons-butt-book\\\/#primaryimage\"},\"image\":{\"@id\":\"https:\\\/\\\/foliobooks.pl\\\/en\\\/shop\\\/dian-hansons-butt-book\\\/#primaryimage\"},\"thumbnailUrl\":\"https:\\\/\\\/foliobooks.pl\\\/wp-content\\\/uploads\\\/2018\\\/03\\\/9783836566872.png\",\"datePublished\":\"2018-03-19T14:51:16+00:00\",\"dateModified\":\"2022-09-20T10:52:19+00:00\",\"description\":\"Wejd\u017a i kup ksi\u0105\u017ck\u0119 Dian Hanson\u2019s Butt Book autorstwa Dian Hanson wydan\u0105 przez TASCHEN (2018-03-28) w formacie 14 x 19,4 cm (ISBN: 9783836566872). Zapraszamy!\",\"breadcrumb\":{\"@id\":\"https:\\\/\\\/foliobooks.pl\\\/en\\\/shop\\\/dian-hansons-butt-book\\\/#breadcrumb\"},\"inLanguage\":\"en-US\",\"potentialAction\":[{\"@type\":\"ReadAction\",\"target\":[\"https:\\\/\\\/foliobooks.pl\\\/en\\\/shop\\\/dian-hansons-butt-book\\\/\"]}]},{\"@type\":\"ImageObject\",\"inLanguage\":\"en-US\",\"@id\":\"https:\\\/\\\/foliobooks.pl\\\/en\\\/shop\\\/dian-hansons-butt-book\\\/#primaryimage\",\"url\":\"https:\\\/\\\/foliobooks.pl\\\/wp-content\\\/uploads\\\/2018\\\/03\\\/9783836566872.png\",\"contentUrl\":\"https:\\\/\\\/foliobooks.pl\\\/wp-content\\\/uploads\\\/2018\\\/03\\\/9783836566872.png\",\"width\":570,\"height\":708},{\"@type\":\"BreadcrumbList\",\"@id\":\"https:\\\/\\\/foliobooks.pl\\\/en\\\/shop\\\/dian-hansons-butt-book\\\/#breadcrumb\",\"itemListElement\":[{\"@type\":\"ListItem\",\"position\":1,\"name\":\"Strona g\u0142\u00f3wna\",\"item\":\"https:\\\/\\\/foliobooks.pl\\\/en\\\/\"},{\"@type\":\"ListItem\",\"position\":2,\"name\":\"Shop\",\"item\":\"https:\\\/\\\/foliobooks.pl\\\/en\\\/shop\\\/\"},{\"@type\":\"ListItem\",\"position\":3,\"name\":\"Dian Hanson\u2019s Butt Book\"}]},{\"@type\":\"WebSite\",\"@id\":\"https:\\\/\\\/foliobooks.pl\\\/en\\\/#website\",\"url\":\"https:\\\/\\\/foliobooks.pl\\\/en\\\/\",\"name\":\"Folio\",\"description\":\"Ksi\u0119garnia internetowa\",\"potentialAction\":[{\"@type\":\"SearchAction\",\"target\":{\"@type\":\"EntryPoint\",\"urlTemplate\":\"https:\\\/\\\/foliobooks.pl\\\/en\\\/?s={search_term_string}\"},\"query-input\":{\"@type\":\"PropertyValueSpecification\",\"valueRequired\":true,\"valueName\":\"search_term_string\"}}],\"inLanguage\":\"en-US\"}]}<\/script>\n<!-- \/ Yoast SEO plugin. -->","yoast_head_json":{"title":"Dian Hanson\u2019s Butt Book (Dian Hanson) - book \/ album - Folio","description":"Wejd\u017a i kup ksi\u0105\u017ck\u0119 Dian Hanson\u2019s Butt Book autorstwa Dian Hanson wydan\u0105 przez TASCHEN (2018-03-28) w formacie 14 x 19,4 cm (ISBN: 9783836566872). Zapraszamy!","robots":{"index":"index","follow":"follow","max-snippet":"max-snippet:-1","max-image-preview":"max-image-preview:large","max-video-preview":"max-video-preview:-1"},"canonical":"https:\/\/foliobooks.pl\/en\/shop\/dian-hansons-butt-book\/","og_locale":"en_US","og_type":"article","og_title":"Dian Hanson\u2019s Butt Book (Dian Hanson) - book \/ album - Folio","og_description":"Wejd\u017a i kup ksi\u0105\u017ck\u0119 Dian Hanson\u2019s Butt Book autorstwa Dian Hanson wydan\u0105 przez TASCHEN (2018-03-28) w formacie 14 x 19,4 cm (ISBN: 9783836566872). Zapraszamy!","og_url":"https:\/\/foliobooks.pl\/en\/shop\/dian-hansons-butt-book\/","og_site_name":"Folio","article_modified_time":"2022-09-20T10:52:19+00:00","og_image":[{"width":570,"height":708,"url":"https:\/\/foliobooks.pl\/wp-content\/uploads\/2018\/03\/9783836566872.png","type":"image\/png"}],"twitter_card":"summary_large_image","twitter_misc":{"Est. reading time":"1 minute"},"schema":{"@context":"https:\/\/schema.org","@graph":[{"@type":"WebPage","@id":"https:\/\/foliobooks.pl\/en\/shop\/dian-hansons-butt-book\/","url":"https:\/\/foliobooks.pl\/en\/shop\/dian-hansons-butt-book\/","name":"Dian Hanson\u2019s Butt Book (Dian Hanson) - book \/ album - Folio","isPartOf":{"@id":"https:\/\/foliobooks.pl\/en\/#website"},"primaryImageOfPage":{"@id":"https:\/\/foliobooks.pl\/en\/shop\/dian-hansons-butt-book\/#primaryimage"},"image":{"@id":"https:\/\/foliobooks.pl\/en\/shop\/dian-hansons-butt-book\/#primaryimage"},"thumbnailUrl":"https:\/\/foliobooks.pl\/wp-content\/uploads\/2018\/03\/9783836566872.png","datePublished":"2018-03-19T14:51:16+00:00","dateModified":"2022-09-20T10:52:19+00:00","description":"Wejd\u017a i kup ksi\u0105\u017ck\u0119 Dian Hanson\u2019s Butt Book autorstwa Dian Hanson wydan\u0105 przez TASCHEN (2018-03-28) w formacie 14 x 19,4 cm (ISBN: 9783836566872). Zapraszamy!","breadcrumb":{"@id":"https:\/\/foliobooks.pl\/en\/shop\/dian-hansons-butt-book\/#breadcrumb"},"inLanguage":"en-US","potentialAction":[{"@type":"ReadAction","target":["https:\/\/foliobooks.pl\/en\/shop\/dian-hansons-butt-book\/"]}]},{"@type":"ImageObject","inLanguage":"en-US","@id":"https:\/\/foliobooks.pl\/en\/shop\/dian-hansons-butt-book\/#primaryimage","url":"https:\/\/foliobooks.pl\/wp-content\/uploads\/2018\/03\/9783836566872.png","contentUrl":"https:\/\/foliobooks.pl\/wp-content\/uploads\/2018\/03\/9783836566872.png","width":570,"height":708},{"@type":"BreadcrumbList","@id":"https:\/\/foliobooks.pl\/en\/shop\/dian-hansons-butt-book\/#breadcrumb","itemListElement":[{"@type":"ListItem","position":1,"name":"Strona g\u0142\u00f3wna","item":"https:\/\/foliobooks.pl\/en\/"},{"@type":"ListItem","position":2,"name":"Shop","item":"https:\/\/foliobooks.pl\/en\/shop\/"},{"@type":"ListItem","position":3,"name":"Dian Hanson\u2019s Butt Book"}]},{"@type":"WebSite","@id":"https:\/\/foliobooks.pl\/en\/#website","url":"https:\/\/foliobooks.pl\/en\/","name":"Folio","description":"Ksi\u0119garnia internetowa","potentialAction":[{"@type":"SearchAction","target":{"@type":"EntryPoint","urlTemplate":"https:\/\/foliobooks.pl\/en\/?s={search_term_string}"},"query-input":{"@type":"PropertyValueSpecification","valueRequired":true,"valueName":"search_term_string"}}],"inLanguage":"en-US"}]}},"_links":{"self":[{"href":"https:\/\/foliobooks.pl\/en\/wp-json\/wp\/v2\/product\/24579","targetHints":{"allow":["GET"]}}],"collection":[{"href":"https:\/\/foliobooks.pl\/en\/wp-json\/wp\/v2\/product"}],"about":[{"href":"https:\/\/foliobooks.pl\/en\/wp-json\/wp\/v2\/types\/product"}],"replies":[{"embeddable":true,"href":"https:\/\/foliobooks.pl\/en\/wp-json\/wp\/v2\/comments?post=24579"}],"wp:featuredmedia":[{"embeddable":true,"href":"https:\/\/foliobooks.pl\/en\/wp-json\/wp\/v2\/media\/24568"}],"wp:attachment":[{"href":"https:\/\/foliobooks.pl\/en\/wp-json\/wp\/v2\/media?parent=24579"}],"wp:term":[{"taxonomy":"product_brand","embeddable":true,"href":"https:\/\/foliobooks.pl\/en\/wp-json\/wp\/v2\/product_brand?post=24579"},{"taxonomy":"product_cat","embeddable":true,"href":"https:\/\/foliobooks.pl\/en\/wp-json\/wp\/v2\/product_cat?post=24579"},{"taxonomy":"product_tag","embeddable":true,"href":"https:\/\/foliobooks.pl\/en\/wp-json\/wp\/v2\/product_tag?post=24579"}],"curies":[{"name":"wp","href":"https:\/\/api.w.org\/{rel}","templated":true}]}}