{"id":24521,"date":"2018-03-19T14:16:51","date_gmt":"2018-03-19T13:16:51","guid":{"rendered":"https:\/\/foliobooks.pl\/sklep\/jim-heimann-20th-century-alcohol-tobacco-ads\/"},"modified":"2020-11-25T14:58:42","modified_gmt":"2020-11-25T13:58:42","slug":"jim-heimann-20th-century-alcohol-tobacco-ads","status":"publish","type":"product","link":"https:\/\/foliobooks.pl\/en\/shop\/jim-heimann-20th-century-alcohol-tobacco-ads\/","title":{"rendered":"Jim Heimann. 20th Century Alcohol &#038; Tobacco Ads"},"content":{"rendered":"<p>Vices or virtues: drinking and smoking provided marketers with products to be forged into visual feasts. In this lush compendium of advertisements, we explore how depictions of these commodities spanned from the elegant to the offbeat, revealing how manufacturers prodded their customers throughout the 20th century to imbibe and inhale.<\/p>\n<p>Each era\u2019s alcohol and tobacco trends are exuberantly captured page after page, with brand images woven into American popular culture so effectively that almost anyone could identify such icons as the Marlboro Man or Spuds MacKenzie, figures so familiar they could appear in ads without the product itself. Other advertisers devised clever and subliminal approaches to selling their wares, as the wildly successful Absolut campaign confirmed. Even doctors contributed to a perverse version of propaganda, testifying that smoking could calm your nerves and soothe your throat while hailing liquor as an elixir capable of bringing social success.<\/p>\n<p>Whether you savor these visual delights, or enjoy inhaling and wallowing in forbidden pleasures, you will certainly be thrilled by this exploration of a decidedly vibrant\u2014and sometimes controversial\u2014chapter of advertising history.<\/p>\n","protected":false},"excerpt":{"rendered":"<p>Vices or virtues: drinking and smoking provided marketers with products to be forged into visual feasts. In this lush compendium of advertisements, we explore how depictions of these commodities spanned from the elegant to the offbeat, revealing how manufacturers prodded their customers throughout the 20th century to imbibe and inhale. Each era\u2019s alcohol and tobacco&#8230;<\/p>\n","protected":false},"featured_media":24510,"comment_status":"closed","ping_status":"closed","template":"","meta":[],"product_brand":[],"product_cat":[4523,4525,4526],"product_tag":[1651,7273,2767,2253],"class_list":{"0":"post-24521","1":"product","2":"type-product","3":"status-publish","4":"has-post-thumbnail","6":"product_cat-design-en-en","7":"product_cat-graphic-design","8":"product_cat-industrial-design","9":"product_tag-advertising","10":"product_tag-alcohol-en","11":"product_tag-art-history","12":"product_tag-graphics","13":"pa_author_att-steven-heller-en","14":"pa_cover-hardcover","15":"pa_format-238-x-302-cm-en","16":"pa_isbn-9783836566520-en","17":"pa_language-eng-f-ger","18":"pa_pages-392-en","19":"pa_published-2018-03-16-en","20":"pa_publisher-taschen-en-en","22":"first","23":"outofstock","24":"sold-individually","25":"shipping-taxable","26":"purchasable","27":"product-type-simple"},"yoast_head":"<!-- This site is optimized with the Yoast SEO plugin v27.4 - https:\/\/yoast.com\/product\/yoast-seo-wordpress\/ -->\n<title>Jim Heimann. 20th Century Alcohol &amp; Tobacco Ads (Steven Heller) - book \/ album - Folio<\/title>\n<meta name=\"description\" content=\"Wejd\u017a i kup ksi\u0105\u017ck\u0119 Jim Heimann. 20th Century Alcohol &amp; Tobacco Ads autorstwa Steven Heller wydan\u0105 przez TASCHEN (2018-03-16) w formacie 23,8 x 30,2 cm (ISBN: 9783836566520). Zapraszamy!\" \/>\n<meta name=\"robots\" content=\"index, follow, max-snippet:-1, max-image-preview:large, max-video-preview:-1\" \/>\n<link rel=\"canonical\" href=\"https:\/\/foliobooks.pl\/en\/shop\/jim-heimann-20th-century-alcohol-tobacco-ads\/\" \/>\n<meta property=\"og:locale\" content=\"en_US\" \/>\n<meta property=\"og:type\" content=\"article\" \/>\n<meta property=\"og:title\" content=\"Jim Heimann. 20th Century Alcohol &amp; Tobacco Ads (Steven Heller) - book \/ album - Folio\" \/>\n<meta property=\"og:description\" content=\"Wejd\u017a i kup ksi\u0105\u017ck\u0119 Jim Heimann. 20th Century Alcohol &amp; Tobacco Ads autorstwa Steven Heller wydan\u0105 przez TASCHEN (2018-03-16) w formacie 23,8 x 30,2 cm (ISBN: 9783836566520). Zapraszamy!\" \/>\n<meta property=\"og:url\" content=\"https:\/\/foliobooks.pl\/en\/shop\/jim-heimann-20th-century-alcohol-tobacco-ads\/\" \/>\n<meta property=\"og:site_name\" content=\"Folio\" \/>\n<meta property=\"article:modified_time\" content=\"2020-11-25T13:58:42+00:00\" \/>\n<meta property=\"og:image\" content=\"https:\/\/foliobooks.pl\/wp-content\/uploads\/2018\/03\/9783836566520.png\" \/>\n\t<meta property=\"og:image:width\" content=\"570\" \/>\n\t<meta property=\"og:image:height\" content=\"708\" \/>\n\t<meta property=\"og:image:type\" content=\"image\/png\" \/>\n<meta name=\"twitter:card\" content=\"summary_large_image\" \/>\n<meta name=\"twitter:label1\" content=\"Est. reading time\" \/>\n\t<meta name=\"twitter:data1\" content=\"1 minute\" \/>\n<script type=\"application\/ld+json\" class=\"yoast-schema-graph\">{\"@context\":\"https:\\\/\\\/schema.org\",\"@graph\":[{\"@type\":\"WebPage\",\"@id\":\"https:\\\/\\\/foliobooks.pl\\\/en\\\/shop\\\/jim-heimann-20th-century-alcohol-tobacco-ads\\\/\",\"url\":\"https:\\\/\\\/foliobooks.pl\\\/en\\\/shop\\\/jim-heimann-20th-century-alcohol-tobacco-ads\\\/\",\"name\":\"Jim Heimann. 20th Century Alcohol & Tobacco Ads (Steven Heller) - book \\\/ album - Folio\",\"isPartOf\":{\"@id\":\"https:\\\/\\\/foliobooks.pl\\\/en\\\/#website\"},\"primaryImageOfPage\":{\"@id\":\"https:\\\/\\\/foliobooks.pl\\\/en\\\/shop\\\/jim-heimann-20th-century-alcohol-tobacco-ads\\\/#primaryimage\"},\"image\":{\"@id\":\"https:\\\/\\\/foliobooks.pl\\\/en\\\/shop\\\/jim-heimann-20th-century-alcohol-tobacco-ads\\\/#primaryimage\"},\"thumbnailUrl\":\"https:\\\/\\\/foliobooks.pl\\\/wp-content\\\/uploads\\\/2018\\\/03\\\/9783836566520.png\",\"datePublished\":\"2018-03-19T13:16:51+00:00\",\"dateModified\":\"2020-11-25T13:58:42+00:00\",\"description\":\"Wejd\u017a i kup ksi\u0105\u017ck\u0119 Jim Heimann. 20th Century Alcohol & Tobacco Ads autorstwa Steven Heller wydan\u0105 przez TASCHEN (2018-03-16) w formacie 23,8 x 30,2 cm (ISBN: 9783836566520). Zapraszamy!\",\"breadcrumb\":{\"@id\":\"https:\\\/\\\/foliobooks.pl\\\/en\\\/shop\\\/jim-heimann-20th-century-alcohol-tobacco-ads\\\/#breadcrumb\"},\"inLanguage\":\"en-US\",\"potentialAction\":[{\"@type\":\"ReadAction\",\"target\":[\"https:\\\/\\\/foliobooks.pl\\\/en\\\/shop\\\/jim-heimann-20th-century-alcohol-tobacco-ads\\\/\"]}]},{\"@type\":\"ImageObject\",\"inLanguage\":\"en-US\",\"@id\":\"https:\\\/\\\/foliobooks.pl\\\/en\\\/shop\\\/jim-heimann-20th-century-alcohol-tobacco-ads\\\/#primaryimage\",\"url\":\"https:\\\/\\\/foliobooks.pl\\\/wp-content\\\/uploads\\\/2018\\\/03\\\/9783836566520.png\",\"contentUrl\":\"https:\\\/\\\/foliobooks.pl\\\/wp-content\\\/uploads\\\/2018\\\/03\\\/9783836566520.png\",\"width\":570,\"height\":708},{\"@type\":\"BreadcrumbList\",\"@id\":\"https:\\\/\\\/foliobooks.pl\\\/en\\\/shop\\\/jim-heimann-20th-century-alcohol-tobacco-ads\\\/#breadcrumb\",\"itemListElement\":[{\"@type\":\"ListItem\",\"position\":1,\"name\":\"Strona g\u0142\u00f3wna\",\"item\":\"https:\\\/\\\/foliobooks.pl\\\/en\\\/\"},{\"@type\":\"ListItem\",\"position\":2,\"name\":\"Shop\",\"item\":\"https:\\\/\\\/foliobooks.pl\\\/en\\\/shop\\\/\"},{\"@type\":\"ListItem\",\"position\":3,\"name\":\"Jim Heimann. 20th Century Alcohol &#038; Tobacco Ads\"}]},{\"@type\":\"WebSite\",\"@id\":\"https:\\\/\\\/foliobooks.pl\\\/en\\\/#website\",\"url\":\"https:\\\/\\\/foliobooks.pl\\\/en\\\/\",\"name\":\"Folio\",\"description\":\"Ksi\u0119garnia internetowa\",\"potentialAction\":[{\"@type\":\"SearchAction\",\"target\":{\"@type\":\"EntryPoint\",\"urlTemplate\":\"https:\\\/\\\/foliobooks.pl\\\/en\\\/?s={search_term_string}\"},\"query-input\":{\"@type\":\"PropertyValueSpecification\",\"valueRequired\":true,\"valueName\":\"search_term_string\"}}],\"inLanguage\":\"en-US\"}]}<\/script>\n<!-- \/ Yoast SEO plugin. -->","yoast_head_json":{"title":"Jim Heimann. 20th Century Alcohol & Tobacco Ads (Steven Heller) - book \/ album - Folio","description":"Wejd\u017a i kup ksi\u0105\u017ck\u0119 Jim Heimann. 20th Century Alcohol & Tobacco Ads autorstwa Steven Heller wydan\u0105 przez TASCHEN (2018-03-16) w formacie 23,8 x 30,2 cm (ISBN: 9783836566520). Zapraszamy!","robots":{"index":"index","follow":"follow","max-snippet":"max-snippet:-1","max-image-preview":"max-image-preview:large","max-video-preview":"max-video-preview:-1"},"canonical":"https:\/\/foliobooks.pl\/en\/shop\/jim-heimann-20th-century-alcohol-tobacco-ads\/","og_locale":"en_US","og_type":"article","og_title":"Jim Heimann. 20th Century Alcohol & Tobacco Ads (Steven Heller) - book \/ album - Folio","og_description":"Wejd\u017a i kup ksi\u0105\u017ck\u0119 Jim Heimann. 20th Century Alcohol & Tobacco Ads autorstwa Steven Heller wydan\u0105 przez TASCHEN (2018-03-16) w formacie 23,8 x 30,2 cm (ISBN: 9783836566520). Zapraszamy!","og_url":"https:\/\/foliobooks.pl\/en\/shop\/jim-heimann-20th-century-alcohol-tobacco-ads\/","og_site_name":"Folio","article_modified_time":"2020-11-25T13:58:42+00:00","og_image":[{"width":570,"height":708,"url":"https:\/\/foliobooks.pl\/wp-content\/uploads\/2018\/03\/9783836566520.png","type":"image\/png"}],"twitter_card":"summary_large_image","twitter_misc":{"Est. reading time":"1 minute"},"schema":{"@context":"https:\/\/schema.org","@graph":[{"@type":"WebPage","@id":"https:\/\/foliobooks.pl\/en\/shop\/jim-heimann-20th-century-alcohol-tobacco-ads\/","url":"https:\/\/foliobooks.pl\/en\/shop\/jim-heimann-20th-century-alcohol-tobacco-ads\/","name":"Jim Heimann. 20th Century Alcohol & Tobacco Ads (Steven Heller) - book \/ album - Folio","isPartOf":{"@id":"https:\/\/foliobooks.pl\/en\/#website"},"primaryImageOfPage":{"@id":"https:\/\/foliobooks.pl\/en\/shop\/jim-heimann-20th-century-alcohol-tobacco-ads\/#primaryimage"},"image":{"@id":"https:\/\/foliobooks.pl\/en\/shop\/jim-heimann-20th-century-alcohol-tobacco-ads\/#primaryimage"},"thumbnailUrl":"https:\/\/foliobooks.pl\/wp-content\/uploads\/2018\/03\/9783836566520.png","datePublished":"2018-03-19T13:16:51+00:00","dateModified":"2020-11-25T13:58:42+00:00","description":"Wejd\u017a i kup ksi\u0105\u017ck\u0119 Jim Heimann. 20th Century Alcohol & Tobacco Ads autorstwa Steven Heller wydan\u0105 przez TASCHEN (2018-03-16) w formacie 23,8 x 30,2 cm (ISBN: 9783836566520). Zapraszamy!","breadcrumb":{"@id":"https:\/\/foliobooks.pl\/en\/shop\/jim-heimann-20th-century-alcohol-tobacco-ads\/#breadcrumb"},"inLanguage":"en-US","potentialAction":[{"@type":"ReadAction","target":["https:\/\/foliobooks.pl\/en\/shop\/jim-heimann-20th-century-alcohol-tobacco-ads\/"]}]},{"@type":"ImageObject","inLanguage":"en-US","@id":"https:\/\/foliobooks.pl\/en\/shop\/jim-heimann-20th-century-alcohol-tobacco-ads\/#primaryimage","url":"https:\/\/foliobooks.pl\/wp-content\/uploads\/2018\/03\/9783836566520.png","contentUrl":"https:\/\/foliobooks.pl\/wp-content\/uploads\/2018\/03\/9783836566520.png","width":570,"height":708},{"@type":"BreadcrumbList","@id":"https:\/\/foliobooks.pl\/en\/shop\/jim-heimann-20th-century-alcohol-tobacco-ads\/#breadcrumb","itemListElement":[{"@type":"ListItem","position":1,"name":"Strona g\u0142\u00f3wna","item":"https:\/\/foliobooks.pl\/en\/"},{"@type":"ListItem","position":2,"name":"Shop","item":"https:\/\/foliobooks.pl\/en\/shop\/"},{"@type":"ListItem","position":3,"name":"Jim Heimann. 20th Century Alcohol &#038; Tobacco Ads"}]},{"@type":"WebSite","@id":"https:\/\/foliobooks.pl\/en\/#website","url":"https:\/\/foliobooks.pl\/en\/","name":"Folio","description":"Ksi\u0119garnia internetowa","potentialAction":[{"@type":"SearchAction","target":{"@type":"EntryPoint","urlTemplate":"https:\/\/foliobooks.pl\/en\/?s={search_term_string}"},"query-input":{"@type":"PropertyValueSpecification","valueRequired":true,"valueName":"search_term_string"}}],"inLanguage":"en-US"}]}},"_links":{"self":[{"href":"https:\/\/foliobooks.pl\/en\/wp-json\/wp\/v2\/product\/24521","targetHints":{"allow":["GET"]}}],"collection":[{"href":"https:\/\/foliobooks.pl\/en\/wp-json\/wp\/v2\/product"}],"about":[{"href":"https:\/\/foliobooks.pl\/en\/wp-json\/wp\/v2\/types\/product"}],"replies":[{"embeddable":true,"href":"https:\/\/foliobooks.pl\/en\/wp-json\/wp\/v2\/comments?post=24521"}],"wp:featuredmedia":[{"embeddable":true,"href":"https:\/\/foliobooks.pl\/en\/wp-json\/wp\/v2\/media\/24510"}],"wp:attachment":[{"href":"https:\/\/foliobooks.pl\/en\/wp-json\/wp\/v2\/media?parent=24521"}],"wp:term":[{"taxonomy":"product_brand","embeddable":true,"href":"https:\/\/foliobooks.pl\/en\/wp-json\/wp\/v2\/product_brand?post=24521"},{"taxonomy":"product_cat","embeddable":true,"href":"https:\/\/foliobooks.pl\/en\/wp-json\/wp\/v2\/product_cat?post=24521"},{"taxonomy":"product_tag","embeddable":true,"href":"https:\/\/foliobooks.pl\/en\/wp-json\/wp\/v2\/product_tag?post=24521"}],"curies":[{"name":"wp","href":"https:\/\/api.w.org\/{rel}","templated":true}]}}