{"id":24218,"date":"2018-02-09T10:40:51","date_gmt":"2018-02-09T09:40:51","guid":{"rendered":"https:\/\/foliobooks.pl\/?post_type=product&#038;p=24218"},"modified":"2021-10-13T12:17:00","modified_gmt":"2021-10-13T10:17:00","slug":"nomadic-homes-architecture-the-move","status":"publish","type":"product","link":"https:\/\/foliobooks.pl\/en\/shop\/nomadic-homes-architecture-the-move\/","title":{"rendered":"Nomadic Homes. Architecture on the move"},"content":{"rendered":"<p>Nomadic homes come in all shapes and sizes. They are for the wealthy and the poor, the trendy and the out-of-luck. Changing one\u2019s place of residence is an endeavor that is as old as humanity, for reasons of season, or, more recently, to better occupy leisure time.<\/p>\n<p>Written and edited by Philip Jodidio, this volume with illustrations by Russ Gray contains some of the most remarkable examples of homes on the move. Starting with totally revamped Airstream mobile homes, and going on to spectacular moveable vacation houses of the Epic Retreats \u201cpop-up boutique hotel\u201d in Wales, this book doesn\u2019t stop moving, surveying the best in campers and tents, and going on to extravagant marine dwellings like BIG\u2019s Urban Rigger, or the Manta Underwater Room in Zanzibar. At the other end of the spectrum, we find refugee housing for those forced into a life on the move, including shelters designed by the Pritzker Prize\u2013winning architect Shigeru Ban.<\/p>\n<p>What we discover throughout is that the nomadic spirit of our hunter-gatherer ancestors is very much alive in the modern world. Where architecture has often sought stability and thus the lack of movement, modernity has brought a sense of the finite, and a good deal of modesty about posterity and longevity. What more contemporary thought could there be than to seek nothing so much as to move, to grow perhaps, but always to move. \u201cA good traveler,\u201d said the ancient Chinese philosopher Lao Tzu \u201chas no fixed plans and is not intent on arriving.\u201d As this book ably shows, it is the journey that counts.<\/p>\n","protected":false},"excerpt":{"rendered":"<p>Nomadic homes come in all shapes and sizes. They are for the wealthy and the poor, the trendy and the out-of-luck. Changing one\u2019s place of residence is an endeavor that is as old as humanity, for reasons of season, or, more recently, to better occupy leisure time. Written and edited by Philip Jodidio, this volume&#8230;<\/p>\n","protected":false},"featured_media":24252,"comment_status":"closed","ping_status":"closed","template":"","meta":[],"product_brand":[],"product_cat":[4516,4521],"product_tag":[11529,1122,6104,10845,10581,12484,6106,156,6402],"class_list":{"0":"post-24218","1":"product","2":"type-product","3":"status-publish","4":"has-post-thumbnail","6":"product_cat-architecture-en","7":"product_cat-silva-rerum-en-en","8":"product_tag-documentary-photography-en","9":"product_tag-houses-en","10":"product_tag-lifestyle","11":"product_tag-recreation-en","12":"product_tag-rest-en","13":"product_tag-street-furniture-en","14":"product_tag-transport-en","15":"product_tag-travel","16":"product_tag-vechicles","17":"pa_author_att-philip-jodidio-en","18":"pa_author_att-russ-gray-en","19":"pa_cover-hardcover","20":"pa_format-242-x-317-cm-en","21":"pa_isbn-9783836562331-en","22":"pa_language-eng-f-ger","23":"pa_pages-344-en","24":"pa_published-2017-11-10-en","25":"pa_publisher-taschen-en-en","27":"first","28":"outofstock","29":"sold-individually","30":"shipping-taxable","31":"purchasable","32":"product-type-simple"},"yoast_head":"<!-- This site is optimized with the Yoast SEO plugin v27.5 - https:\/\/yoast.com\/product\/yoast-seo-wordpress\/ -->\n<title>Nomadic Homes. Architecture on the move (Philip Jodidio, Russ Gray) - book \/ album - Folio<\/title>\n<meta name=\"description\" content=\"Wejd\u017a i kup ksi\u0105\u017ck\u0119 Nomadic Homes. Architecture on the move autorstwa Philip Jodidio, Russ Gray wydan\u0105 przez TASCHEN (2017-11-10) w formacie 24,2 x 31,7 cm (ISBN: 9783836562331). Zapraszamy!\" \/>\n<meta name=\"robots\" content=\"index, follow, max-snippet:-1, max-image-preview:large, max-video-preview:-1\" \/>\n<link rel=\"canonical\" href=\"https:\/\/foliobooks.pl\/en\/shop\/nomadic-homes-architecture-the-move\/\" \/>\n<meta property=\"og:locale\" content=\"en_US\" \/>\n<meta property=\"og:type\" content=\"article\" \/>\n<meta property=\"og:title\" content=\"Nomadic Homes. Architecture on the move (Philip Jodidio, Russ Gray) - book \/ album - Folio\" \/>\n<meta property=\"og:description\" content=\"Wejd\u017a i kup ksi\u0105\u017ck\u0119 Nomadic Homes. Architecture on the move autorstwa Philip Jodidio, Russ Gray wydan\u0105 przez TASCHEN (2017-11-10) w formacie 24,2 x 31,7 cm (ISBN: 9783836562331). Zapraszamy!\" \/>\n<meta property=\"og:url\" content=\"https:\/\/foliobooks.pl\/en\/shop\/nomadic-homes-architecture-the-move\/\" \/>\n<meta property=\"og:site_name\" content=\"Folio\" \/>\n<meta property=\"article:modified_time\" content=\"2021-10-13T10:17:00+00:00\" \/>\n<meta property=\"og:image\" content=\"https:\/\/foliobooks.pl\/wp-content\/uploads\/2018\/02\/9783836562331.png\" \/>\n\t<meta property=\"og:image:width\" content=\"570\" \/>\n\t<meta property=\"og:image:height\" content=\"708\" \/>\n\t<meta property=\"og:image:type\" content=\"image\/png\" \/>\n<meta name=\"twitter:card\" content=\"summary_large_image\" \/>\n<meta name=\"twitter:label1\" content=\"Est. reading time\" \/>\n\t<meta name=\"twitter:data1\" content=\"1 minute\" \/>\n<script type=\"application\/ld+json\" class=\"yoast-schema-graph\">{\"@context\":\"https:\\\/\\\/schema.org\",\"@graph\":[{\"@type\":\"WebPage\",\"@id\":\"https:\\\/\\\/foliobooks.pl\\\/en\\\/shop\\\/nomadic-homes-architecture-the-move\\\/\",\"url\":\"https:\\\/\\\/foliobooks.pl\\\/en\\\/shop\\\/nomadic-homes-architecture-the-move\\\/\",\"name\":\"Nomadic Homes. Architecture on the move (Philip Jodidio, Russ Gray) - book \\\/ album - Folio\",\"isPartOf\":{\"@id\":\"https:\\\/\\\/foliobooks.pl\\\/en\\\/#website\"},\"primaryImageOfPage\":{\"@id\":\"https:\\\/\\\/foliobooks.pl\\\/en\\\/shop\\\/nomadic-homes-architecture-the-move\\\/#primaryimage\"},\"image\":{\"@id\":\"https:\\\/\\\/foliobooks.pl\\\/en\\\/shop\\\/nomadic-homes-architecture-the-move\\\/#primaryimage\"},\"thumbnailUrl\":\"https:\\\/\\\/foliobooks.pl\\\/wp-content\\\/uploads\\\/2018\\\/02\\\/9783836562331.png\",\"datePublished\":\"2018-02-09T09:40:51+00:00\",\"dateModified\":\"2021-10-13T10:17:00+00:00\",\"description\":\"Wejd\u017a i kup ksi\u0105\u017ck\u0119 Nomadic Homes. Architecture on the move autorstwa Philip Jodidio, Russ Gray wydan\u0105 przez TASCHEN (2017-11-10) w formacie 24,2 x 31,7 cm (ISBN: 9783836562331). Zapraszamy!\",\"breadcrumb\":{\"@id\":\"https:\\\/\\\/foliobooks.pl\\\/en\\\/shop\\\/nomadic-homes-architecture-the-move\\\/#breadcrumb\"},\"inLanguage\":\"en-US\",\"potentialAction\":[{\"@type\":\"ReadAction\",\"target\":[\"https:\\\/\\\/foliobooks.pl\\\/en\\\/shop\\\/nomadic-homes-architecture-the-move\\\/\"]}]},{\"@type\":\"ImageObject\",\"inLanguage\":\"en-US\",\"@id\":\"https:\\\/\\\/foliobooks.pl\\\/en\\\/shop\\\/nomadic-homes-architecture-the-move\\\/#primaryimage\",\"url\":\"https:\\\/\\\/foliobooks.pl\\\/wp-content\\\/uploads\\\/2018\\\/02\\\/9783836562331.png\",\"contentUrl\":\"https:\\\/\\\/foliobooks.pl\\\/wp-content\\\/uploads\\\/2018\\\/02\\\/9783836562331.png\",\"width\":570,\"height\":708},{\"@type\":\"BreadcrumbList\",\"@id\":\"https:\\\/\\\/foliobooks.pl\\\/en\\\/shop\\\/nomadic-homes-architecture-the-move\\\/#breadcrumb\",\"itemListElement\":[{\"@type\":\"ListItem\",\"position\":1,\"name\":\"Strona g\u0142\u00f3wna\",\"item\":\"https:\\\/\\\/foliobooks.pl\\\/en\\\/\"},{\"@type\":\"ListItem\",\"position\":2,\"name\":\"Shop\",\"item\":\"https:\\\/\\\/foliobooks.pl\\\/en\\\/shop\\\/\"},{\"@type\":\"ListItem\",\"position\":3,\"name\":\"Nomadic Homes. Architecture on the move\"}]},{\"@type\":\"WebSite\",\"@id\":\"https:\\\/\\\/foliobooks.pl\\\/en\\\/#website\",\"url\":\"https:\\\/\\\/foliobooks.pl\\\/en\\\/\",\"name\":\"Folio\",\"description\":\"Ksi\u0119garnia internetowa\",\"potentialAction\":[{\"@type\":\"SearchAction\",\"target\":{\"@type\":\"EntryPoint\",\"urlTemplate\":\"https:\\\/\\\/foliobooks.pl\\\/en\\\/?s={search_term_string}\"},\"query-input\":{\"@type\":\"PropertyValueSpecification\",\"valueRequired\":true,\"valueName\":\"search_term_string\"}}],\"inLanguage\":\"en-US\"}]}<\/script>\n<!-- \/ Yoast SEO plugin. -->","yoast_head_json":{"title":"Nomadic Homes. Architecture on the move (Philip Jodidio, Russ Gray) - book \/ album - Folio","description":"Wejd\u017a i kup ksi\u0105\u017ck\u0119 Nomadic Homes. Architecture on the move autorstwa Philip Jodidio, Russ Gray wydan\u0105 przez TASCHEN (2017-11-10) w formacie 24,2 x 31,7 cm (ISBN: 9783836562331). Zapraszamy!","robots":{"index":"index","follow":"follow","max-snippet":"max-snippet:-1","max-image-preview":"max-image-preview:large","max-video-preview":"max-video-preview:-1"},"canonical":"https:\/\/foliobooks.pl\/en\/shop\/nomadic-homes-architecture-the-move\/","og_locale":"en_US","og_type":"article","og_title":"Nomadic Homes. Architecture on the move (Philip Jodidio, Russ Gray) - book \/ album - Folio","og_description":"Wejd\u017a i kup ksi\u0105\u017ck\u0119 Nomadic Homes. Architecture on the move autorstwa Philip Jodidio, Russ Gray wydan\u0105 przez TASCHEN (2017-11-10) w formacie 24,2 x 31,7 cm (ISBN: 9783836562331). Zapraszamy!","og_url":"https:\/\/foliobooks.pl\/en\/shop\/nomadic-homes-architecture-the-move\/","og_site_name":"Folio","article_modified_time":"2021-10-13T10:17:00+00:00","og_image":[{"width":570,"height":708,"url":"https:\/\/foliobooks.pl\/wp-content\/uploads\/2018\/02\/9783836562331.png","type":"image\/png"}],"twitter_card":"summary_large_image","twitter_misc":{"Est. reading time":"1 minute"},"schema":{"@context":"https:\/\/schema.org","@graph":[{"@type":"WebPage","@id":"https:\/\/foliobooks.pl\/en\/shop\/nomadic-homes-architecture-the-move\/","url":"https:\/\/foliobooks.pl\/en\/shop\/nomadic-homes-architecture-the-move\/","name":"Nomadic Homes. Architecture on the move (Philip Jodidio, Russ Gray) - book \/ album - Folio","isPartOf":{"@id":"https:\/\/foliobooks.pl\/en\/#website"},"primaryImageOfPage":{"@id":"https:\/\/foliobooks.pl\/en\/shop\/nomadic-homes-architecture-the-move\/#primaryimage"},"image":{"@id":"https:\/\/foliobooks.pl\/en\/shop\/nomadic-homes-architecture-the-move\/#primaryimage"},"thumbnailUrl":"https:\/\/foliobooks.pl\/wp-content\/uploads\/2018\/02\/9783836562331.png","datePublished":"2018-02-09T09:40:51+00:00","dateModified":"2021-10-13T10:17:00+00:00","description":"Wejd\u017a i kup ksi\u0105\u017ck\u0119 Nomadic Homes. Architecture on the move autorstwa Philip Jodidio, Russ Gray wydan\u0105 przez TASCHEN (2017-11-10) w formacie 24,2 x 31,7 cm (ISBN: 9783836562331). Zapraszamy!","breadcrumb":{"@id":"https:\/\/foliobooks.pl\/en\/shop\/nomadic-homes-architecture-the-move\/#breadcrumb"},"inLanguage":"en-US","potentialAction":[{"@type":"ReadAction","target":["https:\/\/foliobooks.pl\/en\/shop\/nomadic-homes-architecture-the-move\/"]}]},{"@type":"ImageObject","inLanguage":"en-US","@id":"https:\/\/foliobooks.pl\/en\/shop\/nomadic-homes-architecture-the-move\/#primaryimage","url":"https:\/\/foliobooks.pl\/wp-content\/uploads\/2018\/02\/9783836562331.png","contentUrl":"https:\/\/foliobooks.pl\/wp-content\/uploads\/2018\/02\/9783836562331.png","width":570,"height":708},{"@type":"BreadcrumbList","@id":"https:\/\/foliobooks.pl\/en\/shop\/nomadic-homes-architecture-the-move\/#breadcrumb","itemListElement":[{"@type":"ListItem","position":1,"name":"Strona g\u0142\u00f3wna","item":"https:\/\/foliobooks.pl\/en\/"},{"@type":"ListItem","position":2,"name":"Shop","item":"https:\/\/foliobooks.pl\/en\/shop\/"},{"@type":"ListItem","position":3,"name":"Nomadic Homes. Architecture on the move"}]},{"@type":"WebSite","@id":"https:\/\/foliobooks.pl\/en\/#website","url":"https:\/\/foliobooks.pl\/en\/","name":"Folio","description":"Ksi\u0119garnia internetowa","potentialAction":[{"@type":"SearchAction","target":{"@type":"EntryPoint","urlTemplate":"https:\/\/foliobooks.pl\/en\/?s={search_term_string}"},"query-input":{"@type":"PropertyValueSpecification","valueRequired":true,"valueName":"search_term_string"}}],"inLanguage":"en-US"}]}},"_links":{"self":[{"href":"https:\/\/foliobooks.pl\/en\/wp-json\/wp\/v2\/product\/24218","targetHints":{"allow":["GET"]}}],"collection":[{"href":"https:\/\/foliobooks.pl\/en\/wp-json\/wp\/v2\/product"}],"about":[{"href":"https:\/\/foliobooks.pl\/en\/wp-json\/wp\/v2\/types\/product"}],"replies":[{"embeddable":true,"href":"https:\/\/foliobooks.pl\/en\/wp-json\/wp\/v2\/comments?post=24218"}],"wp:featuredmedia":[{"embeddable":true,"href":"https:\/\/foliobooks.pl\/en\/wp-json\/wp\/v2\/media\/24252"}],"wp:attachment":[{"href":"https:\/\/foliobooks.pl\/en\/wp-json\/wp\/v2\/media?parent=24218"}],"wp:term":[{"taxonomy":"product_brand","embeddable":true,"href":"https:\/\/foliobooks.pl\/en\/wp-json\/wp\/v2\/product_brand?post=24218"},{"taxonomy":"product_cat","embeddable":true,"href":"https:\/\/foliobooks.pl\/en\/wp-json\/wp\/v2\/product_cat?post=24218"},{"taxonomy":"product_tag","embeddable":true,"href":"https:\/\/foliobooks.pl\/en\/wp-json\/wp\/v2\/product_tag?post=24218"}],"curies":[{"name":"wp","href":"https:\/\/api.w.org\/{rel}","templated":true}]}}