{"id":24201,"date":"2018-02-08T15:39:35","date_gmt":"2018-02-08T14:39:35","guid":{"rendered":"https:\/\/foliobooks.pl\/sklep\/hundertwasser\/"},"modified":"2022-09-28T16:24:50","modified_gmt":"2022-09-28T14:24:50","slug":"hundertwasser","status":"publish","type":"product","link":"https:\/\/foliobooks.pl\/en\/shop\/hundertwasser\/","title":{"rendered":"Hundertwasser"},"content":{"rendered":"<p>Friedrich Stowasser, born in Vienna in 1928, called himself Friedensreich Hundertwasser Regentag Dunkelbunt. True to the variety of his names, his practice spanned innumerable forms\u2014from painting and designing buildings to creating stamps and coins\u2014and his titles were many: environmental activist, philosopher, individualist, architect, ecologist, and visual artist. He was, in his own words, \u201cone who awakens identities.\u201d<\/p>\n<p>Across his work, Hundertwasser embraced the biomorphic, the irregular, and the irrational. Drawing inspiration from masters as varied as Gaud\u00ed and Gustav Klimt, his categorical rejection of the \u201cgodless and immoral\u201d straight line, as well as his boycott of \u201cmonotonous architecture,\u201d infused his bold, colorful works with a vitality that set him aside from most. Born of this fervent activism and unique universe was his own belief system, called \u201ctransautomatism,\u201d which privileged the viewer\u2019s experience above all. Whether he was planting trees in urban settings or proclaiming the \u201cright to a window,\u201d Hundertwasser\u2019s visions of a harmonious future between humans and nature continue to resonate with increasing urgency.<\/p>\n<p>Once out of print, this re-edition of a TASCHEN classic works in close collaboration with the Hundertwasser Foundation to present the Viennese master\u2019s oeuvre in all its different facets. Because his work is, by nature, virtually inseparable from his biography, private life, and political actions, a vivid portrait of Hundertwasser takes shape through his own lens. Excerpts from conversations between the author and the artist add immediacy and authenticity to this intimate monograph.<\/p>\n","protected":false},"excerpt":{"rendered":"<p>Friedrich Stowasser, born in Vienna in 1928, called himself Friedensreich Hundertwasser Regentag Dunkelbunt. True to the variety of his names, his practice spanned innumerable forms\u2014from painting and designing buildings to creating stamps and coins\u2014and his titles were many: environmental activist, philosopher, individualist, architect, ecologist, and visual artist. He was, in his own words, \u201cone who&#8230;<\/p>\n","protected":false},"featured_media":24188,"comment_status":"closed","ping_status":"closed","template":"","meta":[],"product_brand":[],"product_cat":[4516,4522],"product_tag":[6124,2253,524],"class_list":{"0":"post-24201","1":"product","2":"type-product","3":"status-publish","4":"has-post-thumbnail","6":"product_cat-architecture-en","7":"product_cat-art-en","8":"product_tag-architecture-en","9":"product_tag-graphics","10":"product_tag-painting-en","11":"pa_author_att-harry-rand-en","12":"pa_cover-hardcover","13":"pa_format-24-x-316-cm-en","14":"pa_isbn-9783836567619-en","15":"pa_language-eng","16":"pa_pages-200-en","17":"pa_published-2018-01-03-en","18":"pa_publisher-taschen-en-en","20":"first","21":"outofstock","22":"sold-individually","23":"shipping-taxable","24":"purchasable","25":"product-type-simple"},"yoast_head":"<!-- This site is optimized with the Yoast SEO plugin v27.4 - https:\/\/yoast.com\/product\/yoast-seo-wordpress\/ -->\n<title>Hundertwasser (Harry Rand) - book \/ album - Folio<\/title>\n<meta name=\"description\" content=\"Wejd\u017a i kup ksi\u0105\u017ck\u0119 Hundertwasser autorstwa Harry Rand wydan\u0105 przez TASCHEN (2018-01-03) w formacie 24 x 31,6 cm (ISBN: 9783836567619). Zapraszamy!\" \/>\n<meta name=\"robots\" content=\"index, follow, max-snippet:-1, max-image-preview:large, max-video-preview:-1\" \/>\n<link rel=\"canonical\" href=\"https:\/\/foliobooks.pl\/en\/shop\/hundertwasser\/\" \/>\n<meta property=\"og:locale\" content=\"en_US\" \/>\n<meta property=\"og:type\" content=\"article\" \/>\n<meta property=\"og:title\" content=\"Hundertwasser (Harry Rand) - book \/ album - Folio\" \/>\n<meta property=\"og:description\" content=\"Wejd\u017a i kup ksi\u0105\u017ck\u0119 Hundertwasser autorstwa Harry Rand wydan\u0105 przez TASCHEN (2018-01-03) w formacie 24 x 31,6 cm (ISBN: 9783836567619). Zapraszamy!\" \/>\n<meta property=\"og:url\" content=\"https:\/\/foliobooks.pl\/en\/shop\/hundertwasser\/\" \/>\n<meta property=\"og:site_name\" content=\"Folio\" \/>\n<meta property=\"article:modified_time\" content=\"2022-09-28T14:24:50+00:00\" \/>\n<meta property=\"og:image\" content=\"https:\/\/foliobooks.pl\/wp-content\/uploads\/2018\/02\/9783836567619.png\" \/>\n\t<meta property=\"og:image:width\" content=\"570\" \/>\n\t<meta property=\"og:image:height\" content=\"708\" \/>\n\t<meta property=\"og:image:type\" content=\"image\/png\" \/>\n<meta name=\"twitter:card\" content=\"summary_large_image\" \/>\n<meta name=\"twitter:label1\" content=\"Est. reading time\" \/>\n\t<meta name=\"twitter:data1\" content=\"1 minute\" \/>\n<script type=\"application\/ld+json\" class=\"yoast-schema-graph\">{\"@context\":\"https:\\\/\\\/schema.org\",\"@graph\":[{\"@type\":\"WebPage\",\"@id\":\"https:\\\/\\\/foliobooks.pl\\\/en\\\/shop\\\/hundertwasser\\\/\",\"url\":\"https:\\\/\\\/foliobooks.pl\\\/en\\\/shop\\\/hundertwasser\\\/\",\"name\":\"Hundertwasser (Harry Rand) - book \\\/ album - Folio\",\"isPartOf\":{\"@id\":\"https:\\\/\\\/foliobooks.pl\\\/en\\\/#website\"},\"primaryImageOfPage\":{\"@id\":\"https:\\\/\\\/foliobooks.pl\\\/en\\\/shop\\\/hundertwasser\\\/#primaryimage\"},\"image\":{\"@id\":\"https:\\\/\\\/foliobooks.pl\\\/en\\\/shop\\\/hundertwasser\\\/#primaryimage\"},\"thumbnailUrl\":\"https:\\\/\\\/foliobooks.pl\\\/wp-content\\\/uploads\\\/2018\\\/02\\\/9783836567619.png\",\"datePublished\":\"2018-02-08T14:39:35+00:00\",\"dateModified\":\"2022-09-28T14:24:50+00:00\",\"description\":\"Wejd\u017a i kup ksi\u0105\u017ck\u0119 Hundertwasser autorstwa Harry Rand wydan\u0105 przez TASCHEN (2018-01-03) w formacie 24 x 31,6 cm (ISBN: 9783836567619). Zapraszamy!\",\"breadcrumb\":{\"@id\":\"https:\\\/\\\/foliobooks.pl\\\/en\\\/shop\\\/hundertwasser\\\/#breadcrumb\"},\"inLanguage\":\"en-US\",\"potentialAction\":[{\"@type\":\"ReadAction\",\"target\":[\"https:\\\/\\\/foliobooks.pl\\\/en\\\/shop\\\/hundertwasser\\\/\"]}]},{\"@type\":\"ImageObject\",\"inLanguage\":\"en-US\",\"@id\":\"https:\\\/\\\/foliobooks.pl\\\/en\\\/shop\\\/hundertwasser\\\/#primaryimage\",\"url\":\"https:\\\/\\\/foliobooks.pl\\\/wp-content\\\/uploads\\\/2018\\\/02\\\/9783836567619.png\",\"contentUrl\":\"https:\\\/\\\/foliobooks.pl\\\/wp-content\\\/uploads\\\/2018\\\/02\\\/9783836567619.png\",\"width\":570,\"height\":708},{\"@type\":\"BreadcrumbList\",\"@id\":\"https:\\\/\\\/foliobooks.pl\\\/en\\\/shop\\\/hundertwasser\\\/#breadcrumb\",\"itemListElement\":[{\"@type\":\"ListItem\",\"position\":1,\"name\":\"Strona g\u0142\u00f3wna\",\"item\":\"https:\\\/\\\/foliobooks.pl\\\/en\\\/\"},{\"@type\":\"ListItem\",\"position\":2,\"name\":\"Shop\",\"item\":\"https:\\\/\\\/foliobooks.pl\\\/en\\\/shop\\\/\"},{\"@type\":\"ListItem\",\"position\":3,\"name\":\"Hundertwasser\"}]},{\"@type\":\"WebSite\",\"@id\":\"https:\\\/\\\/foliobooks.pl\\\/en\\\/#website\",\"url\":\"https:\\\/\\\/foliobooks.pl\\\/en\\\/\",\"name\":\"Folio\",\"description\":\"Ksi\u0119garnia internetowa\",\"potentialAction\":[{\"@type\":\"SearchAction\",\"target\":{\"@type\":\"EntryPoint\",\"urlTemplate\":\"https:\\\/\\\/foliobooks.pl\\\/en\\\/?s={search_term_string}\"},\"query-input\":{\"@type\":\"PropertyValueSpecification\",\"valueRequired\":true,\"valueName\":\"search_term_string\"}}],\"inLanguage\":\"en-US\"}]}<\/script>\n<!-- \/ Yoast SEO plugin. -->","yoast_head_json":{"title":"Hundertwasser (Harry Rand) - book \/ album - Folio","description":"Wejd\u017a i kup ksi\u0105\u017ck\u0119 Hundertwasser autorstwa Harry Rand wydan\u0105 przez TASCHEN (2018-01-03) w formacie 24 x 31,6 cm (ISBN: 9783836567619). Zapraszamy!","robots":{"index":"index","follow":"follow","max-snippet":"max-snippet:-1","max-image-preview":"max-image-preview:large","max-video-preview":"max-video-preview:-1"},"canonical":"https:\/\/foliobooks.pl\/en\/shop\/hundertwasser\/","og_locale":"en_US","og_type":"article","og_title":"Hundertwasser (Harry Rand) - book \/ album - Folio","og_description":"Wejd\u017a i kup ksi\u0105\u017ck\u0119 Hundertwasser autorstwa Harry Rand wydan\u0105 przez TASCHEN (2018-01-03) w formacie 24 x 31,6 cm (ISBN: 9783836567619). Zapraszamy!","og_url":"https:\/\/foliobooks.pl\/en\/shop\/hundertwasser\/","og_site_name":"Folio","article_modified_time":"2022-09-28T14:24:50+00:00","og_image":[{"width":570,"height":708,"url":"https:\/\/foliobooks.pl\/wp-content\/uploads\/2018\/02\/9783836567619.png","type":"image\/png"}],"twitter_card":"summary_large_image","twitter_misc":{"Est. reading time":"1 minute"},"schema":{"@context":"https:\/\/schema.org","@graph":[{"@type":"WebPage","@id":"https:\/\/foliobooks.pl\/en\/shop\/hundertwasser\/","url":"https:\/\/foliobooks.pl\/en\/shop\/hundertwasser\/","name":"Hundertwasser (Harry Rand) - book \/ album - Folio","isPartOf":{"@id":"https:\/\/foliobooks.pl\/en\/#website"},"primaryImageOfPage":{"@id":"https:\/\/foliobooks.pl\/en\/shop\/hundertwasser\/#primaryimage"},"image":{"@id":"https:\/\/foliobooks.pl\/en\/shop\/hundertwasser\/#primaryimage"},"thumbnailUrl":"https:\/\/foliobooks.pl\/wp-content\/uploads\/2018\/02\/9783836567619.png","datePublished":"2018-02-08T14:39:35+00:00","dateModified":"2022-09-28T14:24:50+00:00","description":"Wejd\u017a i kup ksi\u0105\u017ck\u0119 Hundertwasser autorstwa Harry Rand wydan\u0105 przez TASCHEN (2018-01-03) w formacie 24 x 31,6 cm (ISBN: 9783836567619). Zapraszamy!","breadcrumb":{"@id":"https:\/\/foliobooks.pl\/en\/shop\/hundertwasser\/#breadcrumb"},"inLanguage":"en-US","potentialAction":[{"@type":"ReadAction","target":["https:\/\/foliobooks.pl\/en\/shop\/hundertwasser\/"]}]},{"@type":"ImageObject","inLanguage":"en-US","@id":"https:\/\/foliobooks.pl\/en\/shop\/hundertwasser\/#primaryimage","url":"https:\/\/foliobooks.pl\/wp-content\/uploads\/2018\/02\/9783836567619.png","contentUrl":"https:\/\/foliobooks.pl\/wp-content\/uploads\/2018\/02\/9783836567619.png","width":570,"height":708},{"@type":"BreadcrumbList","@id":"https:\/\/foliobooks.pl\/en\/shop\/hundertwasser\/#breadcrumb","itemListElement":[{"@type":"ListItem","position":1,"name":"Strona g\u0142\u00f3wna","item":"https:\/\/foliobooks.pl\/en\/"},{"@type":"ListItem","position":2,"name":"Shop","item":"https:\/\/foliobooks.pl\/en\/shop\/"},{"@type":"ListItem","position":3,"name":"Hundertwasser"}]},{"@type":"WebSite","@id":"https:\/\/foliobooks.pl\/en\/#website","url":"https:\/\/foliobooks.pl\/en\/","name":"Folio","description":"Ksi\u0119garnia internetowa","potentialAction":[{"@type":"SearchAction","target":{"@type":"EntryPoint","urlTemplate":"https:\/\/foliobooks.pl\/en\/?s={search_term_string}"},"query-input":{"@type":"PropertyValueSpecification","valueRequired":true,"valueName":"search_term_string"}}],"inLanguage":"en-US"}]}},"_links":{"self":[{"href":"https:\/\/foliobooks.pl\/en\/wp-json\/wp\/v2\/product\/24201","targetHints":{"allow":["GET"]}}],"collection":[{"href":"https:\/\/foliobooks.pl\/en\/wp-json\/wp\/v2\/product"}],"about":[{"href":"https:\/\/foliobooks.pl\/en\/wp-json\/wp\/v2\/types\/product"}],"replies":[{"embeddable":true,"href":"https:\/\/foliobooks.pl\/en\/wp-json\/wp\/v2\/comments?post=24201"}],"wp:featuredmedia":[{"embeddable":true,"href":"https:\/\/foliobooks.pl\/en\/wp-json\/wp\/v2\/media\/24188"}],"wp:attachment":[{"href":"https:\/\/foliobooks.pl\/en\/wp-json\/wp\/v2\/media?parent=24201"}],"wp:term":[{"taxonomy":"product_brand","embeddable":true,"href":"https:\/\/foliobooks.pl\/en\/wp-json\/wp\/v2\/product_brand?post=24201"},{"taxonomy":"product_cat","embeddable":true,"href":"https:\/\/foliobooks.pl\/en\/wp-json\/wp\/v2\/product_cat?post=24201"},{"taxonomy":"product_tag","embeddable":true,"href":"https:\/\/foliobooks.pl\/en\/wp-json\/wp\/v2\/product_tag?post=24201"}],"curies":[{"name":"wp","href":"https:\/\/api.w.org\/{rel}","templated":true}]}}