{"id":23252,"date":"2017-11-20T12:24:29","date_gmt":"2017-11-20T11:24:29","guid":{"rendered":"https:\/\/foliobooks.pl\/?post_type=product&#038;p=23252"},"modified":"2021-04-01T11:10:12","modified_gmt":"2021-04-01T09:10:12","slug":"charlotte-salomon-life-or-theatre-a-selection-of-450-gouaches","status":"publish","type":"product","link":"https:\/\/foliobooks.pl\/en\/shop\/charlotte-salomon-life-or-theatre-a-selection-of-450-gouaches\/","title":{"rendered":"Charlotte Salomon. Life? or Theatre? A Selection of 450 Gouaches"},"content":{"rendered":"<p>When German artist Charlotte Salomon (1917\u20131943) handed her gouache series <em>Life? or Theater?<\/em> over to a friend, she beseeched him to \u201ctake good care of it, it is my entire life.\u201d A few months later, the five-months pregnant Charlotte was picked up by a Gestapo truck, deported to Drancy, and then on to Auschwitz, where she died upon arrival at the age 26.<br \/>\nThe work Salomon left behind is, in a very real sense, her pi\u00e8ce de r\u00e9sistance \u2013 in her own words, \u201csomething wildly eccentric.\u201d A cycle of nearly 1,300 autobiographical gouaches, it combines creative force with pioneering personal narrative into one shattering document of self-expression.<br \/>\nDivided into three sections, the gouaches unveil a vivid self-portrait spanning across all facets of Charlotte&#8217;s existence: from a complicated family life, marked by the suicides of nearly all female relatives; growing up in Berlin; her close relation to singing teacher Alfred Wolfsohn; the rise of the Nazis; to her exile to France in 1939. Throughout, the artist challenges these destructive forces by deploying playful pseudonyms and fantastical elements alongside emotional candor, remarkable observation, and a meticulous visual memory. Her film strip-like sequences are interspersed not only with words but also musical suggestions, making <em>Life? or Theater?<\/em> the storybook for a whole musical, years before the heyday of that genre.<br \/>\nWithout comparison, the gouaches are a triumph of personal truth and individual expression. Published here with a selection of the 450 most important pieces, <em>Life? or Theatre?<\/em> is an unrivaled <em>opus magnum<\/em> from a great and ambitious artist, dark with her early death, but luminous with her precision, her lyricism, and her courage.<\/p>\n","protected":false},"excerpt":{"rendered":"<p>When German artist Charlotte Salomon (1917\u20131943) handed her gouache series Life? or Theater? over to a friend, she beseeched him to \u201ctake good care of it, it is my entire life.\u201d A few months later, the five-months pregnant Charlotte was picked up by a Gestapo truck, deported to Drancy, and then on to Auschwitz, where&#8230;<\/p>\n","protected":false},"featured_media":23260,"comment_status":"closed","ping_status":"closed","template":"","meta":[],"product_brand":[],"product_cat":[4522],"product_tag":[2767,1702,6460,11447,1649,6597,524,1891,11523],"class_list":{"0":"post-23252","1":"product","2":"type-product","3":"status-publish","4":"has-post-thumbnail","6":"product_cat-art-en","7":"product_tag-art-history","8":"product_tag-artists","9":"product_tag-autoportraits-en","10":"product_tag-germany-en","11":"product_tag-illustration","12":"product_tag-life","13":"product_tag-painting-en","14":"product_tag-poland","15":"product_tag-war","16":"pa_author_att-c-e-judith-belinfante-en","17":"pa_author_att-evelyn-benesch-en","18":"pa_cover-hardcover","19":"pa_format-172-x-24-cm-en","20":"pa_isbn-9783836570770-en","21":"pa_language-eng","22":"pa_pages-600-en","23":"pa_published-2017-11-01-en","24":"pa_publisher-taschen-en-en","26":"first","27":"outofstock","28":"sold-individually","29":"shipping-taxable","30":"purchasable","31":"product-type-simple"},"yoast_head":"<!-- This site is optimized with the Yoast SEO plugin v27.5 - https:\/\/yoast.com\/product\/yoast-seo-wordpress\/ -->\n<title>Charlotte Salomon. Life? or Theatre? A Selection of 450 Gouaches (C. E. Judith Belinfante, Evelyn Benesch) - book \/ album - Folio<\/title>\n<meta name=\"description\" content=\"Wejd\u017a i kup ksi\u0105\u017ck\u0119 Charlotte Salomon. Life? or Theatre? A Selection of 450 Gouaches autorstwa C. E. Judith Belinfante, Evelyn Benesch wydan\u0105 przez TASCHEN (2017-11-01) w formacie 17,2 x 24 cm (ISBN: 9783836570770). Zapraszamy!\" \/>\n<meta name=\"robots\" content=\"index, follow, max-snippet:-1, max-image-preview:large, max-video-preview:-1\" \/>\n<link rel=\"canonical\" href=\"https:\/\/foliobooks.pl\/en\/shop\/charlotte-salomon-life-or-theatre-a-selection-of-450-gouaches\/\" \/>\n<meta property=\"og:locale\" content=\"en_US\" \/>\n<meta property=\"og:type\" content=\"article\" \/>\n<meta property=\"og:title\" content=\"Charlotte Salomon. Life? or Theatre? A Selection of 450 Gouaches (C. E. Judith Belinfante, Evelyn Benesch) - book \/ album - Folio\" \/>\n<meta property=\"og:description\" content=\"Wejd\u017a i kup ksi\u0105\u017ck\u0119 Charlotte Salomon. Life? or Theatre? A Selection of 450 Gouaches autorstwa C. E. Judith Belinfante, Evelyn Benesch wydan\u0105 przez TASCHEN (2017-11-01) w formacie 17,2 x 24 cm (ISBN: 9783836570770). Zapraszamy!\" \/>\n<meta property=\"og:url\" content=\"https:\/\/foliobooks.pl\/en\/shop\/charlotte-salomon-life-or-theatre-a-selection-of-450-gouaches\/\" \/>\n<meta property=\"og:site_name\" content=\"Folio\" \/>\n<meta property=\"article:modified_time\" content=\"2021-04-01T09:10:12+00:00\" \/>\n<meta property=\"og:image\" content=\"https:\/\/foliobooks.pl\/wp-content\/uploads\/2017\/11\/9783836570770.png\" \/>\n\t<meta property=\"og:image:width\" content=\"570\" \/>\n\t<meta property=\"og:image:height\" content=\"708\" \/>\n\t<meta property=\"og:image:type\" content=\"image\/png\" \/>\n<meta name=\"twitter:card\" content=\"summary_large_image\" \/>\n<meta name=\"twitter:label1\" content=\"Est. reading time\" \/>\n\t<meta name=\"twitter:data1\" content=\"1 minute\" \/>\n<script type=\"application\/ld+json\" class=\"yoast-schema-graph\">{\"@context\":\"https:\\\/\\\/schema.org\",\"@graph\":[{\"@type\":\"WebPage\",\"@id\":\"https:\\\/\\\/foliobooks.pl\\\/en\\\/shop\\\/charlotte-salomon-life-or-theatre-a-selection-of-450-gouaches\\\/\",\"url\":\"https:\\\/\\\/foliobooks.pl\\\/en\\\/shop\\\/charlotte-salomon-life-or-theatre-a-selection-of-450-gouaches\\\/\",\"name\":\"Charlotte Salomon. Life? or Theatre? A Selection of 450 Gouaches (C. E. Judith Belinfante, Evelyn Benesch) - book \\\/ album - Folio\",\"isPartOf\":{\"@id\":\"https:\\\/\\\/foliobooks.pl\\\/en\\\/#website\"},\"primaryImageOfPage\":{\"@id\":\"https:\\\/\\\/foliobooks.pl\\\/en\\\/shop\\\/charlotte-salomon-life-or-theatre-a-selection-of-450-gouaches\\\/#primaryimage\"},\"image\":{\"@id\":\"https:\\\/\\\/foliobooks.pl\\\/en\\\/shop\\\/charlotte-salomon-life-or-theatre-a-selection-of-450-gouaches\\\/#primaryimage\"},\"thumbnailUrl\":\"https:\\\/\\\/foliobooks.pl\\\/wp-content\\\/uploads\\\/2017\\\/11\\\/9783836570770.png\",\"datePublished\":\"2017-11-20T11:24:29+00:00\",\"dateModified\":\"2021-04-01T09:10:12+00:00\",\"description\":\"Wejd\u017a i kup ksi\u0105\u017ck\u0119 Charlotte Salomon. Life? or Theatre? A Selection of 450 Gouaches autorstwa C. E. Judith Belinfante, Evelyn Benesch wydan\u0105 przez TASCHEN (2017-11-01) w formacie 17,2 x 24 cm (ISBN: 9783836570770). Zapraszamy!\",\"breadcrumb\":{\"@id\":\"https:\\\/\\\/foliobooks.pl\\\/en\\\/shop\\\/charlotte-salomon-life-or-theatre-a-selection-of-450-gouaches\\\/#breadcrumb\"},\"inLanguage\":\"en-US\",\"potentialAction\":[{\"@type\":\"ReadAction\",\"target\":[\"https:\\\/\\\/foliobooks.pl\\\/en\\\/shop\\\/charlotte-salomon-life-or-theatre-a-selection-of-450-gouaches\\\/\"]}]},{\"@type\":\"ImageObject\",\"inLanguage\":\"en-US\",\"@id\":\"https:\\\/\\\/foliobooks.pl\\\/en\\\/shop\\\/charlotte-salomon-life-or-theatre-a-selection-of-450-gouaches\\\/#primaryimage\",\"url\":\"https:\\\/\\\/foliobooks.pl\\\/wp-content\\\/uploads\\\/2017\\\/11\\\/9783836570770.png\",\"contentUrl\":\"https:\\\/\\\/foliobooks.pl\\\/wp-content\\\/uploads\\\/2017\\\/11\\\/9783836570770.png\",\"width\":570,\"height\":708},{\"@type\":\"BreadcrumbList\",\"@id\":\"https:\\\/\\\/foliobooks.pl\\\/en\\\/shop\\\/charlotte-salomon-life-or-theatre-a-selection-of-450-gouaches\\\/#breadcrumb\",\"itemListElement\":[{\"@type\":\"ListItem\",\"position\":1,\"name\":\"Strona g\u0142\u00f3wna\",\"item\":\"https:\\\/\\\/foliobooks.pl\\\/en\\\/\"},{\"@type\":\"ListItem\",\"position\":2,\"name\":\"Shop\",\"item\":\"https:\\\/\\\/foliobooks.pl\\\/en\\\/shop\\\/\"},{\"@type\":\"ListItem\",\"position\":3,\"name\":\"Charlotte Salomon. Life? or Theatre? A Selection of 450 Gouaches\"}]},{\"@type\":\"WebSite\",\"@id\":\"https:\\\/\\\/foliobooks.pl\\\/en\\\/#website\",\"url\":\"https:\\\/\\\/foliobooks.pl\\\/en\\\/\",\"name\":\"Folio\",\"description\":\"Ksi\u0119garnia internetowa\",\"potentialAction\":[{\"@type\":\"SearchAction\",\"target\":{\"@type\":\"EntryPoint\",\"urlTemplate\":\"https:\\\/\\\/foliobooks.pl\\\/en\\\/?s={search_term_string}\"},\"query-input\":{\"@type\":\"PropertyValueSpecification\",\"valueRequired\":true,\"valueName\":\"search_term_string\"}}],\"inLanguage\":\"en-US\"}]}<\/script>\n<!-- \/ Yoast SEO plugin. -->","yoast_head_json":{"title":"Charlotte Salomon. Life? or Theatre? A Selection of 450 Gouaches (C. E. Judith Belinfante, Evelyn Benesch) - book \/ album - Folio","description":"Wejd\u017a i kup ksi\u0105\u017ck\u0119 Charlotte Salomon. Life? or Theatre? A Selection of 450 Gouaches autorstwa C. E. Judith Belinfante, Evelyn Benesch wydan\u0105 przez TASCHEN (2017-11-01) w formacie 17,2 x 24 cm (ISBN: 9783836570770). Zapraszamy!","robots":{"index":"index","follow":"follow","max-snippet":"max-snippet:-1","max-image-preview":"max-image-preview:large","max-video-preview":"max-video-preview:-1"},"canonical":"https:\/\/foliobooks.pl\/en\/shop\/charlotte-salomon-life-or-theatre-a-selection-of-450-gouaches\/","og_locale":"en_US","og_type":"article","og_title":"Charlotte Salomon. Life? or Theatre? A Selection of 450 Gouaches (C. E. Judith Belinfante, Evelyn Benesch) - book \/ album - Folio","og_description":"Wejd\u017a i kup ksi\u0105\u017ck\u0119 Charlotte Salomon. Life? or Theatre? A Selection of 450 Gouaches autorstwa C. E. Judith Belinfante, Evelyn Benesch wydan\u0105 przez TASCHEN (2017-11-01) w formacie 17,2 x 24 cm (ISBN: 9783836570770). Zapraszamy!","og_url":"https:\/\/foliobooks.pl\/en\/shop\/charlotte-salomon-life-or-theatre-a-selection-of-450-gouaches\/","og_site_name":"Folio","article_modified_time":"2021-04-01T09:10:12+00:00","og_image":[{"width":570,"height":708,"url":"https:\/\/foliobooks.pl\/wp-content\/uploads\/2017\/11\/9783836570770.png","type":"image\/png"}],"twitter_card":"summary_large_image","twitter_misc":{"Est. reading time":"1 minute"},"schema":{"@context":"https:\/\/schema.org","@graph":[{"@type":"WebPage","@id":"https:\/\/foliobooks.pl\/en\/shop\/charlotte-salomon-life-or-theatre-a-selection-of-450-gouaches\/","url":"https:\/\/foliobooks.pl\/en\/shop\/charlotte-salomon-life-or-theatre-a-selection-of-450-gouaches\/","name":"Charlotte Salomon. Life? or Theatre? A Selection of 450 Gouaches (C. E. Judith Belinfante, Evelyn Benesch) - book \/ album - Folio","isPartOf":{"@id":"https:\/\/foliobooks.pl\/en\/#website"},"primaryImageOfPage":{"@id":"https:\/\/foliobooks.pl\/en\/shop\/charlotte-salomon-life-or-theatre-a-selection-of-450-gouaches\/#primaryimage"},"image":{"@id":"https:\/\/foliobooks.pl\/en\/shop\/charlotte-salomon-life-or-theatre-a-selection-of-450-gouaches\/#primaryimage"},"thumbnailUrl":"https:\/\/foliobooks.pl\/wp-content\/uploads\/2017\/11\/9783836570770.png","datePublished":"2017-11-20T11:24:29+00:00","dateModified":"2021-04-01T09:10:12+00:00","description":"Wejd\u017a i kup ksi\u0105\u017ck\u0119 Charlotte Salomon. Life? or Theatre? A Selection of 450 Gouaches autorstwa C. E. Judith Belinfante, Evelyn Benesch wydan\u0105 przez TASCHEN (2017-11-01) w formacie 17,2 x 24 cm (ISBN: 9783836570770). Zapraszamy!","breadcrumb":{"@id":"https:\/\/foliobooks.pl\/en\/shop\/charlotte-salomon-life-or-theatre-a-selection-of-450-gouaches\/#breadcrumb"},"inLanguage":"en-US","potentialAction":[{"@type":"ReadAction","target":["https:\/\/foliobooks.pl\/en\/shop\/charlotte-salomon-life-or-theatre-a-selection-of-450-gouaches\/"]}]},{"@type":"ImageObject","inLanguage":"en-US","@id":"https:\/\/foliobooks.pl\/en\/shop\/charlotte-salomon-life-or-theatre-a-selection-of-450-gouaches\/#primaryimage","url":"https:\/\/foliobooks.pl\/wp-content\/uploads\/2017\/11\/9783836570770.png","contentUrl":"https:\/\/foliobooks.pl\/wp-content\/uploads\/2017\/11\/9783836570770.png","width":570,"height":708},{"@type":"BreadcrumbList","@id":"https:\/\/foliobooks.pl\/en\/shop\/charlotte-salomon-life-or-theatre-a-selection-of-450-gouaches\/#breadcrumb","itemListElement":[{"@type":"ListItem","position":1,"name":"Strona g\u0142\u00f3wna","item":"https:\/\/foliobooks.pl\/en\/"},{"@type":"ListItem","position":2,"name":"Shop","item":"https:\/\/foliobooks.pl\/en\/shop\/"},{"@type":"ListItem","position":3,"name":"Charlotte Salomon. Life? or Theatre? A Selection of 450 Gouaches"}]},{"@type":"WebSite","@id":"https:\/\/foliobooks.pl\/en\/#website","url":"https:\/\/foliobooks.pl\/en\/","name":"Folio","description":"Ksi\u0119garnia internetowa","potentialAction":[{"@type":"SearchAction","target":{"@type":"EntryPoint","urlTemplate":"https:\/\/foliobooks.pl\/en\/?s={search_term_string}"},"query-input":{"@type":"PropertyValueSpecification","valueRequired":true,"valueName":"search_term_string"}}],"inLanguage":"en-US"}]}},"_links":{"self":[{"href":"https:\/\/foliobooks.pl\/en\/wp-json\/wp\/v2\/product\/23252","targetHints":{"allow":["GET"]}}],"collection":[{"href":"https:\/\/foliobooks.pl\/en\/wp-json\/wp\/v2\/product"}],"about":[{"href":"https:\/\/foliobooks.pl\/en\/wp-json\/wp\/v2\/types\/product"}],"replies":[{"embeddable":true,"href":"https:\/\/foliobooks.pl\/en\/wp-json\/wp\/v2\/comments?post=23252"}],"wp:featuredmedia":[{"embeddable":true,"href":"https:\/\/foliobooks.pl\/en\/wp-json\/wp\/v2\/media\/23260"}],"wp:attachment":[{"href":"https:\/\/foliobooks.pl\/en\/wp-json\/wp\/v2\/media?parent=23252"}],"wp:term":[{"taxonomy":"product_brand","embeddable":true,"href":"https:\/\/foliobooks.pl\/en\/wp-json\/wp\/v2\/product_brand?post=23252"},{"taxonomy":"product_cat","embeddable":true,"href":"https:\/\/foliobooks.pl\/en\/wp-json\/wp\/v2\/product_cat?post=23252"},{"taxonomy":"product_tag","embeddable":true,"href":"https:\/\/foliobooks.pl\/en\/wp-json\/wp\/v2\/product_tag?post=23252"}],"curies":[{"name":"wp","href":"https:\/\/api.w.org\/{rel}","templated":true}]}}