{"id":23250,"date":"2017-11-20T12:32:10","date_gmt":"2017-11-20T11:32:10","guid":{"rendered":"https:\/\/foliobooks.pl\/?post_type=product&#038;p=23250"},"modified":"2018-02-27T16:52:41","modified_gmt":"2018-02-27T15:52:41","slug":"the-art-and-science-of-ernst-haeckel","status":"publish","type":"product","link":"https:\/\/foliobooks.pl\/en\/shop\/the-art-and-science-of-ernst-haeckel\/","title":{"rendered":"The Art and Science of Ernst Haeckel"},"content":{"rendered":"<p>Discover Ernst Haeckel, the 19th-century artist-biologist who found beauty in even the most unlikely of creatures. This collection features 450 prints from his most important publications, including the majestic <em>Kunstformen der Natur<\/em> and his extensive catalogues of marine life. As biodiversity is ever-more threatened, these exquisite images are a scientific, artistic, and environmental masterwork.<br \/>\nErnst Haeckel (1834\u20131919) was a German-born biologist, naturalist, evolutionist, artist, philosopher, and doctor who spent his life researching flora and fauna from the highest mountaintops to the deepest ocean. A vociferous supporter and developer of Darwin\u2019s theories of evolution, he denounced religious dogma, authored philosophical treatises, gained a doctorate in zoology, and coined scientific terms which have passed into common usage, including ecology, phylum, and stem cell.<br \/>\nAt the heart of Haeckel\u2019s colossal legacy was the motivation not only to discover but also to explain. To do this, he created hundreds of detailed drawings, watercolors, and sketches of his findings which he published in successive volumes, including several marine organism collections and the majestic <em>Kunstformen der Natur<\/em> (<em>Art Forms in Nature<\/em>), which could serve as the cornerstone of Haeckel\u2019s entire life project. Like a meticulous visual encyclopedia of living things, Haeckel\u2019s work was as remarkable for its graphic precision and meticulous shading as for its understanding of organic evolution. From bats to the box jellyfish, lizards to lichen, and spider legs to sea anemones, Haeckel emphasized the essential symmetries and order of nature, and found biological beauty in even the most unlikely of creatures.<br \/>\nIn this book, we celebrate the scientific, artistic, and environmental importance of Haeckel\u2019s work, with a collection of 450 of his finest prints from several of his most important tomes, including <em>Die Radiolarien<\/em>, <em>Monographie der Medusen<\/em>, <em>Die Kalkschw\u00e4mme<\/em>, and <em>Kunstformen der Natur<\/em>. At a time when biodiversity is increasingly threatened by human activities, the book is at once a visual masterwork, an underwater exploration, and a vivid reminder of the precious variety of life.<\/p>\n","protected":false},"excerpt":{"rendered":"<p>Discover Ernst Haeckel, the 19th-century artist-biologist who found beauty in even the most unlikely of creatures. This collection features 450 prints from his most important publications, including the majestic Kunstformen der Natur and his extensive catalogues of marine life. As biodiversity is ever-more threatened, these exquisite images are a scientific, artistic, and environmental masterwork. Ernst&#8230;<\/p>\n","protected":false},"featured_media":23270,"comment_status":"closed","ping_status":"closed","template":"","meta":[],"product_brand":[],"product_cat":[4522,4521],"product_tag":[208,1156,2767,6898,6180,6593,2834,2253,1649,11509,11366,10580,1991,6657,10650,6947],"class_list":{"0":"post-23250","1":"product","2":"type-product","3":"status-publish","4":"has-post-thumbnail","6":"product_cat-art-en","7":"product_cat-silva-rerum-en-en","8":"product_tag-animals-en","9":"product_tag-appliedarts-en","10":"product_tag-art-history","11":"product_tag-creatures","12":"product_tag-drawing","13":"product_tag-evolution","14":"product_tag-flora","15":"product_tag-graphics","16":"product_tag-illustration","17":"product_tag-lithography-en","18":"product_tag-natural-history-en","19":"product_tag-natural-world-en","20":"product_tag-nature","21":"product_tag-print","22":"product_tag-publications-en","23":"product_tag-science-en","24":"pa_author_att-julia-voss-en","25":"pa_author_att-rainer-willmann-en","26":"pa_cover-hardcover","27":"pa_format-285-x-395-cm-en","28":"pa_isbn-9783836526463-en","29":"pa_language-eng-f-ger","30":"pa_pages-704-en","31":"pa_published-2017-11-01-en","32":"pa_publisher-taschen-en-en","34":"first","35":"instock","36":"sold-individually","37":"shipping-taxable","38":"purchasable","39":"product-type-simple"},"yoast_head":"<!-- This site is optimized with the Yoast SEO plugin v27.4 - https:\/\/yoast.com\/product\/yoast-seo-wordpress\/ -->\n<title>The Art and Science of Ernst Haeckel (Julia Voss, Rainer Willmann) - book \/ album - Folio<\/title>\n<meta name=\"description\" content=\"Wejd\u017a i kup ksi\u0105\u017ck\u0119 The Art and Science of Ernst Haeckel autorstwa Julia Voss, Rainer Willmann wydan\u0105 przez TASCHEN (2017-11-01) w formacie 28,5 x 39,5 cm (ISBN: 9783836526463). Zapraszamy!\" \/>\n<meta name=\"robots\" content=\"index, follow, max-snippet:-1, max-image-preview:large, max-video-preview:-1\" \/>\n<link rel=\"canonical\" href=\"https:\/\/foliobooks.pl\/en\/shop\/the-art-and-science-of-ernst-haeckel\/\" \/>\n<meta property=\"og:locale\" content=\"en_US\" \/>\n<meta property=\"og:type\" content=\"article\" \/>\n<meta property=\"og:title\" content=\"The Art and Science of Ernst Haeckel (Julia Voss, Rainer Willmann) - book \/ album - Folio\" \/>\n<meta property=\"og:description\" content=\"Wejd\u017a i kup ksi\u0105\u017ck\u0119 The Art and Science of Ernst Haeckel autorstwa Julia Voss, Rainer Willmann wydan\u0105 przez TASCHEN (2017-11-01) w formacie 28,5 x 39,5 cm (ISBN: 9783836526463). Zapraszamy!\" \/>\n<meta property=\"og:url\" content=\"https:\/\/foliobooks.pl\/en\/shop\/the-art-and-science-of-ernst-haeckel\/\" \/>\n<meta property=\"og:site_name\" content=\"Folio\" \/>\n<meta property=\"article:modified_time\" content=\"2018-02-27T15:52:41+00:00\" \/>\n<meta property=\"og:image\" content=\"https:\/\/foliobooks.pl\/wp-content\/uploads\/2017\/11\/9783836526463.png\" \/>\n\t<meta property=\"og:image:width\" content=\"570\" \/>\n\t<meta property=\"og:image:height\" content=\"708\" \/>\n\t<meta property=\"og:image:type\" content=\"image\/png\" \/>\n<meta name=\"twitter:card\" content=\"summary_large_image\" \/>\n<meta name=\"twitter:label1\" content=\"Est. reading time\" \/>\n\t<meta name=\"twitter:data1\" content=\"2 minutes\" \/>\n<script type=\"application\/ld+json\" class=\"yoast-schema-graph\">{\"@context\":\"https:\\\/\\\/schema.org\",\"@graph\":[{\"@type\":\"WebPage\",\"@id\":\"https:\\\/\\\/foliobooks.pl\\\/en\\\/shop\\\/the-art-and-science-of-ernst-haeckel\\\/\",\"url\":\"https:\\\/\\\/foliobooks.pl\\\/en\\\/shop\\\/the-art-and-science-of-ernst-haeckel\\\/\",\"name\":\"The Art and Science of Ernst Haeckel (Julia Voss, Rainer Willmann) - book \\\/ album - Folio\",\"isPartOf\":{\"@id\":\"https:\\\/\\\/foliobooks.pl\\\/en\\\/#website\"},\"primaryImageOfPage\":{\"@id\":\"https:\\\/\\\/foliobooks.pl\\\/en\\\/shop\\\/the-art-and-science-of-ernst-haeckel\\\/#primaryimage\"},\"image\":{\"@id\":\"https:\\\/\\\/foliobooks.pl\\\/en\\\/shop\\\/the-art-and-science-of-ernst-haeckel\\\/#primaryimage\"},\"thumbnailUrl\":\"https:\\\/\\\/foliobooks.pl\\\/wp-content\\\/uploads\\\/2017\\\/11\\\/9783836526463.png\",\"datePublished\":\"2017-11-20T11:32:10+00:00\",\"dateModified\":\"2018-02-27T15:52:41+00:00\",\"description\":\"Wejd\u017a i kup ksi\u0105\u017ck\u0119 The Art and Science of Ernst Haeckel autorstwa Julia Voss, Rainer Willmann wydan\u0105 przez TASCHEN (2017-11-01) w formacie 28,5 x 39,5 cm (ISBN: 9783836526463). Zapraszamy!\",\"breadcrumb\":{\"@id\":\"https:\\\/\\\/foliobooks.pl\\\/en\\\/shop\\\/the-art-and-science-of-ernst-haeckel\\\/#breadcrumb\"},\"inLanguage\":\"en-US\",\"potentialAction\":[{\"@type\":\"ReadAction\",\"target\":[\"https:\\\/\\\/foliobooks.pl\\\/en\\\/shop\\\/the-art-and-science-of-ernst-haeckel\\\/\"]}]},{\"@type\":\"ImageObject\",\"inLanguage\":\"en-US\",\"@id\":\"https:\\\/\\\/foliobooks.pl\\\/en\\\/shop\\\/the-art-and-science-of-ernst-haeckel\\\/#primaryimage\",\"url\":\"https:\\\/\\\/foliobooks.pl\\\/wp-content\\\/uploads\\\/2017\\\/11\\\/9783836526463.png\",\"contentUrl\":\"https:\\\/\\\/foliobooks.pl\\\/wp-content\\\/uploads\\\/2017\\\/11\\\/9783836526463.png\",\"width\":570,\"height\":708},{\"@type\":\"BreadcrumbList\",\"@id\":\"https:\\\/\\\/foliobooks.pl\\\/en\\\/shop\\\/the-art-and-science-of-ernst-haeckel\\\/#breadcrumb\",\"itemListElement\":[{\"@type\":\"ListItem\",\"position\":1,\"name\":\"Strona g\u0142\u00f3wna\",\"item\":\"https:\\\/\\\/foliobooks.pl\\\/en\\\/\"},{\"@type\":\"ListItem\",\"position\":2,\"name\":\"Shop\",\"item\":\"https:\\\/\\\/foliobooks.pl\\\/en\\\/shop\\\/\"},{\"@type\":\"ListItem\",\"position\":3,\"name\":\"The Art and Science of Ernst Haeckel\"}]},{\"@type\":\"WebSite\",\"@id\":\"https:\\\/\\\/foliobooks.pl\\\/en\\\/#website\",\"url\":\"https:\\\/\\\/foliobooks.pl\\\/en\\\/\",\"name\":\"Folio\",\"description\":\"Ksi\u0119garnia internetowa\",\"potentialAction\":[{\"@type\":\"SearchAction\",\"target\":{\"@type\":\"EntryPoint\",\"urlTemplate\":\"https:\\\/\\\/foliobooks.pl\\\/en\\\/?s={search_term_string}\"},\"query-input\":{\"@type\":\"PropertyValueSpecification\",\"valueRequired\":true,\"valueName\":\"search_term_string\"}}],\"inLanguage\":\"en-US\"}]}<\/script>\n<!-- \/ Yoast SEO plugin. -->","yoast_head_json":{"title":"The Art and Science of Ernst Haeckel (Julia Voss, Rainer Willmann) - book \/ album - Folio","description":"Wejd\u017a i kup ksi\u0105\u017ck\u0119 The Art and Science of Ernst Haeckel autorstwa Julia Voss, Rainer Willmann wydan\u0105 przez TASCHEN (2017-11-01) w formacie 28,5 x 39,5 cm (ISBN: 9783836526463). Zapraszamy!","robots":{"index":"index","follow":"follow","max-snippet":"max-snippet:-1","max-image-preview":"max-image-preview:large","max-video-preview":"max-video-preview:-1"},"canonical":"https:\/\/foliobooks.pl\/en\/shop\/the-art-and-science-of-ernst-haeckel\/","og_locale":"en_US","og_type":"article","og_title":"The Art and Science of Ernst Haeckel (Julia Voss, Rainer Willmann) - book \/ album - Folio","og_description":"Wejd\u017a i kup ksi\u0105\u017ck\u0119 The Art and Science of Ernst Haeckel autorstwa Julia Voss, Rainer Willmann wydan\u0105 przez TASCHEN (2017-11-01) w formacie 28,5 x 39,5 cm (ISBN: 9783836526463). Zapraszamy!","og_url":"https:\/\/foliobooks.pl\/en\/shop\/the-art-and-science-of-ernst-haeckel\/","og_site_name":"Folio","article_modified_time":"2018-02-27T15:52:41+00:00","og_image":[{"width":570,"height":708,"url":"https:\/\/foliobooks.pl\/wp-content\/uploads\/2017\/11\/9783836526463.png","type":"image\/png"}],"twitter_card":"summary_large_image","twitter_misc":{"Est. reading time":"2 minutes"},"schema":{"@context":"https:\/\/schema.org","@graph":[{"@type":"WebPage","@id":"https:\/\/foliobooks.pl\/en\/shop\/the-art-and-science-of-ernst-haeckel\/","url":"https:\/\/foliobooks.pl\/en\/shop\/the-art-and-science-of-ernst-haeckel\/","name":"The Art and Science of Ernst Haeckel (Julia Voss, Rainer Willmann) - book \/ album - Folio","isPartOf":{"@id":"https:\/\/foliobooks.pl\/en\/#website"},"primaryImageOfPage":{"@id":"https:\/\/foliobooks.pl\/en\/shop\/the-art-and-science-of-ernst-haeckel\/#primaryimage"},"image":{"@id":"https:\/\/foliobooks.pl\/en\/shop\/the-art-and-science-of-ernst-haeckel\/#primaryimage"},"thumbnailUrl":"https:\/\/foliobooks.pl\/wp-content\/uploads\/2017\/11\/9783836526463.png","datePublished":"2017-11-20T11:32:10+00:00","dateModified":"2018-02-27T15:52:41+00:00","description":"Wejd\u017a i kup ksi\u0105\u017ck\u0119 The Art and Science of Ernst Haeckel autorstwa Julia Voss, Rainer Willmann wydan\u0105 przez TASCHEN (2017-11-01) w formacie 28,5 x 39,5 cm (ISBN: 9783836526463). Zapraszamy!","breadcrumb":{"@id":"https:\/\/foliobooks.pl\/en\/shop\/the-art-and-science-of-ernst-haeckel\/#breadcrumb"},"inLanguage":"en-US","potentialAction":[{"@type":"ReadAction","target":["https:\/\/foliobooks.pl\/en\/shop\/the-art-and-science-of-ernst-haeckel\/"]}]},{"@type":"ImageObject","inLanguage":"en-US","@id":"https:\/\/foliobooks.pl\/en\/shop\/the-art-and-science-of-ernst-haeckel\/#primaryimage","url":"https:\/\/foliobooks.pl\/wp-content\/uploads\/2017\/11\/9783836526463.png","contentUrl":"https:\/\/foliobooks.pl\/wp-content\/uploads\/2017\/11\/9783836526463.png","width":570,"height":708},{"@type":"BreadcrumbList","@id":"https:\/\/foliobooks.pl\/en\/shop\/the-art-and-science-of-ernst-haeckel\/#breadcrumb","itemListElement":[{"@type":"ListItem","position":1,"name":"Strona g\u0142\u00f3wna","item":"https:\/\/foliobooks.pl\/en\/"},{"@type":"ListItem","position":2,"name":"Shop","item":"https:\/\/foliobooks.pl\/en\/shop\/"},{"@type":"ListItem","position":3,"name":"The Art and Science of Ernst Haeckel"}]},{"@type":"WebSite","@id":"https:\/\/foliobooks.pl\/en\/#website","url":"https:\/\/foliobooks.pl\/en\/","name":"Folio","description":"Ksi\u0119garnia internetowa","potentialAction":[{"@type":"SearchAction","target":{"@type":"EntryPoint","urlTemplate":"https:\/\/foliobooks.pl\/en\/?s={search_term_string}"},"query-input":{"@type":"PropertyValueSpecification","valueRequired":true,"valueName":"search_term_string"}}],"inLanguage":"en-US"}]}},"_links":{"self":[{"href":"https:\/\/foliobooks.pl\/en\/wp-json\/wp\/v2\/product\/23250","targetHints":{"allow":["GET"]}}],"collection":[{"href":"https:\/\/foliobooks.pl\/en\/wp-json\/wp\/v2\/product"}],"about":[{"href":"https:\/\/foliobooks.pl\/en\/wp-json\/wp\/v2\/types\/product"}],"replies":[{"embeddable":true,"href":"https:\/\/foliobooks.pl\/en\/wp-json\/wp\/v2\/comments?post=23250"}],"wp:featuredmedia":[{"embeddable":true,"href":"https:\/\/foliobooks.pl\/en\/wp-json\/wp\/v2\/media\/23270"}],"wp:attachment":[{"href":"https:\/\/foliobooks.pl\/en\/wp-json\/wp\/v2\/media?parent=23250"}],"wp:term":[{"taxonomy":"product_brand","embeddable":true,"href":"https:\/\/foliobooks.pl\/en\/wp-json\/wp\/v2\/product_brand?post=23250"},{"taxonomy":"product_cat","embeddable":true,"href":"https:\/\/foliobooks.pl\/en\/wp-json\/wp\/v2\/product_cat?post=23250"},{"taxonomy":"product_tag","embeddable":true,"href":"https:\/\/foliobooks.pl\/en\/wp-json\/wp\/v2\/product_tag?post=23250"}],"curies":[{"name":"wp","href":"https:\/\/api.w.org\/{rel}","templated":true}]}}