{"id":23246,"date":"2017-11-20T12:44:48","date_gmt":"2017-11-20T11:44:48","guid":{"rendered":"https:\/\/foliobooks.pl\/?post_type=product&#038;p=23246"},"modified":"2020-01-10T11:53:59","modified_gmt":"2020-01-10T10:53:59","slug":"movies-of-the-70s","status":"publish","type":"product","link":"https:\/\/foliobooks.pl\/en\/shop\/movies-of-the-70s\/","title":{"rendered":"Movies of the 70s"},"content":{"rendered":"<p>For many film lovers, the 1970s represent a high-water mark in creativity, a golden age of individualist directors making their marks. In this book you\u2019ll find a host of key movies of the era that saw a flowering of creativity and the arrival of the blockbuster with the likes of <em>Jaws<\/em> and <em>Star Wars<\/em>.<br \/>\nThe 1970s: that magical era betwixt the swinging \u201960s and the decadent \u201980s, the epoch of leisure suits and Afros, the age of disco music and platform shoes. As war raged on in Vietnam and the Cold War continued to escalate, Hollywood began to heat up, recovering from its commercial crisis with box-office successes such as <em>Star Wars<\/em>, <em>Jaws<\/em>, <em>The Exorcist<\/em>, and <em>The Godfather<\/em>. Thanks to directors like Spielberg and Lucas, American cinema gave birth to a new phenomenon: the blockbuster.<br \/>\nMeanwhile, across the Atlantic, while the Nouvelle Vague died out in France, its influence extended to Germany, where the New German Cinema of Fassbinder, Wenders, and Herzog had its heyday. The sexual revolution made its way to the silver screen (cautiously in the U.S., more freely in Europe) most notably in Bertolucci\u2019s steamy, scandalous <em>Last Tango in Paris<\/em>. Amid all this came a wave of nostalgic films (<em>The Sting<\/em>, <em>American Graffiti<\/em>) and Vietnam pictures (<em>Apocalypse Now<\/em>, <em>The Deer Hunter<\/em>), the rise of the antihero (Robert De Niro, Al Pacino, Dustin Hoffman), and the prestigious short-lived genre, blaxploitation.<\/p>\n","protected":false},"excerpt":{"rendered":"<p>For many film lovers, the 1970s represent a high-water mark in creativity, a golden age of individualist directors making their marks. In this book you\u2019ll find a host of key movies of the era that saw a flowering of creativity and the arrival of the blockbuster with the likes of Jaws and Star Wars. The&#8230;<\/p>\n","protected":false},"featured_media":23291,"comment_status":"closed","ping_status":"closed","template":"","meta":[],"product_brand":[],"product_cat":[4522],"product_tag":[6308,1273,6339,1676,6121],"class_list":{"0":"post-23246","1":"product","2":"type-product","3":"status-publish","4":"has-post-thumbnail","6":"product_cat-art-en","7":"product_tag-actors","8":"product_tag-cinema-en","9":"product_tag-film-directors-en","10":"product_tag-movie-stars","11":"product_tag-photography","12":"pa_author_att-jurgen-muller-en","13":"pa_cover-hardcover","14":"pa_format-14-x-195-cm-en","15":"pa_isbn-9783836561167-en","16":"pa_language-eng","17":"pa_pages-808-en","18":"pa_published-2017-10-25-en","19":"pa_publisher-taschen-en-en","21":"first","22":"outofstock","23":"sold-individually","24":"shipping-taxable","25":"purchasable","26":"product-type-simple"},"yoast_head":"<!-- This site is optimized with the Yoast SEO plugin v27.4 - https:\/\/yoast.com\/product\/yoast-seo-wordpress\/ -->\n<title>Movies of the 70s (J\u00fcrgen M\u00fcller) - book \/ album - Folio<\/title>\n<meta name=\"description\" content=\"Wejd\u017a i kup ksi\u0105\u017ck\u0119 Movies of the 70s autorstwa J\u00fcrgen M\u00fcller wydan\u0105 przez TASCHEN (2017-10-25) w formacie 14 x 19,5 cm (ISBN: 9783836561167). Zapraszamy!\" \/>\n<meta name=\"robots\" content=\"index, follow, max-snippet:-1, max-image-preview:large, max-video-preview:-1\" \/>\n<link rel=\"canonical\" href=\"https:\/\/foliobooks.pl\/en\/shop\/movies-of-the-70s\/\" \/>\n<meta property=\"og:locale\" content=\"en_US\" \/>\n<meta property=\"og:type\" content=\"article\" \/>\n<meta property=\"og:title\" content=\"Movies of the 70s (J\u00fcrgen M\u00fcller) - book \/ album - Folio\" \/>\n<meta property=\"og:description\" content=\"Wejd\u017a i kup ksi\u0105\u017ck\u0119 Movies of the 70s autorstwa J\u00fcrgen M\u00fcller wydan\u0105 przez TASCHEN (2017-10-25) w formacie 14 x 19,5 cm (ISBN: 9783836561167). Zapraszamy!\" \/>\n<meta property=\"og:url\" content=\"https:\/\/foliobooks.pl\/en\/shop\/movies-of-the-70s\/\" \/>\n<meta property=\"og:site_name\" content=\"Folio\" \/>\n<meta property=\"article:modified_time\" content=\"2020-01-10T10:53:59+00:00\" \/>\n<meta property=\"og:image\" content=\"https:\/\/foliobooks.pl\/wp-content\/uploads\/2017\/11\/9783836561167.png\" \/>\n\t<meta property=\"og:image:width\" content=\"570\" \/>\n\t<meta property=\"og:image:height\" content=\"708\" \/>\n\t<meta property=\"og:image:type\" content=\"image\/png\" \/>\n<meta name=\"twitter:card\" content=\"summary_large_image\" \/>\n<meta name=\"twitter:label1\" content=\"Est. reading time\" \/>\n\t<meta name=\"twitter:data1\" content=\"1 minute\" \/>\n<script type=\"application\/ld+json\" class=\"yoast-schema-graph\">{\"@context\":\"https:\\\/\\\/schema.org\",\"@graph\":[{\"@type\":\"WebPage\",\"@id\":\"https:\\\/\\\/foliobooks.pl\\\/en\\\/shop\\\/movies-of-the-70s\\\/\",\"url\":\"https:\\\/\\\/foliobooks.pl\\\/en\\\/shop\\\/movies-of-the-70s\\\/\",\"name\":\"Movies of the 70s (J\u00fcrgen M\u00fcller) - book \\\/ album - Folio\",\"isPartOf\":{\"@id\":\"https:\\\/\\\/foliobooks.pl\\\/en\\\/#website\"},\"primaryImageOfPage\":{\"@id\":\"https:\\\/\\\/foliobooks.pl\\\/en\\\/shop\\\/movies-of-the-70s\\\/#primaryimage\"},\"image\":{\"@id\":\"https:\\\/\\\/foliobooks.pl\\\/en\\\/shop\\\/movies-of-the-70s\\\/#primaryimage\"},\"thumbnailUrl\":\"https:\\\/\\\/foliobooks.pl\\\/wp-content\\\/uploads\\\/2017\\\/11\\\/9783836561167.png\",\"datePublished\":\"2017-11-20T11:44:48+00:00\",\"dateModified\":\"2020-01-10T10:53:59+00:00\",\"description\":\"Wejd\u017a i kup ksi\u0105\u017ck\u0119 Movies of the 70s autorstwa J\u00fcrgen M\u00fcller wydan\u0105 przez TASCHEN (2017-10-25) w formacie 14 x 19,5 cm (ISBN: 9783836561167). Zapraszamy!\",\"breadcrumb\":{\"@id\":\"https:\\\/\\\/foliobooks.pl\\\/en\\\/shop\\\/movies-of-the-70s\\\/#breadcrumb\"},\"inLanguage\":\"en-US\",\"potentialAction\":[{\"@type\":\"ReadAction\",\"target\":[\"https:\\\/\\\/foliobooks.pl\\\/en\\\/shop\\\/movies-of-the-70s\\\/\"]}]},{\"@type\":\"ImageObject\",\"inLanguage\":\"en-US\",\"@id\":\"https:\\\/\\\/foliobooks.pl\\\/en\\\/shop\\\/movies-of-the-70s\\\/#primaryimage\",\"url\":\"https:\\\/\\\/foliobooks.pl\\\/wp-content\\\/uploads\\\/2017\\\/11\\\/9783836561167.png\",\"contentUrl\":\"https:\\\/\\\/foliobooks.pl\\\/wp-content\\\/uploads\\\/2017\\\/11\\\/9783836561167.png\",\"width\":570,\"height\":708},{\"@type\":\"BreadcrumbList\",\"@id\":\"https:\\\/\\\/foliobooks.pl\\\/en\\\/shop\\\/movies-of-the-70s\\\/#breadcrumb\",\"itemListElement\":[{\"@type\":\"ListItem\",\"position\":1,\"name\":\"Strona g\u0142\u00f3wna\",\"item\":\"https:\\\/\\\/foliobooks.pl\\\/en\\\/\"},{\"@type\":\"ListItem\",\"position\":2,\"name\":\"Shop\",\"item\":\"https:\\\/\\\/foliobooks.pl\\\/en\\\/shop\\\/\"},{\"@type\":\"ListItem\",\"position\":3,\"name\":\"Movies of the 70s\"}]},{\"@type\":\"WebSite\",\"@id\":\"https:\\\/\\\/foliobooks.pl\\\/en\\\/#website\",\"url\":\"https:\\\/\\\/foliobooks.pl\\\/en\\\/\",\"name\":\"Folio\",\"description\":\"Ksi\u0119garnia internetowa\",\"potentialAction\":[{\"@type\":\"SearchAction\",\"target\":{\"@type\":\"EntryPoint\",\"urlTemplate\":\"https:\\\/\\\/foliobooks.pl\\\/en\\\/?s={search_term_string}\"},\"query-input\":{\"@type\":\"PropertyValueSpecification\",\"valueRequired\":true,\"valueName\":\"search_term_string\"}}],\"inLanguage\":\"en-US\"}]}<\/script>\n<!-- \/ Yoast SEO plugin. -->","yoast_head_json":{"title":"Movies of the 70s (J\u00fcrgen M\u00fcller) - book \/ album - Folio","description":"Wejd\u017a i kup ksi\u0105\u017ck\u0119 Movies of the 70s autorstwa J\u00fcrgen M\u00fcller wydan\u0105 przez TASCHEN (2017-10-25) w formacie 14 x 19,5 cm (ISBN: 9783836561167). Zapraszamy!","robots":{"index":"index","follow":"follow","max-snippet":"max-snippet:-1","max-image-preview":"max-image-preview:large","max-video-preview":"max-video-preview:-1"},"canonical":"https:\/\/foliobooks.pl\/en\/shop\/movies-of-the-70s\/","og_locale":"en_US","og_type":"article","og_title":"Movies of the 70s (J\u00fcrgen M\u00fcller) - book \/ album - Folio","og_description":"Wejd\u017a i kup ksi\u0105\u017ck\u0119 Movies of the 70s autorstwa J\u00fcrgen M\u00fcller wydan\u0105 przez TASCHEN (2017-10-25) w formacie 14 x 19,5 cm (ISBN: 9783836561167). Zapraszamy!","og_url":"https:\/\/foliobooks.pl\/en\/shop\/movies-of-the-70s\/","og_site_name":"Folio","article_modified_time":"2020-01-10T10:53:59+00:00","og_image":[{"width":570,"height":708,"url":"https:\/\/foliobooks.pl\/wp-content\/uploads\/2017\/11\/9783836561167.png","type":"image\/png"}],"twitter_card":"summary_large_image","twitter_misc":{"Est. reading time":"1 minute"},"schema":{"@context":"https:\/\/schema.org","@graph":[{"@type":"WebPage","@id":"https:\/\/foliobooks.pl\/en\/shop\/movies-of-the-70s\/","url":"https:\/\/foliobooks.pl\/en\/shop\/movies-of-the-70s\/","name":"Movies of the 70s (J\u00fcrgen M\u00fcller) - book \/ album - Folio","isPartOf":{"@id":"https:\/\/foliobooks.pl\/en\/#website"},"primaryImageOfPage":{"@id":"https:\/\/foliobooks.pl\/en\/shop\/movies-of-the-70s\/#primaryimage"},"image":{"@id":"https:\/\/foliobooks.pl\/en\/shop\/movies-of-the-70s\/#primaryimage"},"thumbnailUrl":"https:\/\/foliobooks.pl\/wp-content\/uploads\/2017\/11\/9783836561167.png","datePublished":"2017-11-20T11:44:48+00:00","dateModified":"2020-01-10T10:53:59+00:00","description":"Wejd\u017a i kup ksi\u0105\u017ck\u0119 Movies of the 70s autorstwa J\u00fcrgen M\u00fcller wydan\u0105 przez TASCHEN (2017-10-25) w formacie 14 x 19,5 cm (ISBN: 9783836561167). Zapraszamy!","breadcrumb":{"@id":"https:\/\/foliobooks.pl\/en\/shop\/movies-of-the-70s\/#breadcrumb"},"inLanguage":"en-US","potentialAction":[{"@type":"ReadAction","target":["https:\/\/foliobooks.pl\/en\/shop\/movies-of-the-70s\/"]}]},{"@type":"ImageObject","inLanguage":"en-US","@id":"https:\/\/foliobooks.pl\/en\/shop\/movies-of-the-70s\/#primaryimage","url":"https:\/\/foliobooks.pl\/wp-content\/uploads\/2017\/11\/9783836561167.png","contentUrl":"https:\/\/foliobooks.pl\/wp-content\/uploads\/2017\/11\/9783836561167.png","width":570,"height":708},{"@type":"BreadcrumbList","@id":"https:\/\/foliobooks.pl\/en\/shop\/movies-of-the-70s\/#breadcrumb","itemListElement":[{"@type":"ListItem","position":1,"name":"Strona g\u0142\u00f3wna","item":"https:\/\/foliobooks.pl\/en\/"},{"@type":"ListItem","position":2,"name":"Shop","item":"https:\/\/foliobooks.pl\/en\/shop\/"},{"@type":"ListItem","position":3,"name":"Movies of the 70s"}]},{"@type":"WebSite","@id":"https:\/\/foliobooks.pl\/en\/#website","url":"https:\/\/foliobooks.pl\/en\/","name":"Folio","description":"Ksi\u0119garnia internetowa","potentialAction":[{"@type":"SearchAction","target":{"@type":"EntryPoint","urlTemplate":"https:\/\/foliobooks.pl\/en\/?s={search_term_string}"},"query-input":{"@type":"PropertyValueSpecification","valueRequired":true,"valueName":"search_term_string"}}],"inLanguage":"en-US"}]}},"_links":{"self":[{"href":"https:\/\/foliobooks.pl\/en\/wp-json\/wp\/v2\/product\/23246","targetHints":{"allow":["GET"]}}],"collection":[{"href":"https:\/\/foliobooks.pl\/en\/wp-json\/wp\/v2\/product"}],"about":[{"href":"https:\/\/foliobooks.pl\/en\/wp-json\/wp\/v2\/types\/product"}],"replies":[{"embeddable":true,"href":"https:\/\/foliobooks.pl\/en\/wp-json\/wp\/v2\/comments?post=23246"}],"wp:featuredmedia":[{"embeddable":true,"href":"https:\/\/foliobooks.pl\/en\/wp-json\/wp\/v2\/media\/23291"}],"wp:attachment":[{"href":"https:\/\/foliobooks.pl\/en\/wp-json\/wp\/v2\/media?parent=23246"}],"wp:term":[{"taxonomy":"product_brand","embeddable":true,"href":"https:\/\/foliobooks.pl\/en\/wp-json\/wp\/v2\/product_brand?post=23246"},{"taxonomy":"product_cat","embeddable":true,"href":"https:\/\/foliobooks.pl\/en\/wp-json\/wp\/v2\/product_cat?post=23246"},{"taxonomy":"product_tag","embeddable":true,"href":"https:\/\/foliobooks.pl\/en\/wp-json\/wp\/v2\/product_tag?post=23246"}],"curies":[{"name":"wp","href":"https:\/\/api.w.org\/{rel}","templated":true}]}}