{"id":23186,"date":"2017-11-13T14:27:33","date_gmt":"2017-11-13T13:27:33","guid":{"rendered":"https:\/\/foliobooks.pl\/sklep\/the-little-book-of-spider-man\/"},"modified":"2018-10-25T15:08:18","modified_gmt":"2018-10-25T13:08:18","slug":"the-little-book-of-spider-man","status":"publish","type":"product","link":"https:\/\/foliobooks.pl\/en\/shop\/the-little-book-of-spider-man\/","title":{"rendered":"The Little Book of Spider-Man"},"content":{"rendered":"<p>Since his debut in Amazing Fantasy No. 15 in August 1962, Spider-Man has been a hero to millions. Peter Parker was an ordinary teen who received powers from a radioactive spider, and failed to stop the man who would murder his uncle. This led him on a singular quest to take on the mantle of Spider-Man and rid New York City of the bad guys, and we\u2019ve been rooting for him ever since. For more than 50 years he\u2019s been a star of comic books, television, movies, and Broadway, and now, with 192 pages of images with text by Roy Thomas, The Little Book of Spider-Man is your authoritative guide to the everyman super hero!<\/p>\n","protected":false},"excerpt":{"rendered":"<p>Since his debut in Amazing Fantasy No. 15 in August 1962, Spider-Man has been a hero to millions. Peter Parker was an ordinary teen who received powers from a radioactive spider, and failed to stop the man who would murder his uncle. This led him on a singular quest to take on the mantle of&#8230;<\/p>\n","protected":false},"featured_media":23177,"comment_status":"closed","ping_status":"closed","template":"","meta":[],"product_brand":[],"product_cat":[4522,4523,4525],"product_tag":[1685,2253,1649],"class_list":{"0":"post-23186","1":"product","2":"type-product","3":"status-publish","4":"has-post-thumbnail","6":"product_cat-art-en","7":"product_cat-design-en-en","8":"product_cat-graphic-design","9":"product_tag-comic","10":"product_tag-graphics","11":"product_tag-illustration","12":"pa_author_att-roy-thomas-en","13":"pa_cover-softcover","14":"pa_format-119-x-166-cm-en","15":"pa_isbn-9783836567817-en","16":"pa_language-eng-f-ger","17":"pa_pages-192-en","18":"pa_published-2017-12-05-en","19":"pa_publisher-taschen-en-en","21":"first","22":"outofstock","23":"sold-individually","24":"shipping-taxable","25":"purchasable","26":"product-type-simple"},"yoast_head":"<!-- This site is optimized with the Yoast SEO plugin v27.4 - https:\/\/yoast.com\/product\/yoast-seo-wordpress\/ -->\n<title>The Little Book of Spider-Man (Roy Thomas) - book \/ album - Folio<\/title>\n<meta name=\"description\" content=\"Wejd\u017a i kup ksi\u0105\u017ck\u0119 The Little Book of Spider-Man autorstwa Roy Thomas wydan\u0105 przez TASCHEN (2017-12-05) w formacie 11,9 x 16,6 cm (ISBN: 9783836567817). Zapraszamy!\" \/>\n<meta name=\"robots\" content=\"index, follow, max-snippet:-1, max-image-preview:large, max-video-preview:-1\" \/>\n<link rel=\"canonical\" href=\"https:\/\/foliobooks.pl\/en\/shop\/the-little-book-of-spider-man\/\" \/>\n<meta property=\"og:locale\" content=\"en_US\" \/>\n<meta property=\"og:type\" content=\"article\" \/>\n<meta property=\"og:title\" content=\"The Little Book of Spider-Man (Roy Thomas) - book \/ album - Folio\" \/>\n<meta property=\"og:description\" content=\"Wejd\u017a i kup ksi\u0105\u017ck\u0119 The Little Book of Spider-Man autorstwa Roy Thomas wydan\u0105 przez TASCHEN (2017-12-05) w formacie 11,9 x 16,6 cm (ISBN: 9783836567817). Zapraszamy!\" \/>\n<meta property=\"og:url\" content=\"https:\/\/foliobooks.pl\/en\/shop\/the-little-book-of-spider-man\/\" \/>\n<meta property=\"og:site_name\" content=\"Folio\" \/>\n<meta property=\"article:modified_time\" content=\"2018-10-25T13:08:18+00:00\" \/>\n<meta property=\"og:image\" content=\"https:\/\/foliobooks.pl\/wp-content\/uploads\/2017\/11\/9783836567817.png\" \/>\n\t<meta property=\"og:image:width\" content=\"570\" \/>\n\t<meta property=\"og:image:height\" content=\"708\" \/>\n\t<meta property=\"og:image:type\" content=\"image\/png\" \/>\n<meta name=\"twitter:card\" content=\"summary_large_image\" \/>\n<meta name=\"twitter:label1\" content=\"Est. reading time\" \/>\n\t<meta name=\"twitter:data1\" content=\"1 minute\" \/>\n<script type=\"application\/ld+json\" class=\"yoast-schema-graph\">{\"@context\":\"https:\\\/\\\/schema.org\",\"@graph\":[{\"@type\":\"WebPage\",\"@id\":\"https:\\\/\\\/foliobooks.pl\\\/en\\\/shop\\\/the-little-book-of-spider-man\\\/\",\"url\":\"https:\\\/\\\/foliobooks.pl\\\/en\\\/shop\\\/the-little-book-of-spider-man\\\/\",\"name\":\"The Little Book of Spider-Man (Roy Thomas) - book \\\/ album - Folio\",\"isPartOf\":{\"@id\":\"https:\\\/\\\/foliobooks.pl\\\/en\\\/#website\"},\"primaryImageOfPage\":{\"@id\":\"https:\\\/\\\/foliobooks.pl\\\/en\\\/shop\\\/the-little-book-of-spider-man\\\/#primaryimage\"},\"image\":{\"@id\":\"https:\\\/\\\/foliobooks.pl\\\/en\\\/shop\\\/the-little-book-of-spider-man\\\/#primaryimage\"},\"thumbnailUrl\":\"https:\\\/\\\/foliobooks.pl\\\/wp-content\\\/uploads\\\/2017\\\/11\\\/9783836567817.png\",\"datePublished\":\"2017-11-13T13:27:33+00:00\",\"dateModified\":\"2018-10-25T13:08:18+00:00\",\"description\":\"Wejd\u017a i kup ksi\u0105\u017ck\u0119 The Little Book of Spider-Man autorstwa Roy Thomas wydan\u0105 przez TASCHEN (2017-12-05) w formacie 11,9 x 16,6 cm (ISBN: 9783836567817). Zapraszamy!\",\"breadcrumb\":{\"@id\":\"https:\\\/\\\/foliobooks.pl\\\/en\\\/shop\\\/the-little-book-of-spider-man\\\/#breadcrumb\"},\"inLanguage\":\"en-US\",\"potentialAction\":[{\"@type\":\"ReadAction\",\"target\":[\"https:\\\/\\\/foliobooks.pl\\\/en\\\/shop\\\/the-little-book-of-spider-man\\\/\"]}]},{\"@type\":\"ImageObject\",\"inLanguage\":\"en-US\",\"@id\":\"https:\\\/\\\/foliobooks.pl\\\/en\\\/shop\\\/the-little-book-of-spider-man\\\/#primaryimage\",\"url\":\"https:\\\/\\\/foliobooks.pl\\\/wp-content\\\/uploads\\\/2017\\\/11\\\/9783836567817.png\",\"contentUrl\":\"https:\\\/\\\/foliobooks.pl\\\/wp-content\\\/uploads\\\/2017\\\/11\\\/9783836567817.png\",\"width\":570,\"height\":708},{\"@type\":\"BreadcrumbList\",\"@id\":\"https:\\\/\\\/foliobooks.pl\\\/en\\\/shop\\\/the-little-book-of-spider-man\\\/#breadcrumb\",\"itemListElement\":[{\"@type\":\"ListItem\",\"position\":1,\"name\":\"Strona g\u0142\u00f3wna\",\"item\":\"https:\\\/\\\/foliobooks.pl\\\/en\\\/\"},{\"@type\":\"ListItem\",\"position\":2,\"name\":\"Shop\",\"item\":\"https:\\\/\\\/foliobooks.pl\\\/en\\\/shop\\\/\"},{\"@type\":\"ListItem\",\"position\":3,\"name\":\"The Little Book of Spider-Man\"}]},{\"@type\":\"WebSite\",\"@id\":\"https:\\\/\\\/foliobooks.pl\\\/en\\\/#website\",\"url\":\"https:\\\/\\\/foliobooks.pl\\\/en\\\/\",\"name\":\"Folio\",\"description\":\"Ksi\u0119garnia internetowa\",\"potentialAction\":[{\"@type\":\"SearchAction\",\"target\":{\"@type\":\"EntryPoint\",\"urlTemplate\":\"https:\\\/\\\/foliobooks.pl\\\/en\\\/?s={search_term_string}\"},\"query-input\":{\"@type\":\"PropertyValueSpecification\",\"valueRequired\":true,\"valueName\":\"search_term_string\"}}],\"inLanguage\":\"en-US\"}]}<\/script>\n<!-- \/ Yoast SEO plugin. -->","yoast_head_json":{"title":"The Little Book of Spider-Man (Roy Thomas) - book \/ album - Folio","description":"Wejd\u017a i kup ksi\u0105\u017ck\u0119 The Little Book of Spider-Man autorstwa Roy Thomas wydan\u0105 przez TASCHEN (2017-12-05) w formacie 11,9 x 16,6 cm (ISBN: 9783836567817). Zapraszamy!","robots":{"index":"index","follow":"follow","max-snippet":"max-snippet:-1","max-image-preview":"max-image-preview:large","max-video-preview":"max-video-preview:-1"},"canonical":"https:\/\/foliobooks.pl\/en\/shop\/the-little-book-of-spider-man\/","og_locale":"en_US","og_type":"article","og_title":"The Little Book of Spider-Man (Roy Thomas) - book \/ album - Folio","og_description":"Wejd\u017a i kup ksi\u0105\u017ck\u0119 The Little Book of Spider-Man autorstwa Roy Thomas wydan\u0105 przez TASCHEN (2017-12-05) w formacie 11,9 x 16,6 cm (ISBN: 9783836567817). Zapraszamy!","og_url":"https:\/\/foliobooks.pl\/en\/shop\/the-little-book-of-spider-man\/","og_site_name":"Folio","article_modified_time":"2018-10-25T13:08:18+00:00","og_image":[{"width":570,"height":708,"url":"https:\/\/foliobooks.pl\/wp-content\/uploads\/2017\/11\/9783836567817.png","type":"image\/png"}],"twitter_card":"summary_large_image","twitter_misc":{"Est. reading time":"1 minute"},"schema":{"@context":"https:\/\/schema.org","@graph":[{"@type":"WebPage","@id":"https:\/\/foliobooks.pl\/en\/shop\/the-little-book-of-spider-man\/","url":"https:\/\/foliobooks.pl\/en\/shop\/the-little-book-of-spider-man\/","name":"The Little Book of Spider-Man (Roy Thomas) - book \/ album - Folio","isPartOf":{"@id":"https:\/\/foliobooks.pl\/en\/#website"},"primaryImageOfPage":{"@id":"https:\/\/foliobooks.pl\/en\/shop\/the-little-book-of-spider-man\/#primaryimage"},"image":{"@id":"https:\/\/foliobooks.pl\/en\/shop\/the-little-book-of-spider-man\/#primaryimage"},"thumbnailUrl":"https:\/\/foliobooks.pl\/wp-content\/uploads\/2017\/11\/9783836567817.png","datePublished":"2017-11-13T13:27:33+00:00","dateModified":"2018-10-25T13:08:18+00:00","description":"Wejd\u017a i kup ksi\u0105\u017ck\u0119 The Little Book of Spider-Man autorstwa Roy Thomas wydan\u0105 przez TASCHEN (2017-12-05) w formacie 11,9 x 16,6 cm (ISBN: 9783836567817). Zapraszamy!","breadcrumb":{"@id":"https:\/\/foliobooks.pl\/en\/shop\/the-little-book-of-spider-man\/#breadcrumb"},"inLanguage":"en-US","potentialAction":[{"@type":"ReadAction","target":["https:\/\/foliobooks.pl\/en\/shop\/the-little-book-of-spider-man\/"]}]},{"@type":"ImageObject","inLanguage":"en-US","@id":"https:\/\/foliobooks.pl\/en\/shop\/the-little-book-of-spider-man\/#primaryimage","url":"https:\/\/foliobooks.pl\/wp-content\/uploads\/2017\/11\/9783836567817.png","contentUrl":"https:\/\/foliobooks.pl\/wp-content\/uploads\/2017\/11\/9783836567817.png","width":570,"height":708},{"@type":"BreadcrumbList","@id":"https:\/\/foliobooks.pl\/en\/shop\/the-little-book-of-spider-man\/#breadcrumb","itemListElement":[{"@type":"ListItem","position":1,"name":"Strona g\u0142\u00f3wna","item":"https:\/\/foliobooks.pl\/en\/"},{"@type":"ListItem","position":2,"name":"Shop","item":"https:\/\/foliobooks.pl\/en\/shop\/"},{"@type":"ListItem","position":3,"name":"The Little Book of Spider-Man"}]},{"@type":"WebSite","@id":"https:\/\/foliobooks.pl\/en\/#website","url":"https:\/\/foliobooks.pl\/en\/","name":"Folio","description":"Ksi\u0119garnia internetowa","potentialAction":[{"@type":"SearchAction","target":{"@type":"EntryPoint","urlTemplate":"https:\/\/foliobooks.pl\/en\/?s={search_term_string}"},"query-input":{"@type":"PropertyValueSpecification","valueRequired":true,"valueName":"search_term_string"}}],"inLanguage":"en-US"}]}},"_links":{"self":[{"href":"https:\/\/foliobooks.pl\/en\/wp-json\/wp\/v2\/product\/23186","targetHints":{"allow":["GET"]}}],"collection":[{"href":"https:\/\/foliobooks.pl\/en\/wp-json\/wp\/v2\/product"}],"about":[{"href":"https:\/\/foliobooks.pl\/en\/wp-json\/wp\/v2\/types\/product"}],"replies":[{"embeddable":true,"href":"https:\/\/foliobooks.pl\/en\/wp-json\/wp\/v2\/comments?post=23186"}],"wp:featuredmedia":[{"embeddable":true,"href":"https:\/\/foliobooks.pl\/en\/wp-json\/wp\/v2\/media\/23177"}],"wp:attachment":[{"href":"https:\/\/foliobooks.pl\/en\/wp-json\/wp\/v2\/media?parent=23186"}],"wp:term":[{"taxonomy":"product_brand","embeddable":true,"href":"https:\/\/foliobooks.pl\/en\/wp-json\/wp\/v2\/product_brand?post=23186"},{"taxonomy":"product_cat","embeddable":true,"href":"https:\/\/foliobooks.pl\/en\/wp-json\/wp\/v2\/product_cat?post=23186"},{"taxonomy":"product_tag","embeddable":true,"href":"https:\/\/foliobooks.pl\/en\/wp-json\/wp\/v2\/product_tag?post=23186"}],"curies":[{"name":"wp","href":"https:\/\/api.w.org\/{rel}","templated":true}]}}