{"id":23103,"date":"2017-11-13T13:41:50","date_gmt":"2017-11-13T12:41:50","guid":{"rendered":"https:\/\/foliobooks.pl\/sklep\/bettina-rheims-3\/"},"modified":"2018-01-31T12:08:48","modified_gmt":"2018-01-31T11:08:48","slug":"bettina-rheims-3","status":"publish","type":"product","link":"https:\/\/foliobooks.pl\/en\/shop\/bettina-rheims-3\/","title":{"rendered":"Bettina Rheims"},"content":{"rendered":"<p>Since her first photographs in the late \u201970s, Bettina Rheims has defied the predictable. From her series on Pigalle strippers (1980) to her cycle on the life of Jesus in <em>I.N.R.I.<\/em> (1998), from Chanel commercials to <em>Gender Studies<\/em> (2011), her work has shaken up traditional iconography and pushed restlessly at the breaking point between two great human preoccupations: beauty and imperfection.<\/p>\n<p>This Rheims retrospective showcases more than 300 photographs from 35 years of daring, often defiant photography. Personally selected and assembled by Rheims, the collection brings together renowned series such as <em>Chambre Close<\/em>, <em>H\u00e9ro\u00efnes<\/em>, and <em>Rose, c\u2019est Paris<\/em>. Spanning commercial work and artistic series, the retrospective impresses with each turn of the page, as much for the strength of each image as for the thrilling variety of Rheims\u2019s subjects and aesthetics. With equal attention to anonymous subjects cast in the street as to global celebrities including Kate Moss, Madonna, Monica Bellucci, Claudia Schiffer, and Naomi Campbell, the book showcases Rheims\u2019s particular interest in female fragility and strength, and of the magic encounter between model and artist which disrupts codes of so-called eroticism to build up a new image system for womanhood.<\/p>\n","protected":false},"excerpt":{"rendered":"<p>Since her first photographs in the late \u201970s, Bettina Rheims has defied the predictable. From her series on Pigalle strippers (1980) to her cycle on the life of Jesus in I.N.R.I. (1998), from Chanel commercials to Gender Studies (2011), her work has shaken up traditional iconography and pushed restlessly at the breaking point between two&#8230;<\/p>\n","protected":false},"featured_media":23094,"comment_status":"closed","ping_status":"closed","template":"","meta":[],"product_brand":[],"product_cat":[4517],"product_tag":[1647,1710,154,6632,6121,1066,151],"class_list":{"0":"post-23103","1":"product","2":"type-product","3":"status-publish","4":"has-post-thumbnail","6":"product_cat-photography-en","7":"product_tag-erotica","8":"product_tag-models","9":"product_tag-monographs","10":"product_tag-photographers","11":"product_tag-photography","12":"product_tag-portraits-en","13":"product_tag-women","14":"pa_author_att-bettina-rheims-en","15":"pa_author_att-patrick-remy-en","16":"pa_cover-hardcover","17":"pa_format-214-x-274-cm-en","18":"pa_isbn-9783836568876-en","19":"pa_language-eng-f-ger","20":"pa_pages-452-en","21":"pa_published-2017-11-20-en","22":"pa_publisher-taschen-en-en","24":"first","25":"outofstock","26":"sold-individually","27":"shipping-taxable","28":"purchasable","29":"product-type-simple"},"yoast_head":"<!-- This site is optimized with the Yoast SEO plugin v27.4 - https:\/\/yoast.com\/product\/yoast-seo-wordpress\/ -->\n<title>Bettina Rheims (Bettina Rheims, Patrick Remy) - book \/ album - Folio<\/title>\n<meta name=\"description\" content=\"Wejd\u017a i kup ksi\u0105\u017ck\u0119 Bettina Rheims autorstwa Bettina Rheims, Patrick Remy wydan\u0105 przez TASCHEN (2017-11-20) w formacie 21,4 x 27,4 cm (ISBN: 9783836568876). Zapraszamy!\" \/>\n<meta name=\"robots\" content=\"index, follow, max-snippet:-1, max-image-preview:large, max-video-preview:-1\" \/>\n<link rel=\"canonical\" href=\"https:\/\/foliobooks.pl\/en\/shop\/bettina-rheims-3\/\" \/>\n<meta property=\"og:locale\" content=\"en_US\" \/>\n<meta property=\"og:type\" content=\"article\" \/>\n<meta property=\"og:title\" content=\"Bettina Rheims (Bettina Rheims, Patrick Remy) - book \/ album - Folio\" \/>\n<meta property=\"og:description\" content=\"Wejd\u017a i kup ksi\u0105\u017ck\u0119 Bettina Rheims autorstwa Bettina Rheims, Patrick Remy wydan\u0105 przez TASCHEN (2017-11-20) w formacie 21,4 x 27,4 cm (ISBN: 9783836568876). Zapraszamy!\" \/>\n<meta property=\"og:url\" content=\"https:\/\/foliobooks.pl\/en\/shop\/bettina-rheims-3\/\" \/>\n<meta property=\"og:site_name\" content=\"Folio\" \/>\n<meta property=\"article:modified_time\" content=\"2018-01-31T11:08:48+00:00\" \/>\n<meta property=\"og:image\" content=\"https:\/\/foliobooks.pl\/wp-content\/uploads\/2017\/11\/9783836568876.png\" \/>\n\t<meta property=\"og:image:width\" content=\"570\" \/>\n\t<meta property=\"og:image:height\" content=\"708\" \/>\n\t<meta property=\"og:image:type\" content=\"image\/png\" \/>\n<meta name=\"twitter:card\" content=\"summary_large_image\" \/>\n<meta name=\"twitter:label1\" content=\"Est. reading time\" \/>\n\t<meta name=\"twitter:data1\" content=\"1 minute\" \/>\n<script type=\"application\/ld+json\" class=\"yoast-schema-graph\">{\"@context\":\"https:\\\/\\\/schema.org\",\"@graph\":[{\"@type\":\"WebPage\",\"@id\":\"https:\\\/\\\/foliobooks.pl\\\/en\\\/shop\\\/bettina-rheims-3\\\/\",\"url\":\"https:\\\/\\\/foliobooks.pl\\\/en\\\/shop\\\/bettina-rheims-3\\\/\",\"name\":\"Bettina Rheims (Bettina Rheims, Patrick Remy) - book \\\/ album - Folio\",\"isPartOf\":{\"@id\":\"https:\\\/\\\/foliobooks.pl\\\/en\\\/#website\"},\"primaryImageOfPage\":{\"@id\":\"https:\\\/\\\/foliobooks.pl\\\/en\\\/shop\\\/bettina-rheims-3\\\/#primaryimage\"},\"image\":{\"@id\":\"https:\\\/\\\/foliobooks.pl\\\/en\\\/shop\\\/bettina-rheims-3\\\/#primaryimage\"},\"thumbnailUrl\":\"https:\\\/\\\/foliobooks.pl\\\/wp-content\\\/uploads\\\/2017\\\/11\\\/9783836568876.png\",\"datePublished\":\"2017-11-13T12:41:50+00:00\",\"dateModified\":\"2018-01-31T11:08:48+00:00\",\"description\":\"Wejd\u017a i kup ksi\u0105\u017ck\u0119 Bettina Rheims autorstwa Bettina Rheims, Patrick Remy wydan\u0105 przez TASCHEN (2017-11-20) w formacie 21,4 x 27,4 cm (ISBN: 9783836568876). Zapraszamy!\",\"breadcrumb\":{\"@id\":\"https:\\\/\\\/foliobooks.pl\\\/en\\\/shop\\\/bettina-rheims-3\\\/#breadcrumb\"},\"inLanguage\":\"en-US\",\"potentialAction\":[{\"@type\":\"ReadAction\",\"target\":[\"https:\\\/\\\/foliobooks.pl\\\/en\\\/shop\\\/bettina-rheims-3\\\/\"]}]},{\"@type\":\"ImageObject\",\"inLanguage\":\"en-US\",\"@id\":\"https:\\\/\\\/foliobooks.pl\\\/en\\\/shop\\\/bettina-rheims-3\\\/#primaryimage\",\"url\":\"https:\\\/\\\/foliobooks.pl\\\/wp-content\\\/uploads\\\/2017\\\/11\\\/9783836568876.png\",\"contentUrl\":\"https:\\\/\\\/foliobooks.pl\\\/wp-content\\\/uploads\\\/2017\\\/11\\\/9783836568876.png\",\"width\":570,\"height\":708},{\"@type\":\"BreadcrumbList\",\"@id\":\"https:\\\/\\\/foliobooks.pl\\\/en\\\/shop\\\/bettina-rheims-3\\\/#breadcrumb\",\"itemListElement\":[{\"@type\":\"ListItem\",\"position\":1,\"name\":\"Strona g\u0142\u00f3wna\",\"item\":\"https:\\\/\\\/foliobooks.pl\\\/en\\\/\"},{\"@type\":\"ListItem\",\"position\":2,\"name\":\"Shop\",\"item\":\"https:\\\/\\\/foliobooks.pl\\\/en\\\/shop\\\/\"},{\"@type\":\"ListItem\",\"position\":3,\"name\":\"Bettina Rheims\"}]},{\"@type\":\"WebSite\",\"@id\":\"https:\\\/\\\/foliobooks.pl\\\/en\\\/#website\",\"url\":\"https:\\\/\\\/foliobooks.pl\\\/en\\\/\",\"name\":\"Folio\",\"description\":\"Ksi\u0119garnia internetowa\",\"potentialAction\":[{\"@type\":\"SearchAction\",\"target\":{\"@type\":\"EntryPoint\",\"urlTemplate\":\"https:\\\/\\\/foliobooks.pl\\\/en\\\/?s={search_term_string}\"},\"query-input\":{\"@type\":\"PropertyValueSpecification\",\"valueRequired\":true,\"valueName\":\"search_term_string\"}}],\"inLanguage\":\"en-US\"}]}<\/script>\n<!-- \/ Yoast SEO plugin. -->","yoast_head_json":{"title":"Bettina Rheims (Bettina Rheims, Patrick Remy) - book \/ album - Folio","description":"Wejd\u017a i kup ksi\u0105\u017ck\u0119 Bettina Rheims autorstwa Bettina Rheims, Patrick Remy wydan\u0105 przez TASCHEN (2017-11-20) w formacie 21,4 x 27,4 cm (ISBN: 9783836568876). Zapraszamy!","robots":{"index":"index","follow":"follow","max-snippet":"max-snippet:-1","max-image-preview":"max-image-preview:large","max-video-preview":"max-video-preview:-1"},"canonical":"https:\/\/foliobooks.pl\/en\/shop\/bettina-rheims-3\/","og_locale":"en_US","og_type":"article","og_title":"Bettina Rheims (Bettina Rheims, Patrick Remy) - book \/ album - Folio","og_description":"Wejd\u017a i kup ksi\u0105\u017ck\u0119 Bettina Rheims autorstwa Bettina Rheims, Patrick Remy wydan\u0105 przez TASCHEN (2017-11-20) w formacie 21,4 x 27,4 cm (ISBN: 9783836568876). Zapraszamy!","og_url":"https:\/\/foliobooks.pl\/en\/shop\/bettina-rheims-3\/","og_site_name":"Folio","article_modified_time":"2018-01-31T11:08:48+00:00","og_image":[{"width":570,"height":708,"url":"https:\/\/foliobooks.pl\/wp-content\/uploads\/2017\/11\/9783836568876.png","type":"image\/png"}],"twitter_card":"summary_large_image","twitter_misc":{"Est. reading time":"1 minute"},"schema":{"@context":"https:\/\/schema.org","@graph":[{"@type":"WebPage","@id":"https:\/\/foliobooks.pl\/en\/shop\/bettina-rheims-3\/","url":"https:\/\/foliobooks.pl\/en\/shop\/bettina-rheims-3\/","name":"Bettina Rheims (Bettina Rheims, Patrick Remy) - book \/ album - Folio","isPartOf":{"@id":"https:\/\/foliobooks.pl\/en\/#website"},"primaryImageOfPage":{"@id":"https:\/\/foliobooks.pl\/en\/shop\/bettina-rheims-3\/#primaryimage"},"image":{"@id":"https:\/\/foliobooks.pl\/en\/shop\/bettina-rheims-3\/#primaryimage"},"thumbnailUrl":"https:\/\/foliobooks.pl\/wp-content\/uploads\/2017\/11\/9783836568876.png","datePublished":"2017-11-13T12:41:50+00:00","dateModified":"2018-01-31T11:08:48+00:00","description":"Wejd\u017a i kup ksi\u0105\u017ck\u0119 Bettina Rheims autorstwa Bettina Rheims, Patrick Remy wydan\u0105 przez TASCHEN (2017-11-20) w formacie 21,4 x 27,4 cm (ISBN: 9783836568876). Zapraszamy!","breadcrumb":{"@id":"https:\/\/foliobooks.pl\/en\/shop\/bettina-rheims-3\/#breadcrumb"},"inLanguage":"en-US","potentialAction":[{"@type":"ReadAction","target":["https:\/\/foliobooks.pl\/en\/shop\/bettina-rheims-3\/"]}]},{"@type":"ImageObject","inLanguage":"en-US","@id":"https:\/\/foliobooks.pl\/en\/shop\/bettina-rheims-3\/#primaryimage","url":"https:\/\/foliobooks.pl\/wp-content\/uploads\/2017\/11\/9783836568876.png","contentUrl":"https:\/\/foliobooks.pl\/wp-content\/uploads\/2017\/11\/9783836568876.png","width":570,"height":708},{"@type":"BreadcrumbList","@id":"https:\/\/foliobooks.pl\/en\/shop\/bettina-rheims-3\/#breadcrumb","itemListElement":[{"@type":"ListItem","position":1,"name":"Strona g\u0142\u00f3wna","item":"https:\/\/foliobooks.pl\/en\/"},{"@type":"ListItem","position":2,"name":"Shop","item":"https:\/\/foliobooks.pl\/en\/shop\/"},{"@type":"ListItem","position":3,"name":"Bettina Rheims"}]},{"@type":"WebSite","@id":"https:\/\/foliobooks.pl\/en\/#website","url":"https:\/\/foliobooks.pl\/en\/","name":"Folio","description":"Ksi\u0119garnia internetowa","potentialAction":[{"@type":"SearchAction","target":{"@type":"EntryPoint","urlTemplate":"https:\/\/foliobooks.pl\/en\/?s={search_term_string}"},"query-input":{"@type":"PropertyValueSpecification","valueRequired":true,"valueName":"search_term_string"}}],"inLanguage":"en-US"}]}},"_links":{"self":[{"href":"https:\/\/foliobooks.pl\/en\/wp-json\/wp\/v2\/product\/23103","targetHints":{"allow":["GET"]}}],"collection":[{"href":"https:\/\/foliobooks.pl\/en\/wp-json\/wp\/v2\/product"}],"about":[{"href":"https:\/\/foliobooks.pl\/en\/wp-json\/wp\/v2\/types\/product"}],"replies":[{"embeddable":true,"href":"https:\/\/foliobooks.pl\/en\/wp-json\/wp\/v2\/comments?post=23103"}],"wp:featuredmedia":[{"embeddable":true,"href":"https:\/\/foliobooks.pl\/en\/wp-json\/wp\/v2\/media\/23094"}],"wp:attachment":[{"href":"https:\/\/foliobooks.pl\/en\/wp-json\/wp\/v2\/media?parent=23103"}],"wp:term":[{"taxonomy":"product_brand","embeddable":true,"href":"https:\/\/foliobooks.pl\/en\/wp-json\/wp\/v2\/product_brand?post=23103"},{"taxonomy":"product_cat","embeddable":true,"href":"https:\/\/foliobooks.pl\/en\/wp-json\/wp\/v2\/product_cat?post=23103"},{"taxonomy":"product_tag","embeddable":true,"href":"https:\/\/foliobooks.pl\/en\/wp-json\/wp\/v2\/product_tag?post=23103"}],"curies":[{"name":"wp","href":"https:\/\/api.w.org\/{rel}","templated":true}]}}