{"id":23046,"date":"2017-11-10T14:08:10","date_gmt":"2017-11-10T13:08:10","guid":{"rendered":"https:\/\/foliobooks.pl\/sklep\/david-lachapelle-good-news-part-ii\/"},"modified":"2019-06-06T17:28:34","modified_gmt":"2019-06-06T15:28:34","slug":"david-lachapelle-good-news-part-ii","status":"publish","type":"product","link":"https:\/\/foliobooks.pl\/en\/shop\/david-lachapelle-good-news-part-ii\/","title":{"rendered":"David LaChapelle. Good News. Part II"},"content":{"rendered":"<p>TASCHEN is proud to announce <em>Lost + Found, Part I<\/em> and <em>Good News, Part II<\/em>, the long-awaited, latest and final publications from artist David LaChapelle. The books are the fourth and fifth installments of LaChapelle\u2019s five-book anthology, which began with <em>LaChapelle Land<\/em> (1996), continued with <em>Hotel LaChapelle<\/em> (1999), and followed by <em>Heaven to Hell<\/em> (2006).<\/p>\n<p><em>Good News, Part II<\/em> follows David LaChapelle\u2019s creative renaissance as he surrenders to contemplations of mortality, moving beyond the material world in a quest for paradise. Featuring a monumental curation of images that have never before been published in book form, it is a sublime and arresting new body of work that attempts to photograph that which can\u2019t be photographed. It represents the final chapter to LaChapelle\u2019s narrative in a collection of books that have captivated a generation of viewers across the globe.<\/p>\n<p><em>Good News<\/em> features:<br \/>\nPamela Anderson, Lana Del Rey, Sharon Gault, Janet Jackson, Michael Jackson, Paris Jackson, David LaChapelle, Amanda Lepore, Miriam Makeba, Sergei Polunin, Tupac Shakur, Elizabeth Taylor, and many more&#8230;<\/p>\n<p><em>Lost + Found, Part I<\/em> and <em>Good News, Part II<\/em> are sold separately.<\/p>\n","protected":false},"excerpt":{"rendered":"<p>TASCHEN is proud to announce Lost + Found, Part I and Good News, Part II, the long-awaited, latest and final publications from artist David LaChapelle. The books are the fourth and fifth installments of LaChapelle\u2019s five-book anthology, which began with LaChapelle Land (1996), continued with Hotel LaChapelle (1999), and followed by Heaven to Hell (2006)&#8230;.<\/p>\n","protected":false},"featured_media":23035,"comment_status":"closed","ping_status":"closed","template":"","meta":[],"product_brand":[],"product_cat":[4522,4517],"product_tag":[1702,979,6693,154,6632,6121,1683],"class_list":{"0":"post-23046","1":"product","2":"type-product","3":"status-publish","4":"has-post-thumbnail","6":"product_cat-art-en","7":"product_cat-photography-en","8":"product_tag-artists","9":"product_tag-contemporary-art-en","10":"product_tag-famous-people","11":"product_tag-monographs","12":"product_tag-photographers","13":"product_tag-photography","14":"product_tag-pop-culture","15":"pa_author_att-david-lachapelle-en","16":"pa_cover-hardcover-box","17":"pa_format-278-x-355-cm-en","18":"pa_isbn-9783836570466-en","19":"pa_language-eng-f-ger","20":"pa_pages-276-2-en","21":"pa_published-2017-12-01-en","22":"pa_publisher-taschen-en-en","24":"first","25":"outofstock","26":"sold-individually","27":"shipping-taxable","28":"purchasable","29":"product-type-simple"},"yoast_head":"<!-- This site is optimized with the Yoast SEO plugin v27.4 - https:\/\/yoast.com\/product\/yoast-seo-wordpress\/ -->\n<title>David LaChapelle. Good News. Part II (David LaChapelle) - book \/ album - Folio<\/title>\n<meta name=\"description\" content=\"Wejd\u017a i kup ksi\u0105\u017ck\u0119 David LaChapelle. Good News. Part II autorstwa David LaChapelle wydan\u0105 przez TASCHEN (2017-12-01) w formacie 27,8 x 35,5 cm (ISBN: 9783836570466). Zapraszamy!\" \/>\n<meta name=\"robots\" content=\"index, follow, max-snippet:-1, max-image-preview:large, max-video-preview:-1\" \/>\n<link rel=\"canonical\" href=\"https:\/\/foliobooks.pl\/en\/shop\/david-lachapelle-good-news-part-ii\/\" \/>\n<meta property=\"og:locale\" content=\"en_US\" \/>\n<meta property=\"og:type\" content=\"article\" \/>\n<meta property=\"og:title\" content=\"David LaChapelle. Good News. Part II (David LaChapelle) - book \/ album - Folio\" \/>\n<meta property=\"og:description\" content=\"Wejd\u017a i kup ksi\u0105\u017ck\u0119 David LaChapelle. Good News. Part II autorstwa David LaChapelle wydan\u0105 przez TASCHEN (2017-12-01) w formacie 27,8 x 35,5 cm (ISBN: 9783836570466). Zapraszamy!\" \/>\n<meta property=\"og:url\" content=\"https:\/\/foliobooks.pl\/en\/shop\/david-lachapelle-good-news-part-ii\/\" \/>\n<meta property=\"og:site_name\" content=\"Folio\" \/>\n<meta property=\"article:modified_time\" content=\"2019-06-06T15:28:34+00:00\" \/>\n<meta property=\"og:image\" content=\"https:\/\/foliobooks.pl\/wp-content\/uploads\/2017\/11\/9783836570466.png\" \/>\n\t<meta property=\"og:image:width\" content=\"570\" \/>\n\t<meta property=\"og:image:height\" content=\"708\" \/>\n\t<meta property=\"og:image:type\" content=\"image\/png\" \/>\n<meta name=\"twitter:card\" content=\"summary_large_image\" \/>\n<meta name=\"twitter:label1\" content=\"Est. reading time\" \/>\n\t<meta name=\"twitter:data1\" content=\"1 minute\" \/>\n<script type=\"application\/ld+json\" class=\"yoast-schema-graph\">{\"@context\":\"https:\\\/\\\/schema.org\",\"@graph\":[{\"@type\":\"WebPage\",\"@id\":\"https:\\\/\\\/foliobooks.pl\\\/en\\\/shop\\\/david-lachapelle-good-news-part-ii\\\/\",\"url\":\"https:\\\/\\\/foliobooks.pl\\\/en\\\/shop\\\/david-lachapelle-good-news-part-ii\\\/\",\"name\":\"David LaChapelle. Good News. Part II (David LaChapelle) - book \\\/ album - Folio\",\"isPartOf\":{\"@id\":\"https:\\\/\\\/foliobooks.pl\\\/en\\\/#website\"},\"primaryImageOfPage\":{\"@id\":\"https:\\\/\\\/foliobooks.pl\\\/en\\\/shop\\\/david-lachapelle-good-news-part-ii\\\/#primaryimage\"},\"image\":{\"@id\":\"https:\\\/\\\/foliobooks.pl\\\/en\\\/shop\\\/david-lachapelle-good-news-part-ii\\\/#primaryimage\"},\"thumbnailUrl\":\"https:\\\/\\\/foliobooks.pl\\\/wp-content\\\/uploads\\\/2017\\\/11\\\/9783836570466.png\",\"datePublished\":\"2017-11-10T13:08:10+00:00\",\"dateModified\":\"2019-06-06T15:28:34+00:00\",\"description\":\"Wejd\u017a i kup ksi\u0105\u017ck\u0119 David LaChapelle. Good News. Part II autorstwa David LaChapelle wydan\u0105 przez TASCHEN (2017-12-01) w formacie 27,8 x 35,5 cm (ISBN: 9783836570466). Zapraszamy!\",\"breadcrumb\":{\"@id\":\"https:\\\/\\\/foliobooks.pl\\\/en\\\/shop\\\/david-lachapelle-good-news-part-ii\\\/#breadcrumb\"},\"inLanguage\":\"en-US\",\"potentialAction\":[{\"@type\":\"ReadAction\",\"target\":[\"https:\\\/\\\/foliobooks.pl\\\/en\\\/shop\\\/david-lachapelle-good-news-part-ii\\\/\"]}]},{\"@type\":\"ImageObject\",\"inLanguage\":\"en-US\",\"@id\":\"https:\\\/\\\/foliobooks.pl\\\/en\\\/shop\\\/david-lachapelle-good-news-part-ii\\\/#primaryimage\",\"url\":\"https:\\\/\\\/foliobooks.pl\\\/wp-content\\\/uploads\\\/2017\\\/11\\\/9783836570466.png\",\"contentUrl\":\"https:\\\/\\\/foliobooks.pl\\\/wp-content\\\/uploads\\\/2017\\\/11\\\/9783836570466.png\",\"width\":570,\"height\":708},{\"@type\":\"BreadcrumbList\",\"@id\":\"https:\\\/\\\/foliobooks.pl\\\/en\\\/shop\\\/david-lachapelle-good-news-part-ii\\\/#breadcrumb\",\"itemListElement\":[{\"@type\":\"ListItem\",\"position\":1,\"name\":\"Strona g\u0142\u00f3wna\",\"item\":\"https:\\\/\\\/foliobooks.pl\\\/en\\\/\"},{\"@type\":\"ListItem\",\"position\":2,\"name\":\"Shop\",\"item\":\"https:\\\/\\\/foliobooks.pl\\\/en\\\/shop\\\/\"},{\"@type\":\"ListItem\",\"position\":3,\"name\":\"David LaChapelle. Good News. Part II\"}]},{\"@type\":\"WebSite\",\"@id\":\"https:\\\/\\\/foliobooks.pl\\\/en\\\/#website\",\"url\":\"https:\\\/\\\/foliobooks.pl\\\/en\\\/\",\"name\":\"Folio\",\"description\":\"Ksi\u0119garnia internetowa\",\"potentialAction\":[{\"@type\":\"SearchAction\",\"target\":{\"@type\":\"EntryPoint\",\"urlTemplate\":\"https:\\\/\\\/foliobooks.pl\\\/en\\\/?s={search_term_string}\"},\"query-input\":{\"@type\":\"PropertyValueSpecification\",\"valueRequired\":true,\"valueName\":\"search_term_string\"}}],\"inLanguage\":\"en-US\"}]}<\/script>\n<!-- \/ Yoast SEO plugin. -->","yoast_head_json":{"title":"David LaChapelle. Good News. Part II (David LaChapelle) - book \/ album - Folio","description":"Wejd\u017a i kup ksi\u0105\u017ck\u0119 David LaChapelle. Good News. Part II autorstwa David LaChapelle wydan\u0105 przez TASCHEN (2017-12-01) w formacie 27,8 x 35,5 cm (ISBN: 9783836570466). Zapraszamy!","robots":{"index":"index","follow":"follow","max-snippet":"max-snippet:-1","max-image-preview":"max-image-preview:large","max-video-preview":"max-video-preview:-1"},"canonical":"https:\/\/foliobooks.pl\/en\/shop\/david-lachapelle-good-news-part-ii\/","og_locale":"en_US","og_type":"article","og_title":"David LaChapelle. Good News. Part II (David LaChapelle) - book \/ album - Folio","og_description":"Wejd\u017a i kup ksi\u0105\u017ck\u0119 David LaChapelle. Good News. Part II autorstwa David LaChapelle wydan\u0105 przez TASCHEN (2017-12-01) w formacie 27,8 x 35,5 cm (ISBN: 9783836570466). Zapraszamy!","og_url":"https:\/\/foliobooks.pl\/en\/shop\/david-lachapelle-good-news-part-ii\/","og_site_name":"Folio","article_modified_time":"2019-06-06T15:28:34+00:00","og_image":[{"width":570,"height":708,"url":"https:\/\/foliobooks.pl\/wp-content\/uploads\/2017\/11\/9783836570466.png","type":"image\/png"}],"twitter_card":"summary_large_image","twitter_misc":{"Est. reading time":"1 minute"},"schema":{"@context":"https:\/\/schema.org","@graph":[{"@type":"WebPage","@id":"https:\/\/foliobooks.pl\/en\/shop\/david-lachapelle-good-news-part-ii\/","url":"https:\/\/foliobooks.pl\/en\/shop\/david-lachapelle-good-news-part-ii\/","name":"David LaChapelle. Good News. Part II (David LaChapelle) - book \/ album - Folio","isPartOf":{"@id":"https:\/\/foliobooks.pl\/en\/#website"},"primaryImageOfPage":{"@id":"https:\/\/foliobooks.pl\/en\/shop\/david-lachapelle-good-news-part-ii\/#primaryimage"},"image":{"@id":"https:\/\/foliobooks.pl\/en\/shop\/david-lachapelle-good-news-part-ii\/#primaryimage"},"thumbnailUrl":"https:\/\/foliobooks.pl\/wp-content\/uploads\/2017\/11\/9783836570466.png","datePublished":"2017-11-10T13:08:10+00:00","dateModified":"2019-06-06T15:28:34+00:00","description":"Wejd\u017a i kup ksi\u0105\u017ck\u0119 David LaChapelle. Good News. Part II autorstwa David LaChapelle wydan\u0105 przez TASCHEN (2017-12-01) w formacie 27,8 x 35,5 cm (ISBN: 9783836570466). Zapraszamy!","breadcrumb":{"@id":"https:\/\/foliobooks.pl\/en\/shop\/david-lachapelle-good-news-part-ii\/#breadcrumb"},"inLanguage":"en-US","potentialAction":[{"@type":"ReadAction","target":["https:\/\/foliobooks.pl\/en\/shop\/david-lachapelle-good-news-part-ii\/"]}]},{"@type":"ImageObject","inLanguage":"en-US","@id":"https:\/\/foliobooks.pl\/en\/shop\/david-lachapelle-good-news-part-ii\/#primaryimage","url":"https:\/\/foliobooks.pl\/wp-content\/uploads\/2017\/11\/9783836570466.png","contentUrl":"https:\/\/foliobooks.pl\/wp-content\/uploads\/2017\/11\/9783836570466.png","width":570,"height":708},{"@type":"BreadcrumbList","@id":"https:\/\/foliobooks.pl\/en\/shop\/david-lachapelle-good-news-part-ii\/#breadcrumb","itemListElement":[{"@type":"ListItem","position":1,"name":"Strona g\u0142\u00f3wna","item":"https:\/\/foliobooks.pl\/en\/"},{"@type":"ListItem","position":2,"name":"Shop","item":"https:\/\/foliobooks.pl\/en\/shop\/"},{"@type":"ListItem","position":3,"name":"David LaChapelle. Good News. Part II"}]},{"@type":"WebSite","@id":"https:\/\/foliobooks.pl\/en\/#website","url":"https:\/\/foliobooks.pl\/en\/","name":"Folio","description":"Ksi\u0119garnia internetowa","potentialAction":[{"@type":"SearchAction","target":{"@type":"EntryPoint","urlTemplate":"https:\/\/foliobooks.pl\/en\/?s={search_term_string}"},"query-input":{"@type":"PropertyValueSpecification","valueRequired":true,"valueName":"search_term_string"}}],"inLanguage":"en-US"}]}},"_links":{"self":[{"href":"https:\/\/foliobooks.pl\/en\/wp-json\/wp\/v2\/product\/23046","targetHints":{"allow":["GET"]}}],"collection":[{"href":"https:\/\/foliobooks.pl\/en\/wp-json\/wp\/v2\/product"}],"about":[{"href":"https:\/\/foliobooks.pl\/en\/wp-json\/wp\/v2\/types\/product"}],"replies":[{"embeddable":true,"href":"https:\/\/foliobooks.pl\/en\/wp-json\/wp\/v2\/comments?post=23046"}],"wp:featuredmedia":[{"embeddable":true,"href":"https:\/\/foliobooks.pl\/en\/wp-json\/wp\/v2\/media\/23035"}],"wp:attachment":[{"href":"https:\/\/foliobooks.pl\/en\/wp-json\/wp\/v2\/media?parent=23046"}],"wp:term":[{"taxonomy":"product_brand","embeddable":true,"href":"https:\/\/foliobooks.pl\/en\/wp-json\/wp\/v2\/product_brand?post=23046"},{"taxonomy":"product_cat","embeddable":true,"href":"https:\/\/foliobooks.pl\/en\/wp-json\/wp\/v2\/product_cat?post=23046"},{"taxonomy":"product_tag","embeddable":true,"href":"https:\/\/foliobooks.pl\/en\/wp-json\/wp\/v2\/product_tag?post=23046"}],"curies":[{"name":"wp","href":"https:\/\/api.w.org\/{rel}","templated":true}]}}