{"id":22932,"date":"2017-11-08T11:06:40","date_gmt":"2017-11-08T10:06:40","guid":{"rendered":"https:\/\/foliobooks.pl\/sklep\/palladio-basic-art-series\/"},"modified":"2019-10-22T21:12:43","modified_gmt":"2019-10-22T19:12:43","slug":"palladio-basic-art-series","status":"publish","type":"product","link":"https:\/\/foliobooks.pl\/en\/shop\/palladio-basic-art-series\/","title":{"rendered":"Palladio. Basic Art Series"},"content":{"rendered":"<p>Andrea Palladio (1508\u20131580) is widely considered the father of Western architecture. Strongly influenced by formal temple designs in Ancient Greece and Rome, he pioneered a revival of Classical symmetry and perspective, and with it created a universal architectural language.<\/p>\n<p>From his humble beginning as a stonemason\u2019s apprentice, Palladio rose to become Chief Architect of the Republic of Venice, at the time the epicenter of European innovation. There, he designed the Church of the Redentore and San Giorgio Maggiore on the landmark promontory between the Giudecca Canal and the greater Venetian Lagoon. In nearby Vicenza, Palladio built the world-famous Basilica, the Villa Rotonda, the Teatro Olimpico, and in the surrounding Veneto countryside numerous rural villas noted for their inclusion of local, vernacular architecture within a Classical scheme and the use of porticos to provide liminal spaces between the interior and exterior. Both the Palladian villas and the City of Vicenza are today designated UNESCO World Heritage sites.<\/p>\n<p>Over time, Palladio\u2019s architecture evolved into the Palladian style, a universal language of cool, calm elegance that informed buildings from Capitol Hill in Washington, D.C., to Thomas Jefferson\u2019s home in Monticello, Virginia, to St Paul\u2019s Cathedral, London. This foundational book from TASCHEN Basic Art 2.0 collates Palladio\u2019s most significant structures into one dependable introduction, documenting his development into one of the most influential architects of all time.<\/p>\n","protected":false},"excerpt":{"rendered":"<p>Andrea Palladio (1508\u20131580) is widely considered the father of Western architecture. Strongly influenced by formal temple designs in Ancient Greece and Rome, he pioneered a revival of Classical symmetry and perspective, and with it created a universal architectural language. From his humble beginning as a stonemason\u2019s apprentice, Palladio rose to become Chief Architect of the&#8230;<\/p>\n","protected":false},"featured_media":22923,"comment_status":"closed","ping_status":"closed","template":"","meta":[],"product_brand":[],"product_cat":[4516],"product_tag":[1126,6124,6692,11524,6695,6536,11488,11497,1849],"class_list":{"0":"post-22932","1":"product","2":"type-product","3":"status-publish","4":"has-post-thumbnail","6":"product_cat-architecture-en","7":"product_tag-architects-en","8":"product_tag-architecture-en","9":"product_tag-famous-buildings","10":"product_tag-italy-en","11":"product_tag-monuments","12":"product_tag-precursors","13":"product_tag-renaissance-en","14":"product_tag-residences-en","15":"product_tag-sacred-spaces","16":"pa_author_att-manfred-wundram-en","17":"pa_author_att-peter-gossel-en","18":"pa_cover-hardcover","19":"pa_format-21-x-26-cm-en","20":"pa_isbn-9783836550215-en","21":"pa_language-eng","22":"pa_pages-96-en","23":"pa_published-2016-11-30-en","24":"pa_publisher-taschen-en-en","26":"first","27":"outofstock","28":"sold-individually","29":"shipping-taxable","30":"purchasable","31":"product-type-simple"},"yoast_head":"<!-- This site is optimized with the Yoast SEO plugin v27.6 - https:\/\/yoast.com\/product\/yoast-seo-wordpress\/ -->\n<title>Palladio. Basic Art Series (Manfred Wundram, Peter G\u00f6ssel) - book \/ album - Folio<\/title>\n<meta name=\"description\" content=\"Wejd\u017a i kup ksi\u0105\u017ck\u0119 Palladio. Basic Art Series autorstwa Manfred Wundram, Peter G\u00f6ssel wydan\u0105 przez TASCHEN (2016-11-30) w formacie 21 x 26 cm (ISBN: 9783836550215). Zapraszamy!\" \/>\n<meta name=\"robots\" content=\"index, follow, max-snippet:-1, max-image-preview:large, max-video-preview:-1\" \/>\n<link rel=\"canonical\" href=\"https:\/\/foliobooks.pl\/en\/shop\/palladio-basic-art-series\/\" \/>\n<meta property=\"og:locale\" content=\"en_US\" \/>\n<meta property=\"og:type\" content=\"article\" \/>\n<meta property=\"og:title\" content=\"Palladio. Basic Art Series (Manfred Wundram, Peter G\u00f6ssel) - book \/ album - Folio\" \/>\n<meta property=\"og:description\" content=\"Wejd\u017a i kup ksi\u0105\u017ck\u0119 Palladio. Basic Art Series autorstwa Manfred Wundram, Peter G\u00f6ssel wydan\u0105 przez TASCHEN (2016-11-30) w formacie 21 x 26 cm (ISBN: 9783836550215). Zapraszamy!\" \/>\n<meta property=\"og:url\" content=\"https:\/\/foliobooks.pl\/en\/shop\/palladio-basic-art-series\/\" \/>\n<meta property=\"og:site_name\" content=\"Folio\" \/>\n<meta property=\"article:modified_time\" content=\"2019-10-22T19:12:43+00:00\" \/>\n<meta property=\"og:image\" content=\"https:\/\/foliobooks.pl\/wp-content\/uploads\/2017\/11\/9783836550215.png\" \/>\n\t<meta property=\"og:image:width\" content=\"570\" \/>\n\t<meta property=\"og:image:height\" content=\"708\" \/>\n\t<meta property=\"og:image:type\" content=\"image\/png\" \/>\n<meta name=\"twitter:card\" content=\"summary_large_image\" \/>\n<meta name=\"twitter:label1\" content=\"Est. reading time\" \/>\n\t<meta name=\"twitter:data1\" content=\"1 minute\" \/>\n<script type=\"application\/ld+json\" class=\"yoast-schema-graph\">{\"@context\":\"https:\\\/\\\/schema.org\",\"@graph\":[{\"@type\":\"WebPage\",\"@id\":\"https:\\\/\\\/foliobooks.pl\\\/en\\\/shop\\\/palladio-basic-art-series\\\/\",\"url\":\"https:\\\/\\\/foliobooks.pl\\\/en\\\/shop\\\/palladio-basic-art-series\\\/\",\"name\":\"Palladio. Basic Art Series (Manfred Wundram, Peter G\u00f6ssel) - book \\\/ album - Folio\",\"isPartOf\":{\"@id\":\"https:\\\/\\\/foliobooks.pl\\\/en\\\/#website\"},\"primaryImageOfPage\":{\"@id\":\"https:\\\/\\\/foliobooks.pl\\\/en\\\/shop\\\/palladio-basic-art-series\\\/#primaryimage\"},\"image\":{\"@id\":\"https:\\\/\\\/foliobooks.pl\\\/en\\\/shop\\\/palladio-basic-art-series\\\/#primaryimage\"},\"thumbnailUrl\":\"https:\\\/\\\/foliobooks.pl\\\/wp-content\\\/uploads\\\/2017\\\/11\\\/9783836550215.png\",\"datePublished\":\"2017-11-08T10:06:40+00:00\",\"dateModified\":\"2019-10-22T19:12:43+00:00\",\"description\":\"Wejd\u017a i kup ksi\u0105\u017ck\u0119 Palladio. Basic Art Series autorstwa Manfred Wundram, Peter G\u00f6ssel wydan\u0105 przez TASCHEN (2016-11-30) w formacie 21 x 26 cm (ISBN: 9783836550215). Zapraszamy!\",\"breadcrumb\":{\"@id\":\"https:\\\/\\\/foliobooks.pl\\\/en\\\/shop\\\/palladio-basic-art-series\\\/#breadcrumb\"},\"inLanguage\":\"en-US\",\"potentialAction\":[{\"@type\":\"ReadAction\",\"target\":[\"https:\\\/\\\/foliobooks.pl\\\/en\\\/shop\\\/palladio-basic-art-series\\\/\"]}]},{\"@type\":\"ImageObject\",\"inLanguage\":\"en-US\",\"@id\":\"https:\\\/\\\/foliobooks.pl\\\/en\\\/shop\\\/palladio-basic-art-series\\\/#primaryimage\",\"url\":\"https:\\\/\\\/foliobooks.pl\\\/wp-content\\\/uploads\\\/2017\\\/11\\\/9783836550215.png\",\"contentUrl\":\"https:\\\/\\\/foliobooks.pl\\\/wp-content\\\/uploads\\\/2017\\\/11\\\/9783836550215.png\",\"width\":570,\"height\":708},{\"@type\":\"BreadcrumbList\",\"@id\":\"https:\\\/\\\/foliobooks.pl\\\/en\\\/shop\\\/palladio-basic-art-series\\\/#breadcrumb\",\"itemListElement\":[{\"@type\":\"ListItem\",\"position\":1,\"name\":\"Strona g\u0142\u00f3wna\",\"item\":\"https:\\\/\\\/foliobooks.pl\\\/en\\\/\"},{\"@type\":\"ListItem\",\"position\":2,\"name\":\"Shop\",\"item\":\"https:\\\/\\\/foliobooks.pl\\\/en\\\/shop\\\/\"},{\"@type\":\"ListItem\",\"position\":3,\"name\":\"Palladio. Basic Art Series\"}]},{\"@type\":\"WebSite\",\"@id\":\"https:\\\/\\\/foliobooks.pl\\\/en\\\/#website\",\"url\":\"https:\\\/\\\/foliobooks.pl\\\/en\\\/\",\"name\":\"Folio\",\"description\":\"Ksi\u0119garnia internetowa\",\"potentialAction\":[{\"@type\":\"SearchAction\",\"target\":{\"@type\":\"EntryPoint\",\"urlTemplate\":\"https:\\\/\\\/foliobooks.pl\\\/en\\\/?s={search_term_string}\"},\"query-input\":{\"@type\":\"PropertyValueSpecification\",\"valueRequired\":true,\"valueName\":\"search_term_string\"}}],\"inLanguage\":\"en-US\"}]}<\/script>\n<!-- \/ Yoast SEO plugin. -->","yoast_head_json":{"title":"Palladio. Basic Art Series (Manfred Wundram, Peter G\u00f6ssel) - book \/ album - Folio","description":"Wejd\u017a i kup ksi\u0105\u017ck\u0119 Palladio. Basic Art Series autorstwa Manfred Wundram, Peter G\u00f6ssel wydan\u0105 przez TASCHEN (2016-11-30) w formacie 21 x 26 cm (ISBN: 9783836550215). Zapraszamy!","robots":{"index":"index","follow":"follow","max-snippet":"max-snippet:-1","max-image-preview":"max-image-preview:large","max-video-preview":"max-video-preview:-1"},"canonical":"https:\/\/foliobooks.pl\/en\/shop\/palladio-basic-art-series\/","og_locale":"en_US","og_type":"article","og_title":"Palladio. Basic Art Series (Manfred Wundram, Peter G\u00f6ssel) - book \/ album - Folio","og_description":"Wejd\u017a i kup ksi\u0105\u017ck\u0119 Palladio. Basic Art Series autorstwa Manfred Wundram, Peter G\u00f6ssel wydan\u0105 przez TASCHEN (2016-11-30) w formacie 21 x 26 cm (ISBN: 9783836550215). Zapraszamy!","og_url":"https:\/\/foliobooks.pl\/en\/shop\/palladio-basic-art-series\/","og_site_name":"Folio","article_modified_time":"2019-10-22T19:12:43+00:00","og_image":[{"width":570,"height":708,"url":"https:\/\/foliobooks.pl\/wp-content\/uploads\/2017\/11\/9783836550215.png","type":"image\/png"}],"twitter_card":"summary_large_image","twitter_misc":{"Est. reading time":"1 minute"},"schema":{"@context":"https:\/\/schema.org","@graph":[{"@type":"WebPage","@id":"https:\/\/foliobooks.pl\/en\/shop\/palladio-basic-art-series\/","url":"https:\/\/foliobooks.pl\/en\/shop\/palladio-basic-art-series\/","name":"Palladio. Basic Art Series (Manfred Wundram, Peter G\u00f6ssel) - book \/ album - Folio","isPartOf":{"@id":"https:\/\/foliobooks.pl\/en\/#website"},"primaryImageOfPage":{"@id":"https:\/\/foliobooks.pl\/en\/shop\/palladio-basic-art-series\/#primaryimage"},"image":{"@id":"https:\/\/foliobooks.pl\/en\/shop\/palladio-basic-art-series\/#primaryimage"},"thumbnailUrl":"https:\/\/foliobooks.pl\/wp-content\/uploads\/2017\/11\/9783836550215.png","datePublished":"2017-11-08T10:06:40+00:00","dateModified":"2019-10-22T19:12:43+00:00","description":"Wejd\u017a i kup ksi\u0105\u017ck\u0119 Palladio. Basic Art Series autorstwa Manfred Wundram, Peter G\u00f6ssel wydan\u0105 przez TASCHEN (2016-11-30) w formacie 21 x 26 cm (ISBN: 9783836550215). Zapraszamy!","breadcrumb":{"@id":"https:\/\/foliobooks.pl\/en\/shop\/palladio-basic-art-series\/#breadcrumb"},"inLanguage":"en-US","potentialAction":[{"@type":"ReadAction","target":["https:\/\/foliobooks.pl\/en\/shop\/palladio-basic-art-series\/"]}]},{"@type":"ImageObject","inLanguage":"en-US","@id":"https:\/\/foliobooks.pl\/en\/shop\/palladio-basic-art-series\/#primaryimage","url":"https:\/\/foliobooks.pl\/wp-content\/uploads\/2017\/11\/9783836550215.png","contentUrl":"https:\/\/foliobooks.pl\/wp-content\/uploads\/2017\/11\/9783836550215.png","width":570,"height":708},{"@type":"BreadcrumbList","@id":"https:\/\/foliobooks.pl\/en\/shop\/palladio-basic-art-series\/#breadcrumb","itemListElement":[{"@type":"ListItem","position":1,"name":"Strona g\u0142\u00f3wna","item":"https:\/\/foliobooks.pl\/en\/"},{"@type":"ListItem","position":2,"name":"Shop","item":"https:\/\/foliobooks.pl\/en\/shop\/"},{"@type":"ListItem","position":3,"name":"Palladio. Basic Art Series"}]},{"@type":"WebSite","@id":"https:\/\/foliobooks.pl\/en\/#website","url":"https:\/\/foliobooks.pl\/en\/","name":"Folio","description":"Ksi\u0119garnia internetowa","potentialAction":[{"@type":"SearchAction","target":{"@type":"EntryPoint","urlTemplate":"https:\/\/foliobooks.pl\/en\/?s={search_term_string}"},"query-input":{"@type":"PropertyValueSpecification","valueRequired":true,"valueName":"search_term_string"}}],"inLanguage":"en-US"}]}},"_links":{"self":[{"href":"https:\/\/foliobooks.pl\/en\/wp-json\/wp\/v2\/product\/22932","targetHints":{"allow":["GET"]}}],"collection":[{"href":"https:\/\/foliobooks.pl\/en\/wp-json\/wp\/v2\/product"}],"about":[{"href":"https:\/\/foliobooks.pl\/en\/wp-json\/wp\/v2\/types\/product"}],"replies":[{"embeddable":true,"href":"https:\/\/foliobooks.pl\/en\/wp-json\/wp\/v2\/comments?post=22932"}],"wp:featuredmedia":[{"embeddable":true,"href":"https:\/\/foliobooks.pl\/en\/wp-json\/wp\/v2\/media\/22923"}],"wp:attachment":[{"href":"https:\/\/foliobooks.pl\/en\/wp-json\/wp\/v2\/media?parent=22932"}],"wp:term":[{"taxonomy":"product_brand","embeddable":true,"href":"https:\/\/foliobooks.pl\/en\/wp-json\/wp\/v2\/product_brand?post=22932"},{"taxonomy":"product_cat","embeddable":true,"href":"https:\/\/foliobooks.pl\/en\/wp-json\/wp\/v2\/product_cat?post=22932"},{"taxonomy":"product_tag","embeddable":true,"href":"https:\/\/foliobooks.pl\/en\/wp-json\/wp\/v2\/product_tag?post=22932"}],"curies":[{"name":"wp","href":"https:\/\/api.w.org\/{rel}","templated":true}]}}