{"id":22895,"date":"2017-11-07T10:45:17","date_gmt":"2017-11-07T09:45:17","guid":{"rendered":"https:\/\/foliobooks.pl\/sklep\/film-noir\/"},"modified":"2019-08-13T08:34:17","modified_gmt":"2019-08-13T06:34:17","slug":"film-noir","status":"publish","type":"product","link":"https:\/\/foliobooks.pl\/en\/shop\/film-noir\/","title":{"rendered":"Film Noir"},"content":{"rendered":"<p>Whether it\u2019s Double Indemnity, Kiss Me Deadly, or The Big Sleep, roam a screen world of dark and brooding elegance with this essential handbook to Film Noir. From private eyes and perfect crimes to corrupt cops and doomed affairs, editors Paul Duncan and J\u00fcrgen M\u00fcller examine noir\u2019s key themes and their most representative movies from 1940 to 1960.<\/p>\n<p>Copiously illustrated with film stills as well as original posters, this book offers page after page of noir\u2019s masterful visual compositions while exploring the narrative paradigms of this cryptic, compelling, and evolving genre. If that weren\u2019t enough to tickle your cinematic appetite, the volume concludes with TASCHEN\u2019s top 50 pick of noir classics.<\/p>\n<p>Brimming with the enigmatic dames, desperate gangsters, and psycho killers that continue to cast a long and captivating shadow over cinema, this is a must-have handbook for noir aficionados and amateurs alike.<\/p>\n","protected":false},"excerpt":{"rendered":"<p>Whether it\u2019s Double Indemnity, Kiss Me Deadly, or The Big Sleep, roam a screen world of dark and brooding elegance with this essential handbook to Film Noir. From private eyes and perfect crimes to corrupt cops and doomed affairs, editors Paul Duncan and J\u00fcrgen M\u00fcller examine noir\u2019s key themes and their most representative movies from&#8230;<\/p>\n","protected":false},"featured_media":22886,"comment_status":"closed","ping_status":"closed","template":"","meta":[],"product_brand":[],"product_cat":[4522],"product_tag":[6308,1273,1676,6121,1199],"class_list":{"0":"post-22895","1":"product","2":"type-product","3":"status-publish","4":"has-post-thumbnail","6":"product_cat-art-en","7":"product_tag-actors","8":"product_tag-cinema-en","9":"product_tag-movie-stars","10":"product_tag-photography","11":"product_tag-poster-en","12":"pa_author_att-alain-silver-en","13":"pa_author_att-james-ursini-en","14":"pa_cover-hardcover","15":"pa_format-14-x-195-cm-en","16":"pa_isbn-9783836561693-en","17":"pa_language-eng","18":"pa_pages-648-en","19":"pa_published-2017-10-26-en","20":"pa_publisher-taschen-en-en","22":"first","23":"instock","24":"sold-individually","25":"shipping-taxable","26":"purchasable","27":"product-type-simple"},"yoast_head":"<!-- This site is optimized with the Yoast SEO plugin v27.4 - https:\/\/yoast.com\/product\/yoast-seo-wordpress\/ -->\n<title>Film Noir (Alain Silver, James Ursini) - book \/ album - Folio<\/title>\n<meta name=\"description\" content=\"Wejd\u017a i kup ksi\u0105\u017ck\u0119 Film Noir autorstwa Alain Silver, James Ursini wydan\u0105 przez TASCHEN (2017-10-26) w formacie 14 x 19,5 cm (ISBN: 9783836561693). Zapraszamy!\" \/>\n<meta name=\"robots\" content=\"index, follow, max-snippet:-1, max-image-preview:large, max-video-preview:-1\" \/>\n<link rel=\"canonical\" href=\"https:\/\/foliobooks.pl\/en\/shop\/film-noir\/\" \/>\n<meta property=\"og:locale\" content=\"en_US\" \/>\n<meta property=\"og:type\" content=\"article\" \/>\n<meta property=\"og:title\" content=\"Film Noir (Alain Silver, James Ursini) - book \/ album - Folio\" \/>\n<meta property=\"og:description\" content=\"Wejd\u017a i kup ksi\u0105\u017ck\u0119 Film Noir autorstwa Alain Silver, James Ursini wydan\u0105 przez TASCHEN (2017-10-26) w formacie 14 x 19,5 cm (ISBN: 9783836561693). Zapraszamy!\" \/>\n<meta property=\"og:url\" content=\"https:\/\/foliobooks.pl\/en\/shop\/film-noir\/\" \/>\n<meta property=\"og:site_name\" content=\"Folio\" \/>\n<meta property=\"article:modified_time\" content=\"2019-08-13T06:34:17+00:00\" \/>\n<meta property=\"og:image\" content=\"https:\/\/foliobooks.pl\/wp-content\/uploads\/2017\/11\/9783836561693.png\" \/>\n\t<meta property=\"og:image:width\" content=\"570\" \/>\n\t<meta property=\"og:image:height\" content=\"708\" \/>\n\t<meta property=\"og:image:type\" content=\"image\/png\" \/>\n<meta name=\"twitter:card\" content=\"summary_large_image\" \/>\n<meta name=\"twitter:label1\" content=\"Est. reading time\" \/>\n\t<meta name=\"twitter:data1\" content=\"1 minute\" \/>\n<script type=\"application\/ld+json\" class=\"yoast-schema-graph\">{\"@context\":\"https:\\\/\\\/schema.org\",\"@graph\":[{\"@type\":\"WebPage\",\"@id\":\"https:\\\/\\\/foliobooks.pl\\\/en\\\/shop\\\/film-noir\\\/\",\"url\":\"https:\\\/\\\/foliobooks.pl\\\/en\\\/shop\\\/film-noir\\\/\",\"name\":\"Film Noir (Alain Silver, James Ursini) - book \\\/ album - Folio\",\"isPartOf\":{\"@id\":\"https:\\\/\\\/foliobooks.pl\\\/en\\\/#website\"},\"primaryImageOfPage\":{\"@id\":\"https:\\\/\\\/foliobooks.pl\\\/en\\\/shop\\\/film-noir\\\/#primaryimage\"},\"image\":{\"@id\":\"https:\\\/\\\/foliobooks.pl\\\/en\\\/shop\\\/film-noir\\\/#primaryimage\"},\"thumbnailUrl\":\"https:\\\/\\\/foliobooks.pl\\\/wp-content\\\/uploads\\\/2017\\\/11\\\/9783836561693.png\",\"datePublished\":\"2017-11-07T09:45:17+00:00\",\"dateModified\":\"2019-08-13T06:34:17+00:00\",\"description\":\"Wejd\u017a i kup ksi\u0105\u017ck\u0119 Film Noir autorstwa Alain Silver, James Ursini wydan\u0105 przez TASCHEN (2017-10-26) w formacie 14 x 19,5 cm (ISBN: 9783836561693). Zapraszamy!\",\"breadcrumb\":{\"@id\":\"https:\\\/\\\/foliobooks.pl\\\/en\\\/shop\\\/film-noir\\\/#breadcrumb\"},\"inLanguage\":\"en-US\",\"potentialAction\":[{\"@type\":\"ReadAction\",\"target\":[\"https:\\\/\\\/foliobooks.pl\\\/en\\\/shop\\\/film-noir\\\/\"]}]},{\"@type\":\"ImageObject\",\"inLanguage\":\"en-US\",\"@id\":\"https:\\\/\\\/foliobooks.pl\\\/en\\\/shop\\\/film-noir\\\/#primaryimage\",\"url\":\"https:\\\/\\\/foliobooks.pl\\\/wp-content\\\/uploads\\\/2017\\\/11\\\/9783836561693.png\",\"contentUrl\":\"https:\\\/\\\/foliobooks.pl\\\/wp-content\\\/uploads\\\/2017\\\/11\\\/9783836561693.png\",\"width\":570,\"height\":708},{\"@type\":\"BreadcrumbList\",\"@id\":\"https:\\\/\\\/foliobooks.pl\\\/en\\\/shop\\\/film-noir\\\/#breadcrumb\",\"itemListElement\":[{\"@type\":\"ListItem\",\"position\":1,\"name\":\"Strona g\u0142\u00f3wna\",\"item\":\"https:\\\/\\\/foliobooks.pl\\\/en\\\/\"},{\"@type\":\"ListItem\",\"position\":2,\"name\":\"Shop\",\"item\":\"https:\\\/\\\/foliobooks.pl\\\/en\\\/shop\\\/\"},{\"@type\":\"ListItem\",\"position\":3,\"name\":\"Film Noir\"}]},{\"@type\":\"WebSite\",\"@id\":\"https:\\\/\\\/foliobooks.pl\\\/en\\\/#website\",\"url\":\"https:\\\/\\\/foliobooks.pl\\\/en\\\/\",\"name\":\"Folio\",\"description\":\"Ksi\u0119garnia internetowa\",\"potentialAction\":[{\"@type\":\"SearchAction\",\"target\":{\"@type\":\"EntryPoint\",\"urlTemplate\":\"https:\\\/\\\/foliobooks.pl\\\/en\\\/?s={search_term_string}\"},\"query-input\":{\"@type\":\"PropertyValueSpecification\",\"valueRequired\":true,\"valueName\":\"search_term_string\"}}],\"inLanguage\":\"en-US\"}]}<\/script>\n<!-- \/ Yoast SEO plugin. -->","yoast_head_json":{"title":"Film Noir (Alain Silver, James Ursini) - book \/ album - Folio","description":"Wejd\u017a i kup ksi\u0105\u017ck\u0119 Film Noir autorstwa Alain Silver, James Ursini wydan\u0105 przez TASCHEN (2017-10-26) w formacie 14 x 19,5 cm (ISBN: 9783836561693). Zapraszamy!","robots":{"index":"index","follow":"follow","max-snippet":"max-snippet:-1","max-image-preview":"max-image-preview:large","max-video-preview":"max-video-preview:-1"},"canonical":"https:\/\/foliobooks.pl\/en\/shop\/film-noir\/","og_locale":"en_US","og_type":"article","og_title":"Film Noir (Alain Silver, James Ursini) - book \/ album - Folio","og_description":"Wejd\u017a i kup ksi\u0105\u017ck\u0119 Film Noir autorstwa Alain Silver, James Ursini wydan\u0105 przez TASCHEN (2017-10-26) w formacie 14 x 19,5 cm (ISBN: 9783836561693). Zapraszamy!","og_url":"https:\/\/foliobooks.pl\/en\/shop\/film-noir\/","og_site_name":"Folio","article_modified_time":"2019-08-13T06:34:17+00:00","og_image":[{"width":570,"height":708,"url":"https:\/\/foliobooks.pl\/wp-content\/uploads\/2017\/11\/9783836561693.png","type":"image\/png"}],"twitter_card":"summary_large_image","twitter_misc":{"Est. reading time":"1 minute"},"schema":{"@context":"https:\/\/schema.org","@graph":[{"@type":"WebPage","@id":"https:\/\/foliobooks.pl\/en\/shop\/film-noir\/","url":"https:\/\/foliobooks.pl\/en\/shop\/film-noir\/","name":"Film Noir (Alain Silver, James Ursini) - book \/ album - Folio","isPartOf":{"@id":"https:\/\/foliobooks.pl\/en\/#website"},"primaryImageOfPage":{"@id":"https:\/\/foliobooks.pl\/en\/shop\/film-noir\/#primaryimage"},"image":{"@id":"https:\/\/foliobooks.pl\/en\/shop\/film-noir\/#primaryimage"},"thumbnailUrl":"https:\/\/foliobooks.pl\/wp-content\/uploads\/2017\/11\/9783836561693.png","datePublished":"2017-11-07T09:45:17+00:00","dateModified":"2019-08-13T06:34:17+00:00","description":"Wejd\u017a i kup ksi\u0105\u017ck\u0119 Film Noir autorstwa Alain Silver, James Ursini wydan\u0105 przez TASCHEN (2017-10-26) w formacie 14 x 19,5 cm (ISBN: 9783836561693). Zapraszamy!","breadcrumb":{"@id":"https:\/\/foliobooks.pl\/en\/shop\/film-noir\/#breadcrumb"},"inLanguage":"en-US","potentialAction":[{"@type":"ReadAction","target":["https:\/\/foliobooks.pl\/en\/shop\/film-noir\/"]}]},{"@type":"ImageObject","inLanguage":"en-US","@id":"https:\/\/foliobooks.pl\/en\/shop\/film-noir\/#primaryimage","url":"https:\/\/foliobooks.pl\/wp-content\/uploads\/2017\/11\/9783836561693.png","contentUrl":"https:\/\/foliobooks.pl\/wp-content\/uploads\/2017\/11\/9783836561693.png","width":570,"height":708},{"@type":"BreadcrumbList","@id":"https:\/\/foliobooks.pl\/en\/shop\/film-noir\/#breadcrumb","itemListElement":[{"@type":"ListItem","position":1,"name":"Strona g\u0142\u00f3wna","item":"https:\/\/foliobooks.pl\/en\/"},{"@type":"ListItem","position":2,"name":"Shop","item":"https:\/\/foliobooks.pl\/en\/shop\/"},{"@type":"ListItem","position":3,"name":"Film Noir"}]},{"@type":"WebSite","@id":"https:\/\/foliobooks.pl\/en\/#website","url":"https:\/\/foliobooks.pl\/en\/","name":"Folio","description":"Ksi\u0119garnia internetowa","potentialAction":[{"@type":"SearchAction","target":{"@type":"EntryPoint","urlTemplate":"https:\/\/foliobooks.pl\/en\/?s={search_term_string}"},"query-input":{"@type":"PropertyValueSpecification","valueRequired":true,"valueName":"search_term_string"}}],"inLanguage":"en-US"}]}},"_links":{"self":[{"href":"https:\/\/foliobooks.pl\/en\/wp-json\/wp\/v2\/product\/22895","targetHints":{"allow":["GET"]}}],"collection":[{"href":"https:\/\/foliobooks.pl\/en\/wp-json\/wp\/v2\/product"}],"about":[{"href":"https:\/\/foliobooks.pl\/en\/wp-json\/wp\/v2\/types\/product"}],"replies":[{"embeddable":true,"href":"https:\/\/foliobooks.pl\/en\/wp-json\/wp\/v2\/comments?post=22895"}],"wp:featuredmedia":[{"embeddable":true,"href":"https:\/\/foliobooks.pl\/en\/wp-json\/wp\/v2\/media\/22886"}],"wp:attachment":[{"href":"https:\/\/foliobooks.pl\/en\/wp-json\/wp\/v2\/media?parent=22895"}],"wp:term":[{"taxonomy":"product_brand","embeddable":true,"href":"https:\/\/foliobooks.pl\/en\/wp-json\/wp\/v2\/product_brand?post=22895"},{"taxonomy":"product_cat","embeddable":true,"href":"https:\/\/foliobooks.pl\/en\/wp-json\/wp\/v2\/product_cat?post=22895"},{"taxonomy":"product_tag","embeddable":true,"href":"https:\/\/foliobooks.pl\/en\/wp-json\/wp\/v2\/product_tag?post=22895"}],"curies":[{"name":"wp","href":"https:\/\/api.w.org\/{rel}","templated":true}]}}