{"id":22829,"date":"2017-10-31T14:19:06","date_gmt":"2017-10-31T13:19:06","guid":{"rendered":"https:\/\/foliobooks.pl\/sklep\/saarinen\/"},"modified":"2019-12-12T20:07:27","modified_gmt":"2019-12-12T19:07:27","slug":"saarinen","status":"publish","type":"product","link":"https:\/\/foliobooks.pl\/en\/shop\/saarinen\/","title":{"rendered":"Saarinen"},"content":{"rendered":"<p>The creator of the ubiquitous Knoll \u201cTulip\u201d chairs and tables, Eero Saarinen (1910\u20131961) was one of the 20th century\u2019s most prominent space shapers, merging dynamic forms with a modernist sensibility across architecture and design.<\/p>\n<p>Among Saarinen\u2019s greatest accomplishments are Washington D.C.\u2019s Dulles International Airport, the very sculptural and fluid TWA terminal at JFK Airport in New York, and the 630 ft. (192 m) high Gateway Arch of St. Louis, Missouri, each of them defining structures of postwar America. Catenary curves were present in many of his structural designs. During his long association with Knoll, Saarinen\u2019s other famous furniture pieces included the \u201cGrasshopper\u201d lounge chair and the \u201cWomb\u201d settee. Married to Aline Bernstein Saarinen, a well-known critic of art and architecture, Saarinen also collaborated with Charles Eames, with whom he designed his first prize-winning chair.<\/p>\n<p>With rich illustration tracing his life and career, this introduction follows Saarinen from his studies across his training all the way to his most prestigious projects, and explores how each of his designs brought a new dimension to the modernist landscape.<\/p>\n","protected":false},"excerpt":{"rendered":"<p>The creator of the ubiquitous Knoll \u201cTulip\u201d chairs and tables, Eero Saarinen (1910\u20131961) was one of the 20th century\u2019s most prominent space shapers, merging dynamic forms with a modernist sensibility across architecture and design. Among Saarinen\u2019s greatest accomplishments are Washington D.C.\u2019s Dulles International Airport, the very sculptural and fluid TWA terminal at JFK Airport in&#8230;<\/p>\n","protected":false},"featured_media":22820,"comment_status":"closed","ping_status":"closed","template":"","meta":[],"product_brand":[],"product_cat":[4516,4523,4526],"product_tag":[10664,1126,6124,11550,4524,153,6107,474],"class_list":{"0":"post-22829","1":"product","2":"type-product","3":"status-publish","4":"has-post-thumbnail","6":"product_cat-architecture-en","7":"product_cat-design-en-en","8":"product_cat-industrial-design","9":"product_tag-america-en","10":"product_tag-architects-en","11":"product_tag-architecture-en","12":"product_tag-buildings-en","13":"product_tag-design-en-en","14":"product_tag-furniture","15":"product_tag-industrial-design","16":"product_tag-modernism-en","17":"pa_author_att-peter-gossel-en","18":"pa_author_att-pierluigi-serraino-en","19":"pa_cover-hardcover","20":"pa_format-21-x-26-cm-en","21":"pa_isbn-9783836544313-en","22":"pa_language-eng","23":"pa_pages-96-en","24":"pa_published-2017-10-10-en","25":"pa_publisher-taschen-en-en","27":"first","28":"instock","29":"sold-individually","30":"shipping-taxable","31":"purchasable","32":"product-type-simple"},"yoast_head":"<!-- This site is optimized with the Yoast SEO plugin v27.4 - https:\/\/yoast.com\/product\/yoast-seo-wordpress\/ -->\n<title>Saarinen (Peter G\u00f6ssel, Pierluigi Serraino) - book \/ album - Folio<\/title>\n<meta name=\"description\" content=\"Wejd\u017a i kup ksi\u0105\u017ck\u0119 Saarinen autorstwa Peter G\u00f6ssel, Pierluigi Serraino wydan\u0105 przez TASCHEN (2017-10-10) w formacie 21 x 26 cm (ISBN: 9783836544313). Zapraszamy!\" \/>\n<meta name=\"robots\" content=\"index, follow, max-snippet:-1, max-image-preview:large, max-video-preview:-1\" \/>\n<link rel=\"canonical\" href=\"https:\/\/foliobooks.pl\/en\/shop\/saarinen\/\" \/>\n<meta property=\"og:locale\" content=\"en_US\" \/>\n<meta property=\"og:type\" content=\"article\" \/>\n<meta property=\"og:title\" content=\"Saarinen (Peter G\u00f6ssel, Pierluigi Serraino) - book \/ album - Folio\" \/>\n<meta property=\"og:description\" content=\"Wejd\u017a i kup ksi\u0105\u017ck\u0119 Saarinen autorstwa Peter G\u00f6ssel, Pierluigi Serraino wydan\u0105 przez TASCHEN (2017-10-10) w formacie 21 x 26 cm (ISBN: 9783836544313). Zapraszamy!\" \/>\n<meta property=\"og:url\" content=\"https:\/\/foliobooks.pl\/en\/shop\/saarinen\/\" \/>\n<meta property=\"og:site_name\" content=\"Folio\" \/>\n<meta property=\"article:modified_time\" content=\"2019-12-12T19:07:27+00:00\" \/>\n<meta property=\"og:image\" content=\"https:\/\/foliobooks.pl\/wp-content\/uploads\/2017\/10\/9783836544313.png\" \/>\n\t<meta property=\"og:image:width\" content=\"570\" \/>\n\t<meta property=\"og:image:height\" content=\"708\" \/>\n\t<meta property=\"og:image:type\" content=\"image\/png\" \/>\n<meta name=\"twitter:card\" content=\"summary_large_image\" \/>\n<meta name=\"twitter:label1\" content=\"Est. reading time\" \/>\n\t<meta name=\"twitter:data1\" content=\"1 minute\" \/>\n<script type=\"application\/ld+json\" class=\"yoast-schema-graph\">{\"@context\":\"https:\\\/\\\/schema.org\",\"@graph\":[{\"@type\":\"WebPage\",\"@id\":\"https:\\\/\\\/foliobooks.pl\\\/en\\\/shop\\\/saarinen\\\/\",\"url\":\"https:\\\/\\\/foliobooks.pl\\\/en\\\/shop\\\/saarinen\\\/\",\"name\":\"Saarinen (Peter G\u00f6ssel, Pierluigi Serraino) - book \\\/ album - Folio\",\"isPartOf\":{\"@id\":\"https:\\\/\\\/foliobooks.pl\\\/en\\\/#website\"},\"primaryImageOfPage\":{\"@id\":\"https:\\\/\\\/foliobooks.pl\\\/en\\\/shop\\\/saarinen\\\/#primaryimage\"},\"image\":{\"@id\":\"https:\\\/\\\/foliobooks.pl\\\/en\\\/shop\\\/saarinen\\\/#primaryimage\"},\"thumbnailUrl\":\"https:\\\/\\\/foliobooks.pl\\\/wp-content\\\/uploads\\\/2017\\\/10\\\/9783836544313.png\",\"datePublished\":\"2017-10-31T13:19:06+00:00\",\"dateModified\":\"2019-12-12T19:07:27+00:00\",\"description\":\"Wejd\u017a i kup ksi\u0105\u017ck\u0119 Saarinen autorstwa Peter G\u00f6ssel, Pierluigi Serraino wydan\u0105 przez TASCHEN (2017-10-10) w formacie 21 x 26 cm (ISBN: 9783836544313). Zapraszamy!\",\"breadcrumb\":{\"@id\":\"https:\\\/\\\/foliobooks.pl\\\/en\\\/shop\\\/saarinen\\\/#breadcrumb\"},\"inLanguage\":\"en-US\",\"potentialAction\":[{\"@type\":\"ReadAction\",\"target\":[\"https:\\\/\\\/foliobooks.pl\\\/en\\\/shop\\\/saarinen\\\/\"]}]},{\"@type\":\"ImageObject\",\"inLanguage\":\"en-US\",\"@id\":\"https:\\\/\\\/foliobooks.pl\\\/en\\\/shop\\\/saarinen\\\/#primaryimage\",\"url\":\"https:\\\/\\\/foliobooks.pl\\\/wp-content\\\/uploads\\\/2017\\\/10\\\/9783836544313.png\",\"contentUrl\":\"https:\\\/\\\/foliobooks.pl\\\/wp-content\\\/uploads\\\/2017\\\/10\\\/9783836544313.png\",\"width\":570,\"height\":708},{\"@type\":\"BreadcrumbList\",\"@id\":\"https:\\\/\\\/foliobooks.pl\\\/en\\\/shop\\\/saarinen\\\/#breadcrumb\",\"itemListElement\":[{\"@type\":\"ListItem\",\"position\":1,\"name\":\"Strona g\u0142\u00f3wna\",\"item\":\"https:\\\/\\\/foliobooks.pl\\\/en\\\/\"},{\"@type\":\"ListItem\",\"position\":2,\"name\":\"Shop\",\"item\":\"https:\\\/\\\/foliobooks.pl\\\/en\\\/shop\\\/\"},{\"@type\":\"ListItem\",\"position\":3,\"name\":\"Saarinen\"}]},{\"@type\":\"WebSite\",\"@id\":\"https:\\\/\\\/foliobooks.pl\\\/en\\\/#website\",\"url\":\"https:\\\/\\\/foliobooks.pl\\\/en\\\/\",\"name\":\"Folio\",\"description\":\"Ksi\u0119garnia internetowa\",\"potentialAction\":[{\"@type\":\"SearchAction\",\"target\":{\"@type\":\"EntryPoint\",\"urlTemplate\":\"https:\\\/\\\/foliobooks.pl\\\/en\\\/?s={search_term_string}\"},\"query-input\":{\"@type\":\"PropertyValueSpecification\",\"valueRequired\":true,\"valueName\":\"search_term_string\"}}],\"inLanguage\":\"en-US\"}]}<\/script>\n<!-- \/ Yoast SEO plugin. -->","yoast_head_json":{"title":"Saarinen (Peter G\u00f6ssel, Pierluigi Serraino) - book \/ album - Folio","description":"Wejd\u017a i kup ksi\u0105\u017ck\u0119 Saarinen autorstwa Peter G\u00f6ssel, Pierluigi Serraino wydan\u0105 przez TASCHEN (2017-10-10) w formacie 21 x 26 cm (ISBN: 9783836544313). Zapraszamy!","robots":{"index":"index","follow":"follow","max-snippet":"max-snippet:-1","max-image-preview":"max-image-preview:large","max-video-preview":"max-video-preview:-1"},"canonical":"https:\/\/foliobooks.pl\/en\/shop\/saarinen\/","og_locale":"en_US","og_type":"article","og_title":"Saarinen (Peter G\u00f6ssel, Pierluigi Serraino) - book \/ album - Folio","og_description":"Wejd\u017a i kup ksi\u0105\u017ck\u0119 Saarinen autorstwa Peter G\u00f6ssel, Pierluigi Serraino wydan\u0105 przez TASCHEN (2017-10-10) w formacie 21 x 26 cm (ISBN: 9783836544313). Zapraszamy!","og_url":"https:\/\/foliobooks.pl\/en\/shop\/saarinen\/","og_site_name":"Folio","article_modified_time":"2019-12-12T19:07:27+00:00","og_image":[{"width":570,"height":708,"url":"https:\/\/foliobooks.pl\/wp-content\/uploads\/2017\/10\/9783836544313.png","type":"image\/png"}],"twitter_card":"summary_large_image","twitter_misc":{"Est. reading time":"1 minute"},"schema":{"@context":"https:\/\/schema.org","@graph":[{"@type":"WebPage","@id":"https:\/\/foliobooks.pl\/en\/shop\/saarinen\/","url":"https:\/\/foliobooks.pl\/en\/shop\/saarinen\/","name":"Saarinen (Peter G\u00f6ssel, Pierluigi Serraino) - book \/ album - Folio","isPartOf":{"@id":"https:\/\/foliobooks.pl\/en\/#website"},"primaryImageOfPage":{"@id":"https:\/\/foliobooks.pl\/en\/shop\/saarinen\/#primaryimage"},"image":{"@id":"https:\/\/foliobooks.pl\/en\/shop\/saarinen\/#primaryimage"},"thumbnailUrl":"https:\/\/foliobooks.pl\/wp-content\/uploads\/2017\/10\/9783836544313.png","datePublished":"2017-10-31T13:19:06+00:00","dateModified":"2019-12-12T19:07:27+00:00","description":"Wejd\u017a i kup ksi\u0105\u017ck\u0119 Saarinen autorstwa Peter G\u00f6ssel, Pierluigi Serraino wydan\u0105 przez TASCHEN (2017-10-10) w formacie 21 x 26 cm (ISBN: 9783836544313). Zapraszamy!","breadcrumb":{"@id":"https:\/\/foliobooks.pl\/en\/shop\/saarinen\/#breadcrumb"},"inLanguage":"en-US","potentialAction":[{"@type":"ReadAction","target":["https:\/\/foliobooks.pl\/en\/shop\/saarinen\/"]}]},{"@type":"ImageObject","inLanguage":"en-US","@id":"https:\/\/foliobooks.pl\/en\/shop\/saarinen\/#primaryimage","url":"https:\/\/foliobooks.pl\/wp-content\/uploads\/2017\/10\/9783836544313.png","contentUrl":"https:\/\/foliobooks.pl\/wp-content\/uploads\/2017\/10\/9783836544313.png","width":570,"height":708},{"@type":"BreadcrumbList","@id":"https:\/\/foliobooks.pl\/en\/shop\/saarinen\/#breadcrumb","itemListElement":[{"@type":"ListItem","position":1,"name":"Strona g\u0142\u00f3wna","item":"https:\/\/foliobooks.pl\/en\/"},{"@type":"ListItem","position":2,"name":"Shop","item":"https:\/\/foliobooks.pl\/en\/shop\/"},{"@type":"ListItem","position":3,"name":"Saarinen"}]},{"@type":"WebSite","@id":"https:\/\/foliobooks.pl\/en\/#website","url":"https:\/\/foliobooks.pl\/en\/","name":"Folio","description":"Ksi\u0119garnia internetowa","potentialAction":[{"@type":"SearchAction","target":{"@type":"EntryPoint","urlTemplate":"https:\/\/foliobooks.pl\/en\/?s={search_term_string}"},"query-input":{"@type":"PropertyValueSpecification","valueRequired":true,"valueName":"search_term_string"}}],"inLanguage":"en-US"}]}},"_links":{"self":[{"href":"https:\/\/foliobooks.pl\/en\/wp-json\/wp\/v2\/product\/22829","targetHints":{"allow":["GET"]}}],"collection":[{"href":"https:\/\/foliobooks.pl\/en\/wp-json\/wp\/v2\/product"}],"about":[{"href":"https:\/\/foliobooks.pl\/en\/wp-json\/wp\/v2\/types\/product"}],"replies":[{"embeddable":true,"href":"https:\/\/foliobooks.pl\/en\/wp-json\/wp\/v2\/comments?post=22829"}],"wp:featuredmedia":[{"embeddable":true,"href":"https:\/\/foliobooks.pl\/en\/wp-json\/wp\/v2\/media\/22820"}],"wp:attachment":[{"href":"https:\/\/foliobooks.pl\/en\/wp-json\/wp\/v2\/media?parent=22829"}],"wp:term":[{"taxonomy":"product_brand","embeddable":true,"href":"https:\/\/foliobooks.pl\/en\/wp-json\/wp\/v2\/product_brand?post=22829"},{"taxonomy":"product_cat","embeddable":true,"href":"https:\/\/foliobooks.pl\/en\/wp-json\/wp\/v2\/product_cat?post=22829"},{"taxonomy":"product_tag","embeddable":true,"href":"https:\/\/foliobooks.pl\/en\/wp-json\/wp\/v2\/product_tag?post=22829"}],"curies":[{"name":"wp","href":"https:\/\/api.w.org\/{rel}","templated":true}]}}