{"id":22796,"date":"2017-10-31T14:09:10","date_gmt":"2017-10-31T13:09:10","guid":{"rendered":"https:\/\/foliobooks.pl\/?post_type=product&#038;p=22796"},"modified":"2019-12-08T19:39:22","modified_gmt":"2019-12-08T18:39:22","slug":"bernhard-hartmann-new-york","status":"publish","type":"product","link":"https:\/\/foliobooks.pl\/en\/shop\/bernhard-hartmann-new-york\/","title":{"rendered":"Bernhard Hartmann. New York"},"content":{"rendered":"<p>A current portrait of Manhattan with breathtaking detailed images.<br \/>\nIncludes all of the city\u2019s architectural icons \u2014 from the Empire State Building and the Metropolitan Opera to new buildings, such as One World Trade Center.<br \/>\nA fascinating view of the city, from helicopter shots to up-close street scenes.<\/p>\n<p>New York is probably the most photographed city in the world. It is hard to resist the fascination for the Big Apple, and many have tried to visually capture the singularly unique \u201cEmpire State of Mind.\u201d It\u2019s not just the classic landmarks that belong to an emotional portrait of the metropolis, but also the bustling life in the urban canyons of Manhattan and its neighborhoods. And this is why Bernhard Hartmann never approaches New York City from just one perspective. He employs multiple angles: brilliant studies that make the sculptural details of architectural icons, both old and new, come alive, alongside snapshots of ephemeral, shadowy pedestrians hurrying by on rain-soaked asphalt illuminated by neon sign reflections. Hartmann is especially taken with the city\u2019s lights, as his black-and-white photos twinkle in an almost magical way. His color photographs possess a near-hypnotic quality that make the nighttime neon-lit streets feel like an homage to decades past, and his aerial photos almost tangibly pull you into the scene. Despite the technical refinement and exquisite detail of Hartmann\u2019s photos, their unequalled atmospheric intensity is what truly makes them special: he combines the latest photographic techniques with the glamour of historic pictures. The result is a dazzling, contemporary portrait of the most amazing city in the world, one that \u2014 like your own first visit to New York \u2014 you will never forget.<\/p>\n<p>Bernhard Hartmann was born in 1955 in Frankfurt am Main, Germany, and began working as a photographer for a major German newspaper at the age of 18. While earning his law degree, he taught himself the art of landscape and architectural photography. In addition to solo and group exhibitions his photos have appeared in international publications and won awards including Sony Awards, Epson International Pano Awards, and International Color Awards. Hartmann particularly enjoys photographing buildings devoted to the arts. He has created photo series of opera houses, theaters, and country estates in Europe. In 2016, Hartmann published his bestseller, <em>Havana<\/em>, with teNeues.<\/p>\n","protected":false},"excerpt":{"rendered":"<p>A current portrait of Manhattan with breathtaking detailed images. Includes all of the city\u2019s architectural icons \u2014 from the Empire State Building and the Metropolitan Opera to new buildings, such as One World Trade Center. A fascinating view of the city, from helicopter shots to up-close street scenes. New York is probably the most photographed&#8230;<\/p>\n","protected":false},"featured_media":22802,"comment_status":"closed","ping_status":"closed","template":"","meta":[],"product_brand":[],"product_cat":[4516,4517],"product_tag":[11540,10664,6124,11550,6143,6692,6478,6632,6121,12416,11490],"class_list":{"0":"post-22796","1":"product","2":"type-product","3":"status-publish","4":"has-post-thumbnail","6":"product_cat-architecture-en","7":"product_cat-photography-en","8":"product_tag-aerial-photography-en","9":"product_tag-america-en","10":"product_tag-architecture-en","11":"product_tag-buildings-en","12":"product_tag-city","13":"product_tag-famous-buildings","14":"product_tag-landscapes","15":"product_tag-photographers","16":"product_tag-photography","17":"product_tag-streets-en","18":"product_tag-united-states-en","19":"pa_author_att-bernhard-hartmann-en","20":"pa_cover-hardcover","21":"pa_format-275-x-34-cm-en","22":"pa_isbn-9783961710270-en","23":"pa_language-eng-f-ger","24":"pa_pages-208-en-3","25":"pa_published-2017-07-31-en","26":"pa_publisher-teneues-en","28":"first","29":"outofstock","30":"sold-individually","31":"shipping-taxable","32":"purchasable","33":"product-type-simple"},"yoast_head":"<!-- This site is optimized with the Yoast SEO plugin v27.4 - https:\/\/yoast.com\/product\/yoast-seo-wordpress\/ -->\n<title>Bernhard Hartmann. New York (Bernhard Hartmann) - book \/ album - Folio<\/title>\n<meta name=\"description\" content=\"Wejd\u017a i kup ksi\u0105\u017ck\u0119 Bernhard Hartmann. New York autorstwa Bernhard Hartmann wydan\u0105 przez teNeues (2017-07-31) w formacie 27,5 x 34 cm (ISBN: 9783961710270). Zapraszamy!\" \/>\n<meta name=\"robots\" content=\"index, follow, max-snippet:-1, max-image-preview:large, max-video-preview:-1\" \/>\n<link rel=\"canonical\" href=\"https:\/\/foliobooks.pl\/en\/shop\/bernhard-hartmann-new-york\/\" \/>\n<meta property=\"og:locale\" content=\"en_US\" \/>\n<meta property=\"og:type\" content=\"article\" \/>\n<meta property=\"og:title\" content=\"Bernhard Hartmann. New York (Bernhard Hartmann) - book \/ album - Folio\" \/>\n<meta property=\"og:description\" content=\"Wejd\u017a i kup ksi\u0105\u017ck\u0119 Bernhard Hartmann. New York autorstwa Bernhard Hartmann wydan\u0105 przez teNeues (2017-07-31) w formacie 27,5 x 34 cm (ISBN: 9783961710270). Zapraszamy!\" \/>\n<meta property=\"og:url\" content=\"https:\/\/foliobooks.pl\/en\/shop\/bernhard-hartmann-new-york\/\" \/>\n<meta property=\"og:site_name\" content=\"Folio\" \/>\n<meta property=\"article:modified_time\" content=\"2019-12-08T18:39:22+00:00\" \/>\n<meta property=\"og:image\" content=\"https:\/\/foliobooks.pl\/wp-content\/uploads\/2017\/10\/9783961710270.png\" \/>\n\t<meta property=\"og:image:width\" content=\"570\" \/>\n\t<meta property=\"og:image:height\" content=\"708\" \/>\n\t<meta property=\"og:image:type\" content=\"image\/png\" \/>\n<meta name=\"twitter:card\" content=\"summary_large_image\" \/>\n<meta name=\"twitter:label1\" content=\"Est. reading time\" \/>\n\t<meta name=\"twitter:data1\" content=\"2 minutes\" \/>\n<script type=\"application\/ld+json\" class=\"yoast-schema-graph\">{\"@context\":\"https:\\\/\\\/schema.org\",\"@graph\":[{\"@type\":\"WebPage\",\"@id\":\"https:\\\/\\\/foliobooks.pl\\\/en\\\/shop\\\/bernhard-hartmann-new-york\\\/\",\"url\":\"https:\\\/\\\/foliobooks.pl\\\/en\\\/shop\\\/bernhard-hartmann-new-york\\\/\",\"name\":\"Bernhard Hartmann. New York (Bernhard Hartmann) - book \\\/ album - Folio\",\"isPartOf\":{\"@id\":\"https:\\\/\\\/foliobooks.pl\\\/en\\\/#website\"},\"primaryImageOfPage\":{\"@id\":\"https:\\\/\\\/foliobooks.pl\\\/en\\\/shop\\\/bernhard-hartmann-new-york\\\/#primaryimage\"},\"image\":{\"@id\":\"https:\\\/\\\/foliobooks.pl\\\/en\\\/shop\\\/bernhard-hartmann-new-york\\\/#primaryimage\"},\"thumbnailUrl\":\"https:\\\/\\\/foliobooks.pl\\\/wp-content\\\/uploads\\\/2017\\\/10\\\/9783961710270.png\",\"datePublished\":\"2017-10-31T13:09:10+00:00\",\"dateModified\":\"2019-12-08T18:39:22+00:00\",\"description\":\"Wejd\u017a i kup ksi\u0105\u017ck\u0119 Bernhard Hartmann. New York autorstwa Bernhard Hartmann wydan\u0105 przez teNeues (2017-07-31) w formacie 27,5 x 34 cm (ISBN: 9783961710270). Zapraszamy!\",\"breadcrumb\":{\"@id\":\"https:\\\/\\\/foliobooks.pl\\\/en\\\/shop\\\/bernhard-hartmann-new-york\\\/#breadcrumb\"},\"inLanguage\":\"en-US\",\"potentialAction\":[{\"@type\":\"ReadAction\",\"target\":[\"https:\\\/\\\/foliobooks.pl\\\/en\\\/shop\\\/bernhard-hartmann-new-york\\\/\"]}]},{\"@type\":\"ImageObject\",\"inLanguage\":\"en-US\",\"@id\":\"https:\\\/\\\/foliobooks.pl\\\/en\\\/shop\\\/bernhard-hartmann-new-york\\\/#primaryimage\",\"url\":\"https:\\\/\\\/foliobooks.pl\\\/wp-content\\\/uploads\\\/2017\\\/10\\\/9783961710270.png\",\"contentUrl\":\"https:\\\/\\\/foliobooks.pl\\\/wp-content\\\/uploads\\\/2017\\\/10\\\/9783961710270.png\",\"width\":570,\"height\":708},{\"@type\":\"BreadcrumbList\",\"@id\":\"https:\\\/\\\/foliobooks.pl\\\/en\\\/shop\\\/bernhard-hartmann-new-york\\\/#breadcrumb\",\"itemListElement\":[{\"@type\":\"ListItem\",\"position\":1,\"name\":\"Strona g\u0142\u00f3wna\",\"item\":\"https:\\\/\\\/foliobooks.pl\\\/en\\\/\"},{\"@type\":\"ListItem\",\"position\":2,\"name\":\"Shop\",\"item\":\"https:\\\/\\\/foliobooks.pl\\\/en\\\/shop\\\/\"},{\"@type\":\"ListItem\",\"position\":3,\"name\":\"Bernhard Hartmann. New York\"}]},{\"@type\":\"WebSite\",\"@id\":\"https:\\\/\\\/foliobooks.pl\\\/en\\\/#website\",\"url\":\"https:\\\/\\\/foliobooks.pl\\\/en\\\/\",\"name\":\"Folio\",\"description\":\"Ksi\u0119garnia internetowa\",\"potentialAction\":[{\"@type\":\"SearchAction\",\"target\":{\"@type\":\"EntryPoint\",\"urlTemplate\":\"https:\\\/\\\/foliobooks.pl\\\/en\\\/?s={search_term_string}\"},\"query-input\":{\"@type\":\"PropertyValueSpecification\",\"valueRequired\":true,\"valueName\":\"search_term_string\"}}],\"inLanguage\":\"en-US\"}]}<\/script>\n<!-- \/ Yoast SEO plugin. -->","yoast_head_json":{"title":"Bernhard Hartmann. New York (Bernhard Hartmann) - book \/ album - Folio","description":"Wejd\u017a i kup ksi\u0105\u017ck\u0119 Bernhard Hartmann. New York autorstwa Bernhard Hartmann wydan\u0105 przez teNeues (2017-07-31) w formacie 27,5 x 34 cm (ISBN: 9783961710270). Zapraszamy!","robots":{"index":"index","follow":"follow","max-snippet":"max-snippet:-1","max-image-preview":"max-image-preview:large","max-video-preview":"max-video-preview:-1"},"canonical":"https:\/\/foliobooks.pl\/en\/shop\/bernhard-hartmann-new-york\/","og_locale":"en_US","og_type":"article","og_title":"Bernhard Hartmann. New York (Bernhard Hartmann) - book \/ album - Folio","og_description":"Wejd\u017a i kup ksi\u0105\u017ck\u0119 Bernhard Hartmann. New York autorstwa Bernhard Hartmann wydan\u0105 przez teNeues (2017-07-31) w formacie 27,5 x 34 cm (ISBN: 9783961710270). Zapraszamy!","og_url":"https:\/\/foliobooks.pl\/en\/shop\/bernhard-hartmann-new-york\/","og_site_name":"Folio","article_modified_time":"2019-12-08T18:39:22+00:00","og_image":[{"width":570,"height":708,"url":"https:\/\/foliobooks.pl\/wp-content\/uploads\/2017\/10\/9783961710270.png","type":"image\/png"}],"twitter_card":"summary_large_image","twitter_misc":{"Est. reading time":"2 minutes"},"schema":{"@context":"https:\/\/schema.org","@graph":[{"@type":"WebPage","@id":"https:\/\/foliobooks.pl\/en\/shop\/bernhard-hartmann-new-york\/","url":"https:\/\/foliobooks.pl\/en\/shop\/bernhard-hartmann-new-york\/","name":"Bernhard Hartmann. New York (Bernhard Hartmann) - book \/ album - Folio","isPartOf":{"@id":"https:\/\/foliobooks.pl\/en\/#website"},"primaryImageOfPage":{"@id":"https:\/\/foliobooks.pl\/en\/shop\/bernhard-hartmann-new-york\/#primaryimage"},"image":{"@id":"https:\/\/foliobooks.pl\/en\/shop\/bernhard-hartmann-new-york\/#primaryimage"},"thumbnailUrl":"https:\/\/foliobooks.pl\/wp-content\/uploads\/2017\/10\/9783961710270.png","datePublished":"2017-10-31T13:09:10+00:00","dateModified":"2019-12-08T18:39:22+00:00","description":"Wejd\u017a i kup ksi\u0105\u017ck\u0119 Bernhard Hartmann. New York autorstwa Bernhard Hartmann wydan\u0105 przez teNeues (2017-07-31) w formacie 27,5 x 34 cm (ISBN: 9783961710270). Zapraszamy!","breadcrumb":{"@id":"https:\/\/foliobooks.pl\/en\/shop\/bernhard-hartmann-new-york\/#breadcrumb"},"inLanguage":"en-US","potentialAction":[{"@type":"ReadAction","target":["https:\/\/foliobooks.pl\/en\/shop\/bernhard-hartmann-new-york\/"]}]},{"@type":"ImageObject","inLanguage":"en-US","@id":"https:\/\/foliobooks.pl\/en\/shop\/bernhard-hartmann-new-york\/#primaryimage","url":"https:\/\/foliobooks.pl\/wp-content\/uploads\/2017\/10\/9783961710270.png","contentUrl":"https:\/\/foliobooks.pl\/wp-content\/uploads\/2017\/10\/9783961710270.png","width":570,"height":708},{"@type":"BreadcrumbList","@id":"https:\/\/foliobooks.pl\/en\/shop\/bernhard-hartmann-new-york\/#breadcrumb","itemListElement":[{"@type":"ListItem","position":1,"name":"Strona g\u0142\u00f3wna","item":"https:\/\/foliobooks.pl\/en\/"},{"@type":"ListItem","position":2,"name":"Shop","item":"https:\/\/foliobooks.pl\/en\/shop\/"},{"@type":"ListItem","position":3,"name":"Bernhard Hartmann. New York"}]},{"@type":"WebSite","@id":"https:\/\/foliobooks.pl\/en\/#website","url":"https:\/\/foliobooks.pl\/en\/","name":"Folio","description":"Ksi\u0119garnia internetowa","potentialAction":[{"@type":"SearchAction","target":{"@type":"EntryPoint","urlTemplate":"https:\/\/foliobooks.pl\/en\/?s={search_term_string}"},"query-input":{"@type":"PropertyValueSpecification","valueRequired":true,"valueName":"search_term_string"}}],"inLanguage":"en-US"}]}},"_links":{"self":[{"href":"https:\/\/foliobooks.pl\/en\/wp-json\/wp\/v2\/product\/22796","targetHints":{"allow":["GET"]}}],"collection":[{"href":"https:\/\/foliobooks.pl\/en\/wp-json\/wp\/v2\/product"}],"about":[{"href":"https:\/\/foliobooks.pl\/en\/wp-json\/wp\/v2\/types\/product"}],"replies":[{"embeddable":true,"href":"https:\/\/foliobooks.pl\/en\/wp-json\/wp\/v2\/comments?post=22796"}],"wp:featuredmedia":[{"embeddable":true,"href":"https:\/\/foliobooks.pl\/en\/wp-json\/wp\/v2\/media\/22802"}],"wp:attachment":[{"href":"https:\/\/foliobooks.pl\/en\/wp-json\/wp\/v2\/media?parent=22796"}],"wp:term":[{"taxonomy":"product_brand","embeddable":true,"href":"https:\/\/foliobooks.pl\/en\/wp-json\/wp\/v2\/product_brand?post=22796"},{"taxonomy":"product_cat","embeddable":true,"href":"https:\/\/foliobooks.pl\/en\/wp-json\/wp\/v2\/product_cat?post=22796"},{"taxonomy":"product_tag","embeddable":true,"href":"https:\/\/foliobooks.pl\/en\/wp-json\/wp\/v2\/product_tag?post=22796"}],"curies":[{"name":"wp","href":"https:\/\/api.w.org\/{rel}","templated":true}]}}