{"id":21993,"date":"2017-10-13T12:16:50","date_gmt":"2017-10-13T10:16:50","guid":{"rendered":"https:\/\/foliobooks.pl\/sklep\/film-posters-of-the-russian-avant-garde\/"},"modified":"2022-09-20T12:59:45","modified_gmt":"2022-09-20T10:59:45","slug":"film-posters-of-the-russian-avant-garde","status":"publish","type":"product","link":"https:\/\/foliobooks.pl\/en\/shop\/film-posters-of-the-russian-avant-garde\/","title":{"rendered":"Film Posters of the Russian Avant-Garde"},"content":{"rendered":"<p>At the intersection of the visual, graphic, and cinematic arts, film posters are a unique and thrilling record of a particular cultural Zeitgeist. This book brings together 250 posters from the pre-Stalin Soviet Union of the 1920s and 1930s to explore the energy and invention of this period, before Soviet Realism became the official art doctrine.<\/p>\n<p>Drawn from the private collection of connoisseur Susan Pack, the selection includes the work of 27 different artists. From bold figuration to architectural elements, each artist displays a distinct style and aesthetic, as much as they collectively eschew the glamour of Hollywood for more stark, striking, even challenging images, often marked by unusual angles, dynamic compositions, and startling close-ups.<\/p>\n","protected":false},"excerpt":{"rendered":"<p>At the intersection of the visual, graphic, and cinematic arts, film posters are a unique and thrilling record of a particular cultural Zeitgeist. This book brings together 250 posters from the pre-Stalin Soviet Union of the 1920s and 1930s to explore the energy and invention of this period, before Soviet Realism became the official art&#8230;<\/p>\n","protected":false},"featured_media":21984,"comment_status":"closed","ping_status":"closed","template":"","meta":[],"product_brand":[],"product_cat":[4522,4523,4525],"product_tag":[1273,2253,1649,1199],"class_list":{"0":"post-21993","1":"product","2":"type-product","3":"status-publish","4":"has-post-thumbnail","6":"product_cat-art-en","7":"product_cat-design-en-en","8":"product_cat-graphic-design","9":"product_tag-cinema-en","10":"product_tag-graphics","11":"product_tag-illustration","12":"product_tag-poster-en","13":"pa_author_att-susan-pack-en","14":"pa_cover-hardcover","15":"pa_format-14-x-195-cm-en","16":"pa_isbn-9783836559485-en","17":"pa_language-eng-f-ger","18":"pa_pages-520-en","19":"pa_published-2017-10-06-en","20":"pa_publisher-taschen-en-en","22":"first","23":"outofstock","24":"sold-individually","25":"shipping-taxable","26":"purchasable","27":"product-type-simple"},"yoast_head":"<!-- This site is optimized with the Yoast SEO plugin v27.4 - https:\/\/yoast.com\/product\/yoast-seo-wordpress\/ -->\n<title>Film Posters of the Russian Avant-Garde (Susan Pack) - book \/ album - Folio<\/title>\n<meta name=\"description\" content=\"Wejd\u017a i kup ksi\u0105\u017ck\u0119 Film Posters of the Russian Avant-Garde autorstwa Susan Pack wydan\u0105 przez TASCHEN (2017-10-06) w formacie 14 x 19,5 cm (ISBN: 9783836559485). Zapraszamy!\" \/>\n<meta name=\"robots\" content=\"index, follow, max-snippet:-1, max-image-preview:large, max-video-preview:-1\" \/>\n<link rel=\"canonical\" href=\"https:\/\/foliobooks.pl\/en\/shop\/film-posters-of-the-russian-avant-garde\/\" \/>\n<meta property=\"og:locale\" content=\"en_US\" \/>\n<meta property=\"og:type\" content=\"article\" \/>\n<meta property=\"og:title\" content=\"Film Posters of the Russian Avant-Garde (Susan Pack) - book \/ album - Folio\" \/>\n<meta property=\"og:description\" content=\"Wejd\u017a i kup ksi\u0105\u017ck\u0119 Film Posters of the Russian Avant-Garde autorstwa Susan Pack wydan\u0105 przez TASCHEN (2017-10-06) w formacie 14 x 19,5 cm (ISBN: 9783836559485). Zapraszamy!\" \/>\n<meta property=\"og:url\" content=\"https:\/\/foliobooks.pl\/en\/shop\/film-posters-of-the-russian-avant-garde\/\" \/>\n<meta property=\"og:site_name\" content=\"Folio\" \/>\n<meta property=\"article:modified_time\" content=\"2022-09-20T10:59:45+00:00\" \/>\n<meta property=\"og:image\" content=\"https:\/\/foliobooks.pl\/wp-content\/uploads\/2017\/10\/9783836559485.png\" \/>\n\t<meta property=\"og:image:width\" content=\"570\" \/>\n\t<meta property=\"og:image:height\" content=\"708\" \/>\n\t<meta property=\"og:image:type\" content=\"image\/png\" \/>\n<meta name=\"twitter:card\" content=\"summary_large_image\" \/>\n<meta name=\"twitter:label1\" content=\"Est. reading time\" \/>\n\t<meta name=\"twitter:data1\" content=\"1 minute\" \/>\n<script type=\"application\/ld+json\" class=\"yoast-schema-graph\">{\"@context\":\"https:\\\/\\\/schema.org\",\"@graph\":[{\"@type\":\"WebPage\",\"@id\":\"https:\\\/\\\/foliobooks.pl\\\/en\\\/shop\\\/film-posters-of-the-russian-avant-garde\\\/\",\"url\":\"https:\\\/\\\/foliobooks.pl\\\/en\\\/shop\\\/film-posters-of-the-russian-avant-garde\\\/\",\"name\":\"Film Posters of the Russian Avant-Garde (Susan Pack) - book \\\/ album - Folio\",\"isPartOf\":{\"@id\":\"https:\\\/\\\/foliobooks.pl\\\/en\\\/#website\"},\"primaryImageOfPage\":{\"@id\":\"https:\\\/\\\/foliobooks.pl\\\/en\\\/shop\\\/film-posters-of-the-russian-avant-garde\\\/#primaryimage\"},\"image\":{\"@id\":\"https:\\\/\\\/foliobooks.pl\\\/en\\\/shop\\\/film-posters-of-the-russian-avant-garde\\\/#primaryimage\"},\"thumbnailUrl\":\"https:\\\/\\\/foliobooks.pl\\\/wp-content\\\/uploads\\\/2017\\\/10\\\/9783836559485.png\",\"datePublished\":\"2017-10-13T10:16:50+00:00\",\"dateModified\":\"2022-09-20T10:59:45+00:00\",\"description\":\"Wejd\u017a i kup ksi\u0105\u017ck\u0119 Film Posters of the Russian Avant-Garde autorstwa Susan Pack wydan\u0105 przez TASCHEN (2017-10-06) w formacie 14 x 19,5 cm (ISBN: 9783836559485). Zapraszamy!\",\"breadcrumb\":{\"@id\":\"https:\\\/\\\/foliobooks.pl\\\/en\\\/shop\\\/film-posters-of-the-russian-avant-garde\\\/#breadcrumb\"},\"inLanguage\":\"en-US\",\"potentialAction\":[{\"@type\":\"ReadAction\",\"target\":[\"https:\\\/\\\/foliobooks.pl\\\/en\\\/shop\\\/film-posters-of-the-russian-avant-garde\\\/\"]}]},{\"@type\":\"ImageObject\",\"inLanguage\":\"en-US\",\"@id\":\"https:\\\/\\\/foliobooks.pl\\\/en\\\/shop\\\/film-posters-of-the-russian-avant-garde\\\/#primaryimage\",\"url\":\"https:\\\/\\\/foliobooks.pl\\\/wp-content\\\/uploads\\\/2017\\\/10\\\/9783836559485.png\",\"contentUrl\":\"https:\\\/\\\/foliobooks.pl\\\/wp-content\\\/uploads\\\/2017\\\/10\\\/9783836559485.png\",\"width\":570,\"height\":708},{\"@type\":\"BreadcrumbList\",\"@id\":\"https:\\\/\\\/foliobooks.pl\\\/en\\\/shop\\\/film-posters-of-the-russian-avant-garde\\\/#breadcrumb\",\"itemListElement\":[{\"@type\":\"ListItem\",\"position\":1,\"name\":\"Strona g\u0142\u00f3wna\",\"item\":\"https:\\\/\\\/foliobooks.pl\\\/en\\\/\"},{\"@type\":\"ListItem\",\"position\":2,\"name\":\"Shop\",\"item\":\"https:\\\/\\\/foliobooks.pl\\\/en\\\/shop\\\/\"},{\"@type\":\"ListItem\",\"position\":3,\"name\":\"Film Posters of the Russian Avant-Garde\"}]},{\"@type\":\"WebSite\",\"@id\":\"https:\\\/\\\/foliobooks.pl\\\/en\\\/#website\",\"url\":\"https:\\\/\\\/foliobooks.pl\\\/en\\\/\",\"name\":\"Folio\",\"description\":\"Ksi\u0119garnia internetowa\",\"potentialAction\":[{\"@type\":\"SearchAction\",\"target\":{\"@type\":\"EntryPoint\",\"urlTemplate\":\"https:\\\/\\\/foliobooks.pl\\\/en\\\/?s={search_term_string}\"},\"query-input\":{\"@type\":\"PropertyValueSpecification\",\"valueRequired\":true,\"valueName\":\"search_term_string\"}}],\"inLanguage\":\"en-US\"}]}<\/script>\n<!-- \/ Yoast SEO plugin. -->","yoast_head_json":{"title":"Film Posters of the Russian Avant-Garde (Susan Pack) - book \/ album - Folio","description":"Wejd\u017a i kup ksi\u0105\u017ck\u0119 Film Posters of the Russian Avant-Garde autorstwa Susan Pack wydan\u0105 przez TASCHEN (2017-10-06) w formacie 14 x 19,5 cm (ISBN: 9783836559485). Zapraszamy!","robots":{"index":"index","follow":"follow","max-snippet":"max-snippet:-1","max-image-preview":"max-image-preview:large","max-video-preview":"max-video-preview:-1"},"canonical":"https:\/\/foliobooks.pl\/en\/shop\/film-posters-of-the-russian-avant-garde\/","og_locale":"en_US","og_type":"article","og_title":"Film Posters of the Russian Avant-Garde (Susan Pack) - book \/ album - Folio","og_description":"Wejd\u017a i kup ksi\u0105\u017ck\u0119 Film Posters of the Russian Avant-Garde autorstwa Susan Pack wydan\u0105 przez TASCHEN (2017-10-06) w formacie 14 x 19,5 cm (ISBN: 9783836559485). Zapraszamy!","og_url":"https:\/\/foliobooks.pl\/en\/shop\/film-posters-of-the-russian-avant-garde\/","og_site_name":"Folio","article_modified_time":"2022-09-20T10:59:45+00:00","og_image":[{"width":570,"height":708,"url":"https:\/\/foliobooks.pl\/wp-content\/uploads\/2017\/10\/9783836559485.png","type":"image\/png"}],"twitter_card":"summary_large_image","twitter_misc":{"Est. reading time":"1 minute"},"schema":{"@context":"https:\/\/schema.org","@graph":[{"@type":"WebPage","@id":"https:\/\/foliobooks.pl\/en\/shop\/film-posters-of-the-russian-avant-garde\/","url":"https:\/\/foliobooks.pl\/en\/shop\/film-posters-of-the-russian-avant-garde\/","name":"Film Posters of the Russian Avant-Garde (Susan Pack) - book \/ album - Folio","isPartOf":{"@id":"https:\/\/foliobooks.pl\/en\/#website"},"primaryImageOfPage":{"@id":"https:\/\/foliobooks.pl\/en\/shop\/film-posters-of-the-russian-avant-garde\/#primaryimage"},"image":{"@id":"https:\/\/foliobooks.pl\/en\/shop\/film-posters-of-the-russian-avant-garde\/#primaryimage"},"thumbnailUrl":"https:\/\/foliobooks.pl\/wp-content\/uploads\/2017\/10\/9783836559485.png","datePublished":"2017-10-13T10:16:50+00:00","dateModified":"2022-09-20T10:59:45+00:00","description":"Wejd\u017a i kup ksi\u0105\u017ck\u0119 Film Posters of the Russian Avant-Garde autorstwa Susan Pack wydan\u0105 przez TASCHEN (2017-10-06) w formacie 14 x 19,5 cm (ISBN: 9783836559485). Zapraszamy!","breadcrumb":{"@id":"https:\/\/foliobooks.pl\/en\/shop\/film-posters-of-the-russian-avant-garde\/#breadcrumb"},"inLanguage":"en-US","potentialAction":[{"@type":"ReadAction","target":["https:\/\/foliobooks.pl\/en\/shop\/film-posters-of-the-russian-avant-garde\/"]}]},{"@type":"ImageObject","inLanguage":"en-US","@id":"https:\/\/foliobooks.pl\/en\/shop\/film-posters-of-the-russian-avant-garde\/#primaryimage","url":"https:\/\/foliobooks.pl\/wp-content\/uploads\/2017\/10\/9783836559485.png","contentUrl":"https:\/\/foliobooks.pl\/wp-content\/uploads\/2017\/10\/9783836559485.png","width":570,"height":708},{"@type":"BreadcrumbList","@id":"https:\/\/foliobooks.pl\/en\/shop\/film-posters-of-the-russian-avant-garde\/#breadcrumb","itemListElement":[{"@type":"ListItem","position":1,"name":"Strona g\u0142\u00f3wna","item":"https:\/\/foliobooks.pl\/en\/"},{"@type":"ListItem","position":2,"name":"Shop","item":"https:\/\/foliobooks.pl\/en\/shop\/"},{"@type":"ListItem","position":3,"name":"Film Posters of the Russian Avant-Garde"}]},{"@type":"WebSite","@id":"https:\/\/foliobooks.pl\/en\/#website","url":"https:\/\/foliobooks.pl\/en\/","name":"Folio","description":"Ksi\u0119garnia internetowa","potentialAction":[{"@type":"SearchAction","target":{"@type":"EntryPoint","urlTemplate":"https:\/\/foliobooks.pl\/en\/?s={search_term_string}"},"query-input":{"@type":"PropertyValueSpecification","valueRequired":true,"valueName":"search_term_string"}}],"inLanguage":"en-US"}]}},"_links":{"self":[{"href":"https:\/\/foliobooks.pl\/en\/wp-json\/wp\/v2\/product\/21993","targetHints":{"allow":["GET"]}}],"collection":[{"href":"https:\/\/foliobooks.pl\/en\/wp-json\/wp\/v2\/product"}],"about":[{"href":"https:\/\/foliobooks.pl\/en\/wp-json\/wp\/v2\/types\/product"}],"replies":[{"embeddable":true,"href":"https:\/\/foliobooks.pl\/en\/wp-json\/wp\/v2\/comments?post=21993"}],"wp:featuredmedia":[{"embeddable":true,"href":"https:\/\/foliobooks.pl\/en\/wp-json\/wp\/v2\/media\/21984"}],"wp:attachment":[{"href":"https:\/\/foliobooks.pl\/en\/wp-json\/wp\/v2\/media?parent=21993"}],"wp:term":[{"taxonomy":"product_brand","embeddable":true,"href":"https:\/\/foliobooks.pl\/en\/wp-json\/wp\/v2\/product_brand?post=21993"},{"taxonomy":"product_cat","embeddable":true,"href":"https:\/\/foliobooks.pl\/en\/wp-json\/wp\/v2\/product_cat?post=21993"},{"taxonomy":"product_tag","embeddable":true,"href":"https:\/\/foliobooks.pl\/en\/wp-json\/wp\/v2\/product_tag?post=21993"}],"curies":[{"name":"wp","href":"https:\/\/api.w.org\/{rel}","templated":true}]}}