{"id":21888,"date":"2017-10-10T12:05:19","date_gmt":"2017-10-10T10:05:19","guid":{"rendered":"https:\/\/foliobooks.pl\/sklep\/dior-by-christian-dior\/"},"modified":"2019-11-27T11:36:50","modified_gmt":"2019-11-27T10:36:50","slug":"dior-by-christian-dior","status":"publish","type":"product","link":"https:\/\/foliobooks.pl\/en\/shop\/dior-by-christian-dior\/","title":{"rendered":"Dior By Christian Dior"},"content":{"rendered":"<p>In celebration of the seventieth anniversary of the founding of the house of Dior comes the first volume in a series devoted to each designer of the couture house. <em>Dior by Christian Dior<\/em> is the ultimate compendium of the most iconic haute couture designs conceived by Christian Dior. Carefully conserved in the world\u2019s great museums and institutions, these fashion treasures have been photographed and exclusively compiled for this indispensable collection.<\/p>\n<p>&nbsp;<\/p>\n","protected":false},"excerpt":{"rendered":"<p>In celebration of the seventieth anniversary of the founding of the house of Dior comes the first volume in a series devoted to each designer of the couture house. Dior by Christian Dior is the ultimate compendium of the most iconic haute couture designs conceived by Christian Dior. Carefully conserved in the world\u2019s great museums&#8230;<\/p>\n","protected":false},"featured_media":21879,"comment_status":"closed","ping_status":"closed","template":"","meta":[],"product_brand":[],"product_cat":[4519],"product_tag":[1156,2767,4524,157,6125,11253,11476,1146,154,4900,11261],"class_list":{"0":"post-21888","1":"product","2":"type-product","3":"status-publish","4":"has-post-thumbnail","6":"product_cat-fashion-en-en","7":"product_tag-appliedarts-en","8":"product_tag-art-history","9":"product_tag-design-en-en","10":"product_tag-designers","11":"product_tag-fashion","12":"product_tag-fashion-design-en","13":"product_tag-france-en","14":"product_tag-great-masters-en","15":"product_tag-monographs","16":"product_tag-style-en-en","17":"product_tag-wear-en","18":"pa_author_att-olivier-saillard-en","19":"pa_cover-hardcover","20":"pa_format-30-x-37-cm-en","21":"pa_isbn-9781614285489-en","22":"pa_language-eng","23":"pa_pages-504-en","24":"pa_published-2017-02-21-en","25":"pa_publisher-assouline-en","27":"first","28":"outofstock","29":"sold-individually","30":"shipping-taxable","31":"purchasable","32":"product-type-simple"},"yoast_head":"<!-- This site is optimized with the Yoast SEO plugin v27.4 - https:\/\/yoast.com\/product\/yoast-seo-wordpress\/ -->\n<title>Dior By Christian Dior (Olivier Saillard) - book \/ album - Folio<\/title>\n<meta name=\"description\" content=\"Wejd\u017a i kup ksi\u0105\u017ck\u0119 Dior By Christian Dior autorstwa Olivier Saillard wydan\u0105 przez Assouline (2017-02-21) w formacie 30 x 37 cm (ISBN: 9781614285489). Zapraszamy!\" \/>\n<meta name=\"robots\" content=\"index, follow, max-snippet:-1, max-image-preview:large, max-video-preview:-1\" \/>\n<link rel=\"canonical\" href=\"https:\/\/foliobooks.pl\/en\/shop\/dior-by-christian-dior\/\" \/>\n<meta property=\"og:locale\" content=\"en_US\" \/>\n<meta property=\"og:type\" content=\"article\" \/>\n<meta property=\"og:title\" content=\"Dior By Christian Dior (Olivier Saillard) - book \/ album - Folio\" \/>\n<meta property=\"og:description\" content=\"Wejd\u017a i kup ksi\u0105\u017ck\u0119 Dior By Christian Dior autorstwa Olivier Saillard wydan\u0105 przez Assouline (2017-02-21) w formacie 30 x 37 cm (ISBN: 9781614285489). Zapraszamy!\" \/>\n<meta property=\"og:url\" content=\"https:\/\/foliobooks.pl\/en\/shop\/dior-by-christian-dior\/\" \/>\n<meta property=\"og:site_name\" content=\"Folio\" \/>\n<meta property=\"article:modified_time\" content=\"2019-11-27T10:36:50+00:00\" \/>\n<meta property=\"og:image\" content=\"https:\/\/foliobooks.pl\/wp-content\/uploads\/2017\/10\/9781614285489.png\" \/>\n\t<meta property=\"og:image:width\" content=\"570\" \/>\n\t<meta property=\"og:image:height\" content=\"708\" \/>\n\t<meta property=\"og:image:type\" content=\"image\/png\" \/>\n<meta name=\"twitter:card\" content=\"summary_large_image\" \/>\n<script type=\"application\/ld+json\" class=\"yoast-schema-graph\">{\"@context\":\"https:\\\/\\\/schema.org\",\"@graph\":[{\"@type\":\"WebPage\",\"@id\":\"https:\\\/\\\/foliobooks.pl\\\/en\\\/shop\\\/dior-by-christian-dior\\\/\",\"url\":\"https:\\\/\\\/foliobooks.pl\\\/en\\\/shop\\\/dior-by-christian-dior\\\/\",\"name\":\"Dior By Christian Dior (Olivier Saillard) - book \\\/ album - Folio\",\"isPartOf\":{\"@id\":\"https:\\\/\\\/foliobooks.pl\\\/en\\\/#website\"},\"primaryImageOfPage\":{\"@id\":\"https:\\\/\\\/foliobooks.pl\\\/en\\\/shop\\\/dior-by-christian-dior\\\/#primaryimage\"},\"image\":{\"@id\":\"https:\\\/\\\/foliobooks.pl\\\/en\\\/shop\\\/dior-by-christian-dior\\\/#primaryimage\"},\"thumbnailUrl\":\"https:\\\/\\\/foliobooks.pl\\\/wp-content\\\/uploads\\\/2017\\\/10\\\/9781614285489.png\",\"datePublished\":\"2017-10-10T10:05:19+00:00\",\"dateModified\":\"2019-11-27T10:36:50+00:00\",\"description\":\"Wejd\u017a i kup ksi\u0105\u017ck\u0119 Dior By Christian Dior autorstwa Olivier Saillard wydan\u0105 przez Assouline (2017-02-21) w formacie 30 x 37 cm (ISBN: 9781614285489). Zapraszamy!\",\"breadcrumb\":{\"@id\":\"https:\\\/\\\/foliobooks.pl\\\/en\\\/shop\\\/dior-by-christian-dior\\\/#breadcrumb\"},\"inLanguage\":\"en-US\",\"potentialAction\":[{\"@type\":\"ReadAction\",\"target\":[\"https:\\\/\\\/foliobooks.pl\\\/en\\\/shop\\\/dior-by-christian-dior\\\/\"]}]},{\"@type\":\"ImageObject\",\"inLanguage\":\"en-US\",\"@id\":\"https:\\\/\\\/foliobooks.pl\\\/en\\\/shop\\\/dior-by-christian-dior\\\/#primaryimage\",\"url\":\"https:\\\/\\\/foliobooks.pl\\\/wp-content\\\/uploads\\\/2017\\\/10\\\/9781614285489.png\",\"contentUrl\":\"https:\\\/\\\/foliobooks.pl\\\/wp-content\\\/uploads\\\/2017\\\/10\\\/9781614285489.png\",\"width\":570,\"height\":708},{\"@type\":\"BreadcrumbList\",\"@id\":\"https:\\\/\\\/foliobooks.pl\\\/en\\\/shop\\\/dior-by-christian-dior\\\/#breadcrumb\",\"itemListElement\":[{\"@type\":\"ListItem\",\"position\":1,\"name\":\"Strona g\u0142\u00f3wna\",\"item\":\"https:\\\/\\\/foliobooks.pl\\\/en\\\/\"},{\"@type\":\"ListItem\",\"position\":2,\"name\":\"Shop\",\"item\":\"https:\\\/\\\/foliobooks.pl\\\/en\\\/shop\\\/\"},{\"@type\":\"ListItem\",\"position\":3,\"name\":\"Dior By Christian Dior\"}]},{\"@type\":\"WebSite\",\"@id\":\"https:\\\/\\\/foliobooks.pl\\\/en\\\/#website\",\"url\":\"https:\\\/\\\/foliobooks.pl\\\/en\\\/\",\"name\":\"Folio\",\"description\":\"Ksi\u0119garnia internetowa\",\"potentialAction\":[{\"@type\":\"SearchAction\",\"target\":{\"@type\":\"EntryPoint\",\"urlTemplate\":\"https:\\\/\\\/foliobooks.pl\\\/en\\\/?s={search_term_string}\"},\"query-input\":{\"@type\":\"PropertyValueSpecification\",\"valueRequired\":true,\"valueName\":\"search_term_string\"}}],\"inLanguage\":\"en-US\"}]}<\/script>\n<!-- \/ Yoast SEO plugin. -->","yoast_head_json":{"title":"Dior By Christian Dior (Olivier Saillard) - book \/ album - Folio","description":"Wejd\u017a i kup ksi\u0105\u017ck\u0119 Dior By Christian Dior autorstwa Olivier Saillard wydan\u0105 przez Assouline (2017-02-21) w formacie 30 x 37 cm (ISBN: 9781614285489). Zapraszamy!","robots":{"index":"index","follow":"follow","max-snippet":"max-snippet:-1","max-image-preview":"max-image-preview:large","max-video-preview":"max-video-preview:-1"},"canonical":"https:\/\/foliobooks.pl\/en\/shop\/dior-by-christian-dior\/","og_locale":"en_US","og_type":"article","og_title":"Dior By Christian Dior (Olivier Saillard) - book \/ album - Folio","og_description":"Wejd\u017a i kup ksi\u0105\u017ck\u0119 Dior By Christian Dior autorstwa Olivier Saillard wydan\u0105 przez Assouline (2017-02-21) w formacie 30 x 37 cm (ISBN: 9781614285489). Zapraszamy!","og_url":"https:\/\/foliobooks.pl\/en\/shop\/dior-by-christian-dior\/","og_site_name":"Folio","article_modified_time":"2019-11-27T10:36:50+00:00","og_image":[{"width":570,"height":708,"url":"https:\/\/foliobooks.pl\/wp-content\/uploads\/2017\/10\/9781614285489.png","type":"image\/png"}],"twitter_card":"summary_large_image","schema":{"@context":"https:\/\/schema.org","@graph":[{"@type":"WebPage","@id":"https:\/\/foliobooks.pl\/en\/shop\/dior-by-christian-dior\/","url":"https:\/\/foliobooks.pl\/en\/shop\/dior-by-christian-dior\/","name":"Dior By Christian Dior (Olivier Saillard) - book \/ album - Folio","isPartOf":{"@id":"https:\/\/foliobooks.pl\/en\/#website"},"primaryImageOfPage":{"@id":"https:\/\/foliobooks.pl\/en\/shop\/dior-by-christian-dior\/#primaryimage"},"image":{"@id":"https:\/\/foliobooks.pl\/en\/shop\/dior-by-christian-dior\/#primaryimage"},"thumbnailUrl":"https:\/\/foliobooks.pl\/wp-content\/uploads\/2017\/10\/9781614285489.png","datePublished":"2017-10-10T10:05:19+00:00","dateModified":"2019-11-27T10:36:50+00:00","description":"Wejd\u017a i kup ksi\u0105\u017ck\u0119 Dior By Christian Dior autorstwa Olivier Saillard wydan\u0105 przez Assouline (2017-02-21) w formacie 30 x 37 cm (ISBN: 9781614285489). Zapraszamy!","breadcrumb":{"@id":"https:\/\/foliobooks.pl\/en\/shop\/dior-by-christian-dior\/#breadcrumb"},"inLanguage":"en-US","potentialAction":[{"@type":"ReadAction","target":["https:\/\/foliobooks.pl\/en\/shop\/dior-by-christian-dior\/"]}]},{"@type":"ImageObject","inLanguage":"en-US","@id":"https:\/\/foliobooks.pl\/en\/shop\/dior-by-christian-dior\/#primaryimage","url":"https:\/\/foliobooks.pl\/wp-content\/uploads\/2017\/10\/9781614285489.png","contentUrl":"https:\/\/foliobooks.pl\/wp-content\/uploads\/2017\/10\/9781614285489.png","width":570,"height":708},{"@type":"BreadcrumbList","@id":"https:\/\/foliobooks.pl\/en\/shop\/dior-by-christian-dior\/#breadcrumb","itemListElement":[{"@type":"ListItem","position":1,"name":"Strona g\u0142\u00f3wna","item":"https:\/\/foliobooks.pl\/en\/"},{"@type":"ListItem","position":2,"name":"Shop","item":"https:\/\/foliobooks.pl\/en\/shop\/"},{"@type":"ListItem","position":3,"name":"Dior By Christian Dior"}]},{"@type":"WebSite","@id":"https:\/\/foliobooks.pl\/en\/#website","url":"https:\/\/foliobooks.pl\/en\/","name":"Folio","description":"Ksi\u0119garnia internetowa","potentialAction":[{"@type":"SearchAction","target":{"@type":"EntryPoint","urlTemplate":"https:\/\/foliobooks.pl\/en\/?s={search_term_string}"},"query-input":{"@type":"PropertyValueSpecification","valueRequired":true,"valueName":"search_term_string"}}],"inLanguage":"en-US"}]}},"_links":{"self":[{"href":"https:\/\/foliobooks.pl\/en\/wp-json\/wp\/v2\/product\/21888","targetHints":{"allow":["GET"]}}],"collection":[{"href":"https:\/\/foliobooks.pl\/en\/wp-json\/wp\/v2\/product"}],"about":[{"href":"https:\/\/foliobooks.pl\/en\/wp-json\/wp\/v2\/types\/product"}],"replies":[{"embeddable":true,"href":"https:\/\/foliobooks.pl\/en\/wp-json\/wp\/v2\/comments?post=21888"}],"wp:featuredmedia":[{"embeddable":true,"href":"https:\/\/foliobooks.pl\/en\/wp-json\/wp\/v2\/media\/21879"}],"wp:attachment":[{"href":"https:\/\/foliobooks.pl\/en\/wp-json\/wp\/v2\/media?parent=21888"}],"wp:term":[{"taxonomy":"product_brand","embeddable":true,"href":"https:\/\/foliobooks.pl\/en\/wp-json\/wp\/v2\/product_brand?post=21888"},{"taxonomy":"product_cat","embeddable":true,"href":"https:\/\/foliobooks.pl\/en\/wp-json\/wp\/v2\/product_cat?post=21888"},{"taxonomy":"product_tag","embeddable":true,"href":"https:\/\/foliobooks.pl\/en\/wp-json\/wp\/v2\/product_tag?post=21888"}],"curies":[{"name":"wp","href":"https:\/\/api.w.org\/{rel}","templated":true}]}}