{"id":21812,"date":"2017-10-04T12:41:50","date_gmt":"2017-10-04T10:41:50","guid":{"rendered":"https:\/\/foliobooks.pl\/sklep\/leonardo-da-vinci-the-complete-paintings\/"},"modified":"2019-11-29T17:20:28","modified_gmt":"2019-11-29T16:20:28","slug":"leonardo-da-vinci-the-complete-paintings","status":"publish","type":"product","link":"https:\/\/foliobooks.pl\/en\/shop\/leonardo-da-vinci-the-complete-paintings\/","title":{"rendered":"Leonardo da Vinci. The Complete Paintings"},"content":{"rendered":"<p>One of the most accomplished human beings who ever lived, Leonardo da Vinci (1452-1519) remains a quintessential Renaissance genius. The perfect companion to the Leonardo <em>Graphic Work<\/em> edition, this book is a compact <em>catalogue raisonn\u00e9<\/em> of all of the artist\u2019s masterful paintings.<\/p>\n<p>Drawn from our best selling XL <em>Leonardo<\/em> edition, the book traces the artist\u2019s life and work across 10 chapters, presenting all known paintings and drawing on his letters, contracts, diary entries, and writings to explore the man behind such groundbreaking artworks. From <em>Virgin of the Rocks<\/em> to <em>Virgin and Child with St. Anne<\/em> to the ever-beguiling <em>Mona Lisa<\/em>, you\u2019ll find some of the finest treasures of the Louvre, Prado, and National Gallery, London here, as well as Leonardo works lost to time, but no less startling in their precision and poise.<\/p>\n","protected":false},"excerpt":{"rendered":"<p>One of the most accomplished human beings who ever lived, Leonardo da Vinci (1452-1519) remains a quintessential Renaissance genius. The perfect companion to the Leonardo Graphic Work edition, this book is a compact catalogue raisonn\u00e9 of all of the artist\u2019s masterful paintings. Drawn from our best selling XL Leonardo edition, the book traces the artist\u2019s&#8230;<\/p>\n","protected":false},"featured_media":21801,"comment_status":"closed","ping_status":"closed","template":"","meta":[],"product_brand":[],"product_cat":[4522],"product_tag":[1146,154,524,11488],"class_list":{"0":"post-21812","1":"product","2":"type-product","3":"status-publish","4":"has-post-thumbnail","6":"product_cat-art-en","7":"product_tag-great-masters-en","8":"product_tag-monographs","9":"product_tag-painting-en","10":"product_tag-renaissance-en","11":"pa_author_att-frank-zollner-en","12":"pa_cover-hardcover","13":"pa_format-14-x-195-cm-en","14":"pa_isbn-9783836562973-en","15":"pa_language-eng","16":"pa_pages-488-en","17":"pa_published-2017-09-15-en","18":"pa_publisher-taschen-en-en","20":"first","21":"outofstock","22":"sold-individually","23":"shipping-taxable","24":"purchasable","25":"product-type-simple"},"yoast_head":"<!-- This site is optimized with the Yoast SEO plugin v27.4 - https:\/\/yoast.com\/product\/yoast-seo-wordpress\/ -->\n<title>Leonardo da Vinci. The Complete Paintings (Frank Z\u00f6llner) - book \/ album - Folio<\/title>\n<meta name=\"description\" content=\"Wejd\u017a i kup ksi\u0105\u017ck\u0119 Leonardo da Vinci. The Complete Paintings autorstwa Frank Z\u00f6llner wydan\u0105 przez TASCHEN (2017-09-15) w formacie 14 x 19,5 cm (ISBN: 9783836562973). Zapraszamy!\" \/>\n<meta name=\"robots\" content=\"index, follow, max-snippet:-1, max-image-preview:large, max-video-preview:-1\" \/>\n<link rel=\"canonical\" href=\"https:\/\/foliobooks.pl\/en\/shop\/leonardo-da-vinci-the-complete-paintings\/\" \/>\n<meta property=\"og:locale\" content=\"en_US\" \/>\n<meta property=\"og:type\" content=\"article\" \/>\n<meta property=\"og:title\" content=\"Leonardo da Vinci. The Complete Paintings (Frank Z\u00f6llner) - book \/ album - Folio\" \/>\n<meta property=\"og:description\" content=\"Wejd\u017a i kup ksi\u0105\u017ck\u0119 Leonardo da Vinci. The Complete Paintings autorstwa Frank Z\u00f6llner wydan\u0105 przez TASCHEN (2017-09-15) w formacie 14 x 19,5 cm (ISBN: 9783836562973). Zapraszamy!\" \/>\n<meta property=\"og:url\" content=\"https:\/\/foliobooks.pl\/en\/shop\/leonardo-da-vinci-the-complete-paintings\/\" \/>\n<meta property=\"og:site_name\" content=\"Folio\" \/>\n<meta property=\"article:modified_time\" content=\"2019-11-29T16:20:28+00:00\" \/>\n<meta property=\"og:image\" content=\"https:\/\/foliobooks.pl\/wp-content\/uploads\/2017\/10\/9783836562973.png\" \/>\n\t<meta property=\"og:image:width\" content=\"570\" \/>\n\t<meta property=\"og:image:height\" content=\"708\" \/>\n\t<meta property=\"og:image:type\" content=\"image\/png\" \/>\n<meta name=\"twitter:card\" content=\"summary_large_image\" \/>\n<meta name=\"twitter:label1\" content=\"Est. reading time\" \/>\n\t<meta name=\"twitter:data1\" content=\"1 minute\" \/>\n<script type=\"application\/ld+json\" class=\"yoast-schema-graph\">{\"@context\":\"https:\\\/\\\/schema.org\",\"@graph\":[{\"@type\":\"WebPage\",\"@id\":\"https:\\\/\\\/foliobooks.pl\\\/en\\\/shop\\\/leonardo-da-vinci-the-complete-paintings\\\/\",\"url\":\"https:\\\/\\\/foliobooks.pl\\\/en\\\/shop\\\/leonardo-da-vinci-the-complete-paintings\\\/\",\"name\":\"Leonardo da Vinci. The Complete Paintings (Frank Z\u00f6llner) - book \\\/ album - Folio\",\"isPartOf\":{\"@id\":\"https:\\\/\\\/foliobooks.pl\\\/en\\\/#website\"},\"primaryImageOfPage\":{\"@id\":\"https:\\\/\\\/foliobooks.pl\\\/en\\\/shop\\\/leonardo-da-vinci-the-complete-paintings\\\/#primaryimage\"},\"image\":{\"@id\":\"https:\\\/\\\/foliobooks.pl\\\/en\\\/shop\\\/leonardo-da-vinci-the-complete-paintings\\\/#primaryimage\"},\"thumbnailUrl\":\"https:\\\/\\\/foliobooks.pl\\\/wp-content\\\/uploads\\\/2017\\\/10\\\/9783836562973.png\",\"datePublished\":\"2017-10-04T10:41:50+00:00\",\"dateModified\":\"2019-11-29T16:20:28+00:00\",\"description\":\"Wejd\u017a i kup ksi\u0105\u017ck\u0119 Leonardo da Vinci. The Complete Paintings autorstwa Frank Z\u00f6llner wydan\u0105 przez TASCHEN (2017-09-15) w formacie 14 x 19,5 cm (ISBN: 9783836562973). Zapraszamy!\",\"breadcrumb\":{\"@id\":\"https:\\\/\\\/foliobooks.pl\\\/en\\\/shop\\\/leonardo-da-vinci-the-complete-paintings\\\/#breadcrumb\"},\"inLanguage\":\"en-US\",\"potentialAction\":[{\"@type\":\"ReadAction\",\"target\":[\"https:\\\/\\\/foliobooks.pl\\\/en\\\/shop\\\/leonardo-da-vinci-the-complete-paintings\\\/\"]}]},{\"@type\":\"ImageObject\",\"inLanguage\":\"en-US\",\"@id\":\"https:\\\/\\\/foliobooks.pl\\\/en\\\/shop\\\/leonardo-da-vinci-the-complete-paintings\\\/#primaryimage\",\"url\":\"https:\\\/\\\/foliobooks.pl\\\/wp-content\\\/uploads\\\/2017\\\/10\\\/9783836562973.png\",\"contentUrl\":\"https:\\\/\\\/foliobooks.pl\\\/wp-content\\\/uploads\\\/2017\\\/10\\\/9783836562973.png\",\"width\":570,\"height\":708},{\"@type\":\"BreadcrumbList\",\"@id\":\"https:\\\/\\\/foliobooks.pl\\\/en\\\/shop\\\/leonardo-da-vinci-the-complete-paintings\\\/#breadcrumb\",\"itemListElement\":[{\"@type\":\"ListItem\",\"position\":1,\"name\":\"Strona g\u0142\u00f3wna\",\"item\":\"https:\\\/\\\/foliobooks.pl\\\/en\\\/\"},{\"@type\":\"ListItem\",\"position\":2,\"name\":\"Shop\",\"item\":\"https:\\\/\\\/foliobooks.pl\\\/en\\\/shop\\\/\"},{\"@type\":\"ListItem\",\"position\":3,\"name\":\"Leonardo da Vinci. The Complete Paintings\"}]},{\"@type\":\"WebSite\",\"@id\":\"https:\\\/\\\/foliobooks.pl\\\/en\\\/#website\",\"url\":\"https:\\\/\\\/foliobooks.pl\\\/en\\\/\",\"name\":\"Folio\",\"description\":\"Ksi\u0119garnia internetowa\",\"potentialAction\":[{\"@type\":\"SearchAction\",\"target\":{\"@type\":\"EntryPoint\",\"urlTemplate\":\"https:\\\/\\\/foliobooks.pl\\\/en\\\/?s={search_term_string}\"},\"query-input\":{\"@type\":\"PropertyValueSpecification\",\"valueRequired\":true,\"valueName\":\"search_term_string\"}}],\"inLanguage\":\"en-US\"}]}<\/script>\n<!-- \/ Yoast SEO plugin. -->","yoast_head_json":{"title":"Leonardo da Vinci. The Complete Paintings (Frank Z\u00f6llner) - book \/ album - Folio","description":"Wejd\u017a i kup ksi\u0105\u017ck\u0119 Leonardo da Vinci. The Complete Paintings autorstwa Frank Z\u00f6llner wydan\u0105 przez TASCHEN (2017-09-15) w formacie 14 x 19,5 cm (ISBN: 9783836562973). Zapraszamy!","robots":{"index":"index","follow":"follow","max-snippet":"max-snippet:-1","max-image-preview":"max-image-preview:large","max-video-preview":"max-video-preview:-1"},"canonical":"https:\/\/foliobooks.pl\/en\/shop\/leonardo-da-vinci-the-complete-paintings\/","og_locale":"en_US","og_type":"article","og_title":"Leonardo da Vinci. The Complete Paintings (Frank Z\u00f6llner) - book \/ album - Folio","og_description":"Wejd\u017a i kup ksi\u0105\u017ck\u0119 Leonardo da Vinci. The Complete Paintings autorstwa Frank Z\u00f6llner wydan\u0105 przez TASCHEN (2017-09-15) w formacie 14 x 19,5 cm (ISBN: 9783836562973). Zapraszamy!","og_url":"https:\/\/foliobooks.pl\/en\/shop\/leonardo-da-vinci-the-complete-paintings\/","og_site_name":"Folio","article_modified_time":"2019-11-29T16:20:28+00:00","og_image":[{"width":570,"height":708,"url":"https:\/\/foliobooks.pl\/wp-content\/uploads\/2017\/10\/9783836562973.png","type":"image\/png"}],"twitter_card":"summary_large_image","twitter_misc":{"Est. reading time":"1 minute"},"schema":{"@context":"https:\/\/schema.org","@graph":[{"@type":"WebPage","@id":"https:\/\/foliobooks.pl\/en\/shop\/leonardo-da-vinci-the-complete-paintings\/","url":"https:\/\/foliobooks.pl\/en\/shop\/leonardo-da-vinci-the-complete-paintings\/","name":"Leonardo da Vinci. The Complete Paintings (Frank Z\u00f6llner) - book \/ album - Folio","isPartOf":{"@id":"https:\/\/foliobooks.pl\/en\/#website"},"primaryImageOfPage":{"@id":"https:\/\/foliobooks.pl\/en\/shop\/leonardo-da-vinci-the-complete-paintings\/#primaryimage"},"image":{"@id":"https:\/\/foliobooks.pl\/en\/shop\/leonardo-da-vinci-the-complete-paintings\/#primaryimage"},"thumbnailUrl":"https:\/\/foliobooks.pl\/wp-content\/uploads\/2017\/10\/9783836562973.png","datePublished":"2017-10-04T10:41:50+00:00","dateModified":"2019-11-29T16:20:28+00:00","description":"Wejd\u017a i kup ksi\u0105\u017ck\u0119 Leonardo da Vinci. The Complete Paintings autorstwa Frank Z\u00f6llner wydan\u0105 przez TASCHEN (2017-09-15) w formacie 14 x 19,5 cm (ISBN: 9783836562973). Zapraszamy!","breadcrumb":{"@id":"https:\/\/foliobooks.pl\/en\/shop\/leonardo-da-vinci-the-complete-paintings\/#breadcrumb"},"inLanguage":"en-US","potentialAction":[{"@type":"ReadAction","target":["https:\/\/foliobooks.pl\/en\/shop\/leonardo-da-vinci-the-complete-paintings\/"]}]},{"@type":"ImageObject","inLanguage":"en-US","@id":"https:\/\/foliobooks.pl\/en\/shop\/leonardo-da-vinci-the-complete-paintings\/#primaryimage","url":"https:\/\/foliobooks.pl\/wp-content\/uploads\/2017\/10\/9783836562973.png","contentUrl":"https:\/\/foliobooks.pl\/wp-content\/uploads\/2017\/10\/9783836562973.png","width":570,"height":708},{"@type":"BreadcrumbList","@id":"https:\/\/foliobooks.pl\/en\/shop\/leonardo-da-vinci-the-complete-paintings\/#breadcrumb","itemListElement":[{"@type":"ListItem","position":1,"name":"Strona g\u0142\u00f3wna","item":"https:\/\/foliobooks.pl\/en\/"},{"@type":"ListItem","position":2,"name":"Shop","item":"https:\/\/foliobooks.pl\/en\/shop\/"},{"@type":"ListItem","position":3,"name":"Leonardo da Vinci. The Complete Paintings"}]},{"@type":"WebSite","@id":"https:\/\/foliobooks.pl\/en\/#website","url":"https:\/\/foliobooks.pl\/en\/","name":"Folio","description":"Ksi\u0119garnia internetowa","potentialAction":[{"@type":"SearchAction","target":{"@type":"EntryPoint","urlTemplate":"https:\/\/foliobooks.pl\/en\/?s={search_term_string}"},"query-input":{"@type":"PropertyValueSpecification","valueRequired":true,"valueName":"search_term_string"}}],"inLanguage":"en-US"}]}},"_links":{"self":[{"href":"https:\/\/foliobooks.pl\/en\/wp-json\/wp\/v2\/product\/21812","targetHints":{"allow":["GET"]}}],"collection":[{"href":"https:\/\/foliobooks.pl\/en\/wp-json\/wp\/v2\/product"}],"about":[{"href":"https:\/\/foliobooks.pl\/en\/wp-json\/wp\/v2\/types\/product"}],"replies":[{"embeddable":true,"href":"https:\/\/foliobooks.pl\/en\/wp-json\/wp\/v2\/comments?post=21812"}],"wp:featuredmedia":[{"embeddable":true,"href":"https:\/\/foliobooks.pl\/en\/wp-json\/wp\/v2\/media\/21801"}],"wp:attachment":[{"href":"https:\/\/foliobooks.pl\/en\/wp-json\/wp\/v2\/media?parent=21812"}],"wp:term":[{"taxonomy":"product_brand","embeddable":true,"href":"https:\/\/foliobooks.pl\/en\/wp-json\/wp\/v2\/product_brand?post=21812"},{"taxonomy":"product_cat","embeddable":true,"href":"https:\/\/foliobooks.pl\/en\/wp-json\/wp\/v2\/product_cat?post=21812"},{"taxonomy":"product_tag","embeddable":true,"href":"https:\/\/foliobooks.pl\/en\/wp-json\/wp\/v2\/product_tag?post=21812"}],"curies":[{"name":"wp","href":"https:\/\/api.w.org\/{rel}","templated":true}]}}