{"id":21723,"date":"2017-09-15T13:35:42","date_gmt":"2017-09-15T11:35:42","guid":{"rendered":"https:\/\/foliobooks.pl\/sklep\/maya-angelou\/"},"modified":"2019-06-03T15:50:00","modified_gmt":"2019-06-03T13:50:00","slug":"maya-angelou","status":"publish","type":"product","link":"https:\/\/foliobooks.pl\/en\/shop\/maya-angelou\/","title":{"rendered":"Maya Angelou"},"content":{"rendered":"<p>Irish Times: \u201cThe kind of books that adults will covet and collect as well\u2026 The language and structure is simple enough for young readers, while a biographical timeline at the end of each book offers greater historical complexity\u201d<\/p>\n<p>In the Little People, Big Dreams series, discover the lives of outstanding people from designers and artists to scientists. All of them went on to achieve incredible things, yet all of them began life as a little child with a dream. The book follows Maya Angelou, from her early traumatic childhood to her time as a singer, actress, civil rights campaigner and, eventually, one of America&#8217;s most beloved writers. This inspiring and informative little biography comes with extra facts about Maya&#8217;s life at the back.<\/p>\n","protected":false},"excerpt":{"rendered":"<p>Irish Times: \u201cThe kind of books that adults will covet and collect as well\u2026 The language and structure is simple enough for young readers, while a biographical timeline at the end of each book offers greater historical complexity\u201d In the Little People, Big Dreams series, discover the lives of outstanding people from designers and artists&#8230;<\/p>\n","protected":false},"featured_media":21722,"comment_status":"closed","ping_status":"closed","template":"","meta":[],"product_brand":[],"product_cat":[13533,13534],"product_tag":[1702,6631,1460,6693],"class_list":{"0":"post-21723","1":"product","2":"type-product","3":"status-publish","4":"has-post-thumbnail","6":"product_cat-books","7":"product_cat-kids","8":"product_tag-artists","9":"product_tag-biographies","10":"product_tag-children-en","11":"product_tag-famous-people","12":"pa_author_att-lisbeth-kaiser-en","13":"pa_cover-hardcover","14":"pa_format-195-24-cm-en","15":"pa_isbn-9781847808905-en","16":"pa_language-eng","17":"pa_pages-32-en","18":"pa_published-2016-09-08-en","19":"pa_publisher-frances-lincoln-en","21":"first","22":"instock","23":"sale","24":"sold-individually","25":"shipping-taxable","26":"purchasable","27":"product-type-simple"},"yoast_head":"<!-- This site is optimized with the Yoast SEO plugin v27.5 - https:\/\/yoast.com\/product\/yoast-seo-wordpress\/ -->\n<title>Maya Angelou (Lisbeth Kaiser) - book \/ album - Folio<\/title>\n<meta name=\"description\" content=\"Wejd\u017a i kup ksi\u0105\u017ck\u0119 Maya Angelou autorstwa Lisbeth Kaiser wydan\u0105 przez Frances Lincoln (2016-09-08) w formacie 19,5 24 cm (ISBN: 9781847808905). Zapraszamy!\" \/>\n<meta name=\"robots\" content=\"index, follow, max-snippet:-1, max-image-preview:large, max-video-preview:-1\" \/>\n<link rel=\"canonical\" href=\"https:\/\/foliobooks.pl\/en\/shop\/maya-angelou\/\" \/>\n<meta property=\"og:locale\" content=\"en_US\" \/>\n<meta property=\"og:type\" content=\"article\" \/>\n<meta property=\"og:title\" content=\"Maya Angelou (Lisbeth Kaiser) - book \/ album - Folio\" \/>\n<meta property=\"og:description\" content=\"Wejd\u017a i kup ksi\u0105\u017ck\u0119 Maya Angelou autorstwa Lisbeth Kaiser wydan\u0105 przez Frances Lincoln (2016-09-08) w formacie 19,5 24 cm (ISBN: 9781847808905). Zapraszamy!\" \/>\n<meta property=\"og:url\" content=\"https:\/\/foliobooks.pl\/en\/shop\/maya-angelou\/\" \/>\n<meta property=\"og:site_name\" content=\"Folio\" \/>\n<meta property=\"article:modified_time\" content=\"2019-06-03T13:50:00+00:00\" \/>\n<meta property=\"og:image\" content=\"https:\/\/foliobooks.pl\/wp-content\/uploads\/2017\/09\/9781847808905.png\" \/>\n\t<meta property=\"og:image:width\" content=\"570\" \/>\n\t<meta property=\"og:image:height\" content=\"708\" \/>\n\t<meta property=\"og:image:type\" content=\"image\/png\" \/>\n<meta name=\"twitter:card\" content=\"summary_large_image\" \/>\n<meta name=\"twitter:label1\" content=\"Est. reading time\" \/>\n\t<meta name=\"twitter:data1\" content=\"1 minute\" \/>\n<script type=\"application\/ld+json\" class=\"yoast-schema-graph\">{\"@context\":\"https:\\\/\\\/schema.org\",\"@graph\":[{\"@type\":\"WebPage\",\"@id\":\"https:\\\/\\\/foliobooks.pl\\\/en\\\/shop\\\/maya-angelou\\\/\",\"url\":\"https:\\\/\\\/foliobooks.pl\\\/en\\\/shop\\\/maya-angelou\\\/\",\"name\":\"Maya Angelou (Lisbeth Kaiser) - book \\\/ album - Folio\",\"isPartOf\":{\"@id\":\"https:\\\/\\\/foliobooks.pl\\\/en\\\/#website\"},\"primaryImageOfPage\":{\"@id\":\"https:\\\/\\\/foliobooks.pl\\\/en\\\/shop\\\/maya-angelou\\\/#primaryimage\"},\"image\":{\"@id\":\"https:\\\/\\\/foliobooks.pl\\\/en\\\/shop\\\/maya-angelou\\\/#primaryimage\"},\"thumbnailUrl\":\"https:\\\/\\\/foliobooks.pl\\\/wp-content\\\/uploads\\\/2017\\\/09\\\/9781847808905.png\",\"datePublished\":\"2017-09-15T11:35:42+00:00\",\"dateModified\":\"2019-06-03T13:50:00+00:00\",\"description\":\"Wejd\u017a i kup ksi\u0105\u017ck\u0119 Maya Angelou autorstwa Lisbeth Kaiser wydan\u0105 przez Frances Lincoln (2016-09-08) w formacie 19,5 24 cm (ISBN: 9781847808905). Zapraszamy!\",\"breadcrumb\":{\"@id\":\"https:\\\/\\\/foliobooks.pl\\\/en\\\/shop\\\/maya-angelou\\\/#breadcrumb\"},\"inLanguage\":\"en-US\",\"potentialAction\":[{\"@type\":\"ReadAction\",\"target\":[\"https:\\\/\\\/foliobooks.pl\\\/en\\\/shop\\\/maya-angelou\\\/\"]}]},{\"@type\":\"ImageObject\",\"inLanguage\":\"en-US\",\"@id\":\"https:\\\/\\\/foliobooks.pl\\\/en\\\/shop\\\/maya-angelou\\\/#primaryimage\",\"url\":\"https:\\\/\\\/foliobooks.pl\\\/wp-content\\\/uploads\\\/2017\\\/09\\\/9781847808905.png\",\"contentUrl\":\"https:\\\/\\\/foliobooks.pl\\\/wp-content\\\/uploads\\\/2017\\\/09\\\/9781847808905.png\",\"width\":570,\"height\":708},{\"@type\":\"BreadcrumbList\",\"@id\":\"https:\\\/\\\/foliobooks.pl\\\/en\\\/shop\\\/maya-angelou\\\/#breadcrumb\",\"itemListElement\":[{\"@type\":\"ListItem\",\"position\":1,\"name\":\"Strona g\u0142\u00f3wna\",\"item\":\"https:\\\/\\\/foliobooks.pl\\\/en\\\/\"},{\"@type\":\"ListItem\",\"position\":2,\"name\":\"Shop\",\"item\":\"https:\\\/\\\/foliobooks.pl\\\/en\\\/shop\\\/\"},{\"@type\":\"ListItem\",\"position\":3,\"name\":\"Maya Angelou\"}]},{\"@type\":\"WebSite\",\"@id\":\"https:\\\/\\\/foliobooks.pl\\\/en\\\/#website\",\"url\":\"https:\\\/\\\/foliobooks.pl\\\/en\\\/\",\"name\":\"Folio\",\"description\":\"Ksi\u0119garnia internetowa\",\"potentialAction\":[{\"@type\":\"SearchAction\",\"target\":{\"@type\":\"EntryPoint\",\"urlTemplate\":\"https:\\\/\\\/foliobooks.pl\\\/en\\\/?s={search_term_string}\"},\"query-input\":{\"@type\":\"PropertyValueSpecification\",\"valueRequired\":true,\"valueName\":\"search_term_string\"}}],\"inLanguage\":\"en-US\"}]}<\/script>\n<!-- \/ Yoast SEO plugin. -->","yoast_head_json":{"title":"Maya Angelou (Lisbeth Kaiser) - book \/ album - Folio","description":"Wejd\u017a i kup ksi\u0105\u017ck\u0119 Maya Angelou autorstwa Lisbeth Kaiser wydan\u0105 przez Frances Lincoln (2016-09-08) w formacie 19,5 24 cm (ISBN: 9781847808905). Zapraszamy!","robots":{"index":"index","follow":"follow","max-snippet":"max-snippet:-1","max-image-preview":"max-image-preview:large","max-video-preview":"max-video-preview:-1"},"canonical":"https:\/\/foliobooks.pl\/en\/shop\/maya-angelou\/","og_locale":"en_US","og_type":"article","og_title":"Maya Angelou (Lisbeth Kaiser) - book \/ album - Folio","og_description":"Wejd\u017a i kup ksi\u0105\u017ck\u0119 Maya Angelou autorstwa Lisbeth Kaiser wydan\u0105 przez Frances Lincoln (2016-09-08) w formacie 19,5 24 cm (ISBN: 9781847808905). Zapraszamy!","og_url":"https:\/\/foliobooks.pl\/en\/shop\/maya-angelou\/","og_site_name":"Folio","article_modified_time":"2019-06-03T13:50:00+00:00","og_image":[{"width":570,"height":708,"url":"https:\/\/foliobooks.pl\/wp-content\/uploads\/2017\/09\/9781847808905.png","type":"image\/png"}],"twitter_card":"summary_large_image","twitter_misc":{"Est. reading time":"1 minute"},"schema":{"@context":"https:\/\/schema.org","@graph":[{"@type":"WebPage","@id":"https:\/\/foliobooks.pl\/en\/shop\/maya-angelou\/","url":"https:\/\/foliobooks.pl\/en\/shop\/maya-angelou\/","name":"Maya Angelou (Lisbeth Kaiser) - book \/ album - Folio","isPartOf":{"@id":"https:\/\/foliobooks.pl\/en\/#website"},"primaryImageOfPage":{"@id":"https:\/\/foliobooks.pl\/en\/shop\/maya-angelou\/#primaryimage"},"image":{"@id":"https:\/\/foliobooks.pl\/en\/shop\/maya-angelou\/#primaryimage"},"thumbnailUrl":"https:\/\/foliobooks.pl\/wp-content\/uploads\/2017\/09\/9781847808905.png","datePublished":"2017-09-15T11:35:42+00:00","dateModified":"2019-06-03T13:50:00+00:00","description":"Wejd\u017a i kup ksi\u0105\u017ck\u0119 Maya Angelou autorstwa Lisbeth Kaiser wydan\u0105 przez Frances Lincoln (2016-09-08) w formacie 19,5 24 cm (ISBN: 9781847808905). Zapraszamy!","breadcrumb":{"@id":"https:\/\/foliobooks.pl\/en\/shop\/maya-angelou\/#breadcrumb"},"inLanguage":"en-US","potentialAction":[{"@type":"ReadAction","target":["https:\/\/foliobooks.pl\/en\/shop\/maya-angelou\/"]}]},{"@type":"ImageObject","inLanguage":"en-US","@id":"https:\/\/foliobooks.pl\/en\/shop\/maya-angelou\/#primaryimage","url":"https:\/\/foliobooks.pl\/wp-content\/uploads\/2017\/09\/9781847808905.png","contentUrl":"https:\/\/foliobooks.pl\/wp-content\/uploads\/2017\/09\/9781847808905.png","width":570,"height":708},{"@type":"BreadcrumbList","@id":"https:\/\/foliobooks.pl\/en\/shop\/maya-angelou\/#breadcrumb","itemListElement":[{"@type":"ListItem","position":1,"name":"Strona g\u0142\u00f3wna","item":"https:\/\/foliobooks.pl\/en\/"},{"@type":"ListItem","position":2,"name":"Shop","item":"https:\/\/foliobooks.pl\/en\/shop\/"},{"@type":"ListItem","position":3,"name":"Maya Angelou"}]},{"@type":"WebSite","@id":"https:\/\/foliobooks.pl\/en\/#website","url":"https:\/\/foliobooks.pl\/en\/","name":"Folio","description":"Ksi\u0119garnia internetowa","potentialAction":[{"@type":"SearchAction","target":{"@type":"EntryPoint","urlTemplate":"https:\/\/foliobooks.pl\/en\/?s={search_term_string}"},"query-input":{"@type":"PropertyValueSpecification","valueRequired":true,"valueName":"search_term_string"}}],"inLanguage":"en-US"}]}},"_links":{"self":[{"href":"https:\/\/foliobooks.pl\/en\/wp-json\/wp\/v2\/product\/21723","targetHints":{"allow":["GET"]}}],"collection":[{"href":"https:\/\/foliobooks.pl\/en\/wp-json\/wp\/v2\/product"}],"about":[{"href":"https:\/\/foliobooks.pl\/en\/wp-json\/wp\/v2\/types\/product"}],"replies":[{"embeddable":true,"href":"https:\/\/foliobooks.pl\/en\/wp-json\/wp\/v2\/comments?post=21723"}],"wp:featuredmedia":[{"embeddable":true,"href":"https:\/\/foliobooks.pl\/en\/wp-json\/wp\/v2\/media\/21722"}],"wp:attachment":[{"href":"https:\/\/foliobooks.pl\/en\/wp-json\/wp\/v2\/media?parent=21723"}],"wp:term":[{"taxonomy":"product_brand","embeddable":true,"href":"https:\/\/foliobooks.pl\/en\/wp-json\/wp\/v2\/product_brand?post=21723"},{"taxonomy":"product_cat","embeddable":true,"href":"https:\/\/foliobooks.pl\/en\/wp-json\/wp\/v2\/product_cat?post=21723"},{"taxonomy":"product_tag","embeddable":true,"href":"https:\/\/foliobooks.pl\/en\/wp-json\/wp\/v2\/product_tag?post=21723"}],"curies":[{"name":"wp","href":"https:\/\/api.w.org\/{rel}","templated":true}]}}