{"id":21519,"date":"2017-09-12T12:35:37","date_gmt":"2017-09-12T10:35:37","guid":{"rendered":"https:\/\/foliobooks.pl\/sklep\/feeding-the-future\/"},"modified":"2019-12-08T00:17:28","modified_gmt":"2019-12-07T23:17:28","slug":"feeding-the-future","status":"publish","type":"product","link":"https:\/\/foliobooks.pl\/en\/shop\/feeding-the-future\/","title":{"rendered":"Feeding the Future"},"content":{"rendered":"<p>Delicious, clean, and nutritious dishes for the whole family<br \/>\nMore than 70 easy-to-follow recipes for breakfast, lunch, and dinner<br \/>\n<em>Feeding the Future<\/em> is filled with inspiring, creative recipes that all family members\u2014from those aged two to grown-up \u201ckidults\u201d\u2014will love and enjoy. These recipes are clean, nutritious, and delicious, as well as fun, and easy-to-make. This book is the perfect tool for health-conscious and time-stretched parents.<\/p>\n<p>Our notion of clean eating is using simple and fresh ingredients in their most natural state. We say no to wheat, refined sugar, and genetically modified oils, as they can be addictive, acidic, energy-depleting, or cause mood swings and hyperactivity in children.<\/p>\n<p>We have made sure to include a range of dishes that avoid dairy, nuts, eggs, and meat to try and accommodate every child, even those with specific dietary requirements and allergies!<\/p>\n<p>Because children are growing and developing, it\u2019s important that they consume adequate vitamins and nutrients through their diets. This is why our book is full of wholesome recipes; children are, after all, our future. There is no need to compromise our children\u2019s health by settling for less than ideal choices simply for their convenience. <em>Feeding the Future<\/em> makes clean eating for kids scrumptious, fun, and easy.<\/p>\n","protected":false},"excerpt":{"rendered":"<p>Delicious, clean, and nutritious dishes for the whole family More than 70 easy-to-follow recipes for breakfast, lunch, and dinner Feeding the Future is filled with inspiring, creative recipes that all family members\u2014from those aged two to grown-up \u201ckidults\u201d\u2014will love and enjoy. These recipes are clean, nutritious, and delicious, as well as fun, and easy-to-make. This&#8230;<\/p>\n","protected":false},"featured_media":21512,"comment_status":"closed","ping_status":"closed","template":"","meta":[],"product_brand":[],"product_cat":[4518],"product_tag":[1460,6135,6130,9235,1010,10711,7741,6418,1008],"class_list":{"0":"post-21519","1":"product","2":"type-product","3":"status-publish","4":"has-post-thumbnail","6":"product_cat-cookery-en","7":"product_tag-children-en","8":"product_tag-cookery","9":"product_tag-cooking","10":"product_tag-diet-en","11":"product_tag-food-en","12":"product_tag-guides-en","13":"product_tag-health-en","14":"product_tag-nourishment","15":"product_tag-recipes-en","16":"pa_author_att-lohralee-astor-en","17":"pa_author_att-tali-shine-en","18":"pa_cover-hardcover","19":"pa_format-19-x-25-cm-en","20":"pa_isbn-9783832733438-en","21":"pa_language-eng","22":"pa_pages-176-en","23":"pa_published-2016-06-15-en","24":"pa_publisher-teneues-en","26":"first","27":"instock","28":"sale","29":"sold-individually","30":"shipping-taxable","31":"purchasable","32":"product-type-simple"},"yoast_head":"<!-- This site is optimized with the Yoast SEO plugin v27.5 - https:\/\/yoast.com\/product\/yoast-seo-wordpress\/ -->\n<title>Feeding the Future (Lohralee Astor, Tali Shine) - book \/ album - Folio<\/title>\n<meta name=\"description\" content=\"Wejd\u017a i kup ksi\u0105\u017ck\u0119 Feeding the Future autorstwa Lohralee Astor, Tali Shine wydan\u0105 przez teNeues (2016-06-15) w formacie 19 x 25 cm (ISBN: 9783832733438). Zapraszamy!\" \/>\n<meta name=\"robots\" content=\"index, follow, max-snippet:-1, max-image-preview:large, max-video-preview:-1\" \/>\n<link rel=\"canonical\" href=\"https:\/\/foliobooks.pl\/en\/shop\/feeding-the-future\/\" \/>\n<meta property=\"og:locale\" content=\"en_US\" \/>\n<meta property=\"og:type\" content=\"article\" \/>\n<meta property=\"og:title\" content=\"Feeding the Future (Lohralee Astor, Tali Shine) - book \/ album - Folio\" \/>\n<meta property=\"og:description\" content=\"Wejd\u017a i kup ksi\u0105\u017ck\u0119 Feeding the Future autorstwa Lohralee Astor, Tali Shine wydan\u0105 przez teNeues (2016-06-15) w formacie 19 x 25 cm (ISBN: 9783832733438). Zapraszamy!\" \/>\n<meta property=\"og:url\" content=\"https:\/\/foliobooks.pl\/en\/shop\/feeding-the-future\/\" \/>\n<meta property=\"og:site_name\" content=\"Folio\" \/>\n<meta property=\"article:modified_time\" content=\"2019-12-07T23:17:28+00:00\" \/>\n<meta property=\"og:image\" content=\"https:\/\/foliobooks.pl\/wp-content\/uploads\/2017\/09\/9783832733438.png\" \/>\n\t<meta property=\"og:image:width\" content=\"570\" \/>\n\t<meta property=\"og:image:height\" content=\"708\" \/>\n\t<meta property=\"og:image:type\" content=\"image\/png\" \/>\n<meta name=\"twitter:card\" content=\"summary_large_image\" \/>\n<meta name=\"twitter:label1\" content=\"Est. reading time\" \/>\n\t<meta name=\"twitter:data1\" content=\"1 minute\" \/>\n<script type=\"application\/ld+json\" class=\"yoast-schema-graph\">{\"@context\":\"https:\\\/\\\/schema.org\",\"@graph\":[{\"@type\":\"WebPage\",\"@id\":\"https:\\\/\\\/foliobooks.pl\\\/en\\\/shop\\\/feeding-the-future\\\/\",\"url\":\"https:\\\/\\\/foliobooks.pl\\\/en\\\/shop\\\/feeding-the-future\\\/\",\"name\":\"Feeding the Future (Lohralee Astor, Tali Shine) - book \\\/ album - Folio\",\"isPartOf\":{\"@id\":\"https:\\\/\\\/foliobooks.pl\\\/en\\\/#website\"},\"primaryImageOfPage\":{\"@id\":\"https:\\\/\\\/foliobooks.pl\\\/en\\\/shop\\\/feeding-the-future\\\/#primaryimage\"},\"image\":{\"@id\":\"https:\\\/\\\/foliobooks.pl\\\/en\\\/shop\\\/feeding-the-future\\\/#primaryimage\"},\"thumbnailUrl\":\"https:\\\/\\\/foliobooks.pl\\\/wp-content\\\/uploads\\\/2017\\\/09\\\/9783832733438.png\",\"datePublished\":\"2017-09-12T10:35:37+00:00\",\"dateModified\":\"2019-12-07T23:17:28+00:00\",\"description\":\"Wejd\u017a i kup ksi\u0105\u017ck\u0119 Feeding the Future autorstwa Lohralee Astor, Tali Shine wydan\u0105 przez teNeues (2016-06-15) w formacie 19 x 25 cm (ISBN: 9783832733438). Zapraszamy!\",\"breadcrumb\":{\"@id\":\"https:\\\/\\\/foliobooks.pl\\\/en\\\/shop\\\/feeding-the-future\\\/#breadcrumb\"},\"inLanguage\":\"en-US\",\"potentialAction\":[{\"@type\":\"ReadAction\",\"target\":[\"https:\\\/\\\/foliobooks.pl\\\/en\\\/shop\\\/feeding-the-future\\\/\"]}]},{\"@type\":\"ImageObject\",\"inLanguage\":\"en-US\",\"@id\":\"https:\\\/\\\/foliobooks.pl\\\/en\\\/shop\\\/feeding-the-future\\\/#primaryimage\",\"url\":\"https:\\\/\\\/foliobooks.pl\\\/wp-content\\\/uploads\\\/2017\\\/09\\\/9783832733438.png\",\"contentUrl\":\"https:\\\/\\\/foliobooks.pl\\\/wp-content\\\/uploads\\\/2017\\\/09\\\/9783832733438.png\",\"width\":570,\"height\":708},{\"@type\":\"BreadcrumbList\",\"@id\":\"https:\\\/\\\/foliobooks.pl\\\/en\\\/shop\\\/feeding-the-future\\\/#breadcrumb\",\"itemListElement\":[{\"@type\":\"ListItem\",\"position\":1,\"name\":\"Strona g\u0142\u00f3wna\",\"item\":\"https:\\\/\\\/foliobooks.pl\\\/en\\\/\"},{\"@type\":\"ListItem\",\"position\":2,\"name\":\"Shop\",\"item\":\"https:\\\/\\\/foliobooks.pl\\\/en\\\/shop\\\/\"},{\"@type\":\"ListItem\",\"position\":3,\"name\":\"Feeding the Future\"}]},{\"@type\":\"WebSite\",\"@id\":\"https:\\\/\\\/foliobooks.pl\\\/en\\\/#website\",\"url\":\"https:\\\/\\\/foliobooks.pl\\\/en\\\/\",\"name\":\"Folio\",\"description\":\"Ksi\u0119garnia internetowa\",\"potentialAction\":[{\"@type\":\"SearchAction\",\"target\":{\"@type\":\"EntryPoint\",\"urlTemplate\":\"https:\\\/\\\/foliobooks.pl\\\/en\\\/?s={search_term_string}\"},\"query-input\":{\"@type\":\"PropertyValueSpecification\",\"valueRequired\":true,\"valueName\":\"search_term_string\"}}],\"inLanguage\":\"en-US\"}]}<\/script>\n<!-- \/ Yoast SEO plugin. -->","yoast_head_json":{"title":"Feeding the Future (Lohralee Astor, Tali Shine) - book \/ album - Folio","description":"Wejd\u017a i kup ksi\u0105\u017ck\u0119 Feeding the Future autorstwa Lohralee Astor, Tali Shine wydan\u0105 przez teNeues (2016-06-15) w formacie 19 x 25 cm (ISBN: 9783832733438). Zapraszamy!","robots":{"index":"index","follow":"follow","max-snippet":"max-snippet:-1","max-image-preview":"max-image-preview:large","max-video-preview":"max-video-preview:-1"},"canonical":"https:\/\/foliobooks.pl\/en\/shop\/feeding-the-future\/","og_locale":"en_US","og_type":"article","og_title":"Feeding the Future (Lohralee Astor, Tali Shine) - book \/ album - Folio","og_description":"Wejd\u017a i kup ksi\u0105\u017ck\u0119 Feeding the Future autorstwa Lohralee Astor, Tali Shine wydan\u0105 przez teNeues (2016-06-15) w formacie 19 x 25 cm (ISBN: 9783832733438). Zapraszamy!","og_url":"https:\/\/foliobooks.pl\/en\/shop\/feeding-the-future\/","og_site_name":"Folio","article_modified_time":"2019-12-07T23:17:28+00:00","og_image":[{"width":570,"height":708,"url":"https:\/\/foliobooks.pl\/wp-content\/uploads\/2017\/09\/9783832733438.png","type":"image\/png"}],"twitter_card":"summary_large_image","twitter_misc":{"Est. reading time":"1 minute"},"schema":{"@context":"https:\/\/schema.org","@graph":[{"@type":"WebPage","@id":"https:\/\/foliobooks.pl\/en\/shop\/feeding-the-future\/","url":"https:\/\/foliobooks.pl\/en\/shop\/feeding-the-future\/","name":"Feeding the Future (Lohralee Astor, Tali Shine) - book \/ album - Folio","isPartOf":{"@id":"https:\/\/foliobooks.pl\/en\/#website"},"primaryImageOfPage":{"@id":"https:\/\/foliobooks.pl\/en\/shop\/feeding-the-future\/#primaryimage"},"image":{"@id":"https:\/\/foliobooks.pl\/en\/shop\/feeding-the-future\/#primaryimage"},"thumbnailUrl":"https:\/\/foliobooks.pl\/wp-content\/uploads\/2017\/09\/9783832733438.png","datePublished":"2017-09-12T10:35:37+00:00","dateModified":"2019-12-07T23:17:28+00:00","description":"Wejd\u017a i kup ksi\u0105\u017ck\u0119 Feeding the Future autorstwa Lohralee Astor, Tali Shine wydan\u0105 przez teNeues (2016-06-15) w formacie 19 x 25 cm (ISBN: 9783832733438). Zapraszamy!","breadcrumb":{"@id":"https:\/\/foliobooks.pl\/en\/shop\/feeding-the-future\/#breadcrumb"},"inLanguage":"en-US","potentialAction":[{"@type":"ReadAction","target":["https:\/\/foliobooks.pl\/en\/shop\/feeding-the-future\/"]}]},{"@type":"ImageObject","inLanguage":"en-US","@id":"https:\/\/foliobooks.pl\/en\/shop\/feeding-the-future\/#primaryimage","url":"https:\/\/foliobooks.pl\/wp-content\/uploads\/2017\/09\/9783832733438.png","contentUrl":"https:\/\/foliobooks.pl\/wp-content\/uploads\/2017\/09\/9783832733438.png","width":570,"height":708},{"@type":"BreadcrumbList","@id":"https:\/\/foliobooks.pl\/en\/shop\/feeding-the-future\/#breadcrumb","itemListElement":[{"@type":"ListItem","position":1,"name":"Strona g\u0142\u00f3wna","item":"https:\/\/foliobooks.pl\/en\/"},{"@type":"ListItem","position":2,"name":"Shop","item":"https:\/\/foliobooks.pl\/en\/shop\/"},{"@type":"ListItem","position":3,"name":"Feeding the Future"}]},{"@type":"WebSite","@id":"https:\/\/foliobooks.pl\/en\/#website","url":"https:\/\/foliobooks.pl\/en\/","name":"Folio","description":"Ksi\u0119garnia internetowa","potentialAction":[{"@type":"SearchAction","target":{"@type":"EntryPoint","urlTemplate":"https:\/\/foliobooks.pl\/en\/?s={search_term_string}"},"query-input":{"@type":"PropertyValueSpecification","valueRequired":true,"valueName":"search_term_string"}}],"inLanguage":"en-US"}]}},"_links":{"self":[{"href":"https:\/\/foliobooks.pl\/en\/wp-json\/wp\/v2\/product\/21519","targetHints":{"allow":["GET"]}}],"collection":[{"href":"https:\/\/foliobooks.pl\/en\/wp-json\/wp\/v2\/product"}],"about":[{"href":"https:\/\/foliobooks.pl\/en\/wp-json\/wp\/v2\/types\/product"}],"replies":[{"embeddable":true,"href":"https:\/\/foliobooks.pl\/en\/wp-json\/wp\/v2\/comments?post=21519"}],"wp:featuredmedia":[{"embeddable":true,"href":"https:\/\/foliobooks.pl\/en\/wp-json\/wp\/v2\/media\/21512"}],"wp:attachment":[{"href":"https:\/\/foliobooks.pl\/en\/wp-json\/wp\/v2\/media?parent=21519"}],"wp:term":[{"taxonomy":"product_brand","embeddable":true,"href":"https:\/\/foliobooks.pl\/en\/wp-json\/wp\/v2\/product_brand?post=21519"},{"taxonomy":"product_cat","embeddable":true,"href":"https:\/\/foliobooks.pl\/en\/wp-json\/wp\/v2\/product_cat?post=21519"},{"taxonomy":"product_tag","embeddable":true,"href":"https:\/\/foliobooks.pl\/en\/wp-json\/wp\/v2\/product_tag?post=21519"}],"curies":[{"name":"wp","href":"https:\/\/api.w.org\/{rel}","templated":true}]}}