{"id":21407,"date":"2017-08-30T13:33:05","date_gmt":"2017-08-30T11:33:05","guid":{"rendered":"https:\/\/foliobooks.pl\/sklep\/fritz-kahn-infographics-pioneer\/"},"modified":"2019-12-15T12:59:11","modified_gmt":"2019-12-15T11:59:11","slug":"fritz-kahn-infographics-pioneer","status":"publish","type":"product","link":"https:\/\/foliobooks.pl\/en\/shop\/fritz-kahn-infographics-pioneer\/","title":{"rendered":"Fritz Kahn. Infographics Pioneer"},"content":{"rendered":"<p>Fritz Kahn (1888\u20131968) was a German doctor, educator, popular science writer, and information graphics pioneer. Chased out of Germany by the Nazis, who banned and burned his books, Kahn emigrated to Palestine, then France, and finally the United States to continue his life\u2019s work.<\/p>\n<p>In this revised <em>Bibliotheca Universalis<\/em> edition, TASCHEN celebrates Kahn as a creative genius, particularly adept at the visualization of complex scientific ideas. In such works as <em>Man as Industrial Palace<\/em>, we see how Kahn deployed vivid visual metaphors to demystify science and how his concepts have influenced generations of scientific illustrators, visual communications specialists, and infographic artists through to today.<\/p>\n<p>The book features more than 350 illustrations with extensive captions, three original texts by Fritz Kahn himself, a foreword by Steven Heller, and an essay about Kahn\u2019s life and oeuvre.<\/p>\n","protected":false},"excerpt":{"rendered":"<p>Fritz Kahn (1888\u20131968) was a German doctor, educator, popular science writer, and information graphics pioneer. Chased out of Germany by the Nazis, who banned and burned his books, Kahn emigrated to Palestine, then France, and finally the United States to continue his life\u2019s work. In this revised Bibliotheca Universalis edition, TASCHEN celebrates Kahn as a&#8230;<\/p>\n","protected":false},"featured_media":21398,"comment_status":"closed","ping_status":"closed","template":"","meta":[],"product_brand":[],"product_cat":[4523,4525,4521],"product_tag":[11483,6578,2253,1649,1112,10752,6536,6947,11526],"class_list":{"0":"post-21407","1":"product","2":"type-product","3":"status-publish","4":"has-post-thumbnail","6":"product_cat-design-en-en","7":"product_cat-graphic-design","8":"product_cat-silva-rerum-en-en","9":"product_tag-anatomy-en","10":"product_tag-body-en","11":"product_tag-graphics","12":"product_tag-illustration","13":"product_tag-infographics-en","14":"product_tag-medicine-en","15":"product_tag-precursors","16":"product_tag-science-en","17":"product_tag-visual-communication-en","18":"pa_author_att-thilo-von-debschitz-en","19":"pa_author_att-uta-von-debschitz-en","20":"pa_cover-hardcover","21":"pa_format-14-x-195-cm-en","22":"pa_isbn-9783836504935-en","23":"pa_language-eng-f-ger","24":"pa_pages-526-en","25":"pa_published-2017-007-07-en","26":"pa_publisher-taschen-en-en","28":"first","29":"outofstock","30":"sold-individually","31":"shipping-taxable","32":"purchasable","33":"product-type-simple"},"yoast_head":"<!-- This site is optimized with the Yoast SEO plugin v27.4 - https:\/\/yoast.com\/product\/yoast-seo-wordpress\/ -->\n<title>Fritz Kahn. Infographics Pioneer (Thilo von Debschitz, Uta von Debschitz) - book \/ album - Folio<\/title>\n<meta name=\"description\" content=\"Wejd\u017a i kup ksi\u0105\u017ck\u0119 Fritz Kahn. Infographics Pioneer autorstwa Thilo von Debschitz, Uta von Debschitz wydan\u0105 przez TASCHEN (2017-007-07) w formacie 14 x 19,5 cm (ISBN: 9783836504935). Zapraszamy!\" \/>\n<meta name=\"robots\" content=\"index, follow, max-snippet:-1, max-image-preview:large, max-video-preview:-1\" \/>\n<link rel=\"canonical\" href=\"https:\/\/foliobooks.pl\/en\/shop\/fritz-kahn-infographics-pioneer\/\" \/>\n<meta property=\"og:locale\" content=\"en_US\" \/>\n<meta property=\"og:type\" content=\"article\" \/>\n<meta property=\"og:title\" content=\"Fritz Kahn. Infographics Pioneer (Thilo von Debschitz, Uta von Debschitz) - book \/ album - Folio\" \/>\n<meta property=\"og:description\" content=\"Wejd\u017a i kup ksi\u0105\u017ck\u0119 Fritz Kahn. Infographics Pioneer autorstwa Thilo von Debschitz, Uta von Debschitz wydan\u0105 przez TASCHEN (2017-007-07) w formacie 14 x 19,5 cm (ISBN: 9783836504935). Zapraszamy!\" \/>\n<meta property=\"og:url\" content=\"https:\/\/foliobooks.pl\/en\/shop\/fritz-kahn-infographics-pioneer\/\" \/>\n<meta property=\"og:site_name\" content=\"Folio\" \/>\n<meta property=\"article:modified_time\" content=\"2019-12-15T11:59:11+00:00\" \/>\n<meta property=\"og:image\" content=\"https:\/\/foliobooks.pl\/wp-content\/uploads\/2017\/08\/9783836504935.png\" \/>\n\t<meta property=\"og:image:width\" content=\"570\" \/>\n\t<meta property=\"og:image:height\" content=\"708\" \/>\n\t<meta property=\"og:image:type\" content=\"image\/png\" \/>\n<meta name=\"twitter:card\" content=\"summary_large_image\" \/>\n<meta name=\"twitter:label1\" content=\"Est. reading time\" \/>\n\t<meta name=\"twitter:data1\" content=\"1 minute\" \/>\n<script type=\"application\/ld+json\" class=\"yoast-schema-graph\">{\"@context\":\"https:\\\/\\\/schema.org\",\"@graph\":[{\"@type\":\"WebPage\",\"@id\":\"https:\\\/\\\/foliobooks.pl\\\/en\\\/shop\\\/fritz-kahn-infographics-pioneer\\\/\",\"url\":\"https:\\\/\\\/foliobooks.pl\\\/en\\\/shop\\\/fritz-kahn-infographics-pioneer\\\/\",\"name\":\"Fritz Kahn. Infographics Pioneer (Thilo von Debschitz, Uta von Debschitz) - book \\\/ album - Folio\",\"isPartOf\":{\"@id\":\"https:\\\/\\\/foliobooks.pl\\\/en\\\/#website\"},\"primaryImageOfPage\":{\"@id\":\"https:\\\/\\\/foliobooks.pl\\\/en\\\/shop\\\/fritz-kahn-infographics-pioneer\\\/#primaryimage\"},\"image\":{\"@id\":\"https:\\\/\\\/foliobooks.pl\\\/en\\\/shop\\\/fritz-kahn-infographics-pioneer\\\/#primaryimage\"},\"thumbnailUrl\":\"https:\\\/\\\/foliobooks.pl\\\/wp-content\\\/uploads\\\/2017\\\/08\\\/9783836504935.png\",\"datePublished\":\"2017-08-30T11:33:05+00:00\",\"dateModified\":\"2019-12-15T11:59:11+00:00\",\"description\":\"Wejd\u017a i kup ksi\u0105\u017ck\u0119 Fritz Kahn. Infographics Pioneer autorstwa Thilo von Debschitz, Uta von Debschitz wydan\u0105 przez TASCHEN (2017-007-07) w formacie 14 x 19,5 cm (ISBN: 9783836504935). Zapraszamy!\",\"breadcrumb\":{\"@id\":\"https:\\\/\\\/foliobooks.pl\\\/en\\\/shop\\\/fritz-kahn-infographics-pioneer\\\/#breadcrumb\"},\"inLanguage\":\"en-US\",\"potentialAction\":[{\"@type\":\"ReadAction\",\"target\":[\"https:\\\/\\\/foliobooks.pl\\\/en\\\/shop\\\/fritz-kahn-infographics-pioneer\\\/\"]}]},{\"@type\":\"ImageObject\",\"inLanguage\":\"en-US\",\"@id\":\"https:\\\/\\\/foliobooks.pl\\\/en\\\/shop\\\/fritz-kahn-infographics-pioneer\\\/#primaryimage\",\"url\":\"https:\\\/\\\/foliobooks.pl\\\/wp-content\\\/uploads\\\/2017\\\/08\\\/9783836504935.png\",\"contentUrl\":\"https:\\\/\\\/foliobooks.pl\\\/wp-content\\\/uploads\\\/2017\\\/08\\\/9783836504935.png\",\"width\":570,\"height\":708},{\"@type\":\"BreadcrumbList\",\"@id\":\"https:\\\/\\\/foliobooks.pl\\\/en\\\/shop\\\/fritz-kahn-infographics-pioneer\\\/#breadcrumb\",\"itemListElement\":[{\"@type\":\"ListItem\",\"position\":1,\"name\":\"Strona g\u0142\u00f3wna\",\"item\":\"https:\\\/\\\/foliobooks.pl\\\/en\\\/\"},{\"@type\":\"ListItem\",\"position\":2,\"name\":\"Shop\",\"item\":\"https:\\\/\\\/foliobooks.pl\\\/en\\\/shop\\\/\"},{\"@type\":\"ListItem\",\"position\":3,\"name\":\"Fritz Kahn. Infographics Pioneer\"}]},{\"@type\":\"WebSite\",\"@id\":\"https:\\\/\\\/foliobooks.pl\\\/en\\\/#website\",\"url\":\"https:\\\/\\\/foliobooks.pl\\\/en\\\/\",\"name\":\"Folio\",\"description\":\"Ksi\u0119garnia internetowa\",\"potentialAction\":[{\"@type\":\"SearchAction\",\"target\":{\"@type\":\"EntryPoint\",\"urlTemplate\":\"https:\\\/\\\/foliobooks.pl\\\/en\\\/?s={search_term_string}\"},\"query-input\":{\"@type\":\"PropertyValueSpecification\",\"valueRequired\":true,\"valueName\":\"search_term_string\"}}],\"inLanguage\":\"en-US\"}]}<\/script>\n<!-- \/ Yoast SEO plugin. -->","yoast_head_json":{"title":"Fritz Kahn. Infographics Pioneer (Thilo von Debschitz, Uta von Debschitz) - book \/ album - Folio","description":"Wejd\u017a i kup ksi\u0105\u017ck\u0119 Fritz Kahn. Infographics Pioneer autorstwa Thilo von Debschitz, Uta von Debschitz wydan\u0105 przez TASCHEN (2017-007-07) w formacie 14 x 19,5 cm (ISBN: 9783836504935). Zapraszamy!","robots":{"index":"index","follow":"follow","max-snippet":"max-snippet:-1","max-image-preview":"max-image-preview:large","max-video-preview":"max-video-preview:-1"},"canonical":"https:\/\/foliobooks.pl\/en\/shop\/fritz-kahn-infographics-pioneer\/","og_locale":"en_US","og_type":"article","og_title":"Fritz Kahn. Infographics Pioneer (Thilo von Debschitz, Uta von Debschitz) - book \/ album - Folio","og_description":"Wejd\u017a i kup ksi\u0105\u017ck\u0119 Fritz Kahn. Infographics Pioneer autorstwa Thilo von Debschitz, Uta von Debschitz wydan\u0105 przez TASCHEN (2017-007-07) w formacie 14 x 19,5 cm (ISBN: 9783836504935). Zapraszamy!","og_url":"https:\/\/foliobooks.pl\/en\/shop\/fritz-kahn-infographics-pioneer\/","og_site_name":"Folio","article_modified_time":"2019-12-15T11:59:11+00:00","og_image":[{"width":570,"height":708,"url":"https:\/\/foliobooks.pl\/wp-content\/uploads\/2017\/08\/9783836504935.png","type":"image\/png"}],"twitter_card":"summary_large_image","twitter_misc":{"Est. reading time":"1 minute"},"schema":{"@context":"https:\/\/schema.org","@graph":[{"@type":"WebPage","@id":"https:\/\/foliobooks.pl\/en\/shop\/fritz-kahn-infographics-pioneer\/","url":"https:\/\/foliobooks.pl\/en\/shop\/fritz-kahn-infographics-pioneer\/","name":"Fritz Kahn. Infographics Pioneer (Thilo von Debschitz, Uta von Debschitz) - book \/ album - Folio","isPartOf":{"@id":"https:\/\/foliobooks.pl\/en\/#website"},"primaryImageOfPage":{"@id":"https:\/\/foliobooks.pl\/en\/shop\/fritz-kahn-infographics-pioneer\/#primaryimage"},"image":{"@id":"https:\/\/foliobooks.pl\/en\/shop\/fritz-kahn-infographics-pioneer\/#primaryimage"},"thumbnailUrl":"https:\/\/foliobooks.pl\/wp-content\/uploads\/2017\/08\/9783836504935.png","datePublished":"2017-08-30T11:33:05+00:00","dateModified":"2019-12-15T11:59:11+00:00","description":"Wejd\u017a i kup ksi\u0105\u017ck\u0119 Fritz Kahn. Infographics Pioneer autorstwa Thilo von Debschitz, Uta von Debschitz wydan\u0105 przez TASCHEN (2017-007-07) w formacie 14 x 19,5 cm (ISBN: 9783836504935). Zapraszamy!","breadcrumb":{"@id":"https:\/\/foliobooks.pl\/en\/shop\/fritz-kahn-infographics-pioneer\/#breadcrumb"},"inLanguage":"en-US","potentialAction":[{"@type":"ReadAction","target":["https:\/\/foliobooks.pl\/en\/shop\/fritz-kahn-infographics-pioneer\/"]}]},{"@type":"ImageObject","inLanguage":"en-US","@id":"https:\/\/foliobooks.pl\/en\/shop\/fritz-kahn-infographics-pioneer\/#primaryimage","url":"https:\/\/foliobooks.pl\/wp-content\/uploads\/2017\/08\/9783836504935.png","contentUrl":"https:\/\/foliobooks.pl\/wp-content\/uploads\/2017\/08\/9783836504935.png","width":570,"height":708},{"@type":"BreadcrumbList","@id":"https:\/\/foliobooks.pl\/en\/shop\/fritz-kahn-infographics-pioneer\/#breadcrumb","itemListElement":[{"@type":"ListItem","position":1,"name":"Strona g\u0142\u00f3wna","item":"https:\/\/foliobooks.pl\/en\/"},{"@type":"ListItem","position":2,"name":"Shop","item":"https:\/\/foliobooks.pl\/en\/shop\/"},{"@type":"ListItem","position":3,"name":"Fritz Kahn. Infographics Pioneer"}]},{"@type":"WebSite","@id":"https:\/\/foliobooks.pl\/en\/#website","url":"https:\/\/foliobooks.pl\/en\/","name":"Folio","description":"Ksi\u0119garnia internetowa","potentialAction":[{"@type":"SearchAction","target":{"@type":"EntryPoint","urlTemplate":"https:\/\/foliobooks.pl\/en\/?s={search_term_string}"},"query-input":{"@type":"PropertyValueSpecification","valueRequired":true,"valueName":"search_term_string"}}],"inLanguage":"en-US"}]}},"_links":{"self":[{"href":"https:\/\/foliobooks.pl\/en\/wp-json\/wp\/v2\/product\/21407","targetHints":{"allow":["GET"]}}],"collection":[{"href":"https:\/\/foliobooks.pl\/en\/wp-json\/wp\/v2\/product"}],"about":[{"href":"https:\/\/foliobooks.pl\/en\/wp-json\/wp\/v2\/types\/product"}],"replies":[{"embeddable":true,"href":"https:\/\/foliobooks.pl\/en\/wp-json\/wp\/v2\/comments?post=21407"}],"wp:featuredmedia":[{"embeddable":true,"href":"https:\/\/foliobooks.pl\/en\/wp-json\/wp\/v2\/media\/21398"}],"wp:attachment":[{"href":"https:\/\/foliobooks.pl\/en\/wp-json\/wp\/v2\/media?parent=21407"}],"wp:term":[{"taxonomy":"product_brand","embeddable":true,"href":"https:\/\/foliobooks.pl\/en\/wp-json\/wp\/v2\/product_brand?post=21407"},{"taxonomy":"product_cat","embeddable":true,"href":"https:\/\/foliobooks.pl\/en\/wp-json\/wp\/v2\/product_cat?post=21407"},{"taxonomy":"product_tag","embeddable":true,"href":"https:\/\/foliobooks.pl\/en\/wp-json\/wp\/v2\/product_tag?post=21407"}],"curies":[{"name":"wp","href":"https:\/\/api.w.org\/{rel}","templated":true}]}}