{"id":21382,"date":"2017-08-30T13:17:47","date_gmt":"2017-08-30T11:17:47","guid":{"rendered":"https:\/\/foliobooks.pl\/sklep\/becker-medieval-renaissance-art\/"},"modified":"2019-12-08T00:13:42","modified_gmt":"2019-12-07T23:13:42","slug":"becker-medieval-renaissance-art","status":"publish","type":"product","link":"https:\/\/foliobooks.pl\/en\/shop\/becker-medieval-renaissance-art\/","title":{"rendered":"Becker. Medieval &#038; Renaissance Art"},"content":{"rendered":"<p>When <em>Kunstwerke und Ger\u00e4thschaften des Mittelalters und der Renaissance<\/em> (1852\u20131863) was published, what purchasers in fact bought was a printed museum. With 216 hand-colored copperplate engravings, the publication gives a comprehensive overview of applied arts in Europe from the 9th to the 16th centuries, spanning furniture, metalwork, jewelry, tapestries, and bookbinding.<\/p>\n<p>The book\u2019s lead editor was well placed to select masterpieces from the Middle Ages through to the Renaissance from both public and private collections. Jakob Heinrich von Hefner-Alteneck (1811\u20131903), was head of the Royal Cabinet of Prints and Drawings in Munich and later director of the Bavarian National Museum. The signatures on the plates of <em>Kunstwerke und Ger\u00e4thschaften<\/em> show that he was also the work\u2019s main draftsman.<\/p>\n<p>As much an artwork in itself as a collection of applied arts over eight centuries, this exquisite catalogue offers the contemporary reader both a record and a sourcebook of all that can be achieved by the human hand and creative imagination.<\/p>\n","protected":false},"excerpt":{"rendered":"<p>When Kunstwerke und Ger\u00e4thschaften des Mittelalters und der Renaissance (1852\u20131863) was published, what purchasers in fact bought was a printed museum. With 216 hand-colored copperplate engravings, the publication gives a comprehensive overview of applied arts in Europe from the 9th to the 16th centuries, spanning furniture, metalwork, jewelry, tapestries, and bookbinding. The book\u2019s lead editor&#8230;<\/p>\n","protected":false},"featured_media":21373,"comment_status":"closed","ping_status":"closed","template":"","meta":[],"product_brand":[],"product_cat":[4522],"product_tag":[1156,2767,11515,11517,153,2253,10639,1649,522,11516,11518,6463,11488,11263],"class_list":{"0":"post-21382","1":"product","2":"type-product","3":"status-publish","4":"has-post-thumbnail","6":"product_cat-art-en","7":"product_tag-appliedarts-en","8":"product_tag-art-history","9":"product_tag-bookbinding-en","10":"product_tag-chalcography-en","11":"product_tag-furniture","12":"product_tag-graphics","13":"product_tag-handicrafts-en","14":"product_tag-illustration","15":"product_tag-jewelry-en","16":"product_tag-metalwork-en","17":"product_tag-middle-ages-en","18":"product_tag-old-arts","19":"product_tag-renaissance-en","20":"product_tag-textiles-en","21":"pa_author_att-carsten-peter-warncke-en","22":"pa_cover-hardcover","23":"pa_format-14-x-195-cm-en","24":"pa_isbn-9783836520263-en","25":"pa_language-eng-f-ger","26":"pa_pages-604-en","27":"pa_published-2017-03-25-en","28":"pa_publisher-taschen-en-en","30":"first","31":"outofstock","32":"sold-individually","33":"shipping-taxable","34":"purchasable","35":"product-type-simple"},"yoast_head":"<!-- This site is optimized with the Yoast SEO plugin v27.4 - https:\/\/yoast.com\/product\/yoast-seo-wordpress\/ -->\n<title>Becker. Medieval &amp; Renaissance Art (Carsten-Peter Warncke) - book \/ album - Folio<\/title>\n<meta name=\"description\" content=\"Wejd\u017a i kup ksi\u0105\u017ck\u0119 Becker. Medieval &amp; Renaissance Art autorstwa Carsten-Peter Warncke wydan\u0105 przez TASCHEN (2017-03-25) w formacie 14 x 19,5 cm (ISBN: 9783836520263). Zapraszamy!\" \/>\n<meta name=\"robots\" content=\"index, follow, max-snippet:-1, max-image-preview:large, max-video-preview:-1\" \/>\n<link rel=\"canonical\" href=\"https:\/\/foliobooks.pl\/en\/shop\/becker-medieval-renaissance-art\/\" \/>\n<meta property=\"og:locale\" content=\"en_US\" \/>\n<meta property=\"og:type\" content=\"article\" \/>\n<meta property=\"og:title\" content=\"Becker. Medieval &amp; Renaissance Art (Carsten-Peter Warncke) - book \/ album - Folio\" \/>\n<meta property=\"og:description\" content=\"Wejd\u017a i kup ksi\u0105\u017ck\u0119 Becker. Medieval &amp; Renaissance Art autorstwa Carsten-Peter Warncke wydan\u0105 przez TASCHEN (2017-03-25) w formacie 14 x 19,5 cm (ISBN: 9783836520263). Zapraszamy!\" \/>\n<meta property=\"og:url\" content=\"https:\/\/foliobooks.pl\/en\/shop\/becker-medieval-renaissance-art\/\" \/>\n<meta property=\"og:site_name\" content=\"Folio\" \/>\n<meta property=\"article:modified_time\" content=\"2019-12-07T23:13:42+00:00\" \/>\n<meta property=\"og:image\" content=\"https:\/\/foliobooks.pl\/wp-content\/uploads\/2017\/08\/9783836520263.png\" \/>\n\t<meta property=\"og:image:width\" content=\"570\" \/>\n\t<meta property=\"og:image:height\" content=\"708\" \/>\n\t<meta property=\"og:image:type\" content=\"image\/png\" \/>\n<meta name=\"twitter:card\" content=\"summary_large_image\" \/>\n<meta name=\"twitter:label1\" content=\"Est. reading time\" \/>\n\t<meta name=\"twitter:data1\" content=\"1 minute\" \/>\n<script type=\"application\/ld+json\" class=\"yoast-schema-graph\">{\"@context\":\"https:\\\/\\\/schema.org\",\"@graph\":[{\"@type\":\"WebPage\",\"@id\":\"https:\\\/\\\/foliobooks.pl\\\/en\\\/shop\\\/becker-medieval-renaissance-art\\\/\",\"url\":\"https:\\\/\\\/foliobooks.pl\\\/en\\\/shop\\\/becker-medieval-renaissance-art\\\/\",\"name\":\"Becker. Medieval & Renaissance Art (Carsten-Peter Warncke) - book \\\/ album - Folio\",\"isPartOf\":{\"@id\":\"https:\\\/\\\/foliobooks.pl\\\/en\\\/#website\"},\"primaryImageOfPage\":{\"@id\":\"https:\\\/\\\/foliobooks.pl\\\/en\\\/shop\\\/becker-medieval-renaissance-art\\\/#primaryimage\"},\"image\":{\"@id\":\"https:\\\/\\\/foliobooks.pl\\\/en\\\/shop\\\/becker-medieval-renaissance-art\\\/#primaryimage\"},\"thumbnailUrl\":\"https:\\\/\\\/foliobooks.pl\\\/wp-content\\\/uploads\\\/2017\\\/08\\\/9783836520263.png\",\"datePublished\":\"2017-08-30T11:17:47+00:00\",\"dateModified\":\"2019-12-07T23:13:42+00:00\",\"description\":\"Wejd\u017a i kup ksi\u0105\u017ck\u0119 Becker. Medieval & Renaissance Art autorstwa Carsten-Peter Warncke wydan\u0105 przez TASCHEN (2017-03-25) w formacie 14 x 19,5 cm (ISBN: 9783836520263). Zapraszamy!\",\"breadcrumb\":{\"@id\":\"https:\\\/\\\/foliobooks.pl\\\/en\\\/shop\\\/becker-medieval-renaissance-art\\\/#breadcrumb\"},\"inLanguage\":\"en-US\",\"potentialAction\":[{\"@type\":\"ReadAction\",\"target\":[\"https:\\\/\\\/foliobooks.pl\\\/en\\\/shop\\\/becker-medieval-renaissance-art\\\/\"]}]},{\"@type\":\"ImageObject\",\"inLanguage\":\"en-US\",\"@id\":\"https:\\\/\\\/foliobooks.pl\\\/en\\\/shop\\\/becker-medieval-renaissance-art\\\/#primaryimage\",\"url\":\"https:\\\/\\\/foliobooks.pl\\\/wp-content\\\/uploads\\\/2017\\\/08\\\/9783836520263.png\",\"contentUrl\":\"https:\\\/\\\/foliobooks.pl\\\/wp-content\\\/uploads\\\/2017\\\/08\\\/9783836520263.png\",\"width\":570,\"height\":708},{\"@type\":\"BreadcrumbList\",\"@id\":\"https:\\\/\\\/foliobooks.pl\\\/en\\\/shop\\\/becker-medieval-renaissance-art\\\/#breadcrumb\",\"itemListElement\":[{\"@type\":\"ListItem\",\"position\":1,\"name\":\"Strona g\u0142\u00f3wna\",\"item\":\"https:\\\/\\\/foliobooks.pl\\\/en\\\/\"},{\"@type\":\"ListItem\",\"position\":2,\"name\":\"Shop\",\"item\":\"https:\\\/\\\/foliobooks.pl\\\/en\\\/shop\\\/\"},{\"@type\":\"ListItem\",\"position\":3,\"name\":\"Becker. Medieval &#038; Renaissance Art\"}]},{\"@type\":\"WebSite\",\"@id\":\"https:\\\/\\\/foliobooks.pl\\\/en\\\/#website\",\"url\":\"https:\\\/\\\/foliobooks.pl\\\/en\\\/\",\"name\":\"Folio\",\"description\":\"Ksi\u0119garnia internetowa\",\"potentialAction\":[{\"@type\":\"SearchAction\",\"target\":{\"@type\":\"EntryPoint\",\"urlTemplate\":\"https:\\\/\\\/foliobooks.pl\\\/en\\\/?s={search_term_string}\"},\"query-input\":{\"@type\":\"PropertyValueSpecification\",\"valueRequired\":true,\"valueName\":\"search_term_string\"}}],\"inLanguage\":\"en-US\"}]}<\/script>\n<!-- \/ Yoast SEO plugin. -->","yoast_head_json":{"title":"Becker. Medieval & Renaissance Art (Carsten-Peter Warncke) - book \/ album - Folio","description":"Wejd\u017a i kup ksi\u0105\u017ck\u0119 Becker. Medieval & Renaissance Art autorstwa Carsten-Peter Warncke wydan\u0105 przez TASCHEN (2017-03-25) w formacie 14 x 19,5 cm (ISBN: 9783836520263). Zapraszamy!","robots":{"index":"index","follow":"follow","max-snippet":"max-snippet:-1","max-image-preview":"max-image-preview:large","max-video-preview":"max-video-preview:-1"},"canonical":"https:\/\/foliobooks.pl\/en\/shop\/becker-medieval-renaissance-art\/","og_locale":"en_US","og_type":"article","og_title":"Becker. Medieval & Renaissance Art (Carsten-Peter Warncke) - book \/ album - Folio","og_description":"Wejd\u017a i kup ksi\u0105\u017ck\u0119 Becker. Medieval & Renaissance Art autorstwa Carsten-Peter Warncke wydan\u0105 przez TASCHEN (2017-03-25) w formacie 14 x 19,5 cm (ISBN: 9783836520263). Zapraszamy!","og_url":"https:\/\/foliobooks.pl\/en\/shop\/becker-medieval-renaissance-art\/","og_site_name":"Folio","article_modified_time":"2019-12-07T23:13:42+00:00","og_image":[{"width":570,"height":708,"url":"https:\/\/foliobooks.pl\/wp-content\/uploads\/2017\/08\/9783836520263.png","type":"image\/png"}],"twitter_card":"summary_large_image","twitter_misc":{"Est. reading time":"1 minute"},"schema":{"@context":"https:\/\/schema.org","@graph":[{"@type":"WebPage","@id":"https:\/\/foliobooks.pl\/en\/shop\/becker-medieval-renaissance-art\/","url":"https:\/\/foliobooks.pl\/en\/shop\/becker-medieval-renaissance-art\/","name":"Becker. Medieval & Renaissance Art (Carsten-Peter Warncke) - book \/ album - Folio","isPartOf":{"@id":"https:\/\/foliobooks.pl\/en\/#website"},"primaryImageOfPage":{"@id":"https:\/\/foliobooks.pl\/en\/shop\/becker-medieval-renaissance-art\/#primaryimage"},"image":{"@id":"https:\/\/foliobooks.pl\/en\/shop\/becker-medieval-renaissance-art\/#primaryimage"},"thumbnailUrl":"https:\/\/foliobooks.pl\/wp-content\/uploads\/2017\/08\/9783836520263.png","datePublished":"2017-08-30T11:17:47+00:00","dateModified":"2019-12-07T23:13:42+00:00","description":"Wejd\u017a i kup ksi\u0105\u017ck\u0119 Becker. Medieval & Renaissance Art autorstwa Carsten-Peter Warncke wydan\u0105 przez TASCHEN (2017-03-25) w formacie 14 x 19,5 cm (ISBN: 9783836520263). Zapraszamy!","breadcrumb":{"@id":"https:\/\/foliobooks.pl\/en\/shop\/becker-medieval-renaissance-art\/#breadcrumb"},"inLanguage":"en-US","potentialAction":[{"@type":"ReadAction","target":["https:\/\/foliobooks.pl\/en\/shop\/becker-medieval-renaissance-art\/"]}]},{"@type":"ImageObject","inLanguage":"en-US","@id":"https:\/\/foliobooks.pl\/en\/shop\/becker-medieval-renaissance-art\/#primaryimage","url":"https:\/\/foliobooks.pl\/wp-content\/uploads\/2017\/08\/9783836520263.png","contentUrl":"https:\/\/foliobooks.pl\/wp-content\/uploads\/2017\/08\/9783836520263.png","width":570,"height":708},{"@type":"BreadcrumbList","@id":"https:\/\/foliobooks.pl\/en\/shop\/becker-medieval-renaissance-art\/#breadcrumb","itemListElement":[{"@type":"ListItem","position":1,"name":"Strona g\u0142\u00f3wna","item":"https:\/\/foliobooks.pl\/en\/"},{"@type":"ListItem","position":2,"name":"Shop","item":"https:\/\/foliobooks.pl\/en\/shop\/"},{"@type":"ListItem","position":3,"name":"Becker. Medieval &#038; Renaissance Art"}]},{"@type":"WebSite","@id":"https:\/\/foliobooks.pl\/en\/#website","url":"https:\/\/foliobooks.pl\/en\/","name":"Folio","description":"Ksi\u0119garnia internetowa","potentialAction":[{"@type":"SearchAction","target":{"@type":"EntryPoint","urlTemplate":"https:\/\/foliobooks.pl\/en\/?s={search_term_string}"},"query-input":{"@type":"PropertyValueSpecification","valueRequired":true,"valueName":"search_term_string"}}],"inLanguage":"en-US"}]}},"_links":{"self":[{"href":"https:\/\/foliobooks.pl\/en\/wp-json\/wp\/v2\/product\/21382","targetHints":{"allow":["GET"]}}],"collection":[{"href":"https:\/\/foliobooks.pl\/en\/wp-json\/wp\/v2\/product"}],"about":[{"href":"https:\/\/foliobooks.pl\/en\/wp-json\/wp\/v2\/types\/product"}],"replies":[{"embeddable":true,"href":"https:\/\/foliobooks.pl\/en\/wp-json\/wp\/v2\/comments?post=21382"}],"wp:featuredmedia":[{"embeddable":true,"href":"https:\/\/foliobooks.pl\/en\/wp-json\/wp\/v2\/media\/21373"}],"wp:attachment":[{"href":"https:\/\/foliobooks.pl\/en\/wp-json\/wp\/v2\/media?parent=21382"}],"wp:term":[{"taxonomy":"product_brand","embeddable":true,"href":"https:\/\/foliobooks.pl\/en\/wp-json\/wp\/v2\/product_brand?post=21382"},{"taxonomy":"product_cat","embeddable":true,"href":"https:\/\/foliobooks.pl\/en\/wp-json\/wp\/v2\/product_cat?post=21382"},{"taxonomy":"product_tag","embeddable":true,"href":"https:\/\/foliobooks.pl\/en\/wp-json\/wp\/v2\/product_tag?post=21382"}],"curies":[{"name":"wp","href":"https:\/\/api.w.org\/{rel}","templated":true}]}}