{"id":21370,"date":"2017-08-30T13:04:28","date_gmt":"2017-08-30T11:04:28","guid":{"rendered":"https:\/\/foliobooks.pl\/sklep\/prisse-davennes-oriental-art\/"},"modified":"2019-11-21T19:25:26","modified_gmt":"2019-11-21T18:25:26","slug":"prisse-davennes-oriental-art","status":"publish","type":"product","link":"https:\/\/foliobooks.pl\/en\/shop\/prisse-davennes-oriental-art\/","title":{"rendered":"Prisse d&#8217;Avennes. Oriental Art"},"content":{"rendered":"<p>\u00c9mile Prisse d\u2019Avennes (1807\u20131879), a French Orientalist, author, and artist, was one of the greatest pre-20th-century Egyptologists. As a youth he dreamed of exploring the Orient and at 19 began traveling to Greece, India, and Palestine. Over the next 40 years he explored Syria, Arabia, Persia, and also spent long periods living in Egypt and Algeria. Having converted to Islam, he traveled under the Arabic name Idris Effendi.<\/p>\n<p>With a keen eye for the symmetry, opulence, and complexity of local visual cultures, Prisse d\u2019Avennes recorded the art and architecture which he encountered on his travels. His work would later become one of the most outstanding surveys on Islamic art and architecture, with <em>Arab Art<\/em> (<em>L\u2019Art arabe d\u2019apr\u00e8s les monuments du Kaire<\/em>) being published between 1869 and 1877 in Paris.<\/p>\n<p>This TASCHEN edition revives Prisse d\u2019Avennes\u2019s magisterial chromolithograph survey in all its attention to detail, as well as to historical, social, and religious contexts. For further situational understanding, it includes his supplementary studies of the people and costumes of the Nile Valley, which he published in the <em>Oriental Album<\/em> (<em>Oriental Album: Characters, Costumes, and Modes of Life, the Valley of the Nile<\/em>, London, 1848). It is a precious record not only of Arabic, Persian, and Ottoman heritage but also of the history of thought and imagination between Europe and the Middle East.<\/p>\n","protected":false},"excerpt":{"rendered":"<p>\u00c9mile Prisse d\u2019Avennes (1807\u20131879), a French Orientalist, author, and artist, was one of the greatest pre-20th-century Egyptologists. As a youth he dreamed of exploring the Orient and at 19 began traveling to Greece, India, and Palestine. Over the next 40 years he explored Syria, Arabia, Persia, and also spent long periods living in Egypt and&#8230;<\/p>\n","protected":false},"featured_media":21361,"comment_status":"closed","ping_status":"closed","template":"","meta":[],"product_brand":[],"product_cat":[4516,4522,4521],"product_tag":[10792,1156,2767,11506,11507,2253,10639,1681,1649,11509,10802,6463,11510],"class_list":{"0":"post-21370","1":"product","2":"type-product","3":"status-publish","4":"has-post-thumbnail","6":"product_cat-architecture-en","7":"product_cat-art-en","8":"product_cat-silva-rerum-en-en","9":"product_tag-africa-en","10":"product_tag-appliedarts-en","11":"product_tag-art-history","12":"product_tag-asia-en","13":"product_tag-ethnography-en","14":"product_tag-graphics","15":"product_tag-handicrafts-en","16":"product_tag-history","17":"product_tag-illustration","18":"product_tag-lithography-en","19":"product_tag-middle-east-en","20":"product_tag-old-arts","21":"product_tag-orient-en","22":"pa_author_att-jonathan-m-bloom-en","23":"pa_author_att-sheila-s-blair-en","24":"pa_cover-hardcover","25":"pa_format-14-x-195-cm-en","26":"pa_isbn-9783836520249-en","27":"pa_language-eng-f-ger","28":"pa_pages-520-en","29":"pa_published-2016-10-14-en","30":"pa_publisher-taschen-en-en","32":"first","33":"outofstock","34":"sold-individually","35":"shipping-taxable","36":"purchasable","37":"product-type-simple"},"yoast_head":"<!-- This site is optimized with the Yoast SEO plugin v27.4 - https:\/\/yoast.com\/product\/yoast-seo-wordpress\/ -->\n<title>Prisse d&#039;Avennes. Oriental Art (Jonathan M. Bloom, Sheila S. Blair) - book \/ album - Folio<\/title>\n<meta name=\"description\" content=\"Wejd\u017a i kup ksi\u0105\u017ck\u0119 Prisse d&#039;Avennes. Oriental Art autorstwa Jonathan M. Bloom, Sheila S. Blair wydan\u0105 przez TASCHEN (2016-10-14) w formacie 14 x 19,5 cm (ISBN: 9783836520249). Zapraszamy!\" \/>\n<meta name=\"robots\" content=\"index, follow, max-snippet:-1, max-image-preview:large, max-video-preview:-1\" \/>\n<link rel=\"canonical\" href=\"https:\/\/foliobooks.pl\/en\/shop\/prisse-davennes-oriental-art\/\" \/>\n<meta property=\"og:locale\" content=\"en_US\" \/>\n<meta property=\"og:type\" content=\"article\" \/>\n<meta property=\"og:title\" content=\"Prisse d&#039;Avennes. Oriental Art (Jonathan M. Bloom, Sheila S. Blair) - book \/ album - Folio\" \/>\n<meta property=\"og:description\" content=\"Wejd\u017a i kup ksi\u0105\u017ck\u0119 Prisse d&#039;Avennes. Oriental Art autorstwa Jonathan M. Bloom, Sheila S. Blair wydan\u0105 przez TASCHEN (2016-10-14) w formacie 14 x 19,5 cm (ISBN: 9783836520249). Zapraszamy!\" \/>\n<meta property=\"og:url\" content=\"https:\/\/foliobooks.pl\/en\/shop\/prisse-davennes-oriental-art\/\" \/>\n<meta property=\"og:site_name\" content=\"Folio\" \/>\n<meta property=\"article:modified_time\" content=\"2019-11-21T18:25:26+00:00\" \/>\n<meta property=\"og:image\" content=\"https:\/\/foliobooks.pl\/wp-content\/uploads\/2017\/08\/9783836520249.png\" \/>\n\t<meta property=\"og:image:width\" content=\"570\" \/>\n\t<meta property=\"og:image:height\" content=\"708\" \/>\n\t<meta property=\"og:image:type\" content=\"image\/png\" \/>\n<meta name=\"twitter:card\" content=\"summary_large_image\" \/>\n<meta name=\"twitter:label1\" content=\"Est. reading time\" \/>\n\t<meta name=\"twitter:data1\" content=\"1 minute\" \/>\n<script type=\"application\/ld+json\" class=\"yoast-schema-graph\">{\"@context\":\"https:\\\/\\\/schema.org\",\"@graph\":[{\"@type\":\"WebPage\",\"@id\":\"https:\\\/\\\/foliobooks.pl\\\/en\\\/shop\\\/prisse-davennes-oriental-art\\\/\",\"url\":\"https:\\\/\\\/foliobooks.pl\\\/en\\\/shop\\\/prisse-davennes-oriental-art\\\/\",\"name\":\"Prisse d'Avennes. Oriental Art (Jonathan M. Bloom, Sheila S. Blair) - book \\\/ album - Folio\",\"isPartOf\":{\"@id\":\"https:\\\/\\\/foliobooks.pl\\\/en\\\/#website\"},\"primaryImageOfPage\":{\"@id\":\"https:\\\/\\\/foliobooks.pl\\\/en\\\/shop\\\/prisse-davennes-oriental-art\\\/#primaryimage\"},\"image\":{\"@id\":\"https:\\\/\\\/foliobooks.pl\\\/en\\\/shop\\\/prisse-davennes-oriental-art\\\/#primaryimage\"},\"thumbnailUrl\":\"https:\\\/\\\/foliobooks.pl\\\/wp-content\\\/uploads\\\/2017\\\/08\\\/9783836520249.png\",\"datePublished\":\"2017-08-30T11:04:28+00:00\",\"dateModified\":\"2019-11-21T18:25:26+00:00\",\"description\":\"Wejd\u017a i kup ksi\u0105\u017ck\u0119 Prisse d'Avennes. Oriental Art autorstwa Jonathan M. Bloom, Sheila S. Blair wydan\u0105 przez TASCHEN (2016-10-14) w formacie 14 x 19,5 cm (ISBN: 9783836520249). Zapraszamy!\",\"breadcrumb\":{\"@id\":\"https:\\\/\\\/foliobooks.pl\\\/en\\\/shop\\\/prisse-davennes-oriental-art\\\/#breadcrumb\"},\"inLanguage\":\"en-US\",\"potentialAction\":[{\"@type\":\"ReadAction\",\"target\":[\"https:\\\/\\\/foliobooks.pl\\\/en\\\/shop\\\/prisse-davennes-oriental-art\\\/\"]}]},{\"@type\":\"ImageObject\",\"inLanguage\":\"en-US\",\"@id\":\"https:\\\/\\\/foliobooks.pl\\\/en\\\/shop\\\/prisse-davennes-oriental-art\\\/#primaryimage\",\"url\":\"https:\\\/\\\/foliobooks.pl\\\/wp-content\\\/uploads\\\/2017\\\/08\\\/9783836520249.png\",\"contentUrl\":\"https:\\\/\\\/foliobooks.pl\\\/wp-content\\\/uploads\\\/2017\\\/08\\\/9783836520249.png\",\"width\":570,\"height\":708},{\"@type\":\"BreadcrumbList\",\"@id\":\"https:\\\/\\\/foliobooks.pl\\\/en\\\/shop\\\/prisse-davennes-oriental-art\\\/#breadcrumb\",\"itemListElement\":[{\"@type\":\"ListItem\",\"position\":1,\"name\":\"Strona g\u0142\u00f3wna\",\"item\":\"https:\\\/\\\/foliobooks.pl\\\/en\\\/\"},{\"@type\":\"ListItem\",\"position\":2,\"name\":\"Shop\",\"item\":\"https:\\\/\\\/foliobooks.pl\\\/en\\\/shop\\\/\"},{\"@type\":\"ListItem\",\"position\":3,\"name\":\"Prisse d&#8217;Avennes. Oriental Art\"}]},{\"@type\":\"WebSite\",\"@id\":\"https:\\\/\\\/foliobooks.pl\\\/en\\\/#website\",\"url\":\"https:\\\/\\\/foliobooks.pl\\\/en\\\/\",\"name\":\"Folio\",\"description\":\"Ksi\u0119garnia internetowa\",\"potentialAction\":[{\"@type\":\"SearchAction\",\"target\":{\"@type\":\"EntryPoint\",\"urlTemplate\":\"https:\\\/\\\/foliobooks.pl\\\/en\\\/?s={search_term_string}\"},\"query-input\":{\"@type\":\"PropertyValueSpecification\",\"valueRequired\":true,\"valueName\":\"search_term_string\"}}],\"inLanguage\":\"en-US\"}]}<\/script>\n<!-- \/ Yoast SEO plugin. -->","yoast_head_json":{"title":"Prisse d'Avennes. Oriental Art (Jonathan M. Bloom, Sheila S. Blair) - book \/ album - Folio","description":"Wejd\u017a i kup ksi\u0105\u017ck\u0119 Prisse d'Avennes. Oriental Art autorstwa Jonathan M. Bloom, Sheila S. Blair wydan\u0105 przez TASCHEN (2016-10-14) w formacie 14 x 19,5 cm (ISBN: 9783836520249). Zapraszamy!","robots":{"index":"index","follow":"follow","max-snippet":"max-snippet:-1","max-image-preview":"max-image-preview:large","max-video-preview":"max-video-preview:-1"},"canonical":"https:\/\/foliobooks.pl\/en\/shop\/prisse-davennes-oriental-art\/","og_locale":"en_US","og_type":"article","og_title":"Prisse d'Avennes. Oriental Art (Jonathan M. Bloom, Sheila S. Blair) - book \/ album - Folio","og_description":"Wejd\u017a i kup ksi\u0105\u017ck\u0119 Prisse d'Avennes. Oriental Art autorstwa Jonathan M. Bloom, Sheila S. Blair wydan\u0105 przez TASCHEN (2016-10-14) w formacie 14 x 19,5 cm (ISBN: 9783836520249). Zapraszamy!","og_url":"https:\/\/foliobooks.pl\/en\/shop\/prisse-davennes-oriental-art\/","og_site_name":"Folio","article_modified_time":"2019-11-21T18:25:26+00:00","og_image":[{"width":570,"height":708,"url":"https:\/\/foliobooks.pl\/wp-content\/uploads\/2017\/08\/9783836520249.png","type":"image\/png"}],"twitter_card":"summary_large_image","twitter_misc":{"Est. reading time":"1 minute"},"schema":{"@context":"https:\/\/schema.org","@graph":[{"@type":"WebPage","@id":"https:\/\/foliobooks.pl\/en\/shop\/prisse-davennes-oriental-art\/","url":"https:\/\/foliobooks.pl\/en\/shop\/prisse-davennes-oriental-art\/","name":"Prisse d'Avennes. Oriental Art (Jonathan M. Bloom, Sheila S. Blair) - book \/ album - Folio","isPartOf":{"@id":"https:\/\/foliobooks.pl\/en\/#website"},"primaryImageOfPage":{"@id":"https:\/\/foliobooks.pl\/en\/shop\/prisse-davennes-oriental-art\/#primaryimage"},"image":{"@id":"https:\/\/foliobooks.pl\/en\/shop\/prisse-davennes-oriental-art\/#primaryimage"},"thumbnailUrl":"https:\/\/foliobooks.pl\/wp-content\/uploads\/2017\/08\/9783836520249.png","datePublished":"2017-08-30T11:04:28+00:00","dateModified":"2019-11-21T18:25:26+00:00","description":"Wejd\u017a i kup ksi\u0105\u017ck\u0119 Prisse d'Avennes. Oriental Art autorstwa Jonathan M. Bloom, Sheila S. Blair wydan\u0105 przez TASCHEN (2016-10-14) w formacie 14 x 19,5 cm (ISBN: 9783836520249). Zapraszamy!","breadcrumb":{"@id":"https:\/\/foliobooks.pl\/en\/shop\/prisse-davennes-oriental-art\/#breadcrumb"},"inLanguage":"en-US","potentialAction":[{"@type":"ReadAction","target":["https:\/\/foliobooks.pl\/en\/shop\/prisse-davennes-oriental-art\/"]}]},{"@type":"ImageObject","inLanguage":"en-US","@id":"https:\/\/foliobooks.pl\/en\/shop\/prisse-davennes-oriental-art\/#primaryimage","url":"https:\/\/foliobooks.pl\/wp-content\/uploads\/2017\/08\/9783836520249.png","contentUrl":"https:\/\/foliobooks.pl\/wp-content\/uploads\/2017\/08\/9783836520249.png","width":570,"height":708},{"@type":"BreadcrumbList","@id":"https:\/\/foliobooks.pl\/en\/shop\/prisse-davennes-oriental-art\/#breadcrumb","itemListElement":[{"@type":"ListItem","position":1,"name":"Strona g\u0142\u00f3wna","item":"https:\/\/foliobooks.pl\/en\/"},{"@type":"ListItem","position":2,"name":"Shop","item":"https:\/\/foliobooks.pl\/en\/shop\/"},{"@type":"ListItem","position":3,"name":"Prisse d&#8217;Avennes. Oriental Art"}]},{"@type":"WebSite","@id":"https:\/\/foliobooks.pl\/en\/#website","url":"https:\/\/foliobooks.pl\/en\/","name":"Folio","description":"Ksi\u0119garnia internetowa","potentialAction":[{"@type":"SearchAction","target":{"@type":"EntryPoint","urlTemplate":"https:\/\/foliobooks.pl\/en\/?s={search_term_string}"},"query-input":{"@type":"PropertyValueSpecification","valueRequired":true,"valueName":"search_term_string"}}],"inLanguage":"en-US"}]}},"_links":{"self":[{"href":"https:\/\/foliobooks.pl\/en\/wp-json\/wp\/v2\/product\/21370","targetHints":{"allow":["GET"]}}],"collection":[{"href":"https:\/\/foliobooks.pl\/en\/wp-json\/wp\/v2\/product"}],"about":[{"href":"https:\/\/foliobooks.pl\/en\/wp-json\/wp\/v2\/types\/product"}],"replies":[{"embeddable":true,"href":"https:\/\/foliobooks.pl\/en\/wp-json\/wp\/v2\/comments?post=21370"}],"wp:featuredmedia":[{"embeddable":true,"href":"https:\/\/foliobooks.pl\/en\/wp-json\/wp\/v2\/media\/21361"}],"wp:attachment":[{"href":"https:\/\/foliobooks.pl\/en\/wp-json\/wp\/v2\/media?parent=21370"}],"wp:term":[{"taxonomy":"product_brand","embeddable":true,"href":"https:\/\/foliobooks.pl\/en\/wp-json\/wp\/v2\/product_brand?post=21370"},{"taxonomy":"product_cat","embeddable":true,"href":"https:\/\/foliobooks.pl\/en\/wp-json\/wp\/v2\/product_cat?post=21370"},{"taxonomy":"product_tag","embeddable":true,"href":"https:\/\/foliobooks.pl\/en\/wp-json\/wp\/v2\/product_tag?post=21370"}],"curies":[{"name":"wp","href":"https:\/\/api.w.org\/{rel}","templated":true}]}}