{"id":21315,"date":"2017-08-29T15:38:13","date_gmt":"2017-08-29T13:38:13","guid":{"rendered":"https:\/\/foliobooks.pl\/sklep\/rockwell-basic-art-series\/"},"modified":"2019-08-30T14:46:12","modified_gmt":"2019-08-30T12:46:12","slug":"rockwell-basic-art-series","status":"publish","type":"product","link":"https:\/\/foliobooks.pl\/en\/shop\/rockwell-basic-art-series\/","title":{"rendered":"Rockwell (Basic Art Series)"},"content":{"rendered":"<p>An extraordinarily prolific artist, Norman Rockwell (1894\u20131978) produced some 4,000 paintings in his lifetime, not including a prodigious quantity of commissioned editorial, commercial, and advertising work. His death in 1978 was regarded the loss of a national icon, an artist who, like no other, celebrated the American Dream.<\/p>\n<p>Shunning experimentation and avant-garde techniques in favor of effective composition and relatable subject matter, Rockwell created wholesome, homely paintings with accessible and aspirational appeal. Neat, quaint, and typically jovial, his subjects included classrooms, prom scenes, and Thanksgiving feasts, while his most long-standing projects were covers for <em>The Saturday Evening Post<\/em> magazine and calendars and covers for the <em>Boys\u2019 Life<\/em> publication of the Boy Scouts of America. Imbued with optimism and patriotism, the work foregrounds classic professions such as doctor and teacher, as much as the conservative stalwarts of military, family, and faith.<\/p>\n<p>Hailed by President Gerald Ford as a \u201cbeloved part of the American tradition,\u201d Rockwell\u2019s works reveal as much about his own talents as they do about the story of 20th-century America. This fresh artist introduction from TASCHEN brings together key paintings and illustrations from his celebratory and sunny portfolio, as well as some more unusual works tackling the underside of the United States, to understand an integrally American artist, and the values and ideals that shaped his success.<\/p>\n<p>&nbsp;<\/p>\n","protected":false},"excerpt":{"rendered":"<p>An extraordinarily prolific artist, Norman Rockwell (1894\u20131978) produced some 4,000 paintings in his lifetime, not including a prodigious quantity of commissioned editorial, commercial, and advertising work. His death in 1978 was regarded the loss of a national icon, an artist who, like no other, celebrated the American Dream. Shunning experimentation and avant-garde techniques in favor&#8230;<\/p>\n","protected":false},"featured_media":21306,"comment_status":"closed","ping_status":"closed","template":"","meta":[],"product_brand":[],"product_cat":[4522],"product_tag":[10664,1156,1702,1649,154,524,11490],"class_list":{"0":"post-21315","1":"product","2":"type-product","3":"status-publish","4":"has-post-thumbnail","6":"product_cat-art-en","7":"product_tag-america-en","8":"product_tag-appliedarts-en","9":"product_tag-artists","10":"product_tag-illustration","11":"product_tag-monographs","12":"product_tag-painting-en","13":"product_tag-united-states-en","14":"pa_author_att-karal-ann-marling-en","15":"pa_cover-hardcover","16":"pa_format-21-x-26-cm-en","17":"pa_language-eng","18":"pa_pages-96-en","19":"pa_published-2017-06-20-en","20":"pa_publisher-taschen-en-en","22":"first","23":"outofstock","24":"sold-individually","25":"shipping-taxable","26":"purchasable","27":"product-type-simple"},"yoast_head":"<!-- This site is optimized with the Yoast SEO plugin v27.4 - https:\/\/yoast.com\/product\/yoast-seo-wordpress\/ -->\n<title>Rockwell (Basic Art Series) (Karal Ann Marling) - book \/ album - Folio<\/title>\n<meta name=\"description\" content=\"Wejd\u017a i kup ksi\u0105\u017ck\u0119 Rockwell (Basic Art Series) autorstwa Karal Ann Marling wydan\u0105 przez TASCHEN (2017-06-20) w formacie 21 x 26 cm (ISBN: ). Zapraszamy!\" \/>\n<meta name=\"robots\" content=\"index, follow, max-snippet:-1, max-image-preview:large, max-video-preview:-1\" \/>\n<link rel=\"canonical\" href=\"https:\/\/foliobooks.pl\/en\/shop\/rockwell-basic-art-series\/\" \/>\n<meta property=\"og:locale\" content=\"en_US\" \/>\n<meta property=\"og:type\" content=\"article\" \/>\n<meta property=\"og:title\" content=\"Rockwell (Basic Art Series) (Karal Ann Marling) - book \/ album - Folio\" \/>\n<meta property=\"og:description\" content=\"Wejd\u017a i kup ksi\u0105\u017ck\u0119 Rockwell (Basic Art Series) autorstwa Karal Ann Marling wydan\u0105 przez TASCHEN (2017-06-20) w formacie 21 x 26 cm (ISBN: ). Zapraszamy!\" \/>\n<meta property=\"og:url\" content=\"https:\/\/foliobooks.pl\/en\/shop\/rockwell-basic-art-series\/\" \/>\n<meta property=\"og:site_name\" content=\"Folio\" \/>\n<meta property=\"article:modified_time\" content=\"2019-08-30T12:46:12+00:00\" \/>\n<meta property=\"og:image\" content=\"https:\/\/foliobooks.pl\/wp-content\/uploads\/2017\/08\/9783836532044.png\" \/>\n\t<meta property=\"og:image:width\" content=\"570\" \/>\n\t<meta property=\"og:image:height\" content=\"708\" \/>\n\t<meta property=\"og:image:type\" content=\"image\/png\" \/>\n<meta name=\"twitter:card\" content=\"summary_large_image\" \/>\n<meta name=\"twitter:label1\" content=\"Est. reading time\" \/>\n\t<meta name=\"twitter:data1\" content=\"1 minute\" \/>\n<script type=\"application\/ld+json\" class=\"yoast-schema-graph\">{\"@context\":\"https:\\\/\\\/schema.org\",\"@graph\":[{\"@type\":\"WebPage\",\"@id\":\"https:\\\/\\\/foliobooks.pl\\\/en\\\/shop\\\/rockwell-basic-art-series\\\/\",\"url\":\"https:\\\/\\\/foliobooks.pl\\\/en\\\/shop\\\/rockwell-basic-art-series\\\/\",\"name\":\"Rockwell (Basic Art Series) (Karal Ann Marling) - book \\\/ album - Folio\",\"isPartOf\":{\"@id\":\"https:\\\/\\\/foliobooks.pl\\\/en\\\/#website\"},\"primaryImageOfPage\":{\"@id\":\"https:\\\/\\\/foliobooks.pl\\\/en\\\/shop\\\/rockwell-basic-art-series\\\/#primaryimage\"},\"image\":{\"@id\":\"https:\\\/\\\/foliobooks.pl\\\/en\\\/shop\\\/rockwell-basic-art-series\\\/#primaryimage\"},\"thumbnailUrl\":\"https:\\\/\\\/foliobooks.pl\\\/wp-content\\\/uploads\\\/2017\\\/08\\\/9783836532044.png\",\"datePublished\":\"2017-08-29T13:38:13+00:00\",\"dateModified\":\"2019-08-30T12:46:12+00:00\",\"description\":\"Wejd\u017a i kup ksi\u0105\u017ck\u0119 Rockwell (Basic Art Series) autorstwa Karal Ann Marling wydan\u0105 przez TASCHEN (2017-06-20) w formacie 21 x 26 cm (ISBN: ). Zapraszamy!\",\"breadcrumb\":{\"@id\":\"https:\\\/\\\/foliobooks.pl\\\/en\\\/shop\\\/rockwell-basic-art-series\\\/#breadcrumb\"},\"inLanguage\":\"en-US\",\"potentialAction\":[{\"@type\":\"ReadAction\",\"target\":[\"https:\\\/\\\/foliobooks.pl\\\/en\\\/shop\\\/rockwell-basic-art-series\\\/\"]}]},{\"@type\":\"ImageObject\",\"inLanguage\":\"en-US\",\"@id\":\"https:\\\/\\\/foliobooks.pl\\\/en\\\/shop\\\/rockwell-basic-art-series\\\/#primaryimage\",\"url\":\"https:\\\/\\\/foliobooks.pl\\\/wp-content\\\/uploads\\\/2017\\\/08\\\/9783836532044.png\",\"contentUrl\":\"https:\\\/\\\/foliobooks.pl\\\/wp-content\\\/uploads\\\/2017\\\/08\\\/9783836532044.png\",\"width\":570,\"height\":708},{\"@type\":\"BreadcrumbList\",\"@id\":\"https:\\\/\\\/foliobooks.pl\\\/en\\\/shop\\\/rockwell-basic-art-series\\\/#breadcrumb\",\"itemListElement\":[{\"@type\":\"ListItem\",\"position\":1,\"name\":\"Strona g\u0142\u00f3wna\",\"item\":\"https:\\\/\\\/foliobooks.pl\\\/en\\\/\"},{\"@type\":\"ListItem\",\"position\":2,\"name\":\"Shop\",\"item\":\"https:\\\/\\\/foliobooks.pl\\\/en\\\/shop\\\/\"},{\"@type\":\"ListItem\",\"position\":3,\"name\":\"Rockwell (Basic Art Series)\"}]},{\"@type\":\"WebSite\",\"@id\":\"https:\\\/\\\/foliobooks.pl\\\/en\\\/#website\",\"url\":\"https:\\\/\\\/foliobooks.pl\\\/en\\\/\",\"name\":\"Folio\",\"description\":\"Ksi\u0119garnia internetowa\",\"potentialAction\":[{\"@type\":\"SearchAction\",\"target\":{\"@type\":\"EntryPoint\",\"urlTemplate\":\"https:\\\/\\\/foliobooks.pl\\\/en\\\/?s={search_term_string}\"},\"query-input\":{\"@type\":\"PropertyValueSpecification\",\"valueRequired\":true,\"valueName\":\"search_term_string\"}}],\"inLanguage\":\"en-US\"}]}<\/script>\n<!-- \/ Yoast SEO plugin. -->","yoast_head_json":{"title":"Rockwell (Basic Art Series) (Karal Ann Marling) - book \/ album - Folio","description":"Wejd\u017a i kup ksi\u0105\u017ck\u0119 Rockwell (Basic Art Series) autorstwa Karal Ann Marling wydan\u0105 przez TASCHEN (2017-06-20) w formacie 21 x 26 cm (ISBN: ). Zapraszamy!","robots":{"index":"index","follow":"follow","max-snippet":"max-snippet:-1","max-image-preview":"max-image-preview:large","max-video-preview":"max-video-preview:-1"},"canonical":"https:\/\/foliobooks.pl\/en\/shop\/rockwell-basic-art-series\/","og_locale":"en_US","og_type":"article","og_title":"Rockwell (Basic Art Series) (Karal Ann Marling) - book \/ album - Folio","og_description":"Wejd\u017a i kup ksi\u0105\u017ck\u0119 Rockwell (Basic Art Series) autorstwa Karal Ann Marling wydan\u0105 przez TASCHEN (2017-06-20) w formacie 21 x 26 cm (ISBN: ). Zapraszamy!","og_url":"https:\/\/foliobooks.pl\/en\/shop\/rockwell-basic-art-series\/","og_site_name":"Folio","article_modified_time":"2019-08-30T12:46:12+00:00","og_image":[{"width":570,"height":708,"url":"https:\/\/foliobooks.pl\/wp-content\/uploads\/2017\/08\/9783836532044.png","type":"image\/png"}],"twitter_card":"summary_large_image","twitter_misc":{"Est. reading time":"1 minute"},"schema":{"@context":"https:\/\/schema.org","@graph":[{"@type":"WebPage","@id":"https:\/\/foliobooks.pl\/en\/shop\/rockwell-basic-art-series\/","url":"https:\/\/foliobooks.pl\/en\/shop\/rockwell-basic-art-series\/","name":"Rockwell (Basic Art Series) (Karal Ann Marling) - book \/ album - Folio","isPartOf":{"@id":"https:\/\/foliobooks.pl\/en\/#website"},"primaryImageOfPage":{"@id":"https:\/\/foliobooks.pl\/en\/shop\/rockwell-basic-art-series\/#primaryimage"},"image":{"@id":"https:\/\/foliobooks.pl\/en\/shop\/rockwell-basic-art-series\/#primaryimage"},"thumbnailUrl":"https:\/\/foliobooks.pl\/wp-content\/uploads\/2017\/08\/9783836532044.png","datePublished":"2017-08-29T13:38:13+00:00","dateModified":"2019-08-30T12:46:12+00:00","description":"Wejd\u017a i kup ksi\u0105\u017ck\u0119 Rockwell (Basic Art Series) autorstwa Karal Ann Marling wydan\u0105 przez TASCHEN (2017-06-20) w formacie 21 x 26 cm (ISBN: ). Zapraszamy!","breadcrumb":{"@id":"https:\/\/foliobooks.pl\/en\/shop\/rockwell-basic-art-series\/#breadcrumb"},"inLanguage":"en-US","potentialAction":[{"@type":"ReadAction","target":["https:\/\/foliobooks.pl\/en\/shop\/rockwell-basic-art-series\/"]}]},{"@type":"ImageObject","inLanguage":"en-US","@id":"https:\/\/foliobooks.pl\/en\/shop\/rockwell-basic-art-series\/#primaryimage","url":"https:\/\/foliobooks.pl\/wp-content\/uploads\/2017\/08\/9783836532044.png","contentUrl":"https:\/\/foliobooks.pl\/wp-content\/uploads\/2017\/08\/9783836532044.png","width":570,"height":708},{"@type":"BreadcrumbList","@id":"https:\/\/foliobooks.pl\/en\/shop\/rockwell-basic-art-series\/#breadcrumb","itemListElement":[{"@type":"ListItem","position":1,"name":"Strona g\u0142\u00f3wna","item":"https:\/\/foliobooks.pl\/en\/"},{"@type":"ListItem","position":2,"name":"Shop","item":"https:\/\/foliobooks.pl\/en\/shop\/"},{"@type":"ListItem","position":3,"name":"Rockwell (Basic Art Series)"}]},{"@type":"WebSite","@id":"https:\/\/foliobooks.pl\/en\/#website","url":"https:\/\/foliobooks.pl\/en\/","name":"Folio","description":"Ksi\u0119garnia internetowa","potentialAction":[{"@type":"SearchAction","target":{"@type":"EntryPoint","urlTemplate":"https:\/\/foliobooks.pl\/en\/?s={search_term_string}"},"query-input":{"@type":"PropertyValueSpecification","valueRequired":true,"valueName":"search_term_string"}}],"inLanguage":"en-US"}]}},"_links":{"self":[{"href":"https:\/\/foliobooks.pl\/en\/wp-json\/wp\/v2\/product\/21315","targetHints":{"allow":["GET"]}}],"collection":[{"href":"https:\/\/foliobooks.pl\/en\/wp-json\/wp\/v2\/product"}],"about":[{"href":"https:\/\/foliobooks.pl\/en\/wp-json\/wp\/v2\/types\/product"}],"replies":[{"embeddable":true,"href":"https:\/\/foliobooks.pl\/en\/wp-json\/wp\/v2\/comments?post=21315"}],"wp:featuredmedia":[{"embeddable":true,"href":"https:\/\/foliobooks.pl\/en\/wp-json\/wp\/v2\/media\/21306"}],"wp:attachment":[{"href":"https:\/\/foliobooks.pl\/en\/wp-json\/wp\/v2\/media?parent=21315"}],"wp:term":[{"taxonomy":"product_brand","embeddable":true,"href":"https:\/\/foliobooks.pl\/en\/wp-json\/wp\/v2\/product_brand?post=21315"},{"taxonomy":"product_cat","embeddable":true,"href":"https:\/\/foliobooks.pl\/en\/wp-json\/wp\/v2\/product_cat?post=21315"},{"taxonomy":"product_tag","embeddable":true,"href":"https:\/\/foliobooks.pl\/en\/wp-json\/wp\/v2\/product_tag?post=21315"}],"curies":[{"name":"wp","href":"https:\/\/api.w.org\/{rel}","templated":true}]}}