{"id":21303,"date":"2017-08-29T15:05:25","date_gmt":"2017-08-29T13:05:25","guid":{"rendered":"https:\/\/foliobooks.pl\/sklep\/renaissance-basic-art-series\/"},"modified":"2017-09-16T17:18:41","modified_gmt":"2017-09-16T15:18:41","slug":"renaissance-basic-art-series","status":"publish","type":"product","link":"https:\/\/foliobooks.pl\/en\/shop\/renaissance-basic-art-series\/","title":{"rendered":"Renaissance (Basic Art Series)"},"content":{"rendered":"<p>Art as we know it today would not exist without the Renaissance. Widely considered the most influential phenomenon in European art, architecture, literature, and science, the movement revolutionized the Western conception of reality and heralded the emergence of modernity out of the Middle Ages.<\/p>\n<p>The Renaissance first gained momentum in Italy, at the end of the 14th century, spreading across Europe over the course of the next centuries, with dynamic epicenters in Florence, the Low Countries, and Germany. The movement found its intellectual basis in humanism, derived from classical Greek philosophy. Across art, science, literature, and politics, proponents of the Renaissance avowed that man was the \u201cmeasure of all things\u201d and determined to replace scholastic medieval confines with a revival of antiquity.<\/p>\n<p>Under the influence of humanism, artists advanced anatomy and geometry to reach new feats of figurative accuracy and revolutionize renderings of perspective to reflect the human experience of place in space. In Flemish painting, artists such as Bruegel brought new techniques and an everyday sensibility to landscapes and still lifes while in Germany, D\u00fcrer and Cranach pioneered an unprecedented drama and psychology in woodcut and engraving.<\/p>\n<p>From Florence to Nuremberg, Venice to Bruges, this essential introduction in TASCHEN\u2019s Basic Art series provide a dependable foundation to the transformative reach and sweep of the Renaissance era. Through the movement\u2019s famed luminaries and lesser-known proponents, its social and political circumstances, and its diversions and developments over time and geography, we take in an extraordinary phenomenon, transformative centuries of change that proffered individual genius, regional variety, and a wholesale reconfiguration of seeing and representing the world.<\/p>\n<p>Featured artists include: Fra Angelico, Giovanni Bellini, Hieronymus Bosch, Sandro Botticelli, Pieter Brueghel, Lucas Cranach the Elder, Albrecht D\u00fcrer, El Greco, Matthias Gr\u00fcnewald, Hans Holbein the Younger, Fra Filippo Lippi, Masaccio, Michelangelo, Pontormo, Raphael, Tintoretto, Titian, Paolo Uccello, Veronese, and Leonardo da Vinci.<\/p>\n","protected":false},"excerpt":{"rendered":"<p>Art as we know it today would not exist without the Renaissance. Widely considered the most influential phenomenon in European art, architecture, literature, and science, the movement revolutionized the Western conception of reality and heralded the emergence of modernity out of the Middle Ages. The Renaissance first gained momentum in Italy, at the end of&#8230;<\/p>\n","protected":false},"featured_media":21294,"comment_status":"closed","ping_status":"closed","template":"","meta":[],"product_brand":[],"product_cat":[4522],"product_tag":[11483,6124,2767,159,1702,6595,11484,2253,1146,11486,154,6463,524,6775,11487,11485,11488,6947],"class_list":{"0":"post-21303","1":"product","2":"type-product","3":"status-publish","4":"has-post-thumbnail","6":"product_cat-art-en","7":"product_tag-anatomy-en","8":"product_tag-architecture-en","9":"product_tag-art-history","10":"product_tag-art-movements-en","11":"product_tag-artists","12":"product_tag-development","13":"product_tag-europe-en","14":"product_tag-graphics","15":"product_tag-great-masters-en","16":"product_tag-humanism-en","17":"product_tag-monographs","18":"product_tag-old-arts","19":"product_tag-painting-en","20":"product_tag-painting-techniques","21":"product_tag-perspective-en","22":"product_tag-philosophy-en","23":"product_tag-renaissance-en","24":"product_tag-science-en","25":"pa_author_att-ingo-f-walther-en","26":"pa_author_att-manfred-wundram-en","27":"pa_cover-hardcover","28":"pa_format-21-x-26-cm-en","29":"pa_isbn-9783836547598-en","30":"pa_language-eng","31":"pa_pages-96-en","32":"pa_published-2016-12-14-en","33":"pa_publisher-taschen-en-en","35":"first","36":"outofstock","37":"sold-individually","38":"shipping-taxable","39":"purchasable","40":"product-type-simple"},"yoast_head":"<!-- This site is optimized with the Yoast SEO plugin v27.4 - https:\/\/yoast.com\/product\/yoast-seo-wordpress\/ -->\n<title>Renaissance (Basic Art Series) (Ingo F. Walther, Manfred Wundram) - book \/ album - Folio<\/title>\n<meta name=\"description\" content=\"Wejd\u017a i kup ksi\u0105\u017ck\u0119 Renaissance (Basic Art Series) autorstwa Ingo F. Walther, Manfred Wundram wydan\u0105 przez TASCHEN (2016-12-14) w formacie 21 x 26 cm (ISBN: 9783836547598). Zapraszamy!\" \/>\n<meta name=\"robots\" content=\"index, follow, max-snippet:-1, max-image-preview:large, max-video-preview:-1\" \/>\n<link rel=\"canonical\" href=\"https:\/\/foliobooks.pl\/en\/shop\/renaissance-basic-art-series\/\" \/>\n<meta property=\"og:locale\" content=\"en_US\" \/>\n<meta property=\"og:type\" content=\"article\" \/>\n<meta property=\"og:title\" content=\"Renaissance (Basic Art Series) (Ingo F. Walther, Manfred Wundram) - book \/ album - Folio\" \/>\n<meta property=\"og:description\" content=\"Wejd\u017a i kup ksi\u0105\u017ck\u0119 Renaissance (Basic Art Series) autorstwa Ingo F. Walther, Manfred Wundram wydan\u0105 przez TASCHEN (2016-12-14) w formacie 21 x 26 cm (ISBN: 9783836547598). Zapraszamy!\" \/>\n<meta property=\"og:url\" content=\"https:\/\/foliobooks.pl\/en\/shop\/renaissance-basic-art-series\/\" \/>\n<meta property=\"og:site_name\" content=\"Folio\" \/>\n<meta property=\"article:modified_time\" content=\"2017-09-16T15:18:41+00:00\" \/>\n<meta property=\"og:image\" content=\"https:\/\/foliobooks.pl\/wp-content\/uploads\/2017\/08\/9783836547598.png\" \/>\n\t<meta property=\"og:image:width\" content=\"570\" \/>\n\t<meta property=\"og:image:height\" content=\"708\" \/>\n\t<meta property=\"og:image:type\" content=\"image\/png\" \/>\n<meta name=\"twitter:card\" content=\"summary_large_image\" \/>\n<meta name=\"twitter:label1\" content=\"Est. reading time\" \/>\n\t<meta name=\"twitter:data1\" content=\"2 minutes\" \/>\n<script type=\"application\/ld+json\" class=\"yoast-schema-graph\">{\"@context\":\"https:\\\/\\\/schema.org\",\"@graph\":[{\"@type\":\"WebPage\",\"@id\":\"https:\\\/\\\/foliobooks.pl\\\/en\\\/shop\\\/renaissance-basic-art-series\\\/\",\"url\":\"https:\\\/\\\/foliobooks.pl\\\/en\\\/shop\\\/renaissance-basic-art-series\\\/\",\"name\":\"Renaissance (Basic Art Series) (Ingo F. Walther, Manfred Wundram) - book \\\/ album - Folio\",\"isPartOf\":{\"@id\":\"https:\\\/\\\/foliobooks.pl\\\/en\\\/#website\"},\"primaryImageOfPage\":{\"@id\":\"https:\\\/\\\/foliobooks.pl\\\/en\\\/shop\\\/renaissance-basic-art-series\\\/#primaryimage\"},\"image\":{\"@id\":\"https:\\\/\\\/foliobooks.pl\\\/en\\\/shop\\\/renaissance-basic-art-series\\\/#primaryimage\"},\"thumbnailUrl\":\"https:\\\/\\\/foliobooks.pl\\\/wp-content\\\/uploads\\\/2017\\\/08\\\/9783836547598.png\",\"datePublished\":\"2017-08-29T13:05:25+00:00\",\"dateModified\":\"2017-09-16T15:18:41+00:00\",\"description\":\"Wejd\u017a i kup ksi\u0105\u017ck\u0119 Renaissance (Basic Art Series) autorstwa Ingo F. Walther, Manfred Wundram wydan\u0105 przez TASCHEN (2016-12-14) w formacie 21 x 26 cm (ISBN: 9783836547598). Zapraszamy!\",\"breadcrumb\":{\"@id\":\"https:\\\/\\\/foliobooks.pl\\\/en\\\/shop\\\/renaissance-basic-art-series\\\/#breadcrumb\"},\"inLanguage\":\"en-US\",\"potentialAction\":[{\"@type\":\"ReadAction\",\"target\":[\"https:\\\/\\\/foliobooks.pl\\\/en\\\/shop\\\/renaissance-basic-art-series\\\/\"]}]},{\"@type\":\"ImageObject\",\"inLanguage\":\"en-US\",\"@id\":\"https:\\\/\\\/foliobooks.pl\\\/en\\\/shop\\\/renaissance-basic-art-series\\\/#primaryimage\",\"url\":\"https:\\\/\\\/foliobooks.pl\\\/wp-content\\\/uploads\\\/2017\\\/08\\\/9783836547598.png\",\"contentUrl\":\"https:\\\/\\\/foliobooks.pl\\\/wp-content\\\/uploads\\\/2017\\\/08\\\/9783836547598.png\",\"width\":570,\"height\":708},{\"@type\":\"BreadcrumbList\",\"@id\":\"https:\\\/\\\/foliobooks.pl\\\/en\\\/shop\\\/renaissance-basic-art-series\\\/#breadcrumb\",\"itemListElement\":[{\"@type\":\"ListItem\",\"position\":1,\"name\":\"Strona g\u0142\u00f3wna\",\"item\":\"https:\\\/\\\/foliobooks.pl\\\/en\\\/\"},{\"@type\":\"ListItem\",\"position\":2,\"name\":\"Shop\",\"item\":\"https:\\\/\\\/foliobooks.pl\\\/en\\\/shop\\\/\"},{\"@type\":\"ListItem\",\"position\":3,\"name\":\"Renaissance (Basic Art Series)\"}]},{\"@type\":\"WebSite\",\"@id\":\"https:\\\/\\\/foliobooks.pl\\\/en\\\/#website\",\"url\":\"https:\\\/\\\/foliobooks.pl\\\/en\\\/\",\"name\":\"Folio\",\"description\":\"Ksi\u0119garnia internetowa\",\"potentialAction\":[{\"@type\":\"SearchAction\",\"target\":{\"@type\":\"EntryPoint\",\"urlTemplate\":\"https:\\\/\\\/foliobooks.pl\\\/en\\\/?s={search_term_string}\"},\"query-input\":{\"@type\":\"PropertyValueSpecification\",\"valueRequired\":true,\"valueName\":\"search_term_string\"}}],\"inLanguage\":\"en-US\"}]}<\/script>\n<!-- \/ Yoast SEO plugin. -->","yoast_head_json":{"title":"Renaissance (Basic Art Series) (Ingo F. Walther, Manfred Wundram) - book \/ album - Folio","description":"Wejd\u017a i kup ksi\u0105\u017ck\u0119 Renaissance (Basic Art Series) autorstwa Ingo F. Walther, Manfred Wundram wydan\u0105 przez TASCHEN (2016-12-14) w formacie 21 x 26 cm (ISBN: 9783836547598). Zapraszamy!","robots":{"index":"index","follow":"follow","max-snippet":"max-snippet:-1","max-image-preview":"max-image-preview:large","max-video-preview":"max-video-preview:-1"},"canonical":"https:\/\/foliobooks.pl\/en\/shop\/renaissance-basic-art-series\/","og_locale":"en_US","og_type":"article","og_title":"Renaissance (Basic Art Series) (Ingo F. Walther, Manfred Wundram) - book \/ album - Folio","og_description":"Wejd\u017a i kup ksi\u0105\u017ck\u0119 Renaissance (Basic Art Series) autorstwa Ingo F. Walther, Manfred Wundram wydan\u0105 przez TASCHEN (2016-12-14) w formacie 21 x 26 cm (ISBN: 9783836547598). Zapraszamy!","og_url":"https:\/\/foliobooks.pl\/en\/shop\/renaissance-basic-art-series\/","og_site_name":"Folio","article_modified_time":"2017-09-16T15:18:41+00:00","og_image":[{"width":570,"height":708,"url":"https:\/\/foliobooks.pl\/wp-content\/uploads\/2017\/08\/9783836547598.png","type":"image\/png"}],"twitter_card":"summary_large_image","twitter_misc":{"Est. reading time":"2 minutes"},"schema":{"@context":"https:\/\/schema.org","@graph":[{"@type":"WebPage","@id":"https:\/\/foliobooks.pl\/en\/shop\/renaissance-basic-art-series\/","url":"https:\/\/foliobooks.pl\/en\/shop\/renaissance-basic-art-series\/","name":"Renaissance (Basic Art Series) (Ingo F. Walther, Manfred Wundram) - book \/ album - Folio","isPartOf":{"@id":"https:\/\/foliobooks.pl\/en\/#website"},"primaryImageOfPage":{"@id":"https:\/\/foliobooks.pl\/en\/shop\/renaissance-basic-art-series\/#primaryimage"},"image":{"@id":"https:\/\/foliobooks.pl\/en\/shop\/renaissance-basic-art-series\/#primaryimage"},"thumbnailUrl":"https:\/\/foliobooks.pl\/wp-content\/uploads\/2017\/08\/9783836547598.png","datePublished":"2017-08-29T13:05:25+00:00","dateModified":"2017-09-16T15:18:41+00:00","description":"Wejd\u017a i kup ksi\u0105\u017ck\u0119 Renaissance (Basic Art Series) autorstwa Ingo F. Walther, Manfred Wundram wydan\u0105 przez TASCHEN (2016-12-14) w formacie 21 x 26 cm (ISBN: 9783836547598). Zapraszamy!","breadcrumb":{"@id":"https:\/\/foliobooks.pl\/en\/shop\/renaissance-basic-art-series\/#breadcrumb"},"inLanguage":"en-US","potentialAction":[{"@type":"ReadAction","target":["https:\/\/foliobooks.pl\/en\/shop\/renaissance-basic-art-series\/"]}]},{"@type":"ImageObject","inLanguage":"en-US","@id":"https:\/\/foliobooks.pl\/en\/shop\/renaissance-basic-art-series\/#primaryimage","url":"https:\/\/foliobooks.pl\/wp-content\/uploads\/2017\/08\/9783836547598.png","contentUrl":"https:\/\/foliobooks.pl\/wp-content\/uploads\/2017\/08\/9783836547598.png","width":570,"height":708},{"@type":"BreadcrumbList","@id":"https:\/\/foliobooks.pl\/en\/shop\/renaissance-basic-art-series\/#breadcrumb","itemListElement":[{"@type":"ListItem","position":1,"name":"Strona g\u0142\u00f3wna","item":"https:\/\/foliobooks.pl\/en\/"},{"@type":"ListItem","position":2,"name":"Shop","item":"https:\/\/foliobooks.pl\/en\/shop\/"},{"@type":"ListItem","position":3,"name":"Renaissance (Basic Art Series)"}]},{"@type":"WebSite","@id":"https:\/\/foliobooks.pl\/en\/#website","url":"https:\/\/foliobooks.pl\/en\/","name":"Folio","description":"Ksi\u0119garnia internetowa","potentialAction":[{"@type":"SearchAction","target":{"@type":"EntryPoint","urlTemplate":"https:\/\/foliobooks.pl\/en\/?s={search_term_string}"},"query-input":{"@type":"PropertyValueSpecification","valueRequired":true,"valueName":"search_term_string"}}],"inLanguage":"en-US"}]}},"_links":{"self":[{"href":"https:\/\/foliobooks.pl\/en\/wp-json\/wp\/v2\/product\/21303","targetHints":{"allow":["GET"]}}],"collection":[{"href":"https:\/\/foliobooks.pl\/en\/wp-json\/wp\/v2\/product"}],"about":[{"href":"https:\/\/foliobooks.pl\/en\/wp-json\/wp\/v2\/types\/product"}],"replies":[{"embeddable":true,"href":"https:\/\/foliobooks.pl\/en\/wp-json\/wp\/v2\/comments?post=21303"}],"wp:featuredmedia":[{"embeddable":true,"href":"https:\/\/foliobooks.pl\/en\/wp-json\/wp\/v2\/media\/21294"}],"wp:attachment":[{"href":"https:\/\/foliobooks.pl\/en\/wp-json\/wp\/v2\/media?parent=21303"}],"wp:term":[{"taxonomy":"product_brand","embeddable":true,"href":"https:\/\/foliobooks.pl\/en\/wp-json\/wp\/v2\/product_brand?post=21303"},{"taxonomy":"product_cat","embeddable":true,"href":"https:\/\/foliobooks.pl\/en\/wp-json\/wp\/v2\/product_cat?post=21303"},{"taxonomy":"product_tag","embeddable":true,"href":"https:\/\/foliobooks.pl\/en\/wp-json\/wp\/v2\/product_tag?post=21303"}],"curies":[{"name":"wp","href":"https:\/\/api.w.org\/{rel}","templated":true}]}}