{"id":21279,"date":"2017-08-29T13:11:42","date_gmt":"2017-08-29T11:11:42","guid":{"rendered":"https:\/\/foliobooks.pl\/sklep\/de-lempicka-basic-art-series\/"},"modified":"2019-11-25T08:37:53","modified_gmt":"2019-11-25T07:37:53","slug":"de-lempicka-basic-art-series","status":"publish","type":"product","link":"https:\/\/foliobooks.pl\/en\/shop\/de-lempicka-basic-art-series\/","title":{"rendered":"De Lempicka (Basic Art Series)"},"content":{"rendered":"<p>Tamara de Lempicka (1896\u20131980) lived art in the fast lane. With an appetite for glamour and fame as much as Left Bank bohemianism, she fled her native Russia after the Bolshevik revolution and set about taking Paris by storm. Her prolific, monumental oeuvre remains one of the most vivid visual documents of 1920s Art Deco.<\/p>\n<p>De Lempicka\u2019s style deployed cool colors and tight post-cubist forms into an at once neoclassical and voluptuous figuration. Her subjects are often nude and always sensual, aloof, and powerful. Bedecked in seductive light and textures, they command our attention but typically avert their gaze with an aspect of haughty grandeur. They include both high-society patrons and progressive portraits of emancipated and lesbian women, such as <em>Women Bathing<\/em> and <em>Portrait of Suzy Solidor<\/em>. De Lempicka\u2019s notorious <em>Self-Portrait in the Green Bugatti<\/em>, meanwhile, was commissioned for the cover of German magazine <em>Die Dame<\/em> and became an icon of speed, sophistication, and female independence.<\/p>\n<p>Through some of de Lempicka\u2019s finest, most compelling portraits, this introduction explores the artist\u2019s unique visual language and its privileged place not only in the annals of interwar art but also in the history of female artists and our collective consciousness of the Roaring Twenties.<\/p>\n","protected":false},"excerpt":{"rendered":"<p>Tamara de Lempicka (1896\u20131980) lived art in the fast lane. With an appetite for glamour and fame as much as Left Bank bohemianism, she fled her native Russia after the Bolshevik revolution and set about taking Paris by storm. Her prolific, monumental oeuvre remains one of the most vivid visual documents of 1920s Art Deco&#8230;.<\/p>\n","protected":false},"featured_media":21270,"comment_status":"closed","ping_status":"closed","template":"","meta":[],"product_brand":[],"product_cat":[4522],"product_tag":[11466,2767,159,1702,6631,11467,11468,11367,154,6459,524,1066,151],"class_list":{"0":"post-21279","1":"product","2":"type-product","3":"status-publish","4":"has-post-thumbnail","6":"product_cat-art-en","7":"product_tag-art-deco-en","8":"product_tag-art-history","9":"product_tag-art-movements-en","10":"product_tag-artists","11":"product_tag-biographies","12":"product_tag-bohemia-en","13":"product_tag-feminism-en","14":"product_tag-interwar-period-en","15":"product_tag-monographs","16":"product_tag-nudes-en","17":"product_tag-painting-en","18":"product_tag-portraits-en","19":"product_tag-women","20":"pa_author_att-gilles-neret-en","21":"pa_cover-hardcover","22":"pa_format-21-x-26-cm-en","23":"pa_isbn-9783836532273-en","24":"pa_language-eng","25":"pa_pages-96-en","26":"pa_published-2017-01-24-en","27":"pa_publisher-taschen-en-en","29":"first","30":"instock","31":"sold-individually","32":"shipping-taxable","33":"purchasable","34":"product-type-simple"},"yoast_head":"<!-- This site is optimized with the Yoast SEO plugin v27.6 - https:\/\/yoast.com\/product\/yoast-seo-wordpress\/ -->\n<title>De Lempicka (Basic Art Series) (Gilles Neret) - book \/ album - Folio<\/title>\n<meta name=\"description\" content=\"Wejd\u017a i kup ksi\u0105\u017ck\u0119 De Lempicka (Basic Art Series) autorstwa Gilles Neret wydan\u0105 przez TASCHEN (2017-01-24) w formacie 21 x 26 cm (ISBN: 9783836532273). Zapraszamy!\" \/>\n<meta name=\"robots\" content=\"index, follow, max-snippet:-1, max-image-preview:large, max-video-preview:-1\" \/>\n<link rel=\"canonical\" href=\"https:\/\/foliobooks.pl\/en\/shop\/de-lempicka-basic-art-series\/\" \/>\n<meta property=\"og:locale\" content=\"en_US\" \/>\n<meta property=\"og:type\" content=\"article\" \/>\n<meta property=\"og:title\" content=\"De Lempicka (Basic Art Series) (Gilles Neret) - book \/ album - Folio\" \/>\n<meta property=\"og:description\" content=\"Wejd\u017a i kup ksi\u0105\u017ck\u0119 De Lempicka (Basic Art Series) autorstwa Gilles Neret wydan\u0105 przez TASCHEN (2017-01-24) w formacie 21 x 26 cm (ISBN: 9783836532273). Zapraszamy!\" \/>\n<meta property=\"og:url\" content=\"https:\/\/foliobooks.pl\/en\/shop\/de-lempicka-basic-art-series\/\" \/>\n<meta property=\"og:site_name\" content=\"Folio\" \/>\n<meta property=\"article:modified_time\" content=\"2019-11-25T07:37:53+00:00\" \/>\n<meta property=\"og:image\" content=\"https:\/\/foliobooks.pl\/wp-content\/uploads\/2017\/08\/9783836532273.png\" \/>\n\t<meta property=\"og:image:width\" content=\"570\" \/>\n\t<meta property=\"og:image:height\" content=\"708\" \/>\n\t<meta property=\"og:image:type\" content=\"image\/png\" \/>\n<meta name=\"twitter:card\" content=\"summary_large_image\" \/>\n<meta name=\"twitter:label1\" content=\"Est. reading time\" \/>\n\t<meta name=\"twitter:data1\" content=\"1 minute\" \/>\n<script type=\"application\/ld+json\" class=\"yoast-schema-graph\">{\"@context\":\"https:\\\/\\\/schema.org\",\"@graph\":[{\"@type\":\"WebPage\",\"@id\":\"https:\\\/\\\/foliobooks.pl\\\/en\\\/shop\\\/de-lempicka-basic-art-series\\\/\",\"url\":\"https:\\\/\\\/foliobooks.pl\\\/en\\\/shop\\\/de-lempicka-basic-art-series\\\/\",\"name\":\"De Lempicka (Basic Art Series) (Gilles Neret) - book \\\/ album - Folio\",\"isPartOf\":{\"@id\":\"https:\\\/\\\/foliobooks.pl\\\/en\\\/#website\"},\"primaryImageOfPage\":{\"@id\":\"https:\\\/\\\/foliobooks.pl\\\/en\\\/shop\\\/de-lempicka-basic-art-series\\\/#primaryimage\"},\"image\":{\"@id\":\"https:\\\/\\\/foliobooks.pl\\\/en\\\/shop\\\/de-lempicka-basic-art-series\\\/#primaryimage\"},\"thumbnailUrl\":\"https:\\\/\\\/foliobooks.pl\\\/wp-content\\\/uploads\\\/2017\\\/08\\\/9783836532273.png\",\"datePublished\":\"2017-08-29T11:11:42+00:00\",\"dateModified\":\"2019-11-25T07:37:53+00:00\",\"description\":\"Wejd\u017a i kup ksi\u0105\u017ck\u0119 De Lempicka (Basic Art Series) autorstwa Gilles Neret wydan\u0105 przez TASCHEN (2017-01-24) w formacie 21 x 26 cm (ISBN: 9783836532273). Zapraszamy!\",\"breadcrumb\":{\"@id\":\"https:\\\/\\\/foliobooks.pl\\\/en\\\/shop\\\/de-lempicka-basic-art-series\\\/#breadcrumb\"},\"inLanguage\":\"en-US\",\"potentialAction\":[{\"@type\":\"ReadAction\",\"target\":[\"https:\\\/\\\/foliobooks.pl\\\/en\\\/shop\\\/de-lempicka-basic-art-series\\\/\"]}]},{\"@type\":\"ImageObject\",\"inLanguage\":\"en-US\",\"@id\":\"https:\\\/\\\/foliobooks.pl\\\/en\\\/shop\\\/de-lempicka-basic-art-series\\\/#primaryimage\",\"url\":\"https:\\\/\\\/foliobooks.pl\\\/wp-content\\\/uploads\\\/2017\\\/08\\\/9783836532273.png\",\"contentUrl\":\"https:\\\/\\\/foliobooks.pl\\\/wp-content\\\/uploads\\\/2017\\\/08\\\/9783836532273.png\",\"width\":570,\"height\":708},{\"@type\":\"BreadcrumbList\",\"@id\":\"https:\\\/\\\/foliobooks.pl\\\/en\\\/shop\\\/de-lempicka-basic-art-series\\\/#breadcrumb\",\"itemListElement\":[{\"@type\":\"ListItem\",\"position\":1,\"name\":\"Strona g\u0142\u00f3wna\",\"item\":\"https:\\\/\\\/foliobooks.pl\\\/en\\\/\"},{\"@type\":\"ListItem\",\"position\":2,\"name\":\"Shop\",\"item\":\"https:\\\/\\\/foliobooks.pl\\\/en\\\/shop\\\/\"},{\"@type\":\"ListItem\",\"position\":3,\"name\":\"De Lempicka (Basic Art Series)\"}]},{\"@type\":\"WebSite\",\"@id\":\"https:\\\/\\\/foliobooks.pl\\\/en\\\/#website\",\"url\":\"https:\\\/\\\/foliobooks.pl\\\/en\\\/\",\"name\":\"Folio\",\"description\":\"Ksi\u0119garnia internetowa\",\"potentialAction\":[{\"@type\":\"SearchAction\",\"target\":{\"@type\":\"EntryPoint\",\"urlTemplate\":\"https:\\\/\\\/foliobooks.pl\\\/en\\\/?s={search_term_string}\"},\"query-input\":{\"@type\":\"PropertyValueSpecification\",\"valueRequired\":true,\"valueName\":\"search_term_string\"}}],\"inLanguage\":\"en-US\"}]}<\/script>\n<!-- \/ Yoast SEO plugin. -->","yoast_head_json":{"title":"De Lempicka (Basic Art Series) (Gilles Neret) - book \/ album - Folio","description":"Wejd\u017a i kup ksi\u0105\u017ck\u0119 De Lempicka (Basic Art Series) autorstwa Gilles Neret wydan\u0105 przez TASCHEN (2017-01-24) w formacie 21 x 26 cm (ISBN: 9783836532273). Zapraszamy!","robots":{"index":"index","follow":"follow","max-snippet":"max-snippet:-1","max-image-preview":"max-image-preview:large","max-video-preview":"max-video-preview:-1"},"canonical":"https:\/\/foliobooks.pl\/en\/shop\/de-lempicka-basic-art-series\/","og_locale":"en_US","og_type":"article","og_title":"De Lempicka (Basic Art Series) (Gilles Neret) - book \/ album - Folio","og_description":"Wejd\u017a i kup ksi\u0105\u017ck\u0119 De Lempicka (Basic Art Series) autorstwa Gilles Neret wydan\u0105 przez TASCHEN (2017-01-24) w formacie 21 x 26 cm (ISBN: 9783836532273). Zapraszamy!","og_url":"https:\/\/foliobooks.pl\/en\/shop\/de-lempicka-basic-art-series\/","og_site_name":"Folio","article_modified_time":"2019-11-25T07:37:53+00:00","og_image":[{"width":570,"height":708,"url":"https:\/\/foliobooks.pl\/wp-content\/uploads\/2017\/08\/9783836532273.png","type":"image\/png"}],"twitter_card":"summary_large_image","twitter_misc":{"Est. reading time":"1 minute"},"schema":{"@context":"https:\/\/schema.org","@graph":[{"@type":"WebPage","@id":"https:\/\/foliobooks.pl\/en\/shop\/de-lempicka-basic-art-series\/","url":"https:\/\/foliobooks.pl\/en\/shop\/de-lempicka-basic-art-series\/","name":"De Lempicka (Basic Art Series) (Gilles Neret) - book \/ album - Folio","isPartOf":{"@id":"https:\/\/foliobooks.pl\/en\/#website"},"primaryImageOfPage":{"@id":"https:\/\/foliobooks.pl\/en\/shop\/de-lempicka-basic-art-series\/#primaryimage"},"image":{"@id":"https:\/\/foliobooks.pl\/en\/shop\/de-lempicka-basic-art-series\/#primaryimage"},"thumbnailUrl":"https:\/\/foliobooks.pl\/wp-content\/uploads\/2017\/08\/9783836532273.png","datePublished":"2017-08-29T11:11:42+00:00","dateModified":"2019-11-25T07:37:53+00:00","description":"Wejd\u017a i kup ksi\u0105\u017ck\u0119 De Lempicka (Basic Art Series) autorstwa Gilles Neret wydan\u0105 przez TASCHEN (2017-01-24) w formacie 21 x 26 cm (ISBN: 9783836532273). Zapraszamy!","breadcrumb":{"@id":"https:\/\/foliobooks.pl\/en\/shop\/de-lempicka-basic-art-series\/#breadcrumb"},"inLanguage":"en-US","potentialAction":[{"@type":"ReadAction","target":["https:\/\/foliobooks.pl\/en\/shop\/de-lempicka-basic-art-series\/"]}]},{"@type":"ImageObject","inLanguage":"en-US","@id":"https:\/\/foliobooks.pl\/en\/shop\/de-lempicka-basic-art-series\/#primaryimage","url":"https:\/\/foliobooks.pl\/wp-content\/uploads\/2017\/08\/9783836532273.png","contentUrl":"https:\/\/foliobooks.pl\/wp-content\/uploads\/2017\/08\/9783836532273.png","width":570,"height":708},{"@type":"BreadcrumbList","@id":"https:\/\/foliobooks.pl\/en\/shop\/de-lempicka-basic-art-series\/#breadcrumb","itemListElement":[{"@type":"ListItem","position":1,"name":"Strona g\u0142\u00f3wna","item":"https:\/\/foliobooks.pl\/en\/"},{"@type":"ListItem","position":2,"name":"Shop","item":"https:\/\/foliobooks.pl\/en\/shop\/"},{"@type":"ListItem","position":3,"name":"De Lempicka (Basic Art Series)"}]},{"@type":"WebSite","@id":"https:\/\/foliobooks.pl\/en\/#website","url":"https:\/\/foliobooks.pl\/en\/","name":"Folio","description":"Ksi\u0119garnia internetowa","potentialAction":[{"@type":"SearchAction","target":{"@type":"EntryPoint","urlTemplate":"https:\/\/foliobooks.pl\/en\/?s={search_term_string}"},"query-input":{"@type":"PropertyValueSpecification","valueRequired":true,"valueName":"search_term_string"}}],"inLanguage":"en-US"}]}},"_links":{"self":[{"href":"https:\/\/foliobooks.pl\/en\/wp-json\/wp\/v2\/product\/21279","targetHints":{"allow":["GET"]}}],"collection":[{"href":"https:\/\/foliobooks.pl\/en\/wp-json\/wp\/v2\/product"}],"about":[{"href":"https:\/\/foliobooks.pl\/en\/wp-json\/wp\/v2\/types\/product"}],"replies":[{"embeddable":true,"href":"https:\/\/foliobooks.pl\/en\/wp-json\/wp\/v2\/comments?post=21279"}],"wp:featuredmedia":[{"embeddable":true,"href":"https:\/\/foliobooks.pl\/en\/wp-json\/wp\/v2\/media\/21270"}],"wp:attachment":[{"href":"https:\/\/foliobooks.pl\/en\/wp-json\/wp\/v2\/media?parent=21279"}],"wp:term":[{"taxonomy":"product_brand","embeddable":true,"href":"https:\/\/foliobooks.pl\/en\/wp-json\/wp\/v2\/product_brand?post=21279"},{"taxonomy":"product_cat","embeddable":true,"href":"https:\/\/foliobooks.pl\/en\/wp-json\/wp\/v2\/product_cat?post=21279"},{"taxonomy":"product_tag","embeddable":true,"href":"https:\/\/foliobooks.pl\/en\/wp-json\/wp\/v2\/product_tag?post=21279"}],"curies":[{"name":"wp","href":"https:\/\/api.w.org\/{rel}","templated":true}]}}