{"id":21253,"date":"2017-08-29T12:07:02","date_gmt":"2017-08-29T10:07:02","guid":{"rendered":"https:\/\/foliobooks.pl\/sklep\/type-a-visual-history-of-typefaces-graphic-styles-2\/"},"modified":"2017-09-16T14:42:05","modified_gmt":"2017-09-16T12:42:05","slug":"type-a-visual-history-of-typefaces-graphic-styles-2","status":"publish","type":"product","link":"https:\/\/foliobooks.pl\/en\/shop\/type-a-visual-history-of-typefaces-graphic-styles-2\/","title":{"rendered":"Type. A Visual History of Typefaces &#038; Graphic Styles"},"content":{"rendered":"<p>This comprehensive collection offers a thorough overview of typeface design from 1628 to the mid-20th century. Derived from a distinguished Dutch collection, a series of exquisitely designed catalogues traces the evolution of the printed letter via specimens in roman, italic, bold, semibold, narrow, and broad fonts. Borders, ornaments, initial letters, and decorations are also included, along with lithographic examples, letters by sign writers, inscription carvers, and calligraphers.<\/p>\n<p>The first part of the book covers pre-20th-century typefaces, with texts by editor Cees de Jong and collector Jan Tholenaar. The second part deals with the period from 1900 to the mid-20th century, and contains a historical outline by Alston W. Purvis. Featured type designers include: William Caslon, Fritz Helmuth Ehmcke, Peter Behrens, Rudolf Koch, Eric Gill, Jan van Krimpen, Paul Renner, Jan Tschichold, A. M. Cassandre, Aldo Novarese, and Adrian Frutiger.<\/p>\n<p>&nbsp;<\/p>\n","protected":false},"excerpt":{"rendered":"<p>This comprehensive collection offers a thorough overview of typeface design from 1628 to the mid-20th century. Derived from a distinguished Dutch collection, a series of exquisitely designed catalogues traces the evolution of the printed letter via specimens in roman, italic, bold, semibold, narrow, and broad fonts. Borders, ornaments, initial letters, and decorations are also included,&#8230;<\/p>\n","protected":false},"featured_media":21244,"comment_status":"closed","ping_status":"closed","template":"","meta":[],"product_brand":[],"product_cat":[4522,4523,4525],"product_tag":[1156,2767,6178,2253,11460,6657,2272],"class_list":{"0":"post-21253","1":"product","2":"type-product","3":"status-publish","4":"has-post-thumbnail","6":"product_cat-art-en","7":"product_cat-design-en-en","8":"product_cat-graphic-design","9":"product_tag-appliedarts-en","10":"product_tag-art-history","11":"product_tag-decorations-en","12":"product_tag-graphics","13":"product_tag-lettering-en","14":"product_tag-print","15":"product_tag-typography","16":"pa_author_att-alston-w-purvis-en","17":"pa_author_att-cees-w-de-jong-en","18":"pa_author_att-jan-tholenaar-en","19":"pa_cover-hardcover","20":"pa_format-25-x-317-cm-en","21":"pa_isbn-9783836565882-en","22":"pa_language-eng-f-ger","23":"pa_pages-720-en","24":"pa_published-2017-07-21-en","25":"pa_publisher-taschen-en-en","27":"first","28":"outofstock","29":"sold-individually","30":"shipping-taxable","31":"purchasable","32":"product-type-simple"},"yoast_head":"<!-- This site is optimized with the Yoast SEO plugin v27.6 - https:\/\/yoast.com\/product\/yoast-seo-wordpress\/ -->\n<title>Type. A Visual History of Typefaces &amp; Graphic Styles (Alston W. Purvis, Cees W. de Jong, Jan Tholenaar) - book \/ album - Folio<\/title>\n<meta name=\"description\" content=\"Wejd\u017a i kup ksi\u0105\u017ck\u0119 Type. A Visual History of Typefaces &amp; Graphic Styles autorstwa Alston W. Purvis, Cees W. de Jong, Jan Tholenaar wydan\u0105 przez TASCHEN (2017-07-21) w formacie 25 x 31,7 cm (ISBN: 9783836565882). Zapraszamy!\" \/>\n<meta name=\"robots\" content=\"index, follow, max-snippet:-1, max-image-preview:large, max-video-preview:-1\" \/>\n<link rel=\"canonical\" href=\"https:\/\/foliobooks.pl\/en\/shop\/type-a-visual-history-of-typefaces-graphic-styles-2\/\" \/>\n<meta property=\"og:locale\" content=\"en_US\" \/>\n<meta property=\"og:type\" content=\"article\" \/>\n<meta property=\"og:title\" content=\"Type. A Visual History of Typefaces &amp; Graphic Styles (Alston W. Purvis, Cees W. de Jong, Jan Tholenaar) - book \/ album - Folio\" \/>\n<meta property=\"og:description\" content=\"Wejd\u017a i kup ksi\u0105\u017ck\u0119 Type. A Visual History of Typefaces &amp; Graphic Styles autorstwa Alston W. Purvis, Cees W. de Jong, Jan Tholenaar wydan\u0105 przez TASCHEN (2017-07-21) w formacie 25 x 31,7 cm (ISBN: 9783836565882). Zapraszamy!\" \/>\n<meta property=\"og:url\" content=\"https:\/\/foliobooks.pl\/en\/shop\/type-a-visual-history-of-typefaces-graphic-styles-2\/\" \/>\n<meta property=\"og:site_name\" content=\"Folio\" \/>\n<meta property=\"article:modified_time\" content=\"2017-09-16T12:42:05+00:00\" \/>\n<meta property=\"og:image\" content=\"https:\/\/foliobooks.pl\/wp-content\/uploads\/2017\/08\/9783836565882.png\" \/>\n\t<meta property=\"og:image:width\" content=\"570\" \/>\n\t<meta property=\"og:image:height\" content=\"708\" \/>\n\t<meta property=\"og:image:type\" content=\"image\/png\" \/>\n<meta name=\"twitter:card\" content=\"summary_large_image\" \/>\n<meta name=\"twitter:label1\" content=\"Est. reading time\" \/>\n\t<meta name=\"twitter:data1\" content=\"1 minute\" \/>\n<script type=\"application\/ld+json\" class=\"yoast-schema-graph\">{\"@context\":\"https:\\\/\\\/schema.org\",\"@graph\":[{\"@type\":\"WebPage\",\"@id\":\"https:\\\/\\\/foliobooks.pl\\\/en\\\/shop\\\/type-a-visual-history-of-typefaces-graphic-styles-2\\\/\",\"url\":\"https:\\\/\\\/foliobooks.pl\\\/en\\\/shop\\\/type-a-visual-history-of-typefaces-graphic-styles-2\\\/\",\"name\":\"Type. A Visual History of Typefaces & Graphic Styles (Alston W. Purvis, Cees W. de Jong, Jan Tholenaar) - book \\\/ album - Folio\",\"isPartOf\":{\"@id\":\"https:\\\/\\\/foliobooks.pl\\\/en\\\/#website\"},\"primaryImageOfPage\":{\"@id\":\"https:\\\/\\\/foliobooks.pl\\\/en\\\/shop\\\/type-a-visual-history-of-typefaces-graphic-styles-2\\\/#primaryimage\"},\"image\":{\"@id\":\"https:\\\/\\\/foliobooks.pl\\\/en\\\/shop\\\/type-a-visual-history-of-typefaces-graphic-styles-2\\\/#primaryimage\"},\"thumbnailUrl\":\"https:\\\/\\\/foliobooks.pl\\\/wp-content\\\/uploads\\\/2017\\\/08\\\/9783836565882.png\",\"datePublished\":\"2017-08-29T10:07:02+00:00\",\"dateModified\":\"2017-09-16T12:42:05+00:00\",\"description\":\"Wejd\u017a i kup ksi\u0105\u017ck\u0119 Type. A Visual History of Typefaces & Graphic Styles autorstwa Alston W. Purvis, Cees W. de Jong, Jan Tholenaar wydan\u0105 przez TASCHEN (2017-07-21) w formacie 25 x 31,7 cm (ISBN: 9783836565882). Zapraszamy!\",\"breadcrumb\":{\"@id\":\"https:\\\/\\\/foliobooks.pl\\\/en\\\/shop\\\/type-a-visual-history-of-typefaces-graphic-styles-2\\\/#breadcrumb\"},\"inLanguage\":\"en-US\",\"potentialAction\":[{\"@type\":\"ReadAction\",\"target\":[\"https:\\\/\\\/foliobooks.pl\\\/en\\\/shop\\\/type-a-visual-history-of-typefaces-graphic-styles-2\\\/\"]}]},{\"@type\":\"ImageObject\",\"inLanguage\":\"en-US\",\"@id\":\"https:\\\/\\\/foliobooks.pl\\\/en\\\/shop\\\/type-a-visual-history-of-typefaces-graphic-styles-2\\\/#primaryimage\",\"url\":\"https:\\\/\\\/foliobooks.pl\\\/wp-content\\\/uploads\\\/2017\\\/08\\\/9783836565882.png\",\"contentUrl\":\"https:\\\/\\\/foliobooks.pl\\\/wp-content\\\/uploads\\\/2017\\\/08\\\/9783836565882.png\",\"width\":570,\"height\":708},{\"@type\":\"BreadcrumbList\",\"@id\":\"https:\\\/\\\/foliobooks.pl\\\/en\\\/shop\\\/type-a-visual-history-of-typefaces-graphic-styles-2\\\/#breadcrumb\",\"itemListElement\":[{\"@type\":\"ListItem\",\"position\":1,\"name\":\"Strona g\u0142\u00f3wna\",\"item\":\"https:\\\/\\\/foliobooks.pl\\\/en\\\/\"},{\"@type\":\"ListItem\",\"position\":2,\"name\":\"Shop\",\"item\":\"https:\\\/\\\/foliobooks.pl\\\/en\\\/shop\\\/\"},{\"@type\":\"ListItem\",\"position\":3,\"name\":\"Type. A Visual History of Typefaces &#038; Graphic Styles\"}]},{\"@type\":\"WebSite\",\"@id\":\"https:\\\/\\\/foliobooks.pl\\\/en\\\/#website\",\"url\":\"https:\\\/\\\/foliobooks.pl\\\/en\\\/\",\"name\":\"Folio\",\"description\":\"Ksi\u0119garnia internetowa\",\"potentialAction\":[{\"@type\":\"SearchAction\",\"target\":{\"@type\":\"EntryPoint\",\"urlTemplate\":\"https:\\\/\\\/foliobooks.pl\\\/en\\\/?s={search_term_string}\"},\"query-input\":{\"@type\":\"PropertyValueSpecification\",\"valueRequired\":true,\"valueName\":\"search_term_string\"}}],\"inLanguage\":\"en-US\"}]}<\/script>\n<!-- \/ Yoast SEO plugin. -->","yoast_head_json":{"title":"Type. A Visual History of Typefaces & Graphic Styles (Alston W. Purvis, Cees W. de Jong, Jan Tholenaar) - book \/ album - Folio","description":"Wejd\u017a i kup ksi\u0105\u017ck\u0119 Type. A Visual History of Typefaces & Graphic Styles autorstwa Alston W. Purvis, Cees W. de Jong, Jan Tholenaar wydan\u0105 przez TASCHEN (2017-07-21) w formacie 25 x 31,7 cm (ISBN: 9783836565882). Zapraszamy!","robots":{"index":"index","follow":"follow","max-snippet":"max-snippet:-1","max-image-preview":"max-image-preview:large","max-video-preview":"max-video-preview:-1"},"canonical":"https:\/\/foliobooks.pl\/en\/shop\/type-a-visual-history-of-typefaces-graphic-styles-2\/","og_locale":"en_US","og_type":"article","og_title":"Type. A Visual History of Typefaces & Graphic Styles (Alston W. Purvis, Cees W. de Jong, Jan Tholenaar) - book \/ album - Folio","og_description":"Wejd\u017a i kup ksi\u0105\u017ck\u0119 Type. A Visual History of Typefaces & Graphic Styles autorstwa Alston W. Purvis, Cees W. de Jong, Jan Tholenaar wydan\u0105 przez TASCHEN (2017-07-21) w formacie 25 x 31,7 cm (ISBN: 9783836565882). Zapraszamy!","og_url":"https:\/\/foliobooks.pl\/en\/shop\/type-a-visual-history-of-typefaces-graphic-styles-2\/","og_site_name":"Folio","article_modified_time":"2017-09-16T12:42:05+00:00","og_image":[{"width":570,"height":708,"url":"https:\/\/foliobooks.pl\/wp-content\/uploads\/2017\/08\/9783836565882.png","type":"image\/png"}],"twitter_card":"summary_large_image","twitter_misc":{"Est. reading time":"1 minute"},"schema":{"@context":"https:\/\/schema.org","@graph":[{"@type":"WebPage","@id":"https:\/\/foliobooks.pl\/en\/shop\/type-a-visual-history-of-typefaces-graphic-styles-2\/","url":"https:\/\/foliobooks.pl\/en\/shop\/type-a-visual-history-of-typefaces-graphic-styles-2\/","name":"Type. A Visual History of Typefaces & Graphic Styles (Alston W. Purvis, Cees W. de Jong, Jan Tholenaar) - book \/ album - Folio","isPartOf":{"@id":"https:\/\/foliobooks.pl\/en\/#website"},"primaryImageOfPage":{"@id":"https:\/\/foliobooks.pl\/en\/shop\/type-a-visual-history-of-typefaces-graphic-styles-2\/#primaryimage"},"image":{"@id":"https:\/\/foliobooks.pl\/en\/shop\/type-a-visual-history-of-typefaces-graphic-styles-2\/#primaryimage"},"thumbnailUrl":"https:\/\/foliobooks.pl\/wp-content\/uploads\/2017\/08\/9783836565882.png","datePublished":"2017-08-29T10:07:02+00:00","dateModified":"2017-09-16T12:42:05+00:00","description":"Wejd\u017a i kup ksi\u0105\u017ck\u0119 Type. A Visual History of Typefaces & Graphic Styles autorstwa Alston W. Purvis, Cees W. de Jong, Jan Tholenaar wydan\u0105 przez TASCHEN (2017-07-21) w formacie 25 x 31,7 cm (ISBN: 9783836565882). Zapraszamy!","breadcrumb":{"@id":"https:\/\/foliobooks.pl\/en\/shop\/type-a-visual-history-of-typefaces-graphic-styles-2\/#breadcrumb"},"inLanguage":"en-US","potentialAction":[{"@type":"ReadAction","target":["https:\/\/foliobooks.pl\/en\/shop\/type-a-visual-history-of-typefaces-graphic-styles-2\/"]}]},{"@type":"ImageObject","inLanguage":"en-US","@id":"https:\/\/foliobooks.pl\/en\/shop\/type-a-visual-history-of-typefaces-graphic-styles-2\/#primaryimage","url":"https:\/\/foliobooks.pl\/wp-content\/uploads\/2017\/08\/9783836565882.png","contentUrl":"https:\/\/foliobooks.pl\/wp-content\/uploads\/2017\/08\/9783836565882.png","width":570,"height":708},{"@type":"BreadcrumbList","@id":"https:\/\/foliobooks.pl\/en\/shop\/type-a-visual-history-of-typefaces-graphic-styles-2\/#breadcrumb","itemListElement":[{"@type":"ListItem","position":1,"name":"Strona g\u0142\u00f3wna","item":"https:\/\/foliobooks.pl\/en\/"},{"@type":"ListItem","position":2,"name":"Shop","item":"https:\/\/foliobooks.pl\/en\/shop\/"},{"@type":"ListItem","position":3,"name":"Type. A Visual History of Typefaces &#038; Graphic Styles"}]},{"@type":"WebSite","@id":"https:\/\/foliobooks.pl\/en\/#website","url":"https:\/\/foliobooks.pl\/en\/","name":"Folio","description":"Ksi\u0119garnia internetowa","potentialAction":[{"@type":"SearchAction","target":{"@type":"EntryPoint","urlTemplate":"https:\/\/foliobooks.pl\/en\/?s={search_term_string}"},"query-input":{"@type":"PropertyValueSpecification","valueRequired":true,"valueName":"search_term_string"}}],"inLanguage":"en-US"}]}},"_links":{"self":[{"href":"https:\/\/foliobooks.pl\/en\/wp-json\/wp\/v2\/product\/21253","targetHints":{"allow":["GET"]}}],"collection":[{"href":"https:\/\/foliobooks.pl\/en\/wp-json\/wp\/v2\/product"}],"about":[{"href":"https:\/\/foliobooks.pl\/en\/wp-json\/wp\/v2\/types\/product"}],"replies":[{"embeddable":true,"href":"https:\/\/foliobooks.pl\/en\/wp-json\/wp\/v2\/comments?post=21253"}],"wp:featuredmedia":[{"embeddable":true,"href":"https:\/\/foliobooks.pl\/en\/wp-json\/wp\/v2\/media\/21244"}],"wp:attachment":[{"href":"https:\/\/foliobooks.pl\/en\/wp-json\/wp\/v2\/media?parent=21253"}],"wp:term":[{"taxonomy":"product_brand","embeddable":true,"href":"https:\/\/foliobooks.pl\/en\/wp-json\/wp\/v2\/product_brand?post=21253"},{"taxonomy":"product_cat","embeddable":true,"href":"https:\/\/foliobooks.pl\/en\/wp-json\/wp\/v2\/product_cat?post=21253"},{"taxonomy":"product_tag","embeddable":true,"href":"https:\/\/foliobooks.pl\/en\/wp-json\/wp\/v2\/product_tag?post=21253"}],"curies":[{"name":"wp","href":"https:\/\/api.w.org\/{rel}","templated":true}]}}