{"id":21241,"date":"2017-08-29T11:59:10","date_gmt":"2017-08-29T09:59:10","guid":{"rendered":"https:\/\/foliobooks.pl\/sklep\/hiroshige-one-hundred-famous-views-of-edo-2\/"},"modified":"2019-11-05T16:31:53","modified_gmt":"2019-11-05T15:31:53","slug":"hiroshige-one-hundred-famous-views-of-edo-2","status":"publish","type":"product","link":"https:\/\/foliobooks.pl\/en\/shop\/hiroshige-one-hundred-famous-views-of-edo-2\/","title":{"rendered":"Hiroshige. One Hundred Famous Views of Edo"},"content":{"rendered":"<p>\u201c<em>This luxurious Japanese-bound, boxed publication transcends the coffee table clich\u00e9 by combining beauty with information.<\/em>\u201d<br \/>\n\u2014ARTnews Magazine, New York<\/p>\n<p>Literally meaning \u201cpictures of the floating world,\u201d ukiyo-e refers to the famous Japanese woodblock print genre that originated in the 17th century and is practically synonymous with the Western world\u2019s visual characterization of Japan. Because they could be mass produced, ukiyo-e works were often used as designs for fans, New Year\u2019s greeting cards, single prints, and book illustrations, and traditionally they depicted city life, entertainment, beautiful women, kabuki actors, and landscapes. The influence of ukiyo-e in Europe and the United States, often referred to as Japonisme, can be seen in everything from impressionist painting to today\u2019s manga and anime illustration. This reprint is made from one of the finest complete original sets of woodblock prints belonging to the Ota Memorial Museum of Art in Tokyo.<\/p>\n<p>Hiroshige (1797\u20131858) was one of the last great artists in the ukiyo-e tradition. Though he captured a variety of subjects, his greatest talent was in creating landscapes of his native Edo (modern-day Tokyo) and his final masterpiece was a series known as \u201cOne Hundred Famous Views of Edo\u201d (1856\u20131858). This resplendent complete reprint pairs each of the 120 large-scale illustrations with a description, allowing readers to plunge themselves into Hiroshige\u2019s beautifully vibrant landscapes.<\/p>\n","protected":false},"excerpt":{"rendered":"<p>\u201cThis luxurious Japanese-bound, boxed publication transcends the coffee table clich\u00e9 by combining beauty with information.\u201d \u2014ARTnews Magazine, New York Literally meaning \u201cpictures of the floating world,\u201d ukiyo-e refers to the famous Japanese woodblock print genre that originated in the 17th century and is practically synonymous with the Western world\u2019s visual characterization of Japan. Because they&#8230;<\/p>\n","protected":false},"featured_media":21234,"comment_status":"closed","ping_status":"closed","template":"","meta":[],"product_brand":[],"product_cat":[4522],"product_tag":[2767,6143,2253,1146,1649,6929,6478,11458],"class_list":{"0":"post-21241","1":"product","2":"type-product","3":"status-publish","4":"has-post-thumbnail","6":"product_cat-art-en","7":"product_tag-art-history","8":"product_tag-city","9":"product_tag-graphics","10":"product_tag-great-masters-en","11":"product_tag-illustration","12":"product_tag-japan","13":"product_tag-landscapes","14":"product_tag-woodcut-en","15":"pa_author_att-lorenz-bichler-en","16":"pa_author_att-melanie-trede-en","17":"pa_cover-hardcover","18":"pa_format-25-x-313-cm-en","19":"pa_isbn-9783836521208-en","20":"pa_language-eng","21":"pa_pages-272-en-2","22":"pa_published-2010-10-01-en","23":"pa_publisher-taschen-en-en","25":"first","26":"outofstock","27":"sold-individually","28":"shipping-taxable","29":"purchasable","30":"product-type-simple"},"yoast_head":"<!-- This site is optimized with the Yoast SEO plugin v27.4 - https:\/\/yoast.com\/product\/yoast-seo-wordpress\/ -->\n<title>Hiroshige. One Hundred Famous Views of Edo (Lorenz Bichler, Melanie Trede) - book \/ album - Folio<\/title>\n<meta name=\"description\" content=\"Wejd\u017a i kup ksi\u0105\u017ck\u0119 Hiroshige. One Hundred Famous Views of Edo autorstwa Lorenz Bichler, Melanie Trede wydan\u0105 przez TASCHEN (2010-10-01) w formacie 25 x 31,3 cm (ISBN: 9783836521208). Zapraszamy!\" \/>\n<meta name=\"robots\" content=\"index, follow, max-snippet:-1, max-image-preview:large, max-video-preview:-1\" \/>\n<link rel=\"canonical\" href=\"https:\/\/foliobooks.pl\/en\/shop\/hiroshige-one-hundred-famous-views-of-edo-2\/\" \/>\n<meta property=\"og:locale\" content=\"en_US\" \/>\n<meta property=\"og:type\" content=\"article\" \/>\n<meta property=\"og:title\" content=\"Hiroshige. One Hundred Famous Views of Edo (Lorenz Bichler, Melanie Trede) - book \/ album - Folio\" \/>\n<meta property=\"og:description\" content=\"Wejd\u017a i kup ksi\u0105\u017ck\u0119 Hiroshige. One Hundred Famous Views of Edo autorstwa Lorenz Bichler, Melanie Trede wydan\u0105 przez TASCHEN (2010-10-01) w formacie 25 x 31,3 cm (ISBN: 9783836521208). Zapraszamy!\" \/>\n<meta property=\"og:url\" content=\"https:\/\/foliobooks.pl\/en\/shop\/hiroshige-one-hundred-famous-views-of-edo-2\/\" \/>\n<meta property=\"og:site_name\" content=\"Folio\" \/>\n<meta property=\"article:modified_time\" content=\"2019-11-05T15:31:53+00:00\" \/>\n<meta property=\"og:image\" content=\"https:\/\/foliobooks.pl\/wp-content\/uploads\/2017\/08\/9783836521208.png\" \/>\n\t<meta property=\"og:image:width\" content=\"570\" \/>\n\t<meta property=\"og:image:height\" content=\"708\" \/>\n\t<meta property=\"og:image:type\" content=\"image\/png\" \/>\n<meta name=\"twitter:card\" content=\"summary_large_image\" \/>\n<meta name=\"twitter:label1\" content=\"Est. reading time\" \/>\n\t<meta name=\"twitter:data1\" content=\"1 minute\" \/>\n<script type=\"application\/ld+json\" class=\"yoast-schema-graph\">{\"@context\":\"https:\\\/\\\/schema.org\",\"@graph\":[{\"@type\":\"WebPage\",\"@id\":\"https:\\\/\\\/foliobooks.pl\\\/en\\\/shop\\\/hiroshige-one-hundred-famous-views-of-edo-2\\\/\",\"url\":\"https:\\\/\\\/foliobooks.pl\\\/en\\\/shop\\\/hiroshige-one-hundred-famous-views-of-edo-2\\\/\",\"name\":\"Hiroshige. One Hundred Famous Views of Edo (Lorenz Bichler, Melanie Trede) - book \\\/ album - Folio\",\"isPartOf\":{\"@id\":\"https:\\\/\\\/foliobooks.pl\\\/en\\\/#website\"},\"primaryImageOfPage\":{\"@id\":\"https:\\\/\\\/foliobooks.pl\\\/en\\\/shop\\\/hiroshige-one-hundred-famous-views-of-edo-2\\\/#primaryimage\"},\"image\":{\"@id\":\"https:\\\/\\\/foliobooks.pl\\\/en\\\/shop\\\/hiroshige-one-hundred-famous-views-of-edo-2\\\/#primaryimage\"},\"thumbnailUrl\":\"https:\\\/\\\/foliobooks.pl\\\/wp-content\\\/uploads\\\/2017\\\/08\\\/9783836521208.png\",\"datePublished\":\"2017-08-29T09:59:10+00:00\",\"dateModified\":\"2019-11-05T15:31:53+00:00\",\"description\":\"Wejd\u017a i kup ksi\u0105\u017ck\u0119 Hiroshige. One Hundred Famous Views of Edo autorstwa Lorenz Bichler, Melanie Trede wydan\u0105 przez TASCHEN (2010-10-01) w formacie 25 x 31,3 cm (ISBN: 9783836521208). Zapraszamy!\",\"breadcrumb\":{\"@id\":\"https:\\\/\\\/foliobooks.pl\\\/en\\\/shop\\\/hiroshige-one-hundred-famous-views-of-edo-2\\\/#breadcrumb\"},\"inLanguage\":\"en-US\",\"potentialAction\":[{\"@type\":\"ReadAction\",\"target\":[\"https:\\\/\\\/foliobooks.pl\\\/en\\\/shop\\\/hiroshige-one-hundred-famous-views-of-edo-2\\\/\"]}]},{\"@type\":\"ImageObject\",\"inLanguage\":\"en-US\",\"@id\":\"https:\\\/\\\/foliobooks.pl\\\/en\\\/shop\\\/hiroshige-one-hundred-famous-views-of-edo-2\\\/#primaryimage\",\"url\":\"https:\\\/\\\/foliobooks.pl\\\/wp-content\\\/uploads\\\/2017\\\/08\\\/9783836521208.png\",\"contentUrl\":\"https:\\\/\\\/foliobooks.pl\\\/wp-content\\\/uploads\\\/2017\\\/08\\\/9783836521208.png\",\"width\":570,\"height\":708},{\"@type\":\"BreadcrumbList\",\"@id\":\"https:\\\/\\\/foliobooks.pl\\\/en\\\/shop\\\/hiroshige-one-hundred-famous-views-of-edo-2\\\/#breadcrumb\",\"itemListElement\":[{\"@type\":\"ListItem\",\"position\":1,\"name\":\"Strona g\u0142\u00f3wna\",\"item\":\"https:\\\/\\\/foliobooks.pl\\\/en\\\/\"},{\"@type\":\"ListItem\",\"position\":2,\"name\":\"Shop\",\"item\":\"https:\\\/\\\/foliobooks.pl\\\/en\\\/shop\\\/\"},{\"@type\":\"ListItem\",\"position\":3,\"name\":\"Hiroshige. One Hundred Famous Views of Edo\"}]},{\"@type\":\"WebSite\",\"@id\":\"https:\\\/\\\/foliobooks.pl\\\/en\\\/#website\",\"url\":\"https:\\\/\\\/foliobooks.pl\\\/en\\\/\",\"name\":\"Folio\",\"description\":\"Ksi\u0119garnia internetowa\",\"potentialAction\":[{\"@type\":\"SearchAction\",\"target\":{\"@type\":\"EntryPoint\",\"urlTemplate\":\"https:\\\/\\\/foliobooks.pl\\\/en\\\/?s={search_term_string}\"},\"query-input\":{\"@type\":\"PropertyValueSpecification\",\"valueRequired\":true,\"valueName\":\"search_term_string\"}}],\"inLanguage\":\"en-US\"}]}<\/script>\n<!-- \/ Yoast SEO plugin. -->","yoast_head_json":{"title":"Hiroshige. One Hundred Famous Views of Edo (Lorenz Bichler, Melanie Trede) - book \/ album - Folio","description":"Wejd\u017a i kup ksi\u0105\u017ck\u0119 Hiroshige. One Hundred Famous Views of Edo autorstwa Lorenz Bichler, Melanie Trede wydan\u0105 przez TASCHEN (2010-10-01) w formacie 25 x 31,3 cm (ISBN: 9783836521208). Zapraszamy!","robots":{"index":"index","follow":"follow","max-snippet":"max-snippet:-1","max-image-preview":"max-image-preview:large","max-video-preview":"max-video-preview:-1"},"canonical":"https:\/\/foliobooks.pl\/en\/shop\/hiroshige-one-hundred-famous-views-of-edo-2\/","og_locale":"en_US","og_type":"article","og_title":"Hiroshige. One Hundred Famous Views of Edo (Lorenz Bichler, Melanie Trede) - book \/ album - Folio","og_description":"Wejd\u017a i kup ksi\u0105\u017ck\u0119 Hiroshige. One Hundred Famous Views of Edo autorstwa Lorenz Bichler, Melanie Trede wydan\u0105 przez TASCHEN (2010-10-01) w formacie 25 x 31,3 cm (ISBN: 9783836521208). Zapraszamy!","og_url":"https:\/\/foliobooks.pl\/en\/shop\/hiroshige-one-hundred-famous-views-of-edo-2\/","og_site_name":"Folio","article_modified_time":"2019-11-05T15:31:53+00:00","og_image":[{"width":570,"height":708,"url":"https:\/\/foliobooks.pl\/wp-content\/uploads\/2017\/08\/9783836521208.png","type":"image\/png"}],"twitter_card":"summary_large_image","twitter_misc":{"Est. reading time":"1 minute"},"schema":{"@context":"https:\/\/schema.org","@graph":[{"@type":"WebPage","@id":"https:\/\/foliobooks.pl\/en\/shop\/hiroshige-one-hundred-famous-views-of-edo-2\/","url":"https:\/\/foliobooks.pl\/en\/shop\/hiroshige-one-hundred-famous-views-of-edo-2\/","name":"Hiroshige. One Hundred Famous Views of Edo (Lorenz Bichler, Melanie Trede) - book \/ album - Folio","isPartOf":{"@id":"https:\/\/foliobooks.pl\/en\/#website"},"primaryImageOfPage":{"@id":"https:\/\/foliobooks.pl\/en\/shop\/hiroshige-one-hundred-famous-views-of-edo-2\/#primaryimage"},"image":{"@id":"https:\/\/foliobooks.pl\/en\/shop\/hiroshige-one-hundred-famous-views-of-edo-2\/#primaryimage"},"thumbnailUrl":"https:\/\/foliobooks.pl\/wp-content\/uploads\/2017\/08\/9783836521208.png","datePublished":"2017-08-29T09:59:10+00:00","dateModified":"2019-11-05T15:31:53+00:00","description":"Wejd\u017a i kup ksi\u0105\u017ck\u0119 Hiroshige. One Hundred Famous Views of Edo autorstwa Lorenz Bichler, Melanie Trede wydan\u0105 przez TASCHEN (2010-10-01) w formacie 25 x 31,3 cm (ISBN: 9783836521208). Zapraszamy!","breadcrumb":{"@id":"https:\/\/foliobooks.pl\/en\/shop\/hiroshige-one-hundred-famous-views-of-edo-2\/#breadcrumb"},"inLanguage":"en-US","potentialAction":[{"@type":"ReadAction","target":["https:\/\/foliobooks.pl\/en\/shop\/hiroshige-one-hundred-famous-views-of-edo-2\/"]}]},{"@type":"ImageObject","inLanguage":"en-US","@id":"https:\/\/foliobooks.pl\/en\/shop\/hiroshige-one-hundred-famous-views-of-edo-2\/#primaryimage","url":"https:\/\/foliobooks.pl\/wp-content\/uploads\/2017\/08\/9783836521208.png","contentUrl":"https:\/\/foliobooks.pl\/wp-content\/uploads\/2017\/08\/9783836521208.png","width":570,"height":708},{"@type":"BreadcrumbList","@id":"https:\/\/foliobooks.pl\/en\/shop\/hiroshige-one-hundred-famous-views-of-edo-2\/#breadcrumb","itemListElement":[{"@type":"ListItem","position":1,"name":"Strona g\u0142\u00f3wna","item":"https:\/\/foliobooks.pl\/en\/"},{"@type":"ListItem","position":2,"name":"Shop","item":"https:\/\/foliobooks.pl\/en\/shop\/"},{"@type":"ListItem","position":3,"name":"Hiroshige. One Hundred Famous Views of Edo"}]},{"@type":"WebSite","@id":"https:\/\/foliobooks.pl\/en\/#website","url":"https:\/\/foliobooks.pl\/en\/","name":"Folio","description":"Ksi\u0119garnia internetowa","potentialAction":[{"@type":"SearchAction","target":{"@type":"EntryPoint","urlTemplate":"https:\/\/foliobooks.pl\/en\/?s={search_term_string}"},"query-input":{"@type":"PropertyValueSpecification","valueRequired":true,"valueName":"search_term_string"}}],"inLanguage":"en-US"}]}},"_links":{"self":[{"href":"https:\/\/foliobooks.pl\/en\/wp-json\/wp\/v2\/product\/21241","targetHints":{"allow":["GET"]}}],"collection":[{"href":"https:\/\/foliobooks.pl\/en\/wp-json\/wp\/v2\/product"}],"about":[{"href":"https:\/\/foliobooks.pl\/en\/wp-json\/wp\/v2\/types\/product"}],"replies":[{"embeddable":true,"href":"https:\/\/foliobooks.pl\/en\/wp-json\/wp\/v2\/comments?post=21241"}],"wp:featuredmedia":[{"embeddable":true,"href":"https:\/\/foliobooks.pl\/en\/wp-json\/wp\/v2\/media\/21234"}],"wp:attachment":[{"href":"https:\/\/foliobooks.pl\/en\/wp-json\/wp\/v2\/media?parent=21241"}],"wp:term":[{"taxonomy":"product_brand","embeddable":true,"href":"https:\/\/foliobooks.pl\/en\/wp-json\/wp\/v2\/product_brand?post=21241"},{"taxonomy":"product_cat","embeddable":true,"href":"https:\/\/foliobooks.pl\/en\/wp-json\/wp\/v2\/product_cat?post=21241"},{"taxonomy":"product_tag","embeddable":true,"href":"https:\/\/foliobooks.pl\/en\/wp-json\/wp\/v2\/product_tag?post=21241"}],"curies":[{"name":"wp","href":"https:\/\/api.w.org\/{rel}","templated":true}]}}