{"id":21041,"date":"2017-08-22T12:01:37","date_gmt":"2017-08-22T10:01:37","guid":{"rendered":"https:\/\/foliobooks.pl\/sklep\/the-book-of-palms-von-martius\/"},"modified":"2021-06-30T14:22:20","modified_gmt":"2021-06-30T12:22:20","slug":"the-book-of-palms-von-martius","status":"publish","type":"product","link":"https:\/\/foliobooks.pl\/en\/shop\/the-book-of-palms-von-martius\/","title":{"rendered":"The Book of Palms. Von Martius"},"content":{"rendered":"<p>On December 15, 1868, Carl Friedrich Philipp von Martius (1794\u20131868), Professor of Botany at the University of Munich and director of the Royal Botanic Garden, was carried to his grave in a coffin covered with fresh palm leaves. These were a reference to his groundbreaking Historia naturalis palmarum: opus tripartitum (Natural History of Palms: a work in three volumes), published between 1823 and 1853. At the time, this encyclopedic treasury contained the sum of human knowledge on the topic, and included 240 exquisite chromolithographic illustrations, including landscape views of palm habitats and botanical dissections.<\/p>\n<p>This epic folio was based on von Martius\u2019s expedition to Brazil and Peru with zoologist Johann Baptist von Spix, sponsored by King Maximilian I of Bavaria, to investigate natural history and native tribes. From 1817 to 1820 the pair traveled over 2,250 km (1,400 miles) throughout the Amazon basin, the most species-rich palm region in the world, collecting and sketching specimens. On their return both men were awarded knighthoods and lifetime pensions.<\/p>\n<p>In his epic work, von Martius outlined the modern classification of palm, produced the first maps of palm biogeography, described all the palms of Brazil, and collated the sum of all known genera of the palm family. Apart from his own collection of specimens and notes, von Martius also wrote about the findings of others. Von Martius\u2019s folio is unusual in its inclusion of cross-sectioned diagrams, conveying the architecture of these mighty trees, which central Europeans would have found hard to imagine accurately. Equally remarkable are the color landscapes showing various palms\u2014often standing alone\u2014which have a simple and elegant beauty. This famous work is an unrivaled landmark in botanic illustration and taxonomy.<\/p>\n","protected":false},"excerpt":{"rendered":"<p>On December 15, 1868, Carl Friedrich Philipp von Martius (1794\u20131868), Professor of Botany at the University of Munich and director of the Royal Botanic Garden, was carried to his grave in a coffin covered with fresh palm leaves. These were a reference to his groundbreaking Historia naturalis palmarum: opus tripartitum (Natural History of Palms: a&#8230;<\/p>\n","protected":false},"featured_media":21040,"comment_status":"closed","ping_status":"closed","template":"","meta":[],"product_brand":[],"product_cat":[4523,4525,4521],"product_tag":[2834,1649,10580],"class_list":{"0":"post-21041","1":"product","2":"type-product","3":"status-publish","4":"has-post-thumbnail","6":"product_cat-design-en-en","7":"product_cat-graphic-design","8":"product_cat-silva-rerum-en-en","9":"product_tag-flora","10":"product_tag-illustration","11":"product_tag-natural-world-en","12":"pa_author_att-h-walter-lack-en","13":"pa_cover-hardcover","14":"pa_format-25-x-345-cm-en","15":"pa_isbn-9783836566148-en","16":"pa_language-eng-f-ger","17":"pa_pages-412-en","18":"pa_published-2017-09-01-en","19":"pa_publisher-taschen-en-en","21":"first","22":"instock","23":"sold-individually","24":"shipping-taxable","25":"purchasable","26":"product-type-simple"},"yoast_head":"<!-- This site is optimized with the Yoast SEO plugin v27.4 - https:\/\/yoast.com\/product\/yoast-seo-wordpress\/ -->\n<title>The Book of Palms. Von Martius (H. Walter Lack) - book \/ album - Folio<\/title>\n<meta name=\"description\" content=\"Wejd\u017a i kup ksi\u0105\u017ck\u0119 The Book of Palms. Von Martius autorstwa H. Walter Lack wydan\u0105 przez TASCHEN (2017-09-01) w formacie 25 x 34,5 cm (ISBN: 9783836566148). Zapraszamy!\" \/>\n<meta name=\"robots\" content=\"index, follow, max-snippet:-1, max-image-preview:large, max-video-preview:-1\" \/>\n<link rel=\"canonical\" href=\"https:\/\/foliobooks.pl\/en\/shop\/the-book-of-palms-von-martius\/\" \/>\n<meta property=\"og:locale\" content=\"en_US\" \/>\n<meta property=\"og:type\" content=\"article\" \/>\n<meta property=\"og:title\" content=\"The Book of Palms. Von Martius (H. Walter Lack) - book \/ album - Folio\" \/>\n<meta property=\"og:description\" content=\"Wejd\u017a i kup ksi\u0105\u017ck\u0119 The Book of Palms. Von Martius autorstwa H. Walter Lack wydan\u0105 przez TASCHEN (2017-09-01) w formacie 25 x 34,5 cm (ISBN: 9783836566148). Zapraszamy!\" \/>\n<meta property=\"og:url\" content=\"https:\/\/foliobooks.pl\/en\/shop\/the-book-of-palms-von-martius\/\" \/>\n<meta property=\"og:site_name\" content=\"Folio\" \/>\n<meta property=\"article:modified_time\" content=\"2021-06-30T12:22:20+00:00\" \/>\n<meta property=\"og:image\" content=\"https:\/\/foliobooks.pl\/wp-content\/uploads\/2017\/08\/9783836566148.png\" \/>\n\t<meta property=\"og:image:width\" content=\"570\" \/>\n\t<meta property=\"og:image:height\" content=\"708\" \/>\n\t<meta property=\"og:image:type\" content=\"image\/png\" \/>\n<meta name=\"twitter:card\" content=\"summary_large_image\" \/>\n<meta name=\"twitter:label1\" content=\"Est. reading time\" \/>\n\t<meta name=\"twitter:data1\" content=\"1 minute\" \/>\n<script type=\"application\/ld+json\" class=\"yoast-schema-graph\">{\"@context\":\"https:\\\/\\\/schema.org\",\"@graph\":[{\"@type\":\"WebPage\",\"@id\":\"https:\\\/\\\/foliobooks.pl\\\/en\\\/shop\\\/the-book-of-palms-von-martius\\\/\",\"url\":\"https:\\\/\\\/foliobooks.pl\\\/en\\\/shop\\\/the-book-of-palms-von-martius\\\/\",\"name\":\"The Book of Palms. Von Martius (H. Walter Lack) - book \\\/ album - Folio\",\"isPartOf\":{\"@id\":\"https:\\\/\\\/foliobooks.pl\\\/en\\\/#website\"},\"primaryImageOfPage\":{\"@id\":\"https:\\\/\\\/foliobooks.pl\\\/en\\\/shop\\\/the-book-of-palms-von-martius\\\/#primaryimage\"},\"image\":{\"@id\":\"https:\\\/\\\/foliobooks.pl\\\/en\\\/shop\\\/the-book-of-palms-von-martius\\\/#primaryimage\"},\"thumbnailUrl\":\"https:\\\/\\\/foliobooks.pl\\\/wp-content\\\/uploads\\\/2017\\\/08\\\/9783836566148.png\",\"datePublished\":\"2017-08-22T10:01:37+00:00\",\"dateModified\":\"2021-06-30T12:22:20+00:00\",\"description\":\"Wejd\u017a i kup ksi\u0105\u017ck\u0119 The Book of Palms. Von Martius autorstwa H. Walter Lack wydan\u0105 przez TASCHEN (2017-09-01) w formacie 25 x 34,5 cm (ISBN: 9783836566148). Zapraszamy!\",\"breadcrumb\":{\"@id\":\"https:\\\/\\\/foliobooks.pl\\\/en\\\/shop\\\/the-book-of-palms-von-martius\\\/#breadcrumb\"},\"inLanguage\":\"en-US\",\"potentialAction\":[{\"@type\":\"ReadAction\",\"target\":[\"https:\\\/\\\/foliobooks.pl\\\/en\\\/shop\\\/the-book-of-palms-von-martius\\\/\"]}]},{\"@type\":\"ImageObject\",\"inLanguage\":\"en-US\",\"@id\":\"https:\\\/\\\/foliobooks.pl\\\/en\\\/shop\\\/the-book-of-palms-von-martius\\\/#primaryimage\",\"url\":\"https:\\\/\\\/foliobooks.pl\\\/wp-content\\\/uploads\\\/2017\\\/08\\\/9783836566148.png\",\"contentUrl\":\"https:\\\/\\\/foliobooks.pl\\\/wp-content\\\/uploads\\\/2017\\\/08\\\/9783836566148.png\",\"width\":570,\"height\":708},{\"@type\":\"BreadcrumbList\",\"@id\":\"https:\\\/\\\/foliobooks.pl\\\/en\\\/shop\\\/the-book-of-palms-von-martius\\\/#breadcrumb\",\"itemListElement\":[{\"@type\":\"ListItem\",\"position\":1,\"name\":\"Strona g\u0142\u00f3wna\",\"item\":\"https:\\\/\\\/foliobooks.pl\\\/en\\\/\"},{\"@type\":\"ListItem\",\"position\":2,\"name\":\"Shop\",\"item\":\"https:\\\/\\\/foliobooks.pl\\\/en\\\/shop\\\/\"},{\"@type\":\"ListItem\",\"position\":3,\"name\":\"The Book of Palms. Von Martius\"}]},{\"@type\":\"WebSite\",\"@id\":\"https:\\\/\\\/foliobooks.pl\\\/en\\\/#website\",\"url\":\"https:\\\/\\\/foliobooks.pl\\\/en\\\/\",\"name\":\"Folio\",\"description\":\"Ksi\u0119garnia internetowa\",\"potentialAction\":[{\"@type\":\"SearchAction\",\"target\":{\"@type\":\"EntryPoint\",\"urlTemplate\":\"https:\\\/\\\/foliobooks.pl\\\/en\\\/?s={search_term_string}\"},\"query-input\":{\"@type\":\"PropertyValueSpecification\",\"valueRequired\":true,\"valueName\":\"search_term_string\"}}],\"inLanguage\":\"en-US\"}]}<\/script>\n<!-- \/ Yoast SEO plugin. -->","yoast_head_json":{"title":"The Book of Palms. Von Martius (H. Walter Lack) - book \/ album - Folio","description":"Wejd\u017a i kup ksi\u0105\u017ck\u0119 The Book of Palms. Von Martius autorstwa H. Walter Lack wydan\u0105 przez TASCHEN (2017-09-01) w formacie 25 x 34,5 cm (ISBN: 9783836566148). Zapraszamy!","robots":{"index":"index","follow":"follow","max-snippet":"max-snippet:-1","max-image-preview":"max-image-preview:large","max-video-preview":"max-video-preview:-1"},"canonical":"https:\/\/foliobooks.pl\/en\/shop\/the-book-of-palms-von-martius\/","og_locale":"en_US","og_type":"article","og_title":"The Book of Palms. Von Martius (H. Walter Lack) - book \/ album - Folio","og_description":"Wejd\u017a i kup ksi\u0105\u017ck\u0119 The Book of Palms. Von Martius autorstwa H. Walter Lack wydan\u0105 przez TASCHEN (2017-09-01) w formacie 25 x 34,5 cm (ISBN: 9783836566148). Zapraszamy!","og_url":"https:\/\/foliobooks.pl\/en\/shop\/the-book-of-palms-von-martius\/","og_site_name":"Folio","article_modified_time":"2021-06-30T12:22:20+00:00","og_image":[{"width":570,"height":708,"url":"https:\/\/foliobooks.pl\/wp-content\/uploads\/2017\/08\/9783836566148.png","type":"image\/png"}],"twitter_card":"summary_large_image","twitter_misc":{"Est. reading time":"1 minute"},"schema":{"@context":"https:\/\/schema.org","@graph":[{"@type":"WebPage","@id":"https:\/\/foliobooks.pl\/en\/shop\/the-book-of-palms-von-martius\/","url":"https:\/\/foliobooks.pl\/en\/shop\/the-book-of-palms-von-martius\/","name":"The Book of Palms. Von Martius (H. Walter Lack) - book \/ album - Folio","isPartOf":{"@id":"https:\/\/foliobooks.pl\/en\/#website"},"primaryImageOfPage":{"@id":"https:\/\/foliobooks.pl\/en\/shop\/the-book-of-palms-von-martius\/#primaryimage"},"image":{"@id":"https:\/\/foliobooks.pl\/en\/shop\/the-book-of-palms-von-martius\/#primaryimage"},"thumbnailUrl":"https:\/\/foliobooks.pl\/wp-content\/uploads\/2017\/08\/9783836566148.png","datePublished":"2017-08-22T10:01:37+00:00","dateModified":"2021-06-30T12:22:20+00:00","description":"Wejd\u017a i kup ksi\u0105\u017ck\u0119 The Book of Palms. Von Martius autorstwa H. Walter Lack wydan\u0105 przez TASCHEN (2017-09-01) w formacie 25 x 34,5 cm (ISBN: 9783836566148). Zapraszamy!","breadcrumb":{"@id":"https:\/\/foliobooks.pl\/en\/shop\/the-book-of-palms-von-martius\/#breadcrumb"},"inLanguage":"en-US","potentialAction":[{"@type":"ReadAction","target":["https:\/\/foliobooks.pl\/en\/shop\/the-book-of-palms-von-martius\/"]}]},{"@type":"ImageObject","inLanguage":"en-US","@id":"https:\/\/foliobooks.pl\/en\/shop\/the-book-of-palms-von-martius\/#primaryimage","url":"https:\/\/foliobooks.pl\/wp-content\/uploads\/2017\/08\/9783836566148.png","contentUrl":"https:\/\/foliobooks.pl\/wp-content\/uploads\/2017\/08\/9783836566148.png","width":570,"height":708},{"@type":"BreadcrumbList","@id":"https:\/\/foliobooks.pl\/en\/shop\/the-book-of-palms-von-martius\/#breadcrumb","itemListElement":[{"@type":"ListItem","position":1,"name":"Strona g\u0142\u00f3wna","item":"https:\/\/foliobooks.pl\/en\/"},{"@type":"ListItem","position":2,"name":"Shop","item":"https:\/\/foliobooks.pl\/en\/shop\/"},{"@type":"ListItem","position":3,"name":"The Book of Palms. Von Martius"}]},{"@type":"WebSite","@id":"https:\/\/foliobooks.pl\/en\/#website","url":"https:\/\/foliobooks.pl\/en\/","name":"Folio","description":"Ksi\u0119garnia internetowa","potentialAction":[{"@type":"SearchAction","target":{"@type":"EntryPoint","urlTemplate":"https:\/\/foliobooks.pl\/en\/?s={search_term_string}"},"query-input":{"@type":"PropertyValueSpecification","valueRequired":true,"valueName":"search_term_string"}}],"inLanguage":"en-US"}]}},"_links":{"self":[{"href":"https:\/\/foliobooks.pl\/en\/wp-json\/wp\/v2\/product\/21041","targetHints":{"allow":["GET"]}}],"collection":[{"href":"https:\/\/foliobooks.pl\/en\/wp-json\/wp\/v2\/product"}],"about":[{"href":"https:\/\/foliobooks.pl\/en\/wp-json\/wp\/v2\/types\/product"}],"replies":[{"embeddable":true,"href":"https:\/\/foliobooks.pl\/en\/wp-json\/wp\/v2\/comments?post=21041"}],"wp:featuredmedia":[{"embeddable":true,"href":"https:\/\/foliobooks.pl\/en\/wp-json\/wp\/v2\/media\/21040"}],"wp:attachment":[{"href":"https:\/\/foliobooks.pl\/en\/wp-json\/wp\/v2\/media?parent=21041"}],"wp:term":[{"taxonomy":"product_brand","embeddable":true,"href":"https:\/\/foliobooks.pl\/en\/wp-json\/wp\/v2\/product_brand?post=21041"},{"taxonomy":"product_cat","embeddable":true,"href":"https:\/\/foliobooks.pl\/en\/wp-json\/wp\/v2\/product_cat?post=21041"},{"taxonomy":"product_tag","embeddable":true,"href":"https:\/\/foliobooks.pl\/en\/wp-json\/wp\/v2\/product_tag?post=21041"}],"curies":[{"name":"wp","href":"https:\/\/api.w.org\/{rel}","templated":true}]}}