{"id":20916,"date":"2017-07-19T14:21:27","date_gmt":"2017-07-19T12:21:27","guid":{"rendered":"https:\/\/foliobooks.pl\/sklep\/modern-wedding\/"},"modified":"2019-12-07T23:26:46","modified_gmt":"2019-12-07T22:26:46","slug":"modern-wedding","status":"publish","type":"product","link":"https:\/\/foliobooks.pl\/en\/shop\/modern-wedding\/","title":{"rendered":"Modern Wedding"},"content":{"rendered":"<p>Nothing sets the tone at a wedding like a well-considered and designed invitation. As standard-bearer, it can drive the overall look and feel of the entire celebration from the cake design and place settings to the floral arrangements.\u00a0<i>The Modern Wedding<\/i>\u00a0focuses not just on invitations, but all printed collateral that goes into a cohesive design aesthetic, from RSVP cards and thank you notes, to place cards, wedding favors, menus and signage. With gorgeous case studies of highly original weddings that differentiate themselves from one another on the basis of each couple\u2019s distinct vision and the abilities of their designers to interpret it.<\/p>\n","protected":false},"excerpt":{"rendered":"<p>Nothing sets the tone at a wedding like a well-considered and designed invitation. As standard-bearer, it can drive the overall look and feel of the entire celebration from the cake design and place settings to the floral arrangements.\u00a0The Modern Wedding\u00a0focuses not just on invitations, but all printed collateral that goes into a cohesive design aesthetic,&#8230;<\/p>\n","protected":false},"featured_media":20911,"comment_status":"closed","ping_status":"closed","template":"","meta":[],"product_brand":[],"product_cat":[4523,4525,4521],"product_tag":[12448,6178,4524,12449,2253,10711,290,6121,12451,4900,12447],"class_list":{"0":"post-20916","1":"product","2":"type-product","3":"status-publish","4":"has-post-thumbnail","6":"product_cat-design-en-en","7":"product_cat-graphic-design","8":"product_cat-silva-rerum-en-en","9":"product_tag-ceremonies-en","10":"product_tag-decorations-en","11":"product_tag-design-en-en","12":"product_tag-events-en","13":"product_tag-graphics","14":"product_tag-guides-en","15":"product_tag-interiors-en","16":"product_tag-photography","17":"product_tag-printed-materials-en","18":"product_tag-style-en-en","19":"product_tag-weddings-en","20":"pa_cover-softcover","21":"pa_format-184-x-248-cm-en","22":"pa_isbn-9781584236085-en","23":"pa_language-eng","24":"pa_pages-240-en","25":"pa_published-2017-02-28-en","26":"pa_publisher-gingko-press-en","28":"first","29":"instock","30":"sale","31":"sold-individually","32":"shipping-taxable","33":"purchasable","34":"product-type-simple"},"yoast_head":"<!-- This site is optimized with the Yoast SEO plugin v27.4 - https:\/\/yoast.com\/product\/yoast-seo-wordpress\/ -->\n<title>Modern Wedding () - book \/ album - Folio<\/title>\n<meta name=\"description\" content=\"Wejd\u017a i kup ksi\u0105\u017ck\u0119 Modern Wedding autorstwa wydan\u0105 przez Gingko Press (2017-02-28) w formacie 18,4 x 24,8 cm (ISBN: 9781584236085). Zapraszamy!\" \/>\n<meta name=\"robots\" content=\"index, follow, max-snippet:-1, max-image-preview:large, max-video-preview:-1\" \/>\n<link rel=\"canonical\" href=\"https:\/\/foliobooks.pl\/en\/shop\/modern-wedding\/\" \/>\n<meta property=\"og:locale\" content=\"en_US\" \/>\n<meta property=\"og:type\" content=\"article\" \/>\n<meta property=\"og:title\" content=\"Modern Wedding () - book \/ album - Folio\" \/>\n<meta property=\"og:description\" content=\"Wejd\u017a i kup ksi\u0105\u017ck\u0119 Modern Wedding autorstwa wydan\u0105 przez Gingko Press (2017-02-28) w formacie 18,4 x 24,8 cm (ISBN: 9781584236085). Zapraszamy!\" \/>\n<meta property=\"og:url\" content=\"https:\/\/foliobooks.pl\/en\/shop\/modern-wedding\/\" \/>\n<meta property=\"og:site_name\" content=\"Folio\" \/>\n<meta property=\"article:modified_time\" content=\"2019-12-07T22:26:46+00:00\" \/>\n<meta property=\"og:image\" content=\"https:\/\/foliobooks.pl\/wp-content\/uploads\/2017\/07\/9781584236085.png\" \/>\n\t<meta property=\"og:image:width\" content=\"570\" \/>\n\t<meta property=\"og:image:height\" content=\"708\" \/>\n\t<meta property=\"og:image:type\" content=\"image\/png\" \/>\n<meta name=\"twitter:card\" content=\"summary_large_image\" \/>\n<meta name=\"twitter:label1\" content=\"Est. reading time\" \/>\n\t<meta name=\"twitter:data1\" content=\"1 minute\" \/>\n<script type=\"application\/ld+json\" class=\"yoast-schema-graph\">{\"@context\":\"https:\\\/\\\/schema.org\",\"@graph\":[{\"@type\":\"WebPage\",\"@id\":\"https:\\\/\\\/foliobooks.pl\\\/en\\\/shop\\\/modern-wedding\\\/\",\"url\":\"https:\\\/\\\/foliobooks.pl\\\/en\\\/shop\\\/modern-wedding\\\/\",\"name\":\"Modern Wedding () - book \\\/ album - Folio\",\"isPartOf\":{\"@id\":\"https:\\\/\\\/foliobooks.pl\\\/en\\\/#website\"},\"primaryImageOfPage\":{\"@id\":\"https:\\\/\\\/foliobooks.pl\\\/en\\\/shop\\\/modern-wedding\\\/#primaryimage\"},\"image\":{\"@id\":\"https:\\\/\\\/foliobooks.pl\\\/en\\\/shop\\\/modern-wedding\\\/#primaryimage\"},\"thumbnailUrl\":\"https:\\\/\\\/foliobooks.pl\\\/wp-content\\\/uploads\\\/2017\\\/07\\\/9781584236085.png\",\"datePublished\":\"2017-07-19T12:21:27+00:00\",\"dateModified\":\"2019-12-07T22:26:46+00:00\",\"description\":\"Wejd\u017a i kup ksi\u0105\u017ck\u0119 Modern Wedding autorstwa wydan\u0105 przez Gingko Press (2017-02-28) w formacie 18,4 x 24,8 cm (ISBN: 9781584236085). Zapraszamy!\",\"breadcrumb\":{\"@id\":\"https:\\\/\\\/foliobooks.pl\\\/en\\\/shop\\\/modern-wedding\\\/#breadcrumb\"},\"inLanguage\":\"en-US\",\"potentialAction\":[{\"@type\":\"ReadAction\",\"target\":[\"https:\\\/\\\/foliobooks.pl\\\/en\\\/shop\\\/modern-wedding\\\/\"]}]},{\"@type\":\"ImageObject\",\"inLanguage\":\"en-US\",\"@id\":\"https:\\\/\\\/foliobooks.pl\\\/en\\\/shop\\\/modern-wedding\\\/#primaryimage\",\"url\":\"https:\\\/\\\/foliobooks.pl\\\/wp-content\\\/uploads\\\/2017\\\/07\\\/9781584236085.png\",\"contentUrl\":\"https:\\\/\\\/foliobooks.pl\\\/wp-content\\\/uploads\\\/2017\\\/07\\\/9781584236085.png\",\"width\":570,\"height\":708},{\"@type\":\"BreadcrumbList\",\"@id\":\"https:\\\/\\\/foliobooks.pl\\\/en\\\/shop\\\/modern-wedding\\\/#breadcrumb\",\"itemListElement\":[{\"@type\":\"ListItem\",\"position\":1,\"name\":\"Strona g\u0142\u00f3wna\",\"item\":\"https:\\\/\\\/foliobooks.pl\\\/en\\\/\"},{\"@type\":\"ListItem\",\"position\":2,\"name\":\"Shop\",\"item\":\"https:\\\/\\\/foliobooks.pl\\\/en\\\/shop\\\/\"},{\"@type\":\"ListItem\",\"position\":3,\"name\":\"Modern Wedding\"}]},{\"@type\":\"WebSite\",\"@id\":\"https:\\\/\\\/foliobooks.pl\\\/en\\\/#website\",\"url\":\"https:\\\/\\\/foliobooks.pl\\\/en\\\/\",\"name\":\"Folio\",\"description\":\"Ksi\u0119garnia internetowa\",\"potentialAction\":[{\"@type\":\"SearchAction\",\"target\":{\"@type\":\"EntryPoint\",\"urlTemplate\":\"https:\\\/\\\/foliobooks.pl\\\/en\\\/?s={search_term_string}\"},\"query-input\":{\"@type\":\"PropertyValueSpecification\",\"valueRequired\":true,\"valueName\":\"search_term_string\"}}],\"inLanguage\":\"en-US\"}]}<\/script>\n<!-- \/ Yoast SEO plugin. -->","yoast_head_json":{"title":"Modern Wedding () - book \/ album - Folio","description":"Wejd\u017a i kup ksi\u0105\u017ck\u0119 Modern Wedding autorstwa wydan\u0105 przez Gingko Press (2017-02-28) w formacie 18,4 x 24,8 cm (ISBN: 9781584236085). Zapraszamy!","robots":{"index":"index","follow":"follow","max-snippet":"max-snippet:-1","max-image-preview":"max-image-preview:large","max-video-preview":"max-video-preview:-1"},"canonical":"https:\/\/foliobooks.pl\/en\/shop\/modern-wedding\/","og_locale":"en_US","og_type":"article","og_title":"Modern Wedding () - book \/ album - Folio","og_description":"Wejd\u017a i kup ksi\u0105\u017ck\u0119 Modern Wedding autorstwa wydan\u0105 przez Gingko Press (2017-02-28) w formacie 18,4 x 24,8 cm (ISBN: 9781584236085). Zapraszamy!","og_url":"https:\/\/foliobooks.pl\/en\/shop\/modern-wedding\/","og_site_name":"Folio","article_modified_time":"2019-12-07T22:26:46+00:00","og_image":[{"width":570,"height":708,"url":"https:\/\/foliobooks.pl\/wp-content\/uploads\/2017\/07\/9781584236085.png","type":"image\/png"}],"twitter_card":"summary_large_image","twitter_misc":{"Est. reading time":"1 minute"},"schema":{"@context":"https:\/\/schema.org","@graph":[{"@type":"WebPage","@id":"https:\/\/foliobooks.pl\/en\/shop\/modern-wedding\/","url":"https:\/\/foliobooks.pl\/en\/shop\/modern-wedding\/","name":"Modern Wedding () - book \/ album - Folio","isPartOf":{"@id":"https:\/\/foliobooks.pl\/en\/#website"},"primaryImageOfPage":{"@id":"https:\/\/foliobooks.pl\/en\/shop\/modern-wedding\/#primaryimage"},"image":{"@id":"https:\/\/foliobooks.pl\/en\/shop\/modern-wedding\/#primaryimage"},"thumbnailUrl":"https:\/\/foliobooks.pl\/wp-content\/uploads\/2017\/07\/9781584236085.png","datePublished":"2017-07-19T12:21:27+00:00","dateModified":"2019-12-07T22:26:46+00:00","description":"Wejd\u017a i kup ksi\u0105\u017ck\u0119 Modern Wedding autorstwa wydan\u0105 przez Gingko Press (2017-02-28) w formacie 18,4 x 24,8 cm (ISBN: 9781584236085). Zapraszamy!","breadcrumb":{"@id":"https:\/\/foliobooks.pl\/en\/shop\/modern-wedding\/#breadcrumb"},"inLanguage":"en-US","potentialAction":[{"@type":"ReadAction","target":["https:\/\/foliobooks.pl\/en\/shop\/modern-wedding\/"]}]},{"@type":"ImageObject","inLanguage":"en-US","@id":"https:\/\/foliobooks.pl\/en\/shop\/modern-wedding\/#primaryimage","url":"https:\/\/foliobooks.pl\/wp-content\/uploads\/2017\/07\/9781584236085.png","contentUrl":"https:\/\/foliobooks.pl\/wp-content\/uploads\/2017\/07\/9781584236085.png","width":570,"height":708},{"@type":"BreadcrumbList","@id":"https:\/\/foliobooks.pl\/en\/shop\/modern-wedding\/#breadcrumb","itemListElement":[{"@type":"ListItem","position":1,"name":"Strona g\u0142\u00f3wna","item":"https:\/\/foliobooks.pl\/en\/"},{"@type":"ListItem","position":2,"name":"Shop","item":"https:\/\/foliobooks.pl\/en\/shop\/"},{"@type":"ListItem","position":3,"name":"Modern Wedding"}]},{"@type":"WebSite","@id":"https:\/\/foliobooks.pl\/en\/#website","url":"https:\/\/foliobooks.pl\/en\/","name":"Folio","description":"Ksi\u0119garnia internetowa","potentialAction":[{"@type":"SearchAction","target":{"@type":"EntryPoint","urlTemplate":"https:\/\/foliobooks.pl\/en\/?s={search_term_string}"},"query-input":{"@type":"PropertyValueSpecification","valueRequired":true,"valueName":"search_term_string"}}],"inLanguage":"en-US"}]}},"_links":{"self":[{"href":"https:\/\/foliobooks.pl\/en\/wp-json\/wp\/v2\/product\/20916","targetHints":{"allow":["GET"]}}],"collection":[{"href":"https:\/\/foliobooks.pl\/en\/wp-json\/wp\/v2\/product"}],"about":[{"href":"https:\/\/foliobooks.pl\/en\/wp-json\/wp\/v2\/types\/product"}],"replies":[{"embeddable":true,"href":"https:\/\/foliobooks.pl\/en\/wp-json\/wp\/v2\/comments?post=20916"}],"wp:featuredmedia":[{"embeddable":true,"href":"https:\/\/foliobooks.pl\/en\/wp-json\/wp\/v2\/media\/20911"}],"wp:attachment":[{"href":"https:\/\/foliobooks.pl\/en\/wp-json\/wp\/v2\/media?parent=20916"}],"wp:term":[{"taxonomy":"product_brand","embeddable":true,"href":"https:\/\/foliobooks.pl\/en\/wp-json\/wp\/v2\/product_brand?post=20916"},{"taxonomy":"product_cat","embeddable":true,"href":"https:\/\/foliobooks.pl\/en\/wp-json\/wp\/v2\/product_cat?post=20916"},{"taxonomy":"product_tag","embeddable":true,"href":"https:\/\/foliobooks.pl\/en\/wp-json\/wp\/v2\/product_tag?post=20916"}],"curies":[{"name":"wp","href":"https:\/\/api.w.org\/{rel}","templated":true}]}}