{"id":20819,"date":"2017-07-18T15:53:06","date_gmt":"2017-07-18T13:53:06","guid":{"rendered":"https:\/\/foliobooks.pl\/sklep\/watch-book-rolex\/"},"modified":"2022-03-02T14:37:42","modified_gmt":"2022-03-02T13:37:42","slug":"watch-book-rolex","status":"publish","type":"product","link":"https:\/\/foliobooks.pl\/en\/shop\/watch-book-rolex\/","title":{"rendered":"Watch Book \u2013 Rolex"},"content":{"rendered":"<p>Watch lovers and Rolex admirers delight! In this new edition of The Watch Book Rolex, expert Gisbert L. Brunner guides you through the wonderful world of this luxury watch brand with passion, attention to detail, and consistently impressive expertise.<\/p>\n<p>The waterproof `Oyster,` the `Datejust,` or the more than half-a-century-old diver&#8217;s `Submariner`: timepiece aficionado Brunner walks readers through the innovative technology and design behind iconic Rolex models. Brand-new entries from the Rolex 2020 collection celebrate the latest crowns of Rolex achievement. With trilingual texts in German, English, and French and some 400 colour and black-and-white photographs, this is a delight of a book for watch lovers, watch collectors, and Rolex devotees around the globe.<\/p>\n","protected":false},"excerpt":{"rendered":"<p>Watch lovers and Rolex admirers delight! In this new edition of The Watch Book Rolex, expert Gisbert L. Brunner guides you through the wonderful world of this luxury watch brand with passion, attention to detail, and consistently impressive expertise. The waterproof `Oyster,` the `Datejust,` or the more than half-a-century-old diver&#8217;s `Submariner`: timepiece aficionado Brunner walks&#8230;<\/p>\n","protected":false},"featured_media":61850,"comment_status":"closed","ping_status":"closed","template":"","meta":[],"product_brand":[],"product_cat":[4521],"product_tag":[334,10639,522],"class_list":{"0":"post-20819","1":"product","2":"type-product","3":"status-publish","4":"has-post-thumbnail","6":"product_cat-silva-rerum-en-en","7":"product_tag-collections-en","8":"product_tag-handicrafts-en","9":"product_tag-jewelry-en","10":"pa_author_att-gisbert-l-brunner-en","11":"pa_cover-hardcover","12":"pa_format-25-x-32-cm-en","13":"pa_isbn-9783961713745-en","14":"pa_language-eng-f-ger","15":"pa_pages-272-en-2","16":"pa_published-2021-12-20-en","17":"pa_publisher-taschen-en-en","19":"first","20":"outofstock","21":"sold-individually","22":"shipping-taxable","23":"purchasable","24":"product-type-simple"},"yoast_head":"<!-- This site is optimized with the Yoast SEO plugin v27.6 - https:\/\/yoast.com\/product\/yoast-seo-wordpress\/ -->\n<title>Watch Book \u2013 Rolex (Gisbert L. Brunner) - book \/ album - Folio<\/title>\n<meta name=\"description\" content=\"Wejd\u017a i kup ksi\u0105\u017ck\u0119 Watch Book \u2013 Rolex autorstwa Gisbert L. Brunner wydan\u0105 przez TASCHEN (2021-12-20) w formacie 25 x 32 cm (ISBN: 9783961713745). Zapraszamy!\" \/>\n<meta name=\"robots\" content=\"index, follow, max-snippet:-1, max-image-preview:large, max-video-preview:-1\" \/>\n<link rel=\"canonical\" href=\"https:\/\/foliobooks.pl\/en\/shop\/watch-book-rolex\/\" \/>\n<meta property=\"og:locale\" content=\"en_US\" \/>\n<meta property=\"og:type\" content=\"article\" \/>\n<meta property=\"og:title\" content=\"Watch Book \u2013 Rolex (Gisbert L. Brunner) - book \/ album - Folio\" \/>\n<meta property=\"og:description\" content=\"Wejd\u017a i kup ksi\u0105\u017ck\u0119 Watch Book \u2013 Rolex autorstwa Gisbert L. Brunner wydan\u0105 przez TASCHEN (2021-12-20) w formacie 25 x 32 cm (ISBN: 9783961713745). Zapraszamy!\" \/>\n<meta property=\"og:url\" content=\"https:\/\/foliobooks.pl\/en\/shop\/watch-book-rolex\/\" \/>\n<meta property=\"og:site_name\" content=\"Folio\" \/>\n<meta property=\"article:modified_time\" content=\"2022-03-02T13:37:42+00:00\" \/>\n<meta property=\"og:image\" content=\"https:\/\/foliobooks.pl\/wp-content\/uploads\/2017\/07\/2999906798729.jpg\" \/>\n\t<meta property=\"og:image:width\" content=\"439\" \/>\n\t<meta property=\"og:image:height\" content=\"560\" \/>\n\t<meta property=\"og:image:type\" content=\"image\/jpeg\" \/>\n<meta name=\"twitter:card\" content=\"summary_large_image\" \/>\n<meta name=\"twitter:label1\" content=\"Est. reading time\" \/>\n\t<meta name=\"twitter:data1\" content=\"1 minute\" \/>\n<script type=\"application\/ld+json\" class=\"yoast-schema-graph\">{\"@context\":\"https:\\\/\\\/schema.org\",\"@graph\":[{\"@type\":\"WebPage\",\"@id\":\"https:\\\/\\\/foliobooks.pl\\\/en\\\/shop\\\/watch-book-rolex\\\/\",\"url\":\"https:\\\/\\\/foliobooks.pl\\\/en\\\/shop\\\/watch-book-rolex\\\/\",\"name\":\"Watch Book \u2013 Rolex (Gisbert L. Brunner) - book \\\/ album - Folio\",\"isPartOf\":{\"@id\":\"https:\\\/\\\/foliobooks.pl\\\/en\\\/#website\"},\"primaryImageOfPage\":{\"@id\":\"https:\\\/\\\/foliobooks.pl\\\/en\\\/shop\\\/watch-book-rolex\\\/#primaryimage\"},\"image\":{\"@id\":\"https:\\\/\\\/foliobooks.pl\\\/en\\\/shop\\\/watch-book-rolex\\\/#primaryimage\"},\"thumbnailUrl\":\"https:\\\/\\\/foliobooks.pl\\\/wp-content\\\/uploads\\\/2017\\\/07\\\/2999906798729.jpg\",\"datePublished\":\"2017-07-18T13:53:06+00:00\",\"dateModified\":\"2022-03-02T13:37:42+00:00\",\"description\":\"Wejd\u017a i kup ksi\u0105\u017ck\u0119 Watch Book \u2013 Rolex autorstwa Gisbert L. Brunner wydan\u0105 przez TASCHEN (2021-12-20) w formacie 25 x 32 cm (ISBN: 9783961713745). Zapraszamy!\",\"breadcrumb\":{\"@id\":\"https:\\\/\\\/foliobooks.pl\\\/en\\\/shop\\\/watch-book-rolex\\\/#breadcrumb\"},\"inLanguage\":\"en-US\",\"potentialAction\":[{\"@type\":\"ReadAction\",\"target\":[\"https:\\\/\\\/foliobooks.pl\\\/en\\\/shop\\\/watch-book-rolex\\\/\"]}]},{\"@type\":\"ImageObject\",\"inLanguage\":\"en-US\",\"@id\":\"https:\\\/\\\/foliobooks.pl\\\/en\\\/shop\\\/watch-book-rolex\\\/#primaryimage\",\"url\":\"https:\\\/\\\/foliobooks.pl\\\/wp-content\\\/uploads\\\/2017\\\/07\\\/2999906798729.jpg\",\"contentUrl\":\"https:\\\/\\\/foliobooks.pl\\\/wp-content\\\/uploads\\\/2017\\\/07\\\/2999906798729.jpg\",\"width\":439,\"height\":560},{\"@type\":\"BreadcrumbList\",\"@id\":\"https:\\\/\\\/foliobooks.pl\\\/en\\\/shop\\\/watch-book-rolex\\\/#breadcrumb\",\"itemListElement\":[{\"@type\":\"ListItem\",\"position\":1,\"name\":\"Strona g\u0142\u00f3wna\",\"item\":\"https:\\\/\\\/foliobooks.pl\\\/en\\\/\"},{\"@type\":\"ListItem\",\"position\":2,\"name\":\"Shop\",\"item\":\"https:\\\/\\\/foliobooks.pl\\\/en\\\/shop\\\/\"},{\"@type\":\"ListItem\",\"position\":3,\"name\":\"Watch Book \u2013 Rolex\"}]},{\"@type\":\"WebSite\",\"@id\":\"https:\\\/\\\/foliobooks.pl\\\/en\\\/#website\",\"url\":\"https:\\\/\\\/foliobooks.pl\\\/en\\\/\",\"name\":\"Folio\",\"description\":\"Ksi\u0119garnia internetowa\",\"potentialAction\":[{\"@type\":\"SearchAction\",\"target\":{\"@type\":\"EntryPoint\",\"urlTemplate\":\"https:\\\/\\\/foliobooks.pl\\\/en\\\/?s={search_term_string}\"},\"query-input\":{\"@type\":\"PropertyValueSpecification\",\"valueRequired\":true,\"valueName\":\"search_term_string\"}}],\"inLanguage\":\"en-US\"}]}<\/script>\n<!-- \/ Yoast SEO plugin. -->","yoast_head_json":{"title":"Watch Book \u2013 Rolex (Gisbert L. Brunner) - book \/ album - Folio","description":"Wejd\u017a i kup ksi\u0105\u017ck\u0119 Watch Book \u2013 Rolex autorstwa Gisbert L. Brunner wydan\u0105 przez TASCHEN (2021-12-20) w formacie 25 x 32 cm (ISBN: 9783961713745). Zapraszamy!","robots":{"index":"index","follow":"follow","max-snippet":"max-snippet:-1","max-image-preview":"max-image-preview:large","max-video-preview":"max-video-preview:-1"},"canonical":"https:\/\/foliobooks.pl\/en\/shop\/watch-book-rolex\/","og_locale":"en_US","og_type":"article","og_title":"Watch Book \u2013 Rolex (Gisbert L. Brunner) - book \/ album - Folio","og_description":"Wejd\u017a i kup ksi\u0105\u017ck\u0119 Watch Book \u2013 Rolex autorstwa Gisbert L. Brunner wydan\u0105 przez TASCHEN (2021-12-20) w formacie 25 x 32 cm (ISBN: 9783961713745). Zapraszamy!","og_url":"https:\/\/foliobooks.pl\/en\/shop\/watch-book-rolex\/","og_site_name":"Folio","article_modified_time":"2022-03-02T13:37:42+00:00","og_image":[{"width":439,"height":560,"url":"https:\/\/foliobooks.pl\/wp-content\/uploads\/2017\/07\/2999906798729.jpg","type":"image\/jpeg"}],"twitter_card":"summary_large_image","twitter_misc":{"Est. reading time":"1 minute"},"schema":{"@context":"https:\/\/schema.org","@graph":[{"@type":"WebPage","@id":"https:\/\/foliobooks.pl\/en\/shop\/watch-book-rolex\/","url":"https:\/\/foliobooks.pl\/en\/shop\/watch-book-rolex\/","name":"Watch Book \u2013 Rolex (Gisbert L. Brunner) - book \/ album - Folio","isPartOf":{"@id":"https:\/\/foliobooks.pl\/en\/#website"},"primaryImageOfPage":{"@id":"https:\/\/foliobooks.pl\/en\/shop\/watch-book-rolex\/#primaryimage"},"image":{"@id":"https:\/\/foliobooks.pl\/en\/shop\/watch-book-rolex\/#primaryimage"},"thumbnailUrl":"https:\/\/foliobooks.pl\/wp-content\/uploads\/2017\/07\/2999906798729.jpg","datePublished":"2017-07-18T13:53:06+00:00","dateModified":"2022-03-02T13:37:42+00:00","description":"Wejd\u017a i kup ksi\u0105\u017ck\u0119 Watch Book \u2013 Rolex autorstwa Gisbert L. Brunner wydan\u0105 przez TASCHEN (2021-12-20) w formacie 25 x 32 cm (ISBN: 9783961713745). Zapraszamy!","breadcrumb":{"@id":"https:\/\/foliobooks.pl\/en\/shop\/watch-book-rolex\/#breadcrumb"},"inLanguage":"en-US","potentialAction":[{"@type":"ReadAction","target":["https:\/\/foliobooks.pl\/en\/shop\/watch-book-rolex\/"]}]},{"@type":"ImageObject","inLanguage":"en-US","@id":"https:\/\/foliobooks.pl\/en\/shop\/watch-book-rolex\/#primaryimage","url":"https:\/\/foliobooks.pl\/wp-content\/uploads\/2017\/07\/2999906798729.jpg","contentUrl":"https:\/\/foliobooks.pl\/wp-content\/uploads\/2017\/07\/2999906798729.jpg","width":439,"height":560},{"@type":"BreadcrumbList","@id":"https:\/\/foliobooks.pl\/en\/shop\/watch-book-rolex\/#breadcrumb","itemListElement":[{"@type":"ListItem","position":1,"name":"Strona g\u0142\u00f3wna","item":"https:\/\/foliobooks.pl\/en\/"},{"@type":"ListItem","position":2,"name":"Shop","item":"https:\/\/foliobooks.pl\/en\/shop\/"},{"@type":"ListItem","position":3,"name":"Watch Book \u2013 Rolex"}]},{"@type":"WebSite","@id":"https:\/\/foliobooks.pl\/en\/#website","url":"https:\/\/foliobooks.pl\/en\/","name":"Folio","description":"Ksi\u0119garnia internetowa","potentialAction":[{"@type":"SearchAction","target":{"@type":"EntryPoint","urlTemplate":"https:\/\/foliobooks.pl\/en\/?s={search_term_string}"},"query-input":{"@type":"PropertyValueSpecification","valueRequired":true,"valueName":"search_term_string"}}],"inLanguage":"en-US"}]}},"_links":{"self":[{"href":"https:\/\/foliobooks.pl\/en\/wp-json\/wp\/v2\/product\/20819","targetHints":{"allow":["GET"]}}],"collection":[{"href":"https:\/\/foliobooks.pl\/en\/wp-json\/wp\/v2\/product"}],"about":[{"href":"https:\/\/foliobooks.pl\/en\/wp-json\/wp\/v2\/types\/product"}],"replies":[{"embeddable":true,"href":"https:\/\/foliobooks.pl\/en\/wp-json\/wp\/v2\/comments?post=20819"}],"wp:featuredmedia":[{"embeddable":true,"href":"https:\/\/foliobooks.pl\/en\/wp-json\/wp\/v2\/media\/61850"}],"wp:attachment":[{"href":"https:\/\/foliobooks.pl\/en\/wp-json\/wp\/v2\/media?parent=20819"}],"wp:term":[{"taxonomy":"product_brand","embeddable":true,"href":"https:\/\/foliobooks.pl\/en\/wp-json\/wp\/v2\/product_brand?post=20819"},{"taxonomy":"product_cat","embeddable":true,"href":"https:\/\/foliobooks.pl\/en\/wp-json\/wp\/v2\/product_cat?post=20819"},{"taxonomy":"product_tag","embeddable":true,"href":"https:\/\/foliobooks.pl\/en\/wp-json\/wp\/v2\/product_tag?post=20819"}],"curies":[{"name":"wp","href":"https:\/\/api.w.org\/{rel}","templated":true}]}}