{"id":20767,"date":"2017-07-18T15:09:11","date_gmt":"2017-07-18T13:09:11","guid":{"rendered":"https:\/\/foliobooks.pl\/sklep\/man-ray\/"},"modified":"2021-03-15T12:36:13","modified_gmt":"2021-03-15T11:36:13","slug":"man-ray","status":"publish","type":"product","link":"https:\/\/foliobooks.pl\/en\/shop\/man-ray\/","title":{"rendered":"Man Ray"},"content":{"rendered":"<p>Man Ray (1890\u20131976) was a polymath modernist, working in painting, sculpture, film, printmaking, and poetry. But it was his work in photography, with nude studies, fashion work, and portraiture that saw him pioneering a new chapter in the history of camerawork and art.<\/p>\n<p>With a wide-ranging collection of both his famous and lesser-known works, this monograph gives a vivid overview of Man Ray\u2019s multifaceted practice and photographic legacy. It traces Ray from his artistic beginnings in New York through to his central role in the Parisian avant-garde, where he featured in the first Surrealist exhibition with Jean Arp, Max Ernst, Andr\u00e9 Masson, Joan Mir\u00f3, and Pablo Picasso and produced such now iconic works as Noire et blanche and Le Violon d\u2019Ingres. Through numerous examples of still life, portraiture, and beyond, we see how Ray constantly experimented with new techniques, pushing photography out of its documentary domain into ethereal, poetic expressions through multiple exposure, solarization, and the particular brand of photograms he wittily termed \u201crayography.\u201d<\/p>\n","protected":false},"excerpt":{"rendered":"<p>Man Ray (1890\u20131976) was a polymath modernist, working in painting, sculpture, film, printmaking, and poetry. But it was his work in photography, with nude studies, fashion work, and portraiture that saw him pioneering a new chapter in the history of camerawork and art. With a wide-ranging collection of both his famous and lesser-known works, this&#8230;<\/p>\n","protected":false},"featured_media":20758,"comment_status":"closed","ping_status":"closed","template":"","meta":[],"product_brand":[],"product_cat":[4517],"product_tag":[154,6632,6121],"class_list":{"0":"post-20767","1":"product","2":"type-product","3":"status-publish","4":"has-post-thumbnail","6":"product_cat-photography-en","7":"product_tag-monographs","8":"product_tag-photographers","9":"product_tag-photography","10":"pa_author_att-katherine-ware-en","11":"pa_author_att-manfred-heiting-en","12":"pa_cover-softcover","13":"pa_format-21-x-275-cm-en","14":"pa_isbn-9783836564489-en","15":"pa_language-eng-f-ger","16":"pa_pages-252-en","17":"pa_published-2017-08-01-en","18":"pa_publisher-taschen-en-en","20":"first","21":"outofstock","22":"sold-individually","23":"shipping-taxable","24":"purchasable","25":"product-type-simple"},"yoast_head":"<!-- This site is optimized with the Yoast SEO plugin v27.4 - https:\/\/yoast.com\/product\/yoast-seo-wordpress\/ -->\n<title>Man Ray (Katherine Ware, Manfred Heiting) - book \/ album - Folio<\/title>\n<meta name=\"description\" content=\"Wejd\u017a i kup ksi\u0105\u017ck\u0119 Man Ray autorstwa Katherine Ware, Manfred Heiting wydan\u0105 przez TASCHEN (2017-08-01) w formacie 21 x 27,5 cm (ISBN: 9783836564489). Zapraszamy!\" \/>\n<meta name=\"robots\" content=\"index, follow, max-snippet:-1, max-image-preview:large, max-video-preview:-1\" \/>\n<link rel=\"canonical\" href=\"https:\/\/foliobooks.pl\/en\/shop\/man-ray\/\" \/>\n<meta property=\"og:locale\" content=\"en_US\" \/>\n<meta property=\"og:type\" content=\"article\" \/>\n<meta property=\"og:title\" content=\"Man Ray (Katherine Ware, Manfred Heiting) - book \/ album - Folio\" \/>\n<meta property=\"og:description\" content=\"Wejd\u017a i kup ksi\u0105\u017ck\u0119 Man Ray autorstwa Katherine Ware, Manfred Heiting wydan\u0105 przez TASCHEN (2017-08-01) w formacie 21 x 27,5 cm (ISBN: 9783836564489). Zapraszamy!\" \/>\n<meta property=\"og:url\" content=\"https:\/\/foliobooks.pl\/en\/shop\/man-ray\/\" \/>\n<meta property=\"og:site_name\" content=\"Folio\" \/>\n<meta property=\"article:modified_time\" content=\"2021-03-15T11:36:13+00:00\" \/>\n<meta property=\"og:image\" content=\"https:\/\/foliobooks.pl\/wp-content\/uploads\/2017\/07\/9783836564489.png\" \/>\n\t<meta property=\"og:image:width\" content=\"570\" \/>\n\t<meta property=\"og:image:height\" content=\"708\" \/>\n\t<meta property=\"og:image:type\" content=\"image\/png\" \/>\n<meta name=\"twitter:card\" content=\"summary_large_image\" \/>\n<meta name=\"twitter:label1\" content=\"Est. reading time\" \/>\n\t<meta name=\"twitter:data1\" content=\"1 minute\" \/>\n<script type=\"application\/ld+json\" class=\"yoast-schema-graph\">{\"@context\":\"https:\\\/\\\/schema.org\",\"@graph\":[{\"@type\":\"WebPage\",\"@id\":\"https:\\\/\\\/foliobooks.pl\\\/en\\\/shop\\\/man-ray\\\/\",\"url\":\"https:\\\/\\\/foliobooks.pl\\\/en\\\/shop\\\/man-ray\\\/\",\"name\":\"Man Ray (Katherine Ware, Manfred Heiting) - book \\\/ album - Folio\",\"isPartOf\":{\"@id\":\"https:\\\/\\\/foliobooks.pl\\\/en\\\/#website\"},\"primaryImageOfPage\":{\"@id\":\"https:\\\/\\\/foliobooks.pl\\\/en\\\/shop\\\/man-ray\\\/#primaryimage\"},\"image\":{\"@id\":\"https:\\\/\\\/foliobooks.pl\\\/en\\\/shop\\\/man-ray\\\/#primaryimage\"},\"thumbnailUrl\":\"https:\\\/\\\/foliobooks.pl\\\/wp-content\\\/uploads\\\/2017\\\/07\\\/9783836564489.png\",\"datePublished\":\"2017-07-18T13:09:11+00:00\",\"dateModified\":\"2021-03-15T11:36:13+00:00\",\"description\":\"Wejd\u017a i kup ksi\u0105\u017ck\u0119 Man Ray autorstwa Katherine Ware, Manfred Heiting wydan\u0105 przez TASCHEN (2017-08-01) w formacie 21 x 27,5 cm (ISBN: 9783836564489). Zapraszamy!\",\"breadcrumb\":{\"@id\":\"https:\\\/\\\/foliobooks.pl\\\/en\\\/shop\\\/man-ray\\\/#breadcrumb\"},\"inLanguage\":\"en-US\",\"potentialAction\":[{\"@type\":\"ReadAction\",\"target\":[\"https:\\\/\\\/foliobooks.pl\\\/en\\\/shop\\\/man-ray\\\/\"]}]},{\"@type\":\"ImageObject\",\"inLanguage\":\"en-US\",\"@id\":\"https:\\\/\\\/foliobooks.pl\\\/en\\\/shop\\\/man-ray\\\/#primaryimage\",\"url\":\"https:\\\/\\\/foliobooks.pl\\\/wp-content\\\/uploads\\\/2017\\\/07\\\/9783836564489.png\",\"contentUrl\":\"https:\\\/\\\/foliobooks.pl\\\/wp-content\\\/uploads\\\/2017\\\/07\\\/9783836564489.png\",\"width\":570,\"height\":708},{\"@type\":\"BreadcrumbList\",\"@id\":\"https:\\\/\\\/foliobooks.pl\\\/en\\\/shop\\\/man-ray\\\/#breadcrumb\",\"itemListElement\":[{\"@type\":\"ListItem\",\"position\":1,\"name\":\"Strona g\u0142\u00f3wna\",\"item\":\"https:\\\/\\\/foliobooks.pl\\\/en\\\/\"},{\"@type\":\"ListItem\",\"position\":2,\"name\":\"Shop\",\"item\":\"https:\\\/\\\/foliobooks.pl\\\/en\\\/shop\\\/\"},{\"@type\":\"ListItem\",\"position\":3,\"name\":\"Man Ray\"}]},{\"@type\":\"WebSite\",\"@id\":\"https:\\\/\\\/foliobooks.pl\\\/en\\\/#website\",\"url\":\"https:\\\/\\\/foliobooks.pl\\\/en\\\/\",\"name\":\"Folio\",\"description\":\"Ksi\u0119garnia internetowa\",\"potentialAction\":[{\"@type\":\"SearchAction\",\"target\":{\"@type\":\"EntryPoint\",\"urlTemplate\":\"https:\\\/\\\/foliobooks.pl\\\/en\\\/?s={search_term_string}\"},\"query-input\":{\"@type\":\"PropertyValueSpecification\",\"valueRequired\":true,\"valueName\":\"search_term_string\"}}],\"inLanguage\":\"en-US\"}]}<\/script>\n<!-- \/ Yoast SEO plugin. -->","yoast_head_json":{"title":"Man Ray (Katherine Ware, Manfred Heiting) - book \/ album - Folio","description":"Wejd\u017a i kup ksi\u0105\u017ck\u0119 Man Ray autorstwa Katherine Ware, Manfred Heiting wydan\u0105 przez TASCHEN (2017-08-01) w formacie 21 x 27,5 cm (ISBN: 9783836564489). Zapraszamy!","robots":{"index":"index","follow":"follow","max-snippet":"max-snippet:-1","max-image-preview":"max-image-preview:large","max-video-preview":"max-video-preview:-1"},"canonical":"https:\/\/foliobooks.pl\/en\/shop\/man-ray\/","og_locale":"en_US","og_type":"article","og_title":"Man Ray (Katherine Ware, Manfred Heiting) - book \/ album - Folio","og_description":"Wejd\u017a i kup ksi\u0105\u017ck\u0119 Man Ray autorstwa Katherine Ware, Manfred Heiting wydan\u0105 przez TASCHEN (2017-08-01) w formacie 21 x 27,5 cm (ISBN: 9783836564489). Zapraszamy!","og_url":"https:\/\/foliobooks.pl\/en\/shop\/man-ray\/","og_site_name":"Folio","article_modified_time":"2021-03-15T11:36:13+00:00","og_image":[{"width":570,"height":708,"url":"https:\/\/foliobooks.pl\/wp-content\/uploads\/2017\/07\/9783836564489.png","type":"image\/png"}],"twitter_card":"summary_large_image","twitter_misc":{"Est. reading time":"1 minute"},"schema":{"@context":"https:\/\/schema.org","@graph":[{"@type":"WebPage","@id":"https:\/\/foliobooks.pl\/en\/shop\/man-ray\/","url":"https:\/\/foliobooks.pl\/en\/shop\/man-ray\/","name":"Man Ray (Katherine Ware, Manfred Heiting) - book \/ album - Folio","isPartOf":{"@id":"https:\/\/foliobooks.pl\/en\/#website"},"primaryImageOfPage":{"@id":"https:\/\/foliobooks.pl\/en\/shop\/man-ray\/#primaryimage"},"image":{"@id":"https:\/\/foliobooks.pl\/en\/shop\/man-ray\/#primaryimage"},"thumbnailUrl":"https:\/\/foliobooks.pl\/wp-content\/uploads\/2017\/07\/9783836564489.png","datePublished":"2017-07-18T13:09:11+00:00","dateModified":"2021-03-15T11:36:13+00:00","description":"Wejd\u017a i kup ksi\u0105\u017ck\u0119 Man Ray autorstwa Katherine Ware, Manfred Heiting wydan\u0105 przez TASCHEN (2017-08-01) w formacie 21 x 27,5 cm (ISBN: 9783836564489). Zapraszamy!","breadcrumb":{"@id":"https:\/\/foliobooks.pl\/en\/shop\/man-ray\/#breadcrumb"},"inLanguage":"en-US","potentialAction":[{"@type":"ReadAction","target":["https:\/\/foliobooks.pl\/en\/shop\/man-ray\/"]}]},{"@type":"ImageObject","inLanguage":"en-US","@id":"https:\/\/foliobooks.pl\/en\/shop\/man-ray\/#primaryimage","url":"https:\/\/foliobooks.pl\/wp-content\/uploads\/2017\/07\/9783836564489.png","contentUrl":"https:\/\/foliobooks.pl\/wp-content\/uploads\/2017\/07\/9783836564489.png","width":570,"height":708},{"@type":"BreadcrumbList","@id":"https:\/\/foliobooks.pl\/en\/shop\/man-ray\/#breadcrumb","itemListElement":[{"@type":"ListItem","position":1,"name":"Strona g\u0142\u00f3wna","item":"https:\/\/foliobooks.pl\/en\/"},{"@type":"ListItem","position":2,"name":"Shop","item":"https:\/\/foliobooks.pl\/en\/shop\/"},{"@type":"ListItem","position":3,"name":"Man Ray"}]},{"@type":"WebSite","@id":"https:\/\/foliobooks.pl\/en\/#website","url":"https:\/\/foliobooks.pl\/en\/","name":"Folio","description":"Ksi\u0119garnia internetowa","potentialAction":[{"@type":"SearchAction","target":{"@type":"EntryPoint","urlTemplate":"https:\/\/foliobooks.pl\/en\/?s={search_term_string}"},"query-input":{"@type":"PropertyValueSpecification","valueRequired":true,"valueName":"search_term_string"}}],"inLanguage":"en-US"}]}},"_links":{"self":[{"href":"https:\/\/foliobooks.pl\/en\/wp-json\/wp\/v2\/product\/20767","targetHints":{"allow":["GET"]}}],"collection":[{"href":"https:\/\/foliobooks.pl\/en\/wp-json\/wp\/v2\/product"}],"about":[{"href":"https:\/\/foliobooks.pl\/en\/wp-json\/wp\/v2\/types\/product"}],"replies":[{"embeddable":true,"href":"https:\/\/foliobooks.pl\/en\/wp-json\/wp\/v2\/comments?post=20767"}],"wp:featuredmedia":[{"embeddable":true,"href":"https:\/\/foliobooks.pl\/en\/wp-json\/wp\/v2\/media\/20758"}],"wp:attachment":[{"href":"https:\/\/foliobooks.pl\/en\/wp-json\/wp\/v2\/media?parent=20767"}],"wp:term":[{"taxonomy":"product_brand","embeddable":true,"href":"https:\/\/foliobooks.pl\/en\/wp-json\/wp\/v2\/product_brand?post=20767"},{"taxonomy":"product_cat","embeddable":true,"href":"https:\/\/foliobooks.pl\/en\/wp-json\/wp\/v2\/product_cat?post=20767"},{"taxonomy":"product_tag","embeddable":true,"href":"https:\/\/foliobooks.pl\/en\/wp-json\/wp\/v2\/product_tag?post=20767"}],"curies":[{"name":"wp","href":"https:\/\/api.w.org\/{rel}","templated":true}]}}