{"id":20755,"date":"2017-07-18T15:01:06","date_gmt":"2017-07-18T13:01:06","guid":{"rendered":"https:\/\/foliobooks.pl\/sklep\/paul-outerbridge\/"},"modified":"2021-11-23T12:22:13","modified_gmt":"2021-11-23T11:22:13","slug":"paul-outerbridge","status":"publish","type":"product","link":"https:\/\/foliobooks.pl\/en\/shop\/paul-outerbridge\/","title":{"rendered":"Paul Outerbridge"},"content":{"rendered":"<p>Whether in his sumptuous images for advertising or his soft-hued nudes, Paul Outerbridge (1896\u20131958) was an alchemist of desire. Color was integral to his aesthetic allure, embracing the complex tri-color-carbro process to create a seductive surface of texture and tone. His quest was for \u201cartificial paradises\u201d\u2014a perfection of form, with a surreal edge.<\/p>\n<p>This concise monograph introduces Outerbridge\u2019s unique aesthetic and its commercial and artistic trajectory, from his professional peak as New York\u2019s highest-paid commercial photographer through to his retreat to Hollywood in the 1940s after a scandal over his erotic photography. With key examples from his oeuvre, the book explores Outerbridge\u2019s innovative style through Cubist still life images, magazine photographs, and his controversial nudes, as well as his interaction with other avant-garde photographers, such as Alfred Stieglitz, Paul Strand, and Man Ray. Along the way, we recognize Outerbridge\u2019s particular ability to transform everyday objects into a quasi-abstract composition and his pioneering role in championing the expressionistic, as much as commercial, potential of color photographs.<\/p>\n","protected":false},"excerpt":{"rendered":"<p>Whether in his sumptuous images for advertising or his soft-hued nudes, Paul Outerbridge (1896\u20131958) was an alchemist of desire. Color was integral to his aesthetic allure, embracing the complex tri-color-carbro process to create a seductive surface of texture and tone. His quest was for \u201cartificial paradises\u201d\u2014a perfection of form, with a surreal edge. This concise&#8230;<\/p>\n","protected":false},"featured_media":20748,"comment_status":"closed","ping_status":"closed","template":"","meta":[],"product_brand":[],"product_cat":[4517],"product_tag":[1647,154,6632,6121,151],"class_list":{"0":"post-20755","1":"product","2":"type-product","3":"status-publish","4":"has-post-thumbnail","6":"product_cat-photography-en","7":"product_tag-erotica","8":"product_tag-monographs","9":"product_tag-photographers","10":"product_tag-photography","11":"product_tag-women","12":"pa_author_att-elaine-dines-cox-en","13":"pa_author_att-manfred-heiting-en","14":"pa_cover-softcover","15":"pa_format-21-x-275-cm-en","16":"pa_isbn-9783836564564-en","17":"pa_language-eng","18":"pa_pages-256-en-2","19":"pa_published-2017-08-15-en","20":"pa_publisher-taschen-en-en","22":"first","23":"instock","24":"sale","25":"sold-individually","26":"shipping-taxable","27":"purchasable","28":"product-type-simple"},"yoast_head":"<!-- This site is optimized with the Yoast SEO plugin v27.4 - https:\/\/yoast.com\/product\/yoast-seo-wordpress\/ -->\n<title>Paul Outerbridge (Elaine Dines-Cox, Manfred Heiting) - book \/ album - Folio<\/title>\n<meta name=\"description\" content=\"Wejd\u017a i kup ksi\u0105\u017ck\u0119 Paul Outerbridge autorstwa Elaine Dines-Cox, Manfred Heiting wydan\u0105 przez TASCHEN (2017-08-15) w formacie 21 x 27,5 cm (ISBN: 9783836564564). Zapraszamy!\" \/>\n<meta name=\"robots\" content=\"index, follow, max-snippet:-1, max-image-preview:large, max-video-preview:-1\" \/>\n<link rel=\"canonical\" href=\"https:\/\/foliobooks.pl\/en\/shop\/paul-outerbridge\/\" \/>\n<meta property=\"og:locale\" content=\"en_US\" \/>\n<meta property=\"og:type\" content=\"article\" \/>\n<meta property=\"og:title\" content=\"Paul Outerbridge (Elaine Dines-Cox, Manfred Heiting) - book \/ album - Folio\" \/>\n<meta property=\"og:description\" content=\"Wejd\u017a i kup ksi\u0105\u017ck\u0119 Paul Outerbridge autorstwa Elaine Dines-Cox, Manfred Heiting wydan\u0105 przez TASCHEN (2017-08-15) w formacie 21 x 27,5 cm (ISBN: 9783836564564). Zapraszamy!\" \/>\n<meta property=\"og:url\" content=\"https:\/\/foliobooks.pl\/en\/shop\/paul-outerbridge\/\" \/>\n<meta property=\"og:site_name\" content=\"Folio\" \/>\n<meta property=\"article:modified_time\" content=\"2021-11-23T11:22:13+00:00\" \/>\n<meta property=\"og:image\" content=\"https:\/\/foliobooks.pl\/wp-content\/uploads\/2017\/07\/9783836564564.png\" \/>\n\t<meta property=\"og:image:width\" content=\"570\" \/>\n\t<meta property=\"og:image:height\" content=\"708\" \/>\n\t<meta property=\"og:image:type\" content=\"image\/png\" \/>\n<meta name=\"twitter:card\" content=\"summary_large_image\" \/>\n<meta name=\"twitter:label1\" content=\"Est. reading time\" \/>\n\t<meta name=\"twitter:data1\" content=\"1 minute\" \/>\n<script type=\"application\/ld+json\" class=\"yoast-schema-graph\">{\"@context\":\"https:\\\/\\\/schema.org\",\"@graph\":[{\"@type\":\"WebPage\",\"@id\":\"https:\\\/\\\/foliobooks.pl\\\/en\\\/shop\\\/paul-outerbridge\\\/\",\"url\":\"https:\\\/\\\/foliobooks.pl\\\/en\\\/shop\\\/paul-outerbridge\\\/\",\"name\":\"Paul Outerbridge (Elaine Dines-Cox, Manfred Heiting) - book \\\/ album - Folio\",\"isPartOf\":{\"@id\":\"https:\\\/\\\/foliobooks.pl\\\/en\\\/#website\"},\"primaryImageOfPage\":{\"@id\":\"https:\\\/\\\/foliobooks.pl\\\/en\\\/shop\\\/paul-outerbridge\\\/#primaryimage\"},\"image\":{\"@id\":\"https:\\\/\\\/foliobooks.pl\\\/en\\\/shop\\\/paul-outerbridge\\\/#primaryimage\"},\"thumbnailUrl\":\"https:\\\/\\\/foliobooks.pl\\\/wp-content\\\/uploads\\\/2017\\\/07\\\/9783836564564.png\",\"datePublished\":\"2017-07-18T13:01:06+00:00\",\"dateModified\":\"2021-11-23T11:22:13+00:00\",\"description\":\"Wejd\u017a i kup ksi\u0105\u017ck\u0119 Paul Outerbridge autorstwa Elaine Dines-Cox, Manfred Heiting wydan\u0105 przez TASCHEN (2017-08-15) w formacie 21 x 27,5 cm (ISBN: 9783836564564). Zapraszamy!\",\"breadcrumb\":{\"@id\":\"https:\\\/\\\/foliobooks.pl\\\/en\\\/shop\\\/paul-outerbridge\\\/#breadcrumb\"},\"inLanguage\":\"en-US\",\"potentialAction\":[{\"@type\":\"ReadAction\",\"target\":[\"https:\\\/\\\/foliobooks.pl\\\/en\\\/shop\\\/paul-outerbridge\\\/\"]}]},{\"@type\":\"ImageObject\",\"inLanguage\":\"en-US\",\"@id\":\"https:\\\/\\\/foliobooks.pl\\\/en\\\/shop\\\/paul-outerbridge\\\/#primaryimage\",\"url\":\"https:\\\/\\\/foliobooks.pl\\\/wp-content\\\/uploads\\\/2017\\\/07\\\/9783836564564.png\",\"contentUrl\":\"https:\\\/\\\/foliobooks.pl\\\/wp-content\\\/uploads\\\/2017\\\/07\\\/9783836564564.png\",\"width\":570,\"height\":708},{\"@type\":\"BreadcrumbList\",\"@id\":\"https:\\\/\\\/foliobooks.pl\\\/en\\\/shop\\\/paul-outerbridge\\\/#breadcrumb\",\"itemListElement\":[{\"@type\":\"ListItem\",\"position\":1,\"name\":\"Strona g\u0142\u00f3wna\",\"item\":\"https:\\\/\\\/foliobooks.pl\\\/en\\\/\"},{\"@type\":\"ListItem\",\"position\":2,\"name\":\"Shop\",\"item\":\"https:\\\/\\\/foliobooks.pl\\\/en\\\/shop\\\/\"},{\"@type\":\"ListItem\",\"position\":3,\"name\":\"Paul Outerbridge\"}]},{\"@type\":\"WebSite\",\"@id\":\"https:\\\/\\\/foliobooks.pl\\\/en\\\/#website\",\"url\":\"https:\\\/\\\/foliobooks.pl\\\/en\\\/\",\"name\":\"Folio\",\"description\":\"Ksi\u0119garnia internetowa\",\"potentialAction\":[{\"@type\":\"SearchAction\",\"target\":{\"@type\":\"EntryPoint\",\"urlTemplate\":\"https:\\\/\\\/foliobooks.pl\\\/en\\\/?s={search_term_string}\"},\"query-input\":{\"@type\":\"PropertyValueSpecification\",\"valueRequired\":true,\"valueName\":\"search_term_string\"}}],\"inLanguage\":\"en-US\"}]}<\/script>\n<!-- \/ Yoast SEO plugin. -->","yoast_head_json":{"title":"Paul Outerbridge (Elaine Dines-Cox, Manfred Heiting) - book \/ album - Folio","description":"Wejd\u017a i kup ksi\u0105\u017ck\u0119 Paul Outerbridge autorstwa Elaine Dines-Cox, Manfred Heiting wydan\u0105 przez TASCHEN (2017-08-15) w formacie 21 x 27,5 cm (ISBN: 9783836564564). Zapraszamy!","robots":{"index":"index","follow":"follow","max-snippet":"max-snippet:-1","max-image-preview":"max-image-preview:large","max-video-preview":"max-video-preview:-1"},"canonical":"https:\/\/foliobooks.pl\/en\/shop\/paul-outerbridge\/","og_locale":"en_US","og_type":"article","og_title":"Paul Outerbridge (Elaine Dines-Cox, Manfred Heiting) - book \/ album - Folio","og_description":"Wejd\u017a i kup ksi\u0105\u017ck\u0119 Paul Outerbridge autorstwa Elaine Dines-Cox, Manfred Heiting wydan\u0105 przez TASCHEN (2017-08-15) w formacie 21 x 27,5 cm (ISBN: 9783836564564). Zapraszamy!","og_url":"https:\/\/foliobooks.pl\/en\/shop\/paul-outerbridge\/","og_site_name":"Folio","article_modified_time":"2021-11-23T11:22:13+00:00","og_image":[{"width":570,"height":708,"url":"https:\/\/foliobooks.pl\/wp-content\/uploads\/2017\/07\/9783836564564.png","type":"image\/png"}],"twitter_card":"summary_large_image","twitter_misc":{"Est. reading time":"1 minute"},"schema":{"@context":"https:\/\/schema.org","@graph":[{"@type":"WebPage","@id":"https:\/\/foliobooks.pl\/en\/shop\/paul-outerbridge\/","url":"https:\/\/foliobooks.pl\/en\/shop\/paul-outerbridge\/","name":"Paul Outerbridge (Elaine Dines-Cox, Manfred Heiting) - book \/ album - Folio","isPartOf":{"@id":"https:\/\/foliobooks.pl\/en\/#website"},"primaryImageOfPage":{"@id":"https:\/\/foliobooks.pl\/en\/shop\/paul-outerbridge\/#primaryimage"},"image":{"@id":"https:\/\/foliobooks.pl\/en\/shop\/paul-outerbridge\/#primaryimage"},"thumbnailUrl":"https:\/\/foliobooks.pl\/wp-content\/uploads\/2017\/07\/9783836564564.png","datePublished":"2017-07-18T13:01:06+00:00","dateModified":"2021-11-23T11:22:13+00:00","description":"Wejd\u017a i kup ksi\u0105\u017ck\u0119 Paul Outerbridge autorstwa Elaine Dines-Cox, Manfred Heiting wydan\u0105 przez TASCHEN (2017-08-15) w formacie 21 x 27,5 cm (ISBN: 9783836564564). Zapraszamy!","breadcrumb":{"@id":"https:\/\/foliobooks.pl\/en\/shop\/paul-outerbridge\/#breadcrumb"},"inLanguage":"en-US","potentialAction":[{"@type":"ReadAction","target":["https:\/\/foliobooks.pl\/en\/shop\/paul-outerbridge\/"]}]},{"@type":"ImageObject","inLanguage":"en-US","@id":"https:\/\/foliobooks.pl\/en\/shop\/paul-outerbridge\/#primaryimage","url":"https:\/\/foliobooks.pl\/wp-content\/uploads\/2017\/07\/9783836564564.png","contentUrl":"https:\/\/foliobooks.pl\/wp-content\/uploads\/2017\/07\/9783836564564.png","width":570,"height":708},{"@type":"BreadcrumbList","@id":"https:\/\/foliobooks.pl\/en\/shop\/paul-outerbridge\/#breadcrumb","itemListElement":[{"@type":"ListItem","position":1,"name":"Strona g\u0142\u00f3wna","item":"https:\/\/foliobooks.pl\/en\/"},{"@type":"ListItem","position":2,"name":"Shop","item":"https:\/\/foliobooks.pl\/en\/shop\/"},{"@type":"ListItem","position":3,"name":"Paul Outerbridge"}]},{"@type":"WebSite","@id":"https:\/\/foliobooks.pl\/en\/#website","url":"https:\/\/foliobooks.pl\/en\/","name":"Folio","description":"Ksi\u0119garnia internetowa","potentialAction":[{"@type":"SearchAction","target":{"@type":"EntryPoint","urlTemplate":"https:\/\/foliobooks.pl\/en\/?s={search_term_string}"},"query-input":{"@type":"PropertyValueSpecification","valueRequired":true,"valueName":"search_term_string"}}],"inLanguage":"en-US"}]}},"_links":{"self":[{"href":"https:\/\/foliobooks.pl\/en\/wp-json\/wp\/v2\/product\/20755","targetHints":{"allow":["GET"]}}],"collection":[{"href":"https:\/\/foliobooks.pl\/en\/wp-json\/wp\/v2\/product"}],"about":[{"href":"https:\/\/foliobooks.pl\/en\/wp-json\/wp\/v2\/types\/product"}],"replies":[{"embeddable":true,"href":"https:\/\/foliobooks.pl\/en\/wp-json\/wp\/v2\/comments?post=20755"}],"wp:featuredmedia":[{"embeddable":true,"href":"https:\/\/foliobooks.pl\/en\/wp-json\/wp\/v2\/media\/20748"}],"wp:attachment":[{"href":"https:\/\/foliobooks.pl\/en\/wp-json\/wp\/v2\/media?parent=20755"}],"wp:term":[{"taxonomy":"product_brand","embeddable":true,"href":"https:\/\/foliobooks.pl\/en\/wp-json\/wp\/v2\/product_brand?post=20755"},{"taxonomy":"product_cat","embeddable":true,"href":"https:\/\/foliobooks.pl\/en\/wp-json\/wp\/v2\/product_cat?post=20755"},{"taxonomy":"product_tag","embeddable":true,"href":"https:\/\/foliobooks.pl\/en\/wp-json\/wp\/v2\/product_tag?post=20755"}],"curies":[{"name":"wp","href":"https:\/\/api.w.org\/{rel}","templated":true}]}}