{"id":20745,"date":"2017-07-18T14:52:49","date_gmt":"2017-07-18T12:52:49","guid":{"rendered":"https:\/\/foliobooks.pl\/sklep\/fausto-felice-niccolini-houses-and-monuments-of-pompeii\/"},"modified":"2022-12-01T16:53:50","modified_gmt":"2022-12-01T15:53:50","slug":"fausto-felice-niccolini-houses-and-monuments-of-pompeii","status":"publish","type":"product","link":"https:\/\/foliobooks.pl\/en\/shop\/fausto-felice-niccolini-houses-and-monuments-of-pompeii\/","title":{"rendered":"Fausto &amp; Felice Niccolini. Houses and monuments of Pompeii"},"content":{"rendered":"<p>When the excavations at Pompeii were first placed on a scholarly archaeological footing in the 19th century, brothers Fausto and Felice Niccolini were close at hand and ready to respond. Making use of the newly introduced technique of color lithography, they documented the buildings, frescos, statues, as well as the most ordinary everyday objects, of the city buried in just 24 hours by the catastrophic eruption of Vesuvius and preserved for over 1,600 years under a mantle of volcanic ash.<\/p>\n<p>The Niccolinis\u2019 goal was to illustrate all aspects of life in the antique city. Their publication, Le case ed i monumenti di Pompei (\u201cThe Houses and Monuments of Pompeii\u201d), which was issued in installments between 1854 and 1896 in Naples, presented over 400 color plates providing not only views, maps, and groundplans of the city and its public buildings, but also offered unprecedented access to Pompeii\u2019s private residences. They revealed the astonishing painted wall decorations that adorned these long-buried abodes, their intricate works of art, and the practical utensils of everyday use, conjuring up a vivid picture of each house as a real domestic space. In total, the plates illustrated more than 1,000 items, each extensively specified and located for the first time, making the publication a major reference in Pompeii research. In addition, \u201canimated\u201d representations visualized daily life in Pompeii\u2019s workshops, taverns, and shops, on its public squares, and in its temples, theaters, and baths.<\/p>\n<p>This meticulous facsimile revives the Niccolinis\u2019 extraordinary achievement with all color plates and two introductory essays setting the project in its contemporary context and presenting the historical protagonists of the Vesuvian excavations. In addition, we explore the remarkable influence exerted by Pompeian art\u2014and by the haunting plaster casts made of victims of the eruption\u2014on the visual arts. Across painting, sculpture, and interior design, we trace the Pompeii legacy in the work of Robert Adam, Anton Raphael Mengs, Angelika Kaufmann, Jean-Auguste-Dominique Ingres, Lawrence Alma-Tadema, Pablo Picasso, and Giorgio de Chirico, right through to recent masters Duane Hanson and George Segal.<\/p>\n","protected":false},"excerpt":{"rendered":"<p>When the excavations at Pompeii were first placed on a scholarly archaeological footing in the 19th century, brothers Fausto and Felice Niccolini were close at hand and ready to respond. Making use of the newly introduced technique of color lithography, they documented the buildings, frescos, statues, as well as the most ordinary everyday objects, of&#8230;<\/p>\n","protected":false},"featured_media":20736,"comment_status":"closed","ping_status":"closed","template":"","meta":[],"product_brand":[],"product_cat":[4516,4522],"product_tag":[6124,2767,1122,1649],"class_list":{"0":"post-20745","1":"product","2":"type-product","3":"status-publish","4":"has-post-thumbnail","6":"product_cat-architecture-en","7":"product_cat-art-en","8":"product_tag-architecture-en","9":"product_tag-art-history","10":"product_tag-houses-en","11":"product_tag-illustration","12":"pa_author_att-sebastian-schutze-en","13":"pa_author_att-valentin-kockel-en","14":"pa_cover-hardcover","15":"pa_format-285-x-395-cm-en","16":"pa_isbn-9783836556873-en","17":"pa_language-eng-f-ger","18":"pa_pages-648-en","19":"pa_published-2016-11-16-en","20":"pa_publisher-taschen-en-en","22":"first","23":"outofstock","24":"sold-individually","25":"shipping-taxable","26":"purchasable","27":"product-type-simple"},"yoast_head":"<!-- This site is optimized with the Yoast SEO plugin v27.4 - https:\/\/yoast.com\/product\/yoast-seo-wordpress\/ -->\n<title>Fausto &amp; Felice Niccolini. Houses and monuments of Pompeii (Sebastian Sch\u00fctze, Valentin Kockel) - book \/ album - Folio<\/title>\n<meta name=\"description\" content=\"Wejd\u017a i kup ksi\u0105\u017ck\u0119 Fausto &amp; Felice Niccolini. Houses and monuments of Pompeii autorstwa Sebastian Sch\u00fctze, Valentin Kockel wydan\u0105 przez TASCHEN (2016-11-16) w formacie 28,5 x 39,5 cm (ISBN: 9783836556873). Zapraszamy!\" \/>\n<meta name=\"robots\" content=\"index, follow, max-snippet:-1, max-image-preview:large, max-video-preview:-1\" \/>\n<link rel=\"canonical\" href=\"https:\/\/foliobooks.pl\/en\/shop\/fausto-felice-niccolini-houses-and-monuments-of-pompeii\/\" \/>\n<meta property=\"og:locale\" content=\"en_US\" \/>\n<meta property=\"og:type\" content=\"article\" \/>\n<meta property=\"og:title\" content=\"Fausto &amp; Felice Niccolini. Houses and monuments of Pompeii (Sebastian Sch\u00fctze, Valentin Kockel) - book \/ album - Folio\" \/>\n<meta property=\"og:description\" content=\"Wejd\u017a i kup ksi\u0105\u017ck\u0119 Fausto &amp; Felice Niccolini. Houses and monuments of Pompeii autorstwa Sebastian Sch\u00fctze, Valentin Kockel wydan\u0105 przez TASCHEN (2016-11-16) w formacie 28,5 x 39,5 cm (ISBN: 9783836556873). Zapraszamy!\" \/>\n<meta property=\"og:url\" content=\"https:\/\/foliobooks.pl\/en\/shop\/fausto-felice-niccolini-houses-and-monuments-of-pompeii\/\" \/>\n<meta property=\"og:site_name\" content=\"Folio\" \/>\n<meta property=\"article:modified_time\" content=\"2022-12-01T15:53:50+00:00\" \/>\n<meta property=\"og:image\" content=\"https:\/\/foliobooks.pl\/wp-content\/uploads\/2017\/07\/9783836556873.png\" \/>\n\t<meta property=\"og:image:width\" content=\"570\" \/>\n\t<meta property=\"og:image:height\" content=\"708\" \/>\n\t<meta property=\"og:image:type\" content=\"image\/png\" \/>\n<meta name=\"twitter:card\" content=\"summary_large_image\" \/>\n<meta name=\"twitter:label1\" content=\"Est. reading time\" \/>\n\t<meta name=\"twitter:data1\" content=\"2 minutes\" \/>\n<script type=\"application\/ld+json\" class=\"yoast-schema-graph\">{\"@context\":\"https:\\\/\\\/schema.org\",\"@graph\":[{\"@type\":\"WebPage\",\"@id\":\"https:\\\/\\\/foliobooks.pl\\\/en\\\/shop\\\/fausto-felice-niccolini-houses-and-monuments-of-pompeii\\\/\",\"url\":\"https:\\\/\\\/foliobooks.pl\\\/en\\\/shop\\\/fausto-felice-niccolini-houses-and-monuments-of-pompeii\\\/\",\"name\":\"Fausto &amp; Felice Niccolini. Houses and monuments of Pompeii (Sebastian Sch\u00fctze, Valentin Kockel) - book \\\/ album - Folio\",\"isPartOf\":{\"@id\":\"https:\\\/\\\/foliobooks.pl\\\/en\\\/#website\"},\"primaryImageOfPage\":{\"@id\":\"https:\\\/\\\/foliobooks.pl\\\/en\\\/shop\\\/fausto-felice-niccolini-houses-and-monuments-of-pompeii\\\/#primaryimage\"},\"image\":{\"@id\":\"https:\\\/\\\/foliobooks.pl\\\/en\\\/shop\\\/fausto-felice-niccolini-houses-and-monuments-of-pompeii\\\/#primaryimage\"},\"thumbnailUrl\":\"https:\\\/\\\/foliobooks.pl\\\/wp-content\\\/uploads\\\/2017\\\/07\\\/9783836556873.png\",\"datePublished\":\"2017-07-18T12:52:49+00:00\",\"dateModified\":\"2022-12-01T15:53:50+00:00\",\"description\":\"Wejd\u017a i kup ksi\u0105\u017ck\u0119 Fausto &amp; Felice Niccolini. Houses and monuments of Pompeii autorstwa Sebastian Sch\u00fctze, Valentin Kockel wydan\u0105 przez TASCHEN (2016-11-16) w formacie 28,5 x 39,5 cm (ISBN: 9783836556873). Zapraszamy!\",\"breadcrumb\":{\"@id\":\"https:\\\/\\\/foliobooks.pl\\\/en\\\/shop\\\/fausto-felice-niccolini-houses-and-monuments-of-pompeii\\\/#breadcrumb\"},\"inLanguage\":\"en-US\",\"potentialAction\":[{\"@type\":\"ReadAction\",\"target\":[\"https:\\\/\\\/foliobooks.pl\\\/en\\\/shop\\\/fausto-felice-niccolini-houses-and-monuments-of-pompeii\\\/\"]}]},{\"@type\":\"ImageObject\",\"inLanguage\":\"en-US\",\"@id\":\"https:\\\/\\\/foliobooks.pl\\\/en\\\/shop\\\/fausto-felice-niccolini-houses-and-monuments-of-pompeii\\\/#primaryimage\",\"url\":\"https:\\\/\\\/foliobooks.pl\\\/wp-content\\\/uploads\\\/2017\\\/07\\\/9783836556873.png\",\"contentUrl\":\"https:\\\/\\\/foliobooks.pl\\\/wp-content\\\/uploads\\\/2017\\\/07\\\/9783836556873.png\",\"width\":570,\"height\":708},{\"@type\":\"BreadcrumbList\",\"@id\":\"https:\\\/\\\/foliobooks.pl\\\/en\\\/shop\\\/fausto-felice-niccolini-houses-and-monuments-of-pompeii\\\/#breadcrumb\",\"itemListElement\":[{\"@type\":\"ListItem\",\"position\":1,\"name\":\"Strona g\u0142\u00f3wna\",\"item\":\"https:\\\/\\\/foliobooks.pl\\\/en\\\/\"},{\"@type\":\"ListItem\",\"position\":2,\"name\":\"Shop\",\"item\":\"https:\\\/\\\/foliobooks.pl\\\/en\\\/shop\\\/\"},{\"@type\":\"ListItem\",\"position\":3,\"name\":\"Fausto &amp; Felice Niccolini. Houses and monuments of Pompeii\"}]},{\"@type\":\"WebSite\",\"@id\":\"https:\\\/\\\/foliobooks.pl\\\/en\\\/#website\",\"url\":\"https:\\\/\\\/foliobooks.pl\\\/en\\\/\",\"name\":\"Folio\",\"description\":\"Ksi\u0119garnia internetowa\",\"potentialAction\":[{\"@type\":\"SearchAction\",\"target\":{\"@type\":\"EntryPoint\",\"urlTemplate\":\"https:\\\/\\\/foliobooks.pl\\\/en\\\/?s={search_term_string}\"},\"query-input\":{\"@type\":\"PropertyValueSpecification\",\"valueRequired\":true,\"valueName\":\"search_term_string\"}}],\"inLanguage\":\"en-US\"}]}<\/script>\n<!-- \/ Yoast SEO plugin. -->","yoast_head_json":{"title":"Fausto &amp; Felice Niccolini. Houses and monuments of Pompeii (Sebastian Sch\u00fctze, Valentin Kockel) - book \/ album - Folio","description":"Wejd\u017a i kup ksi\u0105\u017ck\u0119 Fausto &amp; Felice Niccolini. Houses and monuments of Pompeii autorstwa Sebastian Sch\u00fctze, Valentin Kockel wydan\u0105 przez TASCHEN (2016-11-16) w formacie 28,5 x 39,5 cm (ISBN: 9783836556873). Zapraszamy!","robots":{"index":"index","follow":"follow","max-snippet":"max-snippet:-1","max-image-preview":"max-image-preview:large","max-video-preview":"max-video-preview:-1"},"canonical":"https:\/\/foliobooks.pl\/en\/shop\/fausto-felice-niccolini-houses-and-monuments-of-pompeii\/","og_locale":"en_US","og_type":"article","og_title":"Fausto &amp; Felice Niccolini. Houses and monuments of Pompeii (Sebastian Sch\u00fctze, Valentin Kockel) - book \/ album - Folio","og_description":"Wejd\u017a i kup ksi\u0105\u017ck\u0119 Fausto &amp; Felice Niccolini. Houses and monuments of Pompeii autorstwa Sebastian Sch\u00fctze, Valentin Kockel wydan\u0105 przez TASCHEN (2016-11-16) w formacie 28,5 x 39,5 cm (ISBN: 9783836556873). Zapraszamy!","og_url":"https:\/\/foliobooks.pl\/en\/shop\/fausto-felice-niccolini-houses-and-monuments-of-pompeii\/","og_site_name":"Folio","article_modified_time":"2022-12-01T15:53:50+00:00","og_image":[{"width":570,"height":708,"url":"https:\/\/foliobooks.pl\/wp-content\/uploads\/2017\/07\/9783836556873.png","type":"image\/png"}],"twitter_card":"summary_large_image","twitter_misc":{"Est. reading time":"2 minutes"},"schema":{"@context":"https:\/\/schema.org","@graph":[{"@type":"WebPage","@id":"https:\/\/foliobooks.pl\/en\/shop\/fausto-felice-niccolini-houses-and-monuments-of-pompeii\/","url":"https:\/\/foliobooks.pl\/en\/shop\/fausto-felice-niccolini-houses-and-monuments-of-pompeii\/","name":"Fausto &amp; Felice Niccolini. Houses and monuments of Pompeii (Sebastian Sch\u00fctze, Valentin Kockel) - book \/ album - Folio","isPartOf":{"@id":"https:\/\/foliobooks.pl\/en\/#website"},"primaryImageOfPage":{"@id":"https:\/\/foliobooks.pl\/en\/shop\/fausto-felice-niccolini-houses-and-monuments-of-pompeii\/#primaryimage"},"image":{"@id":"https:\/\/foliobooks.pl\/en\/shop\/fausto-felice-niccolini-houses-and-monuments-of-pompeii\/#primaryimage"},"thumbnailUrl":"https:\/\/foliobooks.pl\/wp-content\/uploads\/2017\/07\/9783836556873.png","datePublished":"2017-07-18T12:52:49+00:00","dateModified":"2022-12-01T15:53:50+00:00","description":"Wejd\u017a i kup ksi\u0105\u017ck\u0119 Fausto &amp; Felice Niccolini. Houses and monuments of Pompeii autorstwa Sebastian Sch\u00fctze, Valentin Kockel wydan\u0105 przez TASCHEN (2016-11-16) w formacie 28,5 x 39,5 cm (ISBN: 9783836556873). Zapraszamy!","breadcrumb":{"@id":"https:\/\/foliobooks.pl\/en\/shop\/fausto-felice-niccolini-houses-and-monuments-of-pompeii\/#breadcrumb"},"inLanguage":"en-US","potentialAction":[{"@type":"ReadAction","target":["https:\/\/foliobooks.pl\/en\/shop\/fausto-felice-niccolini-houses-and-monuments-of-pompeii\/"]}]},{"@type":"ImageObject","inLanguage":"en-US","@id":"https:\/\/foliobooks.pl\/en\/shop\/fausto-felice-niccolini-houses-and-monuments-of-pompeii\/#primaryimage","url":"https:\/\/foliobooks.pl\/wp-content\/uploads\/2017\/07\/9783836556873.png","contentUrl":"https:\/\/foliobooks.pl\/wp-content\/uploads\/2017\/07\/9783836556873.png","width":570,"height":708},{"@type":"BreadcrumbList","@id":"https:\/\/foliobooks.pl\/en\/shop\/fausto-felice-niccolini-houses-and-monuments-of-pompeii\/#breadcrumb","itemListElement":[{"@type":"ListItem","position":1,"name":"Strona g\u0142\u00f3wna","item":"https:\/\/foliobooks.pl\/en\/"},{"@type":"ListItem","position":2,"name":"Shop","item":"https:\/\/foliobooks.pl\/en\/shop\/"},{"@type":"ListItem","position":3,"name":"Fausto &amp; Felice Niccolini. Houses and monuments of Pompeii"}]},{"@type":"WebSite","@id":"https:\/\/foliobooks.pl\/en\/#website","url":"https:\/\/foliobooks.pl\/en\/","name":"Folio","description":"Ksi\u0119garnia internetowa","potentialAction":[{"@type":"SearchAction","target":{"@type":"EntryPoint","urlTemplate":"https:\/\/foliobooks.pl\/en\/?s={search_term_string}"},"query-input":{"@type":"PropertyValueSpecification","valueRequired":true,"valueName":"search_term_string"}}],"inLanguage":"en-US"}]}},"_links":{"self":[{"href":"https:\/\/foliobooks.pl\/en\/wp-json\/wp\/v2\/product\/20745","targetHints":{"allow":["GET"]}}],"collection":[{"href":"https:\/\/foliobooks.pl\/en\/wp-json\/wp\/v2\/product"}],"about":[{"href":"https:\/\/foliobooks.pl\/en\/wp-json\/wp\/v2\/types\/product"}],"replies":[{"embeddable":true,"href":"https:\/\/foliobooks.pl\/en\/wp-json\/wp\/v2\/comments?post=20745"}],"wp:featuredmedia":[{"embeddable":true,"href":"https:\/\/foliobooks.pl\/en\/wp-json\/wp\/v2\/media\/20736"}],"wp:attachment":[{"href":"https:\/\/foliobooks.pl\/en\/wp-json\/wp\/v2\/media?parent=20745"}],"wp:term":[{"taxonomy":"product_brand","embeddable":true,"href":"https:\/\/foliobooks.pl\/en\/wp-json\/wp\/v2\/product_brand?post=20745"},{"taxonomy":"product_cat","embeddable":true,"href":"https:\/\/foliobooks.pl\/en\/wp-json\/wp\/v2\/product_cat?post=20745"},{"taxonomy":"product_tag","embeddable":true,"href":"https:\/\/foliobooks.pl\/en\/wp-json\/wp\/v2\/product_tag?post=20745"}],"curies":[{"name":"wp","href":"https:\/\/api.w.org\/{rel}","templated":true}]}}