{"id":20721,"date":"2017-07-18T14:15:28","date_gmt":"2017-07-18T12:15:28","guid":{"rendered":"https:\/\/foliobooks.pl\/sklep\/pedro-almodovar-archives\/"},"modified":"2024-04-23T10:34:03","modified_gmt":"2024-04-23T08:34:03","slug":"pedro-almodovar-archives","status":"publish","type":"product","link":"https:\/\/foliobooks.pl\/en\/shop\/pedro-almodovar-archives\/","title":{"rendered":"Pedro Almod\u00f3var Archives"},"content":{"rendered":"<p>Un film de Almod\u00f3var: whether appearing in his stylish opening credits or on the suggestive poster that invariably accompanies each of his films, this announcement triggers a range of expectations. Sexy and subversive, colorful and controversial, passionate and provocative, Pedro Almod\u00f3var\u2019s world is unlike any other director\u2019s. Thanks to his remarkably cohesive and consistent \u0153uvre, the Manchegan maverick has become a reliable brand, his name a byword for the visual opulence, experimentation and eroticism of post-Franco Spanish cinema.<br \/>\nAlmod\u00f3var found fame with self-penned, gender-bending plots depicting the often comic misfortunes of junkies, nuns, housewives, whores, transvestites and transsexuals. Praised by critics, championed by fellow film-makers, adored by actors and adorned with international awards, he is the most successful Spanish film-maker since Luis Bu\u00f1uel, with films such as Women on the Verge of a Nervous Breakdown, All About My Mother, Talk to Her, and Volver.<\/p>\n<p>A self-taught auteur, Almod\u00f3var draws on influences as diverse as Douglas Sirk, Frank Tashlin, Andy Warhol and John Waters. His feature films borrow liberally from, and frequently invert, traditional genres of classic American cinema\u2014including film noir, melodrama and screwball comedy. Yet they remain unmistakably Iberian, rooted predominantly in the director\u2019s beloved Madrid, exploring Spanish myths and modernity to the rhythms of bolero-laden soundtracks. Most recently, the enfant terrible of the 1980s arthouse scene has matured into the Academy Award-winning director of All About My Mother, a film universally acknowledged for its emotional resonance, sophistication and craftsmanship. Almod\u00f3var\u2019s distinctive, once marginalized world has finally entered the mainstream.<\/p>\n<p>For this unprecedented monograph, Pedro Almod\u00f3var has given TASCHEN complete access to his archives, including never-before-published images, such as personal photos he took during filming. In addition to writing captions for the photos, Almod\u00f3var invited prominent Spanish authors to write introductions to each of his films, and selected many of his own texts to accompany this visual odyssey through his complete works.<\/p>\n","protected":false},"excerpt":{"rendered":"<p>Un film de Almod\u00f3var: whether appearing in his stylish opening credits or on the suggestive poster that invariably accompanies each of his films, this announcement triggers a range of expectations. Sexy and subversive, colorful and controversial, passionate and provocative, Pedro Almod\u00f3var\u2019s world is unlike any other director\u2019s. Thanks to his remarkably cohesive and consistent \u0153uvre,&#8230;<\/p>\n","protected":false},"featured_media":20710,"comment_status":"closed","ping_status":"closed","template":"","meta":[],"product_brand":[],"product_cat":[4522],"product_tag":[1273,1676],"class_list":{"0":"post-20721","1":"product","2":"type-product","3":"status-publish","4":"has-post-thumbnail","6":"product_cat-art-en","7":"product_tag-cinema-en","8":"product_tag-movie-stars","9":"pa_author_att-barbara-peiro-en","10":"pa_author_att-paul-duncan-en","11":"pa_cover-hardcover","12":"pa_format-411-x-30-cm-en","13":"pa_isbn-9783836502832-en","14":"pa_language-eng","15":"pa_pages-456-en","16":"pa_published-2012-01-15-en","17":"pa_publisher-taschen-en-en","19":"first","20":"instock","21":"sold-individually","22":"shipping-taxable","23":"purchasable","24":"product-type-simple"},"yoast_head":"<!-- This site is optimized with the Yoast SEO plugin v27.4 - https:\/\/yoast.com\/product\/yoast-seo-wordpress\/ -->\n<title>Pedro Almod\u00f3var Archives (B\u00e1rbara Peir\u00f3, Paul Duncan) - book \/ album - Folio<\/title>\n<meta name=\"description\" content=\"Wejd\u017a i kup ksi\u0105\u017ck\u0119 Pedro Almod\u00f3var Archives autorstwa B\u00e1rbara Peir\u00f3, Paul Duncan wydan\u0105 przez TASCHEN (2012-01-15) w formacie 41,1 x 30 cm (ISBN: 9783836502832). Zapraszamy!\" \/>\n<meta name=\"robots\" content=\"index, follow, max-snippet:-1, max-image-preview:large, max-video-preview:-1\" \/>\n<link rel=\"canonical\" href=\"https:\/\/foliobooks.pl\/en\/shop\/pedro-almodovar-archives\/\" \/>\n<meta property=\"og:locale\" content=\"en_US\" \/>\n<meta property=\"og:type\" content=\"article\" \/>\n<meta property=\"og:title\" content=\"Pedro Almod\u00f3var Archives (B\u00e1rbara Peir\u00f3, Paul Duncan) - book \/ album - Folio\" \/>\n<meta property=\"og:description\" content=\"Wejd\u017a i kup ksi\u0105\u017ck\u0119 Pedro Almod\u00f3var Archives autorstwa B\u00e1rbara Peir\u00f3, Paul Duncan wydan\u0105 przez TASCHEN (2012-01-15) w formacie 41,1 x 30 cm (ISBN: 9783836502832). Zapraszamy!\" \/>\n<meta property=\"og:url\" content=\"https:\/\/foliobooks.pl\/en\/shop\/pedro-almodovar-archives\/\" \/>\n<meta property=\"og:site_name\" content=\"Folio\" \/>\n<meta property=\"article:modified_time\" content=\"2024-04-23T08:34:03+00:00\" \/>\n<meta property=\"og:image\" content=\"https:\/\/foliobooks.pl\/wp-content\/uploads\/2017\/07\/9783836502832.png\" \/>\n\t<meta property=\"og:image:width\" content=\"570\" \/>\n\t<meta property=\"og:image:height\" content=\"708\" \/>\n\t<meta property=\"og:image:type\" content=\"image\/png\" \/>\n<meta name=\"twitter:card\" content=\"summary_large_image\" \/>\n<meta name=\"twitter:label1\" content=\"Est. reading time\" \/>\n\t<meta name=\"twitter:data1\" content=\"2 minutes\" \/>\n<script type=\"application\/ld+json\" class=\"yoast-schema-graph\">{\"@context\":\"https:\\\/\\\/schema.org\",\"@graph\":[{\"@type\":\"WebPage\",\"@id\":\"https:\\\/\\\/foliobooks.pl\\\/en\\\/shop\\\/pedro-almodovar-archives\\\/\",\"url\":\"https:\\\/\\\/foliobooks.pl\\\/en\\\/shop\\\/pedro-almodovar-archives\\\/\",\"name\":\"Pedro Almod\u00f3var Archives (B\u00e1rbara Peir\u00f3, Paul Duncan) - book \\\/ album - Folio\",\"isPartOf\":{\"@id\":\"https:\\\/\\\/foliobooks.pl\\\/en\\\/#website\"},\"primaryImageOfPage\":{\"@id\":\"https:\\\/\\\/foliobooks.pl\\\/en\\\/shop\\\/pedro-almodovar-archives\\\/#primaryimage\"},\"image\":{\"@id\":\"https:\\\/\\\/foliobooks.pl\\\/en\\\/shop\\\/pedro-almodovar-archives\\\/#primaryimage\"},\"thumbnailUrl\":\"https:\\\/\\\/foliobooks.pl\\\/wp-content\\\/uploads\\\/2017\\\/07\\\/9783836502832.png\",\"datePublished\":\"2017-07-18T12:15:28+00:00\",\"dateModified\":\"2024-04-23T08:34:03+00:00\",\"description\":\"Wejd\u017a i kup ksi\u0105\u017ck\u0119 Pedro Almod\u00f3var Archives autorstwa B\u00e1rbara Peir\u00f3, Paul Duncan wydan\u0105 przez TASCHEN (2012-01-15) w formacie 41,1 x 30 cm (ISBN: 9783836502832). Zapraszamy!\",\"breadcrumb\":{\"@id\":\"https:\\\/\\\/foliobooks.pl\\\/en\\\/shop\\\/pedro-almodovar-archives\\\/#breadcrumb\"},\"inLanguage\":\"en-US\",\"potentialAction\":[{\"@type\":\"ReadAction\",\"target\":[\"https:\\\/\\\/foliobooks.pl\\\/en\\\/shop\\\/pedro-almodovar-archives\\\/\"]}]},{\"@type\":\"ImageObject\",\"inLanguage\":\"en-US\",\"@id\":\"https:\\\/\\\/foliobooks.pl\\\/en\\\/shop\\\/pedro-almodovar-archives\\\/#primaryimage\",\"url\":\"https:\\\/\\\/foliobooks.pl\\\/wp-content\\\/uploads\\\/2017\\\/07\\\/9783836502832.png\",\"contentUrl\":\"https:\\\/\\\/foliobooks.pl\\\/wp-content\\\/uploads\\\/2017\\\/07\\\/9783836502832.png\",\"width\":570,\"height\":708},{\"@type\":\"BreadcrumbList\",\"@id\":\"https:\\\/\\\/foliobooks.pl\\\/en\\\/shop\\\/pedro-almodovar-archives\\\/#breadcrumb\",\"itemListElement\":[{\"@type\":\"ListItem\",\"position\":1,\"name\":\"Strona g\u0142\u00f3wna\",\"item\":\"https:\\\/\\\/foliobooks.pl\\\/en\\\/\"},{\"@type\":\"ListItem\",\"position\":2,\"name\":\"Shop\",\"item\":\"https:\\\/\\\/foliobooks.pl\\\/en\\\/shop\\\/\"},{\"@type\":\"ListItem\",\"position\":3,\"name\":\"Pedro Almod\u00f3var Archives\"}]},{\"@type\":\"WebSite\",\"@id\":\"https:\\\/\\\/foliobooks.pl\\\/en\\\/#website\",\"url\":\"https:\\\/\\\/foliobooks.pl\\\/en\\\/\",\"name\":\"Folio\",\"description\":\"Ksi\u0119garnia internetowa\",\"potentialAction\":[{\"@type\":\"SearchAction\",\"target\":{\"@type\":\"EntryPoint\",\"urlTemplate\":\"https:\\\/\\\/foliobooks.pl\\\/en\\\/?s={search_term_string}\"},\"query-input\":{\"@type\":\"PropertyValueSpecification\",\"valueRequired\":true,\"valueName\":\"search_term_string\"}}],\"inLanguage\":\"en-US\"}]}<\/script>\n<!-- \/ Yoast SEO plugin. -->","yoast_head_json":{"title":"Pedro Almod\u00f3var Archives (B\u00e1rbara Peir\u00f3, Paul Duncan) - book \/ album - Folio","description":"Wejd\u017a i kup ksi\u0105\u017ck\u0119 Pedro Almod\u00f3var Archives autorstwa B\u00e1rbara Peir\u00f3, Paul Duncan wydan\u0105 przez TASCHEN (2012-01-15) w formacie 41,1 x 30 cm (ISBN: 9783836502832). Zapraszamy!","robots":{"index":"index","follow":"follow","max-snippet":"max-snippet:-1","max-image-preview":"max-image-preview:large","max-video-preview":"max-video-preview:-1"},"canonical":"https:\/\/foliobooks.pl\/en\/shop\/pedro-almodovar-archives\/","og_locale":"en_US","og_type":"article","og_title":"Pedro Almod\u00f3var Archives (B\u00e1rbara Peir\u00f3, Paul Duncan) - book \/ album - Folio","og_description":"Wejd\u017a i kup ksi\u0105\u017ck\u0119 Pedro Almod\u00f3var Archives autorstwa B\u00e1rbara Peir\u00f3, Paul Duncan wydan\u0105 przez TASCHEN (2012-01-15) w formacie 41,1 x 30 cm (ISBN: 9783836502832). Zapraszamy!","og_url":"https:\/\/foliobooks.pl\/en\/shop\/pedro-almodovar-archives\/","og_site_name":"Folio","article_modified_time":"2024-04-23T08:34:03+00:00","og_image":[{"width":570,"height":708,"url":"https:\/\/foliobooks.pl\/wp-content\/uploads\/2017\/07\/9783836502832.png","type":"image\/png"}],"twitter_card":"summary_large_image","twitter_misc":{"Est. reading time":"2 minutes"},"schema":{"@context":"https:\/\/schema.org","@graph":[{"@type":"WebPage","@id":"https:\/\/foliobooks.pl\/en\/shop\/pedro-almodovar-archives\/","url":"https:\/\/foliobooks.pl\/en\/shop\/pedro-almodovar-archives\/","name":"Pedro Almod\u00f3var Archives (B\u00e1rbara Peir\u00f3, Paul Duncan) - book \/ album - Folio","isPartOf":{"@id":"https:\/\/foliobooks.pl\/en\/#website"},"primaryImageOfPage":{"@id":"https:\/\/foliobooks.pl\/en\/shop\/pedro-almodovar-archives\/#primaryimage"},"image":{"@id":"https:\/\/foliobooks.pl\/en\/shop\/pedro-almodovar-archives\/#primaryimage"},"thumbnailUrl":"https:\/\/foliobooks.pl\/wp-content\/uploads\/2017\/07\/9783836502832.png","datePublished":"2017-07-18T12:15:28+00:00","dateModified":"2024-04-23T08:34:03+00:00","description":"Wejd\u017a i kup ksi\u0105\u017ck\u0119 Pedro Almod\u00f3var Archives autorstwa B\u00e1rbara Peir\u00f3, Paul Duncan wydan\u0105 przez TASCHEN (2012-01-15) w formacie 41,1 x 30 cm (ISBN: 9783836502832). Zapraszamy!","breadcrumb":{"@id":"https:\/\/foliobooks.pl\/en\/shop\/pedro-almodovar-archives\/#breadcrumb"},"inLanguage":"en-US","potentialAction":[{"@type":"ReadAction","target":["https:\/\/foliobooks.pl\/en\/shop\/pedro-almodovar-archives\/"]}]},{"@type":"ImageObject","inLanguage":"en-US","@id":"https:\/\/foliobooks.pl\/en\/shop\/pedro-almodovar-archives\/#primaryimage","url":"https:\/\/foliobooks.pl\/wp-content\/uploads\/2017\/07\/9783836502832.png","contentUrl":"https:\/\/foliobooks.pl\/wp-content\/uploads\/2017\/07\/9783836502832.png","width":570,"height":708},{"@type":"BreadcrumbList","@id":"https:\/\/foliobooks.pl\/en\/shop\/pedro-almodovar-archives\/#breadcrumb","itemListElement":[{"@type":"ListItem","position":1,"name":"Strona g\u0142\u00f3wna","item":"https:\/\/foliobooks.pl\/en\/"},{"@type":"ListItem","position":2,"name":"Shop","item":"https:\/\/foliobooks.pl\/en\/shop\/"},{"@type":"ListItem","position":3,"name":"Pedro Almod\u00f3var Archives"}]},{"@type":"WebSite","@id":"https:\/\/foliobooks.pl\/en\/#website","url":"https:\/\/foliobooks.pl\/en\/","name":"Folio","description":"Ksi\u0119garnia internetowa","potentialAction":[{"@type":"SearchAction","target":{"@type":"EntryPoint","urlTemplate":"https:\/\/foliobooks.pl\/en\/?s={search_term_string}"},"query-input":{"@type":"PropertyValueSpecification","valueRequired":true,"valueName":"search_term_string"}}],"inLanguage":"en-US"}]}},"_links":{"self":[{"href":"https:\/\/foliobooks.pl\/en\/wp-json\/wp\/v2\/product\/20721","targetHints":{"allow":["GET"]}}],"collection":[{"href":"https:\/\/foliobooks.pl\/en\/wp-json\/wp\/v2\/product"}],"about":[{"href":"https:\/\/foliobooks.pl\/en\/wp-json\/wp\/v2\/types\/product"}],"replies":[{"embeddable":true,"href":"https:\/\/foliobooks.pl\/en\/wp-json\/wp\/v2\/comments?post=20721"}],"wp:featuredmedia":[{"embeddable":true,"href":"https:\/\/foliobooks.pl\/en\/wp-json\/wp\/v2\/media\/20710"}],"wp:attachment":[{"href":"https:\/\/foliobooks.pl\/en\/wp-json\/wp\/v2\/media?parent=20721"}],"wp:term":[{"taxonomy":"product_brand","embeddable":true,"href":"https:\/\/foliobooks.pl\/en\/wp-json\/wp\/v2\/product_brand?post=20721"},{"taxonomy":"product_cat","embeddable":true,"href":"https:\/\/foliobooks.pl\/en\/wp-json\/wp\/v2\/product_cat?post=20721"},{"taxonomy":"product_tag","embeddable":true,"href":"https:\/\/foliobooks.pl\/en\/wp-json\/wp\/v2\/product_tag?post=20721"}],"curies":[{"name":"wp","href":"https:\/\/api.w.org\/{rel}","templated":true}]}}