{"id":20707,"date":"2017-07-18T13:12:24","date_gmt":"2017-07-18T11:12:24","guid":{"rendered":"https:\/\/foliobooks.pl\/sklep\/winsor-mccay-the-airship-adventures-of-little-nemo\/"},"modified":"2021-04-06T17:01:53","modified_gmt":"2021-04-06T15:01:53","slug":"winsor-mccay-the-airship-adventures-of-little-nemo","status":"publish","type":"product","link":"https:\/\/foliobooks.pl\/en\/shop\/winsor-mccay-the-airship-adventures-of-little-nemo\/","title":{"rendered":"Winsor McCay. The Airship Adventures of Little Nemo"},"content":{"rendered":"<p>Meet Little Nemo, a diminutive hero of comic narrative, but one of the greatest dream voyagers of the 20th century. The master creation of Winsor McCay (1869\u20131934), Nemo inspired generations of artists with his weekly adventures from bed to Slumberland, a realm of colorful companions, psychedelic scenery, and thrilling escapades.<\/p>\n<p>This book gathers all of Little Nemo\u2019s colorful airship adventures in Slumberland, totaling 69 installments, first published between January 1910 and April 1911. Brimming with sky-high imagination, these airship adventures represent some of the most ambitious artwork and exciting tales of McCay\u2019s revolutionary comic and of his much-loved dream voyager. The installments see Nemo flying to the moon, to Mars, and on a triumphant tour of major sights and metropolises across the East Coast of America and Canada and beyond, including Yellowstone National Park, Niagara Falls, and New York City.<\/p>\n<p>An introductory essay from art historian Alexander Braun contextualizes these airship episodes within the broader Little Nemo series as well as McCay\u2019s ambitious and exceptionally influential career. Braun reveals how the airship journey was not only a pioneering narrative arc in the early days of comic but also a \u201ccreative bombshell\u201d which propelled McCay towards further endeavors, namely the first animated film in history.<\/p>\n","protected":false},"excerpt":{"rendered":"<p>Meet Little Nemo, a diminutive hero of comic narrative, but one of the greatest dream voyagers of the 20th century. The master creation of Winsor McCay (1869\u20131934), Nemo inspired generations of artists with his weekly adventures from bed to Slumberland, a realm of colorful companions, psychedelic scenery, and thrilling escapades. This book gathers all of&#8230;<\/p>\n","protected":false},"featured_media":20698,"comment_status":"closed","ping_status":"closed","template":"","meta":[],"product_brand":[],"product_cat":[4522,4521],"product_tag":[1460,1685,6162],"class_list":{"0":"post-20707","1":"product","2":"type-product","3":"status-publish","4":"has-post-thumbnail","6":"product_cat-art-en","7":"product_cat-silva-rerum-en-en","8":"product_tag-children-en","9":"product_tag-comic","10":"product_tag-fairy-tale-en","11":"pa_author_att-alexander-braun-en","12":"pa_cover-hardcover","13":"pa_format-137-x-195-cm-en","14":"pa_isbn-9783836565356-en","15":"pa_language-eng","16":"pa_pages-288-en-2","17":"pa_published-2017-08-21-en","18":"pa_publisher-taschen-en-en","20":"first","21":"outofstock","22":"sold-individually","23":"shipping-taxable","24":"purchasable","25":"product-type-simple"},"yoast_head":"<!-- This site is optimized with the Yoast SEO plugin v27.4 - https:\/\/yoast.com\/product\/yoast-seo-wordpress\/ -->\n<title>Winsor McCay. The Airship Adventures of Little Nemo (Alexander Braun) - book \/ album - Folio<\/title>\n<meta name=\"description\" content=\"Wejd\u017a i kup ksi\u0105\u017ck\u0119 Winsor McCay. The Airship Adventures of Little Nemo autorstwa Alexander Braun wydan\u0105 przez TASCHEN (2017-08-21) w formacie 13,7 x 19,5 cm (ISBN: 9783836565356). Zapraszamy!\" \/>\n<meta name=\"robots\" content=\"index, follow, max-snippet:-1, max-image-preview:large, max-video-preview:-1\" \/>\n<link rel=\"canonical\" href=\"https:\/\/foliobooks.pl\/en\/shop\/winsor-mccay-the-airship-adventures-of-little-nemo\/\" \/>\n<meta property=\"og:locale\" content=\"en_US\" \/>\n<meta property=\"og:type\" content=\"article\" \/>\n<meta property=\"og:title\" content=\"Winsor McCay. The Airship Adventures of Little Nemo (Alexander Braun) - book \/ album - Folio\" \/>\n<meta property=\"og:description\" content=\"Wejd\u017a i kup ksi\u0105\u017ck\u0119 Winsor McCay. The Airship Adventures of Little Nemo autorstwa Alexander Braun wydan\u0105 przez TASCHEN (2017-08-21) w formacie 13,7 x 19,5 cm (ISBN: 9783836565356). Zapraszamy!\" \/>\n<meta property=\"og:url\" content=\"https:\/\/foliobooks.pl\/en\/shop\/winsor-mccay-the-airship-adventures-of-little-nemo\/\" \/>\n<meta property=\"og:site_name\" content=\"Folio\" \/>\n<meta property=\"article:modified_time\" content=\"2021-04-06T15:01:53+00:00\" \/>\n<meta property=\"og:image\" content=\"https:\/\/foliobooks.pl\/wp-content\/uploads\/2017\/07\/9783836565356.png\" \/>\n\t<meta property=\"og:image:width\" content=\"570\" \/>\n\t<meta property=\"og:image:height\" content=\"708\" \/>\n\t<meta property=\"og:image:type\" content=\"image\/png\" \/>\n<meta name=\"twitter:card\" content=\"summary_large_image\" \/>\n<meta name=\"twitter:label1\" content=\"Est. reading time\" \/>\n\t<meta name=\"twitter:data1\" content=\"1 minute\" \/>\n<script type=\"application\/ld+json\" class=\"yoast-schema-graph\">{\"@context\":\"https:\\\/\\\/schema.org\",\"@graph\":[{\"@type\":\"WebPage\",\"@id\":\"https:\\\/\\\/foliobooks.pl\\\/en\\\/shop\\\/winsor-mccay-the-airship-adventures-of-little-nemo\\\/\",\"url\":\"https:\\\/\\\/foliobooks.pl\\\/en\\\/shop\\\/winsor-mccay-the-airship-adventures-of-little-nemo\\\/\",\"name\":\"Winsor McCay. The Airship Adventures of Little Nemo (Alexander Braun) - book \\\/ album - Folio\",\"isPartOf\":{\"@id\":\"https:\\\/\\\/foliobooks.pl\\\/en\\\/#website\"},\"primaryImageOfPage\":{\"@id\":\"https:\\\/\\\/foliobooks.pl\\\/en\\\/shop\\\/winsor-mccay-the-airship-adventures-of-little-nemo\\\/#primaryimage\"},\"image\":{\"@id\":\"https:\\\/\\\/foliobooks.pl\\\/en\\\/shop\\\/winsor-mccay-the-airship-adventures-of-little-nemo\\\/#primaryimage\"},\"thumbnailUrl\":\"https:\\\/\\\/foliobooks.pl\\\/wp-content\\\/uploads\\\/2017\\\/07\\\/9783836565356.png\",\"datePublished\":\"2017-07-18T11:12:24+00:00\",\"dateModified\":\"2021-04-06T15:01:53+00:00\",\"description\":\"Wejd\u017a i kup ksi\u0105\u017ck\u0119 Winsor McCay. The Airship Adventures of Little Nemo autorstwa Alexander Braun wydan\u0105 przez TASCHEN (2017-08-21) w formacie 13,7 x 19,5 cm (ISBN: 9783836565356). Zapraszamy!\",\"breadcrumb\":{\"@id\":\"https:\\\/\\\/foliobooks.pl\\\/en\\\/shop\\\/winsor-mccay-the-airship-adventures-of-little-nemo\\\/#breadcrumb\"},\"inLanguage\":\"en-US\",\"potentialAction\":[{\"@type\":\"ReadAction\",\"target\":[\"https:\\\/\\\/foliobooks.pl\\\/en\\\/shop\\\/winsor-mccay-the-airship-adventures-of-little-nemo\\\/\"]}]},{\"@type\":\"ImageObject\",\"inLanguage\":\"en-US\",\"@id\":\"https:\\\/\\\/foliobooks.pl\\\/en\\\/shop\\\/winsor-mccay-the-airship-adventures-of-little-nemo\\\/#primaryimage\",\"url\":\"https:\\\/\\\/foliobooks.pl\\\/wp-content\\\/uploads\\\/2017\\\/07\\\/9783836565356.png\",\"contentUrl\":\"https:\\\/\\\/foliobooks.pl\\\/wp-content\\\/uploads\\\/2017\\\/07\\\/9783836565356.png\",\"width\":570,\"height\":708},{\"@type\":\"BreadcrumbList\",\"@id\":\"https:\\\/\\\/foliobooks.pl\\\/en\\\/shop\\\/winsor-mccay-the-airship-adventures-of-little-nemo\\\/#breadcrumb\",\"itemListElement\":[{\"@type\":\"ListItem\",\"position\":1,\"name\":\"Strona g\u0142\u00f3wna\",\"item\":\"https:\\\/\\\/foliobooks.pl\\\/en\\\/\"},{\"@type\":\"ListItem\",\"position\":2,\"name\":\"Shop\",\"item\":\"https:\\\/\\\/foliobooks.pl\\\/en\\\/shop\\\/\"},{\"@type\":\"ListItem\",\"position\":3,\"name\":\"Winsor McCay. The Airship Adventures of Little Nemo\"}]},{\"@type\":\"WebSite\",\"@id\":\"https:\\\/\\\/foliobooks.pl\\\/en\\\/#website\",\"url\":\"https:\\\/\\\/foliobooks.pl\\\/en\\\/\",\"name\":\"Folio\",\"description\":\"Ksi\u0119garnia internetowa\",\"potentialAction\":[{\"@type\":\"SearchAction\",\"target\":{\"@type\":\"EntryPoint\",\"urlTemplate\":\"https:\\\/\\\/foliobooks.pl\\\/en\\\/?s={search_term_string}\"},\"query-input\":{\"@type\":\"PropertyValueSpecification\",\"valueRequired\":true,\"valueName\":\"search_term_string\"}}],\"inLanguage\":\"en-US\"}]}<\/script>\n<!-- \/ Yoast SEO plugin. -->","yoast_head_json":{"title":"Winsor McCay. The Airship Adventures of Little Nemo (Alexander Braun) - book \/ album - Folio","description":"Wejd\u017a i kup ksi\u0105\u017ck\u0119 Winsor McCay. The Airship Adventures of Little Nemo autorstwa Alexander Braun wydan\u0105 przez TASCHEN (2017-08-21) w formacie 13,7 x 19,5 cm (ISBN: 9783836565356). Zapraszamy!","robots":{"index":"index","follow":"follow","max-snippet":"max-snippet:-1","max-image-preview":"max-image-preview:large","max-video-preview":"max-video-preview:-1"},"canonical":"https:\/\/foliobooks.pl\/en\/shop\/winsor-mccay-the-airship-adventures-of-little-nemo\/","og_locale":"en_US","og_type":"article","og_title":"Winsor McCay. The Airship Adventures of Little Nemo (Alexander Braun) - book \/ album - Folio","og_description":"Wejd\u017a i kup ksi\u0105\u017ck\u0119 Winsor McCay. The Airship Adventures of Little Nemo autorstwa Alexander Braun wydan\u0105 przez TASCHEN (2017-08-21) w formacie 13,7 x 19,5 cm (ISBN: 9783836565356). Zapraszamy!","og_url":"https:\/\/foliobooks.pl\/en\/shop\/winsor-mccay-the-airship-adventures-of-little-nemo\/","og_site_name":"Folio","article_modified_time":"2021-04-06T15:01:53+00:00","og_image":[{"width":570,"height":708,"url":"https:\/\/foliobooks.pl\/wp-content\/uploads\/2017\/07\/9783836565356.png","type":"image\/png"}],"twitter_card":"summary_large_image","twitter_misc":{"Est. reading time":"1 minute"},"schema":{"@context":"https:\/\/schema.org","@graph":[{"@type":"WebPage","@id":"https:\/\/foliobooks.pl\/en\/shop\/winsor-mccay-the-airship-adventures-of-little-nemo\/","url":"https:\/\/foliobooks.pl\/en\/shop\/winsor-mccay-the-airship-adventures-of-little-nemo\/","name":"Winsor McCay. The Airship Adventures of Little Nemo (Alexander Braun) - book \/ album - Folio","isPartOf":{"@id":"https:\/\/foliobooks.pl\/en\/#website"},"primaryImageOfPage":{"@id":"https:\/\/foliobooks.pl\/en\/shop\/winsor-mccay-the-airship-adventures-of-little-nemo\/#primaryimage"},"image":{"@id":"https:\/\/foliobooks.pl\/en\/shop\/winsor-mccay-the-airship-adventures-of-little-nemo\/#primaryimage"},"thumbnailUrl":"https:\/\/foliobooks.pl\/wp-content\/uploads\/2017\/07\/9783836565356.png","datePublished":"2017-07-18T11:12:24+00:00","dateModified":"2021-04-06T15:01:53+00:00","description":"Wejd\u017a i kup ksi\u0105\u017ck\u0119 Winsor McCay. The Airship Adventures of Little Nemo autorstwa Alexander Braun wydan\u0105 przez TASCHEN (2017-08-21) w formacie 13,7 x 19,5 cm (ISBN: 9783836565356). Zapraszamy!","breadcrumb":{"@id":"https:\/\/foliobooks.pl\/en\/shop\/winsor-mccay-the-airship-adventures-of-little-nemo\/#breadcrumb"},"inLanguage":"en-US","potentialAction":[{"@type":"ReadAction","target":["https:\/\/foliobooks.pl\/en\/shop\/winsor-mccay-the-airship-adventures-of-little-nemo\/"]}]},{"@type":"ImageObject","inLanguage":"en-US","@id":"https:\/\/foliobooks.pl\/en\/shop\/winsor-mccay-the-airship-adventures-of-little-nemo\/#primaryimage","url":"https:\/\/foliobooks.pl\/wp-content\/uploads\/2017\/07\/9783836565356.png","contentUrl":"https:\/\/foliobooks.pl\/wp-content\/uploads\/2017\/07\/9783836565356.png","width":570,"height":708},{"@type":"BreadcrumbList","@id":"https:\/\/foliobooks.pl\/en\/shop\/winsor-mccay-the-airship-adventures-of-little-nemo\/#breadcrumb","itemListElement":[{"@type":"ListItem","position":1,"name":"Strona g\u0142\u00f3wna","item":"https:\/\/foliobooks.pl\/en\/"},{"@type":"ListItem","position":2,"name":"Shop","item":"https:\/\/foliobooks.pl\/en\/shop\/"},{"@type":"ListItem","position":3,"name":"Winsor McCay. The Airship Adventures of Little Nemo"}]},{"@type":"WebSite","@id":"https:\/\/foliobooks.pl\/en\/#website","url":"https:\/\/foliobooks.pl\/en\/","name":"Folio","description":"Ksi\u0119garnia internetowa","potentialAction":[{"@type":"SearchAction","target":{"@type":"EntryPoint","urlTemplate":"https:\/\/foliobooks.pl\/en\/?s={search_term_string}"},"query-input":{"@type":"PropertyValueSpecification","valueRequired":true,"valueName":"search_term_string"}}],"inLanguage":"en-US"}]}},"_links":{"self":[{"href":"https:\/\/foliobooks.pl\/en\/wp-json\/wp\/v2\/product\/20707","targetHints":{"allow":["GET"]}}],"collection":[{"href":"https:\/\/foliobooks.pl\/en\/wp-json\/wp\/v2\/product"}],"about":[{"href":"https:\/\/foliobooks.pl\/en\/wp-json\/wp\/v2\/types\/product"}],"replies":[{"embeddable":true,"href":"https:\/\/foliobooks.pl\/en\/wp-json\/wp\/v2\/comments?post=20707"}],"wp:featuredmedia":[{"embeddable":true,"href":"https:\/\/foliobooks.pl\/en\/wp-json\/wp\/v2\/media\/20698"}],"wp:attachment":[{"href":"https:\/\/foliobooks.pl\/en\/wp-json\/wp\/v2\/media?parent=20707"}],"wp:term":[{"taxonomy":"product_brand","embeddable":true,"href":"https:\/\/foliobooks.pl\/en\/wp-json\/wp\/v2\/product_brand?post=20707"},{"taxonomy":"product_cat","embeddable":true,"href":"https:\/\/foliobooks.pl\/en\/wp-json\/wp\/v2\/product_cat?post=20707"},{"taxonomy":"product_tag","embeddable":true,"href":"https:\/\/foliobooks.pl\/en\/wp-json\/wp\/v2\/product_tag?post=20707"}],"curies":[{"name":"wp","href":"https:\/\/api.w.org\/{rel}","templated":true}]}}