{"id":20695,"date":"2017-07-18T13:00:14","date_gmt":"2017-07-18T11:00:14","guid":{"rendered":"https:\/\/foliobooks.pl\/sklep\/michelangelo-the-complete-paintings-sculptures-and-architecture\/"},"modified":"2024-02-02T13:21:30","modified_gmt":"2024-02-02T12:21:30","slug":"michelangelo-the-complete-paintings-sculptures-and-architecture","status":"publish","type":"product","link":"https:\/\/foliobooks.pl\/en\/shop\/michelangelo-the-complete-paintings-sculptures-and-architecture\/","title":{"rendered":"Michelangelo. The Complete Paintings, Sculptures and Architecture"},"content":{"rendered":"<p>Before reaching the tender age of 30, Michelangelo Buonarroti (1475\u20131564) had already sculpted Piet\u00e0 and David, two of the most famous sculptures in the entire history of art. As a sculptor, painter, draftsman, and architect, the achievements of this Italian master are unique\u2014no artist before or after him has ever produced such a vast, multifaceted, and wide-ranging \u0153uvre.<\/p>\n<p>This fresh TASCHEN edition traces Michelangelo\u2019s ascent to the cultural elite of the Renaissance. Ten richly illustrated chapters cover the artist\u2019s paintings, sculptures, and architecture, including a close analysis of the artist\u2019s tour de force frescoes in the Sistine Chapel.Full-page reproductions and enlarged details allow readers to appreciate the finest details in the artist\u2019s repertoire, while the book\u2019s biographical essay considers Michelangelo\u2019s more personal traits and circumstances, such as his solitary nature, his thirst for money and commissions, his immense wealth, and his skill as a property investor.<\/p>\n","protected":false},"excerpt":{"rendered":"<p>Before reaching the tender age of 30, Michelangelo Buonarroti (1475\u20131564) had already sculpted Piet\u00e0 and David, two of the most famous sculptures in the entire history of art. As a sculptor, painter, draftsman, and architect, the achievements of this Italian master are unique\u2014no artist before or after him has ever produced such a vast, multifaceted,&#8230;<\/p>\n","protected":false},"featured_media":20688,"comment_status":"closed","ping_status":"closed","template":"","meta":[],"product_brand":[],"product_cat":[4522],"product_tag":[9083,2767,1146,154,524,981],"class_list":{"0":"post-20695","1":"product","2":"type-product","3":"status-publish","4":"has-post-thumbnail","6":"product_cat-art-en","7":"product_tag-art-en","8":"product_tag-art-history","9":"product_tag-great-masters-en","10":"product_tag-monographs","11":"product_tag-painting-en","12":"product_tag-sculpture-en","13":"pa_cover-hardcover","14":"pa_format-14-x-195-cm-en","15":"pa_isbn-9783836537162-en","16":"pa_language-eng","17":"pa_pages-800-en","18":"pa_published-2017-01-30-en","19":"pa_publisher-taschen-en-en","21":"first","22":"outofstock","23":"sold-individually","24":"shipping-taxable","25":"purchasable","26":"product-type-simple"},"yoast_head":"<!-- This site is optimized with the Yoast SEO plugin v27.4 - https:\/\/yoast.com\/product\/yoast-seo-wordpress\/ -->\n<title>Michelangelo. The Complete Paintings, Sculptures and Architecture () - book \/ album - Folio<\/title>\n<meta name=\"description\" content=\"Wejd\u017a i kup ksi\u0105\u017ck\u0119 Michelangelo. The Complete Paintings, Sculptures and Architecture autorstwa wydan\u0105 przez TASCHEN (2017-01-30) w formacie 14 x 19,5 cm (ISBN: 9783836537162). Zapraszamy!\" \/>\n<meta name=\"robots\" content=\"index, follow, max-snippet:-1, max-image-preview:large, max-video-preview:-1\" \/>\n<link rel=\"canonical\" href=\"https:\/\/foliobooks.pl\/en\/shop\/michelangelo-the-complete-paintings-sculptures-and-architecture\/\" \/>\n<meta property=\"og:locale\" content=\"en_US\" \/>\n<meta property=\"og:type\" content=\"article\" \/>\n<meta property=\"og:title\" content=\"Michelangelo. The Complete Paintings, Sculptures and Architecture () - book \/ album - Folio\" \/>\n<meta property=\"og:description\" content=\"Wejd\u017a i kup ksi\u0105\u017ck\u0119 Michelangelo. The Complete Paintings, Sculptures and Architecture autorstwa wydan\u0105 przez TASCHEN (2017-01-30) w formacie 14 x 19,5 cm (ISBN: 9783836537162). Zapraszamy!\" \/>\n<meta property=\"og:url\" content=\"https:\/\/foliobooks.pl\/en\/shop\/michelangelo-the-complete-paintings-sculptures-and-architecture\/\" \/>\n<meta property=\"og:site_name\" content=\"Folio\" \/>\n<meta property=\"article:modified_time\" content=\"2024-02-02T12:21:30+00:00\" \/>\n<meta property=\"og:image\" content=\"https:\/\/foliobooks.pl\/wp-content\/uploads\/2017\/07\/9783836537162.png\" \/>\n\t<meta property=\"og:image:width\" content=\"570\" \/>\n\t<meta property=\"og:image:height\" content=\"708\" \/>\n\t<meta property=\"og:image:type\" content=\"image\/png\" \/>\n<meta name=\"twitter:card\" content=\"summary_large_image\" \/>\n<meta name=\"twitter:label1\" content=\"Est. reading time\" \/>\n\t<meta name=\"twitter:data1\" content=\"1 minute\" \/>\n<script type=\"application\/ld+json\" class=\"yoast-schema-graph\">{\"@context\":\"https:\\\/\\\/schema.org\",\"@graph\":[{\"@type\":\"WebPage\",\"@id\":\"https:\\\/\\\/foliobooks.pl\\\/en\\\/shop\\\/michelangelo-the-complete-paintings-sculptures-and-architecture\\\/\",\"url\":\"https:\\\/\\\/foliobooks.pl\\\/en\\\/shop\\\/michelangelo-the-complete-paintings-sculptures-and-architecture\\\/\",\"name\":\"Michelangelo. The Complete Paintings, Sculptures and Architecture () - book \\\/ album - Folio\",\"isPartOf\":{\"@id\":\"https:\\\/\\\/foliobooks.pl\\\/en\\\/#website\"},\"primaryImageOfPage\":{\"@id\":\"https:\\\/\\\/foliobooks.pl\\\/en\\\/shop\\\/michelangelo-the-complete-paintings-sculptures-and-architecture\\\/#primaryimage\"},\"image\":{\"@id\":\"https:\\\/\\\/foliobooks.pl\\\/en\\\/shop\\\/michelangelo-the-complete-paintings-sculptures-and-architecture\\\/#primaryimage\"},\"thumbnailUrl\":\"https:\\\/\\\/foliobooks.pl\\\/wp-content\\\/uploads\\\/2017\\\/07\\\/9783836537162.png\",\"datePublished\":\"2017-07-18T11:00:14+00:00\",\"dateModified\":\"2024-02-02T12:21:30+00:00\",\"description\":\"Wejd\u017a i kup ksi\u0105\u017ck\u0119 Michelangelo. The Complete Paintings, Sculptures and Architecture autorstwa wydan\u0105 przez TASCHEN (2017-01-30) w formacie 14 x 19,5 cm (ISBN: 9783836537162). Zapraszamy!\",\"breadcrumb\":{\"@id\":\"https:\\\/\\\/foliobooks.pl\\\/en\\\/shop\\\/michelangelo-the-complete-paintings-sculptures-and-architecture\\\/#breadcrumb\"},\"inLanguage\":\"en-US\",\"potentialAction\":[{\"@type\":\"ReadAction\",\"target\":[\"https:\\\/\\\/foliobooks.pl\\\/en\\\/shop\\\/michelangelo-the-complete-paintings-sculptures-and-architecture\\\/\"]}]},{\"@type\":\"ImageObject\",\"inLanguage\":\"en-US\",\"@id\":\"https:\\\/\\\/foliobooks.pl\\\/en\\\/shop\\\/michelangelo-the-complete-paintings-sculptures-and-architecture\\\/#primaryimage\",\"url\":\"https:\\\/\\\/foliobooks.pl\\\/wp-content\\\/uploads\\\/2017\\\/07\\\/9783836537162.png\",\"contentUrl\":\"https:\\\/\\\/foliobooks.pl\\\/wp-content\\\/uploads\\\/2017\\\/07\\\/9783836537162.png\",\"width\":570,\"height\":708},{\"@type\":\"BreadcrumbList\",\"@id\":\"https:\\\/\\\/foliobooks.pl\\\/en\\\/shop\\\/michelangelo-the-complete-paintings-sculptures-and-architecture\\\/#breadcrumb\",\"itemListElement\":[{\"@type\":\"ListItem\",\"position\":1,\"name\":\"Strona g\u0142\u00f3wna\",\"item\":\"https:\\\/\\\/foliobooks.pl\\\/en\\\/\"},{\"@type\":\"ListItem\",\"position\":2,\"name\":\"Shop\",\"item\":\"https:\\\/\\\/foliobooks.pl\\\/en\\\/shop\\\/\"},{\"@type\":\"ListItem\",\"position\":3,\"name\":\"Michelangelo. The Complete Paintings, Sculptures and Architecture\"}]},{\"@type\":\"WebSite\",\"@id\":\"https:\\\/\\\/foliobooks.pl\\\/en\\\/#website\",\"url\":\"https:\\\/\\\/foliobooks.pl\\\/en\\\/\",\"name\":\"Folio\",\"description\":\"Ksi\u0119garnia internetowa\",\"potentialAction\":[{\"@type\":\"SearchAction\",\"target\":{\"@type\":\"EntryPoint\",\"urlTemplate\":\"https:\\\/\\\/foliobooks.pl\\\/en\\\/?s={search_term_string}\"},\"query-input\":{\"@type\":\"PropertyValueSpecification\",\"valueRequired\":true,\"valueName\":\"search_term_string\"}}],\"inLanguage\":\"en-US\"}]}<\/script>\n<!-- \/ Yoast SEO plugin. -->","yoast_head_json":{"title":"Michelangelo. The Complete Paintings, Sculptures and Architecture () - book \/ album - Folio","description":"Wejd\u017a i kup ksi\u0105\u017ck\u0119 Michelangelo. The Complete Paintings, Sculptures and Architecture autorstwa wydan\u0105 przez TASCHEN (2017-01-30) w formacie 14 x 19,5 cm (ISBN: 9783836537162). Zapraszamy!","robots":{"index":"index","follow":"follow","max-snippet":"max-snippet:-1","max-image-preview":"max-image-preview:large","max-video-preview":"max-video-preview:-1"},"canonical":"https:\/\/foliobooks.pl\/en\/shop\/michelangelo-the-complete-paintings-sculptures-and-architecture\/","og_locale":"en_US","og_type":"article","og_title":"Michelangelo. The Complete Paintings, Sculptures and Architecture () - book \/ album - Folio","og_description":"Wejd\u017a i kup ksi\u0105\u017ck\u0119 Michelangelo. The Complete Paintings, Sculptures and Architecture autorstwa wydan\u0105 przez TASCHEN (2017-01-30) w formacie 14 x 19,5 cm (ISBN: 9783836537162). Zapraszamy!","og_url":"https:\/\/foliobooks.pl\/en\/shop\/michelangelo-the-complete-paintings-sculptures-and-architecture\/","og_site_name":"Folio","article_modified_time":"2024-02-02T12:21:30+00:00","og_image":[{"width":570,"height":708,"url":"https:\/\/foliobooks.pl\/wp-content\/uploads\/2017\/07\/9783836537162.png","type":"image\/png"}],"twitter_card":"summary_large_image","twitter_misc":{"Est. reading time":"1 minute"},"schema":{"@context":"https:\/\/schema.org","@graph":[{"@type":"WebPage","@id":"https:\/\/foliobooks.pl\/en\/shop\/michelangelo-the-complete-paintings-sculptures-and-architecture\/","url":"https:\/\/foliobooks.pl\/en\/shop\/michelangelo-the-complete-paintings-sculptures-and-architecture\/","name":"Michelangelo. The Complete Paintings, Sculptures and Architecture () - book \/ album - Folio","isPartOf":{"@id":"https:\/\/foliobooks.pl\/en\/#website"},"primaryImageOfPage":{"@id":"https:\/\/foliobooks.pl\/en\/shop\/michelangelo-the-complete-paintings-sculptures-and-architecture\/#primaryimage"},"image":{"@id":"https:\/\/foliobooks.pl\/en\/shop\/michelangelo-the-complete-paintings-sculptures-and-architecture\/#primaryimage"},"thumbnailUrl":"https:\/\/foliobooks.pl\/wp-content\/uploads\/2017\/07\/9783836537162.png","datePublished":"2017-07-18T11:00:14+00:00","dateModified":"2024-02-02T12:21:30+00:00","description":"Wejd\u017a i kup ksi\u0105\u017ck\u0119 Michelangelo. The Complete Paintings, Sculptures and Architecture autorstwa wydan\u0105 przez TASCHEN (2017-01-30) w formacie 14 x 19,5 cm (ISBN: 9783836537162). Zapraszamy!","breadcrumb":{"@id":"https:\/\/foliobooks.pl\/en\/shop\/michelangelo-the-complete-paintings-sculptures-and-architecture\/#breadcrumb"},"inLanguage":"en-US","potentialAction":[{"@type":"ReadAction","target":["https:\/\/foliobooks.pl\/en\/shop\/michelangelo-the-complete-paintings-sculptures-and-architecture\/"]}]},{"@type":"ImageObject","inLanguage":"en-US","@id":"https:\/\/foliobooks.pl\/en\/shop\/michelangelo-the-complete-paintings-sculptures-and-architecture\/#primaryimage","url":"https:\/\/foliobooks.pl\/wp-content\/uploads\/2017\/07\/9783836537162.png","contentUrl":"https:\/\/foliobooks.pl\/wp-content\/uploads\/2017\/07\/9783836537162.png","width":570,"height":708},{"@type":"BreadcrumbList","@id":"https:\/\/foliobooks.pl\/en\/shop\/michelangelo-the-complete-paintings-sculptures-and-architecture\/#breadcrumb","itemListElement":[{"@type":"ListItem","position":1,"name":"Strona g\u0142\u00f3wna","item":"https:\/\/foliobooks.pl\/en\/"},{"@type":"ListItem","position":2,"name":"Shop","item":"https:\/\/foliobooks.pl\/en\/shop\/"},{"@type":"ListItem","position":3,"name":"Michelangelo. The Complete Paintings, Sculptures and Architecture"}]},{"@type":"WebSite","@id":"https:\/\/foliobooks.pl\/en\/#website","url":"https:\/\/foliobooks.pl\/en\/","name":"Folio","description":"Ksi\u0119garnia internetowa","potentialAction":[{"@type":"SearchAction","target":{"@type":"EntryPoint","urlTemplate":"https:\/\/foliobooks.pl\/en\/?s={search_term_string}"},"query-input":{"@type":"PropertyValueSpecification","valueRequired":true,"valueName":"search_term_string"}}],"inLanguage":"en-US"}]}},"_links":{"self":[{"href":"https:\/\/foliobooks.pl\/en\/wp-json\/wp\/v2\/product\/20695","targetHints":{"allow":["GET"]}}],"collection":[{"href":"https:\/\/foliobooks.pl\/en\/wp-json\/wp\/v2\/product"}],"about":[{"href":"https:\/\/foliobooks.pl\/en\/wp-json\/wp\/v2\/types\/product"}],"replies":[{"embeddable":true,"href":"https:\/\/foliobooks.pl\/en\/wp-json\/wp\/v2\/comments?post=20695"}],"wp:featuredmedia":[{"embeddable":true,"href":"https:\/\/foliobooks.pl\/en\/wp-json\/wp\/v2\/media\/20688"}],"wp:attachment":[{"href":"https:\/\/foliobooks.pl\/en\/wp-json\/wp\/v2\/media?parent=20695"}],"wp:term":[{"taxonomy":"product_brand","embeddable":true,"href":"https:\/\/foliobooks.pl\/en\/wp-json\/wp\/v2\/product_brand?post=20695"},{"taxonomy":"product_cat","embeddable":true,"href":"https:\/\/foliobooks.pl\/en\/wp-json\/wp\/v2\/product_cat?post=20695"},{"taxonomy":"product_tag","embeddable":true,"href":"https:\/\/foliobooks.pl\/en\/wp-json\/wp\/v2\/product_tag?post=20695"}],"curies":[{"name":"wp","href":"https:\/\/api.w.org\/{rel}","templated":true}]}}