{"id":20662,"date":"2017-07-18T12:16:20","date_gmt":"2017-07-18T10:16:20","guid":{"rendered":"https:\/\/foliobooks.pl\/sklep\/75-years-of-dc-comics-the-art-of-modern-mythmaking\/"},"modified":"2021-04-08T11:58:46","modified_gmt":"2021-04-08T09:58:46","slug":"75-years-of-dc-comics-the-art-of-modern-mythmaking","status":"publish","type":"product","link":"https:\/\/foliobooks.pl\/en\/shop\/75-years-of-dc-comics-the-art-of-modern-mythmaking\/","title":{"rendered":"75 Years of DC Comics. The Art of Modern Mythmaking"},"content":{"rendered":"<p>In 1935, DC Comics founder Major Malcolm Wheeler-Nicholson published New Fun No. 1\u2014the first comic book with all-new original material\u2014at a time when comic books were mere repositories for the castoffs of the newspaper strips. What was initially considered to be disposable media for children was well on its way to becoming the mythology of our time\u2014the 20th century\u2019s answer to Atlas or Zorro.<\/p>\n<p>More than 40,000 comic books later, TASCHEN has produced the single most comprehensive book on DC Comics. More than 2,000 images\u2014covers and interiors, original illustrations, photographs, film stills, and collectibles\u2014are reproduced using the latest technology to bring the story lines, the characters, and their creators to vibrant life as they\u2019ve never been seen before. Telling the tales behind the tomes is 38-year DC veteran Paul Levitz, whose in-depth essays trace the company\u2019s history, from its pulp origins through to the future of digital publishing, alongside year-by-year timelines and biographies of DC legends.<\/p>\n<p>The original XL edition of 75 Years of DC Comics was winner of the 2011 Eisner Comic Industry Award for Best Comics-Related Book of the Year. This new edition brings you all the same DC glory in a more compact format.<\/p>\n","protected":false},"excerpt":{"rendered":"<p>In 1935, DC Comics founder Major Malcolm Wheeler-Nicholson published New Fun No. 1\u2014the first comic book with all-new original material\u2014at a time when comic books were mere repositories for the castoffs of the newspaper strips. What was initially considered to be disposable media for children was well on its way to becoming the mythology of&#8230;<\/p>\n","protected":false},"featured_media":20651,"comment_status":"closed","ping_status":"closed","template":"","meta":[],"product_brand":[],"product_cat":[4522,4521],"product_tag":[2767,1685,1649],"class_list":{"0":"post-20662","1":"product","2":"type-product","3":"status-publish","4":"has-post-thumbnail","6":"product_cat-art-en","7":"product_cat-silva-rerum-en-en","8":"product_tag-art-history","9":"product_tag-comic","10":"product_tag-illustration","11":"pa_author_att-paul-levitz-en","12":"pa_cover-hardcover","13":"pa_format-25-x-34-2-cm-en","14":"pa_isbn-9783836554565-en","15":"pa_language-eng","16":"pa_pages-720-en","17":"pa_published-2017-06-08-en","18":"pa_publisher-taschen-en-en","20":"first","21":"outofstock","22":"sold-individually","23":"shipping-taxable","24":"purchasable","25":"product-type-simple"},"yoast_head":"<!-- This site is optimized with the Yoast SEO plugin v27.6 - https:\/\/yoast.com\/product\/yoast-seo-wordpress\/ -->\n<title>75 Years of DC Comics. The Art of Modern Mythmaking (Paul Levitz) - book \/ album - Folio<\/title>\n<meta name=\"description\" content=\"Wejd\u017a i kup ksi\u0105\u017ck\u0119 75 Years of DC Comics. The Art of Modern Mythmaking autorstwa Paul Levitz wydan\u0105 przez TASCHEN (2017-06-08) w formacie 25 x 34.2 cm (ISBN: 9783836554565). Zapraszamy!\" \/>\n<meta name=\"robots\" content=\"index, follow, max-snippet:-1, max-image-preview:large, max-video-preview:-1\" \/>\n<link rel=\"canonical\" href=\"https:\/\/foliobooks.pl\/en\/shop\/75-years-of-dc-comics-the-art-of-modern-mythmaking\/\" \/>\n<meta property=\"og:locale\" content=\"en_US\" \/>\n<meta property=\"og:type\" content=\"article\" \/>\n<meta property=\"og:title\" content=\"75 Years of DC Comics. The Art of Modern Mythmaking (Paul Levitz) - book \/ album - Folio\" \/>\n<meta property=\"og:description\" content=\"Wejd\u017a i kup ksi\u0105\u017ck\u0119 75 Years of DC Comics. The Art of Modern Mythmaking autorstwa Paul Levitz wydan\u0105 przez TASCHEN (2017-06-08) w formacie 25 x 34.2 cm (ISBN: 9783836554565). Zapraszamy!\" \/>\n<meta property=\"og:url\" content=\"https:\/\/foliobooks.pl\/en\/shop\/75-years-of-dc-comics-the-art-of-modern-mythmaking\/\" \/>\n<meta property=\"og:site_name\" content=\"Folio\" \/>\n<meta property=\"article:modified_time\" content=\"2021-04-08T09:58:46+00:00\" \/>\n<meta property=\"og:image\" content=\"https:\/\/foliobooks.pl\/wp-content\/uploads\/2017\/07\/9783836554565.png\" \/>\n\t<meta property=\"og:image:width\" content=\"570\" \/>\n\t<meta property=\"og:image:height\" content=\"708\" \/>\n\t<meta property=\"og:image:type\" content=\"image\/png\" \/>\n<meta name=\"twitter:card\" content=\"summary_large_image\" \/>\n<meta name=\"twitter:label1\" content=\"Est. reading time\" \/>\n\t<meta name=\"twitter:data1\" content=\"1 minute\" \/>\n<script type=\"application\/ld+json\" class=\"yoast-schema-graph\">{\"@context\":\"https:\\\/\\\/schema.org\",\"@graph\":[{\"@type\":\"WebPage\",\"@id\":\"https:\\\/\\\/foliobooks.pl\\\/en\\\/shop\\\/75-years-of-dc-comics-the-art-of-modern-mythmaking\\\/\",\"url\":\"https:\\\/\\\/foliobooks.pl\\\/en\\\/shop\\\/75-years-of-dc-comics-the-art-of-modern-mythmaking\\\/\",\"name\":\"75 Years of DC Comics. The Art of Modern Mythmaking (Paul Levitz) - book \\\/ album - Folio\",\"isPartOf\":{\"@id\":\"https:\\\/\\\/foliobooks.pl\\\/en\\\/#website\"},\"primaryImageOfPage\":{\"@id\":\"https:\\\/\\\/foliobooks.pl\\\/en\\\/shop\\\/75-years-of-dc-comics-the-art-of-modern-mythmaking\\\/#primaryimage\"},\"image\":{\"@id\":\"https:\\\/\\\/foliobooks.pl\\\/en\\\/shop\\\/75-years-of-dc-comics-the-art-of-modern-mythmaking\\\/#primaryimage\"},\"thumbnailUrl\":\"https:\\\/\\\/foliobooks.pl\\\/wp-content\\\/uploads\\\/2017\\\/07\\\/9783836554565.png\",\"datePublished\":\"2017-07-18T10:16:20+00:00\",\"dateModified\":\"2021-04-08T09:58:46+00:00\",\"description\":\"Wejd\u017a i kup ksi\u0105\u017ck\u0119 75 Years of DC Comics. The Art of Modern Mythmaking autorstwa Paul Levitz wydan\u0105 przez TASCHEN (2017-06-08) w formacie 25 x 34.2 cm (ISBN: 9783836554565). Zapraszamy!\",\"breadcrumb\":{\"@id\":\"https:\\\/\\\/foliobooks.pl\\\/en\\\/shop\\\/75-years-of-dc-comics-the-art-of-modern-mythmaking\\\/#breadcrumb\"},\"inLanguage\":\"en-US\",\"potentialAction\":[{\"@type\":\"ReadAction\",\"target\":[\"https:\\\/\\\/foliobooks.pl\\\/en\\\/shop\\\/75-years-of-dc-comics-the-art-of-modern-mythmaking\\\/\"]}]},{\"@type\":\"ImageObject\",\"inLanguage\":\"en-US\",\"@id\":\"https:\\\/\\\/foliobooks.pl\\\/en\\\/shop\\\/75-years-of-dc-comics-the-art-of-modern-mythmaking\\\/#primaryimage\",\"url\":\"https:\\\/\\\/foliobooks.pl\\\/wp-content\\\/uploads\\\/2017\\\/07\\\/9783836554565.png\",\"contentUrl\":\"https:\\\/\\\/foliobooks.pl\\\/wp-content\\\/uploads\\\/2017\\\/07\\\/9783836554565.png\",\"width\":570,\"height\":708},{\"@type\":\"BreadcrumbList\",\"@id\":\"https:\\\/\\\/foliobooks.pl\\\/en\\\/shop\\\/75-years-of-dc-comics-the-art-of-modern-mythmaking\\\/#breadcrumb\",\"itemListElement\":[{\"@type\":\"ListItem\",\"position\":1,\"name\":\"Strona g\u0142\u00f3wna\",\"item\":\"https:\\\/\\\/foliobooks.pl\\\/en\\\/\"},{\"@type\":\"ListItem\",\"position\":2,\"name\":\"Shop\",\"item\":\"https:\\\/\\\/foliobooks.pl\\\/en\\\/shop\\\/\"},{\"@type\":\"ListItem\",\"position\":3,\"name\":\"75 Years of DC Comics. The Art of Modern Mythmaking\"}]},{\"@type\":\"WebSite\",\"@id\":\"https:\\\/\\\/foliobooks.pl\\\/en\\\/#website\",\"url\":\"https:\\\/\\\/foliobooks.pl\\\/en\\\/\",\"name\":\"Folio\",\"description\":\"Ksi\u0119garnia internetowa\",\"potentialAction\":[{\"@type\":\"SearchAction\",\"target\":{\"@type\":\"EntryPoint\",\"urlTemplate\":\"https:\\\/\\\/foliobooks.pl\\\/en\\\/?s={search_term_string}\"},\"query-input\":{\"@type\":\"PropertyValueSpecification\",\"valueRequired\":true,\"valueName\":\"search_term_string\"}}],\"inLanguage\":\"en-US\"}]}<\/script>\n<!-- \/ Yoast SEO plugin. -->","yoast_head_json":{"title":"75 Years of DC Comics. The Art of Modern Mythmaking (Paul Levitz) - book \/ album - Folio","description":"Wejd\u017a i kup ksi\u0105\u017ck\u0119 75 Years of DC Comics. The Art of Modern Mythmaking autorstwa Paul Levitz wydan\u0105 przez TASCHEN (2017-06-08) w formacie 25 x 34.2 cm (ISBN: 9783836554565). Zapraszamy!","robots":{"index":"index","follow":"follow","max-snippet":"max-snippet:-1","max-image-preview":"max-image-preview:large","max-video-preview":"max-video-preview:-1"},"canonical":"https:\/\/foliobooks.pl\/en\/shop\/75-years-of-dc-comics-the-art-of-modern-mythmaking\/","og_locale":"en_US","og_type":"article","og_title":"75 Years of DC Comics. The Art of Modern Mythmaking (Paul Levitz) - book \/ album - Folio","og_description":"Wejd\u017a i kup ksi\u0105\u017ck\u0119 75 Years of DC Comics. The Art of Modern Mythmaking autorstwa Paul Levitz wydan\u0105 przez TASCHEN (2017-06-08) w formacie 25 x 34.2 cm (ISBN: 9783836554565). Zapraszamy!","og_url":"https:\/\/foliobooks.pl\/en\/shop\/75-years-of-dc-comics-the-art-of-modern-mythmaking\/","og_site_name":"Folio","article_modified_time":"2021-04-08T09:58:46+00:00","og_image":[{"width":570,"height":708,"url":"https:\/\/foliobooks.pl\/wp-content\/uploads\/2017\/07\/9783836554565.png","type":"image\/png"}],"twitter_card":"summary_large_image","twitter_misc":{"Est. reading time":"1 minute"},"schema":{"@context":"https:\/\/schema.org","@graph":[{"@type":"WebPage","@id":"https:\/\/foliobooks.pl\/en\/shop\/75-years-of-dc-comics-the-art-of-modern-mythmaking\/","url":"https:\/\/foliobooks.pl\/en\/shop\/75-years-of-dc-comics-the-art-of-modern-mythmaking\/","name":"75 Years of DC Comics. The Art of Modern Mythmaking (Paul Levitz) - book \/ album - Folio","isPartOf":{"@id":"https:\/\/foliobooks.pl\/en\/#website"},"primaryImageOfPage":{"@id":"https:\/\/foliobooks.pl\/en\/shop\/75-years-of-dc-comics-the-art-of-modern-mythmaking\/#primaryimage"},"image":{"@id":"https:\/\/foliobooks.pl\/en\/shop\/75-years-of-dc-comics-the-art-of-modern-mythmaking\/#primaryimage"},"thumbnailUrl":"https:\/\/foliobooks.pl\/wp-content\/uploads\/2017\/07\/9783836554565.png","datePublished":"2017-07-18T10:16:20+00:00","dateModified":"2021-04-08T09:58:46+00:00","description":"Wejd\u017a i kup ksi\u0105\u017ck\u0119 75 Years of DC Comics. The Art of Modern Mythmaking autorstwa Paul Levitz wydan\u0105 przez TASCHEN (2017-06-08) w formacie 25 x 34.2 cm (ISBN: 9783836554565). Zapraszamy!","breadcrumb":{"@id":"https:\/\/foliobooks.pl\/en\/shop\/75-years-of-dc-comics-the-art-of-modern-mythmaking\/#breadcrumb"},"inLanguage":"en-US","potentialAction":[{"@type":"ReadAction","target":["https:\/\/foliobooks.pl\/en\/shop\/75-years-of-dc-comics-the-art-of-modern-mythmaking\/"]}]},{"@type":"ImageObject","inLanguage":"en-US","@id":"https:\/\/foliobooks.pl\/en\/shop\/75-years-of-dc-comics-the-art-of-modern-mythmaking\/#primaryimage","url":"https:\/\/foliobooks.pl\/wp-content\/uploads\/2017\/07\/9783836554565.png","contentUrl":"https:\/\/foliobooks.pl\/wp-content\/uploads\/2017\/07\/9783836554565.png","width":570,"height":708},{"@type":"BreadcrumbList","@id":"https:\/\/foliobooks.pl\/en\/shop\/75-years-of-dc-comics-the-art-of-modern-mythmaking\/#breadcrumb","itemListElement":[{"@type":"ListItem","position":1,"name":"Strona g\u0142\u00f3wna","item":"https:\/\/foliobooks.pl\/en\/"},{"@type":"ListItem","position":2,"name":"Shop","item":"https:\/\/foliobooks.pl\/en\/shop\/"},{"@type":"ListItem","position":3,"name":"75 Years of DC Comics. The Art of Modern Mythmaking"}]},{"@type":"WebSite","@id":"https:\/\/foliobooks.pl\/en\/#website","url":"https:\/\/foliobooks.pl\/en\/","name":"Folio","description":"Ksi\u0119garnia internetowa","potentialAction":[{"@type":"SearchAction","target":{"@type":"EntryPoint","urlTemplate":"https:\/\/foliobooks.pl\/en\/?s={search_term_string}"},"query-input":{"@type":"PropertyValueSpecification","valueRequired":true,"valueName":"search_term_string"}}],"inLanguage":"en-US"}]}},"_links":{"self":[{"href":"https:\/\/foliobooks.pl\/en\/wp-json\/wp\/v2\/product\/20662","targetHints":{"allow":["GET"]}}],"collection":[{"href":"https:\/\/foliobooks.pl\/en\/wp-json\/wp\/v2\/product"}],"about":[{"href":"https:\/\/foliobooks.pl\/en\/wp-json\/wp\/v2\/types\/product"}],"replies":[{"embeddable":true,"href":"https:\/\/foliobooks.pl\/en\/wp-json\/wp\/v2\/comments?post=20662"}],"wp:featuredmedia":[{"embeddable":true,"href":"https:\/\/foliobooks.pl\/en\/wp-json\/wp\/v2\/media\/20651"}],"wp:attachment":[{"href":"https:\/\/foliobooks.pl\/en\/wp-json\/wp\/v2\/media?parent=20662"}],"wp:term":[{"taxonomy":"product_brand","embeddable":true,"href":"https:\/\/foliobooks.pl\/en\/wp-json\/wp\/v2\/product_brand?post=20662"},{"taxonomy":"product_cat","embeddable":true,"href":"https:\/\/foliobooks.pl\/en\/wp-json\/wp\/v2\/product_cat?post=20662"},{"taxonomy":"product_tag","embeddable":true,"href":"https:\/\/foliobooks.pl\/en\/wp-json\/wp\/v2\/product_tag?post=20662"}],"curies":[{"name":"wp","href":"https:\/\/api.w.org\/{rel}","templated":true}]}}