{"id":20140,"date":"2017-06-14T10:39:06","date_gmt":"2017-06-14T08:39:06","guid":{"rendered":"https:\/\/foliobooks.pl\/sklep\/heirloom-plants\/"},"modified":"2019-12-07T20:10:09","modified_gmt":"2019-12-07T19:10:09","slug":"heirloom-plants","status":"publish","type":"product","link":"https:\/\/foliobooks.pl\/en\/shop\/heirloom-plants\/","title":{"rendered":"Heirloom Plants"},"content":{"rendered":"<p>Heirloom plants often have a charm lacking in commercially produced varieties. And unless these seeds are grown and saved, they will be not only forgotten, but lost, too. Based on the seed catalogs of Thomas Etty, Heirloom Plants lists exciting cultivars to be grown, along with profiles and cultivation tips. Responsible gardening, certainly but with more than a hint of romance; who could resist the lure of the splendid Hubbard Green Warty squash, or the Green Zebra tomato?<\/p>\n","protected":false},"excerpt":{"rendered":"<p>Heirloom plants often have a charm lacking in commercially produced varieties. And unless these seeds are grown and saved, they will be not only forgotten, but lost, too. Based on the seed catalogs of Thomas Etty, Heirloom Plants lists exciting cultivars to be grown, along with profiles and cultivation tips. Responsible gardening, certainly but with&#8230;<\/p>\n","protected":false},"featured_media":20133,"comment_status":"closed","ping_status":"closed","template":"","meta":[],"product_brand":[],"product_cat":[4518],"product_tag":[6135,2834,1008],"class_list":{"0":"post-20140","1":"product","2":"type-product","3":"status-publish","4":"has-post-thumbnail","6":"product_cat-cookery-en","7":"product_tag-cookery","8":"product_tag-flora","9":"product_tag-recipes-en","10":"pa_author_att-lorraine-harrison-en","11":"pa_author_att-thomas-etty-en","12":"pa_cover-hardcover","13":"pa_format-225-x-17-cm-en","14":"pa_isbn-9781782403173-en","15":"pa_language-eng","16":"pa_pages-224-2-en","17":"pa_published-2015-12-21-en","18":"pa_publisher-ivy-press-en","20":"first","21":"instock","22":"sold-individually","23":"shipping-taxable","24":"purchasable","25":"product-type-simple"},"yoast_head":"<!-- This site is optimized with the Yoast SEO plugin v27.5 - https:\/\/yoast.com\/product\/yoast-seo-wordpress\/ -->\n<title>Heirloom Plants (Lorraine Harrison, Thomas Etty) - book \/ album - Folio<\/title>\n<meta name=\"description\" content=\"Wejd\u017a i kup ksi\u0105\u017ck\u0119 Heirloom Plants autorstwa Lorraine Harrison, Thomas Etty wydan\u0105 przez Ivy Press (2015-12-21) w formacie 22,5 x 17 cm (ISBN: 9781782403173). Zapraszamy!\" \/>\n<meta name=\"robots\" content=\"index, follow, max-snippet:-1, max-image-preview:large, max-video-preview:-1\" \/>\n<link rel=\"canonical\" href=\"https:\/\/foliobooks.pl\/en\/shop\/heirloom-plants\/\" \/>\n<meta property=\"og:locale\" content=\"en_US\" \/>\n<meta property=\"og:type\" content=\"article\" \/>\n<meta property=\"og:title\" content=\"Heirloom Plants (Lorraine Harrison, Thomas Etty) - book \/ album - Folio\" \/>\n<meta property=\"og:description\" content=\"Wejd\u017a i kup ksi\u0105\u017ck\u0119 Heirloom Plants autorstwa Lorraine Harrison, Thomas Etty wydan\u0105 przez Ivy Press (2015-12-21) w formacie 22,5 x 17 cm (ISBN: 9781782403173). Zapraszamy!\" \/>\n<meta property=\"og:url\" content=\"https:\/\/foliobooks.pl\/en\/shop\/heirloom-plants\/\" \/>\n<meta property=\"og:site_name\" content=\"Folio\" \/>\n<meta property=\"article:modified_time\" content=\"2019-12-07T19:10:09+00:00\" \/>\n<meta property=\"og:image\" content=\"https:\/\/foliobooks.pl\/wp-content\/uploads\/2017\/06\/9781782403173.png\" \/>\n\t<meta property=\"og:image:width\" content=\"570\" \/>\n\t<meta property=\"og:image:height\" content=\"708\" \/>\n\t<meta property=\"og:image:type\" content=\"image\/png\" \/>\n<meta name=\"twitter:card\" content=\"summary_large_image\" \/>\n<script type=\"application\/ld+json\" class=\"yoast-schema-graph\">{\"@context\":\"https:\\\/\\\/schema.org\",\"@graph\":[{\"@type\":\"WebPage\",\"@id\":\"https:\\\/\\\/foliobooks.pl\\\/en\\\/shop\\\/heirloom-plants\\\/\",\"url\":\"https:\\\/\\\/foliobooks.pl\\\/en\\\/shop\\\/heirloom-plants\\\/\",\"name\":\"Heirloom Plants (Lorraine Harrison, Thomas Etty) - book \\\/ album - Folio\",\"isPartOf\":{\"@id\":\"https:\\\/\\\/foliobooks.pl\\\/en\\\/#website\"},\"primaryImageOfPage\":{\"@id\":\"https:\\\/\\\/foliobooks.pl\\\/en\\\/shop\\\/heirloom-plants\\\/#primaryimage\"},\"image\":{\"@id\":\"https:\\\/\\\/foliobooks.pl\\\/en\\\/shop\\\/heirloom-plants\\\/#primaryimage\"},\"thumbnailUrl\":\"https:\\\/\\\/foliobooks.pl\\\/wp-content\\\/uploads\\\/2017\\\/06\\\/9781782403173.png\",\"datePublished\":\"2017-06-14T08:39:06+00:00\",\"dateModified\":\"2019-12-07T19:10:09+00:00\",\"description\":\"Wejd\u017a i kup ksi\u0105\u017ck\u0119 Heirloom Plants autorstwa Lorraine Harrison, Thomas Etty wydan\u0105 przez Ivy Press (2015-12-21) w formacie 22,5 x 17 cm (ISBN: 9781782403173). Zapraszamy!\",\"breadcrumb\":{\"@id\":\"https:\\\/\\\/foliobooks.pl\\\/en\\\/shop\\\/heirloom-plants\\\/#breadcrumb\"},\"inLanguage\":\"en-US\",\"potentialAction\":[{\"@type\":\"ReadAction\",\"target\":[\"https:\\\/\\\/foliobooks.pl\\\/en\\\/shop\\\/heirloom-plants\\\/\"]}]},{\"@type\":\"ImageObject\",\"inLanguage\":\"en-US\",\"@id\":\"https:\\\/\\\/foliobooks.pl\\\/en\\\/shop\\\/heirloom-plants\\\/#primaryimage\",\"url\":\"https:\\\/\\\/foliobooks.pl\\\/wp-content\\\/uploads\\\/2017\\\/06\\\/9781782403173.png\",\"contentUrl\":\"https:\\\/\\\/foliobooks.pl\\\/wp-content\\\/uploads\\\/2017\\\/06\\\/9781782403173.png\",\"width\":570,\"height\":708},{\"@type\":\"BreadcrumbList\",\"@id\":\"https:\\\/\\\/foliobooks.pl\\\/en\\\/shop\\\/heirloom-plants\\\/#breadcrumb\",\"itemListElement\":[{\"@type\":\"ListItem\",\"position\":1,\"name\":\"Strona g\u0142\u00f3wna\",\"item\":\"https:\\\/\\\/foliobooks.pl\\\/en\\\/\"},{\"@type\":\"ListItem\",\"position\":2,\"name\":\"Shop\",\"item\":\"https:\\\/\\\/foliobooks.pl\\\/en\\\/shop\\\/\"},{\"@type\":\"ListItem\",\"position\":3,\"name\":\"Heirloom Plants\"}]},{\"@type\":\"WebSite\",\"@id\":\"https:\\\/\\\/foliobooks.pl\\\/en\\\/#website\",\"url\":\"https:\\\/\\\/foliobooks.pl\\\/en\\\/\",\"name\":\"Folio\",\"description\":\"Ksi\u0119garnia internetowa\",\"potentialAction\":[{\"@type\":\"SearchAction\",\"target\":{\"@type\":\"EntryPoint\",\"urlTemplate\":\"https:\\\/\\\/foliobooks.pl\\\/en\\\/?s={search_term_string}\"},\"query-input\":{\"@type\":\"PropertyValueSpecification\",\"valueRequired\":true,\"valueName\":\"search_term_string\"}}],\"inLanguage\":\"en-US\"}]}<\/script>\n<!-- \/ Yoast SEO plugin. -->","yoast_head_json":{"title":"Heirloom Plants (Lorraine Harrison, Thomas Etty) - book \/ album - Folio","description":"Wejd\u017a i kup ksi\u0105\u017ck\u0119 Heirloom Plants autorstwa Lorraine Harrison, Thomas Etty wydan\u0105 przez Ivy Press (2015-12-21) w formacie 22,5 x 17 cm (ISBN: 9781782403173). Zapraszamy!","robots":{"index":"index","follow":"follow","max-snippet":"max-snippet:-1","max-image-preview":"max-image-preview:large","max-video-preview":"max-video-preview:-1"},"canonical":"https:\/\/foliobooks.pl\/en\/shop\/heirloom-plants\/","og_locale":"en_US","og_type":"article","og_title":"Heirloom Plants (Lorraine Harrison, Thomas Etty) - book \/ album - Folio","og_description":"Wejd\u017a i kup ksi\u0105\u017ck\u0119 Heirloom Plants autorstwa Lorraine Harrison, Thomas Etty wydan\u0105 przez Ivy Press (2015-12-21) w formacie 22,5 x 17 cm (ISBN: 9781782403173). Zapraszamy!","og_url":"https:\/\/foliobooks.pl\/en\/shop\/heirloom-plants\/","og_site_name":"Folio","article_modified_time":"2019-12-07T19:10:09+00:00","og_image":[{"width":570,"height":708,"url":"https:\/\/foliobooks.pl\/wp-content\/uploads\/2017\/06\/9781782403173.png","type":"image\/png"}],"twitter_card":"summary_large_image","schema":{"@context":"https:\/\/schema.org","@graph":[{"@type":"WebPage","@id":"https:\/\/foliobooks.pl\/en\/shop\/heirloom-plants\/","url":"https:\/\/foliobooks.pl\/en\/shop\/heirloom-plants\/","name":"Heirloom Plants (Lorraine Harrison, Thomas Etty) - book \/ album - Folio","isPartOf":{"@id":"https:\/\/foliobooks.pl\/en\/#website"},"primaryImageOfPage":{"@id":"https:\/\/foliobooks.pl\/en\/shop\/heirloom-plants\/#primaryimage"},"image":{"@id":"https:\/\/foliobooks.pl\/en\/shop\/heirloom-plants\/#primaryimage"},"thumbnailUrl":"https:\/\/foliobooks.pl\/wp-content\/uploads\/2017\/06\/9781782403173.png","datePublished":"2017-06-14T08:39:06+00:00","dateModified":"2019-12-07T19:10:09+00:00","description":"Wejd\u017a i kup ksi\u0105\u017ck\u0119 Heirloom Plants autorstwa Lorraine Harrison, Thomas Etty wydan\u0105 przez Ivy Press (2015-12-21) w formacie 22,5 x 17 cm (ISBN: 9781782403173). Zapraszamy!","breadcrumb":{"@id":"https:\/\/foliobooks.pl\/en\/shop\/heirloom-plants\/#breadcrumb"},"inLanguage":"en-US","potentialAction":[{"@type":"ReadAction","target":["https:\/\/foliobooks.pl\/en\/shop\/heirloom-plants\/"]}]},{"@type":"ImageObject","inLanguage":"en-US","@id":"https:\/\/foliobooks.pl\/en\/shop\/heirloom-plants\/#primaryimage","url":"https:\/\/foliobooks.pl\/wp-content\/uploads\/2017\/06\/9781782403173.png","contentUrl":"https:\/\/foliobooks.pl\/wp-content\/uploads\/2017\/06\/9781782403173.png","width":570,"height":708},{"@type":"BreadcrumbList","@id":"https:\/\/foliobooks.pl\/en\/shop\/heirloom-plants\/#breadcrumb","itemListElement":[{"@type":"ListItem","position":1,"name":"Strona g\u0142\u00f3wna","item":"https:\/\/foliobooks.pl\/en\/"},{"@type":"ListItem","position":2,"name":"Shop","item":"https:\/\/foliobooks.pl\/en\/shop\/"},{"@type":"ListItem","position":3,"name":"Heirloom Plants"}]},{"@type":"WebSite","@id":"https:\/\/foliobooks.pl\/en\/#website","url":"https:\/\/foliobooks.pl\/en\/","name":"Folio","description":"Ksi\u0119garnia internetowa","potentialAction":[{"@type":"SearchAction","target":{"@type":"EntryPoint","urlTemplate":"https:\/\/foliobooks.pl\/en\/?s={search_term_string}"},"query-input":{"@type":"PropertyValueSpecification","valueRequired":true,"valueName":"search_term_string"}}],"inLanguage":"en-US"}]}},"_links":{"self":[{"href":"https:\/\/foliobooks.pl\/en\/wp-json\/wp\/v2\/product\/20140","targetHints":{"allow":["GET"]}}],"collection":[{"href":"https:\/\/foliobooks.pl\/en\/wp-json\/wp\/v2\/product"}],"about":[{"href":"https:\/\/foliobooks.pl\/en\/wp-json\/wp\/v2\/types\/product"}],"replies":[{"embeddable":true,"href":"https:\/\/foliobooks.pl\/en\/wp-json\/wp\/v2\/comments?post=20140"}],"wp:featuredmedia":[{"embeddable":true,"href":"https:\/\/foliobooks.pl\/en\/wp-json\/wp\/v2\/media\/20133"}],"wp:attachment":[{"href":"https:\/\/foliobooks.pl\/en\/wp-json\/wp\/v2\/media?parent=20140"}],"wp:term":[{"taxonomy":"product_brand","embeddable":true,"href":"https:\/\/foliobooks.pl\/en\/wp-json\/wp\/v2\/product_brand?post=20140"},{"taxonomy":"product_cat","embeddable":true,"href":"https:\/\/foliobooks.pl\/en\/wp-json\/wp\/v2\/product_cat?post=20140"},{"taxonomy":"product_tag","embeddable":true,"href":"https:\/\/foliobooks.pl\/en\/wp-json\/wp\/v2\/product_tag?post=20140"}],"curies":[{"name":"wp","href":"https:\/\/api.w.org\/{rel}","templated":true}]}}