{"id":19845,"date":"2017-06-07T13:19:59","date_gmt":"2017-06-07T11:19:59","guid":{"rendered":"https:\/\/foliobooks.pl\/sklep\/winsor-mccay-the-complete-little-nemo-1905-1909\/"},"modified":"2019-07-29T19:13:23","modified_gmt":"2019-07-29T17:13:23","slug":"winsor-mccay-the-complete-little-nemo-1905-1909","status":"publish","type":"product","link":"https:\/\/foliobooks.pl\/en\/shop\/winsor-mccay-the-complete-little-nemo-1905-1909\/","title":{"rendered":"Winsor McCay. The Complete Little Nemo 1905\u20131909"},"content":{"rendered":"<p>Little Nemo may be a diminutive hero of comic narrative but he sure stands tall as one of the greatest voyagers of the 20th century. The master creation of Winsor McCay (1869\u20131934), this small and restless sleeper inspired generations of artists with his weekly adventures from bed to Slumberland, a dream realm of colorful companions, elaborate architecture, psychedelic scenery, and thrilling adventures.<\/p>\n<p>Winsor McCay\u2019s Little Nemo 1905\u20131909 collects, in glorious full color, all 220 of Nemo\u2019s nocturnal escapades from the period 1905 to 1909. Through them, we delight not only in the splendor of Slumberland, a surreal benchmark for Robert Crumb and Federico Fellini, but also McCay\u2019s pioneering panel layout and storytelling techniques, his timing and pacing, and extraordinary architectural detail.<\/p>\n<p>In the accompanying 150-page illustrated essay, art historian and comics expert Alexander Braun places Winsor McCay\u2019s life and work within the cultural history of the U.S. media and entertainment industry, and explores the immense art historical significance of McCay\u2019s dream narrative. At once an adventure story, visual delight, and piece of cultural history, this publication is a tremendous monument to one of the most innovative pioneers\u2014and one of the most intrepid explorers\u2014of comic history.<\/p>\n","protected":false},"excerpt":{"rendered":"<p>Little Nemo may be a diminutive hero of comic narrative but he sure stands tall as one of the greatest voyagers of the 20th century. The master creation of Winsor McCay (1869\u20131934), this small and restless sleeper inspired generations of artists with his weekly adventures from bed to Slumberland, a dream realm of colorful companions,&#8230;<\/p>\n","protected":false},"featured_media":19836,"comment_status":"closed","ping_status":"closed","template":"","meta":[],"product_brand":[],"product_cat":[4523,4525,4521],"product_tag":[1685,2253,1649],"class_list":{"0":"post-19845","1":"product","2":"type-product","3":"status-publish","4":"has-post-thumbnail","6":"product_cat-design-en-en","7":"product_cat-graphic-design","8":"product_cat-silva-rerum-en-en","9":"product_tag-comic","10":"product_tag-graphics","11":"product_tag-illustration","12":"pa_author_att-alexander-braun-en","13":"pa_cover-hardcover","14":"pa_format-344-x-44-cm-en","15":"pa_isbn-9783836563109-en","16":"pa_language-eng","17":"pa_pages-368-en-2","18":"pa_published-2017-02-09-en","19":"pa_publisher-taschen-en-en","21":"first","22":"outofstock","23":"sold-individually","24":"shipping-taxable","25":"purchasable","26":"product-type-simple"},"yoast_head":"<!-- This site is optimized with the Yoast SEO plugin v27.4 - https:\/\/yoast.com\/product\/yoast-seo-wordpress\/ -->\n<title>Winsor McCay. The Complete Little Nemo 1905\u20131909 (Alexander Braun) - book \/ album - Folio<\/title>\n<meta name=\"description\" content=\"Wejd\u017a i kup ksi\u0105\u017ck\u0119 Winsor McCay. The Complete Little Nemo 1905\u20131909 autorstwa Alexander Braun wydan\u0105 przez TASCHEN (2017-02-09) w formacie 34,4 x 44 cm (ISBN: 9783836563109). Zapraszamy!\" \/>\n<meta name=\"robots\" content=\"index, follow, max-snippet:-1, max-image-preview:large, max-video-preview:-1\" \/>\n<link rel=\"canonical\" href=\"https:\/\/foliobooks.pl\/en\/shop\/winsor-mccay-the-complete-little-nemo-1905-1909\/\" \/>\n<meta property=\"og:locale\" content=\"en_US\" \/>\n<meta property=\"og:type\" content=\"article\" \/>\n<meta property=\"og:title\" content=\"Winsor McCay. The Complete Little Nemo 1905\u20131909 (Alexander Braun) - book \/ album - Folio\" \/>\n<meta property=\"og:description\" content=\"Wejd\u017a i kup ksi\u0105\u017ck\u0119 Winsor McCay. The Complete Little Nemo 1905\u20131909 autorstwa Alexander Braun wydan\u0105 przez TASCHEN (2017-02-09) w formacie 34,4 x 44 cm (ISBN: 9783836563109). Zapraszamy!\" \/>\n<meta property=\"og:url\" content=\"https:\/\/foliobooks.pl\/en\/shop\/winsor-mccay-the-complete-little-nemo-1905-1909\/\" \/>\n<meta property=\"og:site_name\" content=\"Folio\" \/>\n<meta property=\"article:modified_time\" content=\"2019-07-29T17:13:23+00:00\" \/>\n<meta property=\"og:image\" content=\"https:\/\/foliobooks.pl\/wp-content\/uploads\/2017\/06\/9783836563109.png\" \/>\n\t<meta property=\"og:image:width\" content=\"570\" \/>\n\t<meta property=\"og:image:height\" content=\"708\" \/>\n\t<meta property=\"og:image:type\" content=\"image\/png\" \/>\n<meta name=\"twitter:card\" content=\"summary_large_image\" \/>\n<meta name=\"twitter:label1\" content=\"Est. reading time\" \/>\n\t<meta name=\"twitter:data1\" content=\"1 minute\" \/>\n<script type=\"application\/ld+json\" class=\"yoast-schema-graph\">{\"@context\":\"https:\\\/\\\/schema.org\",\"@graph\":[{\"@type\":\"WebPage\",\"@id\":\"https:\\\/\\\/foliobooks.pl\\\/en\\\/shop\\\/winsor-mccay-the-complete-little-nemo-1905-1909\\\/\",\"url\":\"https:\\\/\\\/foliobooks.pl\\\/en\\\/shop\\\/winsor-mccay-the-complete-little-nemo-1905-1909\\\/\",\"name\":\"Winsor McCay. The Complete Little Nemo 1905\u20131909 (Alexander Braun) - book \\\/ album - Folio\",\"isPartOf\":{\"@id\":\"https:\\\/\\\/foliobooks.pl\\\/en\\\/#website\"},\"primaryImageOfPage\":{\"@id\":\"https:\\\/\\\/foliobooks.pl\\\/en\\\/shop\\\/winsor-mccay-the-complete-little-nemo-1905-1909\\\/#primaryimage\"},\"image\":{\"@id\":\"https:\\\/\\\/foliobooks.pl\\\/en\\\/shop\\\/winsor-mccay-the-complete-little-nemo-1905-1909\\\/#primaryimage\"},\"thumbnailUrl\":\"https:\\\/\\\/foliobooks.pl\\\/wp-content\\\/uploads\\\/2017\\\/06\\\/9783836563109.png\",\"datePublished\":\"2017-06-07T11:19:59+00:00\",\"dateModified\":\"2019-07-29T17:13:23+00:00\",\"description\":\"Wejd\u017a i kup ksi\u0105\u017ck\u0119 Winsor McCay. The Complete Little Nemo 1905\u20131909 autorstwa Alexander Braun wydan\u0105 przez TASCHEN (2017-02-09) w formacie 34,4 x 44 cm (ISBN: 9783836563109). Zapraszamy!\",\"breadcrumb\":{\"@id\":\"https:\\\/\\\/foliobooks.pl\\\/en\\\/shop\\\/winsor-mccay-the-complete-little-nemo-1905-1909\\\/#breadcrumb\"},\"inLanguage\":\"en-US\",\"potentialAction\":[{\"@type\":\"ReadAction\",\"target\":[\"https:\\\/\\\/foliobooks.pl\\\/en\\\/shop\\\/winsor-mccay-the-complete-little-nemo-1905-1909\\\/\"]}]},{\"@type\":\"ImageObject\",\"inLanguage\":\"en-US\",\"@id\":\"https:\\\/\\\/foliobooks.pl\\\/en\\\/shop\\\/winsor-mccay-the-complete-little-nemo-1905-1909\\\/#primaryimage\",\"url\":\"https:\\\/\\\/foliobooks.pl\\\/wp-content\\\/uploads\\\/2017\\\/06\\\/9783836563109.png\",\"contentUrl\":\"https:\\\/\\\/foliobooks.pl\\\/wp-content\\\/uploads\\\/2017\\\/06\\\/9783836563109.png\",\"width\":570,\"height\":708},{\"@type\":\"BreadcrumbList\",\"@id\":\"https:\\\/\\\/foliobooks.pl\\\/en\\\/shop\\\/winsor-mccay-the-complete-little-nemo-1905-1909\\\/#breadcrumb\",\"itemListElement\":[{\"@type\":\"ListItem\",\"position\":1,\"name\":\"Strona g\u0142\u00f3wna\",\"item\":\"https:\\\/\\\/foliobooks.pl\\\/en\\\/\"},{\"@type\":\"ListItem\",\"position\":2,\"name\":\"Shop\",\"item\":\"https:\\\/\\\/foliobooks.pl\\\/en\\\/shop\\\/\"},{\"@type\":\"ListItem\",\"position\":3,\"name\":\"Winsor McCay. The Complete Little Nemo 1905\u20131909\"}]},{\"@type\":\"WebSite\",\"@id\":\"https:\\\/\\\/foliobooks.pl\\\/en\\\/#website\",\"url\":\"https:\\\/\\\/foliobooks.pl\\\/en\\\/\",\"name\":\"Folio\",\"description\":\"Ksi\u0119garnia internetowa\",\"potentialAction\":[{\"@type\":\"SearchAction\",\"target\":{\"@type\":\"EntryPoint\",\"urlTemplate\":\"https:\\\/\\\/foliobooks.pl\\\/en\\\/?s={search_term_string}\"},\"query-input\":{\"@type\":\"PropertyValueSpecification\",\"valueRequired\":true,\"valueName\":\"search_term_string\"}}],\"inLanguage\":\"en-US\"}]}<\/script>\n<!-- \/ Yoast SEO plugin. -->","yoast_head_json":{"title":"Winsor McCay. The Complete Little Nemo 1905\u20131909 (Alexander Braun) - book \/ album - Folio","description":"Wejd\u017a i kup ksi\u0105\u017ck\u0119 Winsor McCay. The Complete Little Nemo 1905\u20131909 autorstwa Alexander Braun wydan\u0105 przez TASCHEN (2017-02-09) w formacie 34,4 x 44 cm (ISBN: 9783836563109). Zapraszamy!","robots":{"index":"index","follow":"follow","max-snippet":"max-snippet:-1","max-image-preview":"max-image-preview:large","max-video-preview":"max-video-preview:-1"},"canonical":"https:\/\/foliobooks.pl\/en\/shop\/winsor-mccay-the-complete-little-nemo-1905-1909\/","og_locale":"en_US","og_type":"article","og_title":"Winsor McCay. The Complete Little Nemo 1905\u20131909 (Alexander Braun) - book \/ album - Folio","og_description":"Wejd\u017a i kup ksi\u0105\u017ck\u0119 Winsor McCay. The Complete Little Nemo 1905\u20131909 autorstwa Alexander Braun wydan\u0105 przez TASCHEN (2017-02-09) w formacie 34,4 x 44 cm (ISBN: 9783836563109). Zapraszamy!","og_url":"https:\/\/foliobooks.pl\/en\/shop\/winsor-mccay-the-complete-little-nemo-1905-1909\/","og_site_name":"Folio","article_modified_time":"2019-07-29T17:13:23+00:00","og_image":[{"width":570,"height":708,"url":"https:\/\/foliobooks.pl\/wp-content\/uploads\/2017\/06\/9783836563109.png","type":"image\/png"}],"twitter_card":"summary_large_image","twitter_misc":{"Est. reading time":"1 minute"},"schema":{"@context":"https:\/\/schema.org","@graph":[{"@type":"WebPage","@id":"https:\/\/foliobooks.pl\/en\/shop\/winsor-mccay-the-complete-little-nemo-1905-1909\/","url":"https:\/\/foliobooks.pl\/en\/shop\/winsor-mccay-the-complete-little-nemo-1905-1909\/","name":"Winsor McCay. The Complete Little Nemo 1905\u20131909 (Alexander Braun) - book \/ album - Folio","isPartOf":{"@id":"https:\/\/foliobooks.pl\/en\/#website"},"primaryImageOfPage":{"@id":"https:\/\/foliobooks.pl\/en\/shop\/winsor-mccay-the-complete-little-nemo-1905-1909\/#primaryimage"},"image":{"@id":"https:\/\/foliobooks.pl\/en\/shop\/winsor-mccay-the-complete-little-nemo-1905-1909\/#primaryimage"},"thumbnailUrl":"https:\/\/foliobooks.pl\/wp-content\/uploads\/2017\/06\/9783836563109.png","datePublished":"2017-06-07T11:19:59+00:00","dateModified":"2019-07-29T17:13:23+00:00","description":"Wejd\u017a i kup ksi\u0105\u017ck\u0119 Winsor McCay. The Complete Little Nemo 1905\u20131909 autorstwa Alexander Braun wydan\u0105 przez TASCHEN (2017-02-09) w formacie 34,4 x 44 cm (ISBN: 9783836563109). Zapraszamy!","breadcrumb":{"@id":"https:\/\/foliobooks.pl\/en\/shop\/winsor-mccay-the-complete-little-nemo-1905-1909\/#breadcrumb"},"inLanguage":"en-US","potentialAction":[{"@type":"ReadAction","target":["https:\/\/foliobooks.pl\/en\/shop\/winsor-mccay-the-complete-little-nemo-1905-1909\/"]}]},{"@type":"ImageObject","inLanguage":"en-US","@id":"https:\/\/foliobooks.pl\/en\/shop\/winsor-mccay-the-complete-little-nemo-1905-1909\/#primaryimage","url":"https:\/\/foliobooks.pl\/wp-content\/uploads\/2017\/06\/9783836563109.png","contentUrl":"https:\/\/foliobooks.pl\/wp-content\/uploads\/2017\/06\/9783836563109.png","width":570,"height":708},{"@type":"BreadcrumbList","@id":"https:\/\/foliobooks.pl\/en\/shop\/winsor-mccay-the-complete-little-nemo-1905-1909\/#breadcrumb","itemListElement":[{"@type":"ListItem","position":1,"name":"Strona g\u0142\u00f3wna","item":"https:\/\/foliobooks.pl\/en\/"},{"@type":"ListItem","position":2,"name":"Shop","item":"https:\/\/foliobooks.pl\/en\/shop\/"},{"@type":"ListItem","position":3,"name":"Winsor McCay. The Complete Little Nemo 1905\u20131909"}]},{"@type":"WebSite","@id":"https:\/\/foliobooks.pl\/en\/#website","url":"https:\/\/foliobooks.pl\/en\/","name":"Folio","description":"Ksi\u0119garnia internetowa","potentialAction":[{"@type":"SearchAction","target":{"@type":"EntryPoint","urlTemplate":"https:\/\/foliobooks.pl\/en\/?s={search_term_string}"},"query-input":{"@type":"PropertyValueSpecification","valueRequired":true,"valueName":"search_term_string"}}],"inLanguage":"en-US"}]}},"_links":{"self":[{"href":"https:\/\/foliobooks.pl\/en\/wp-json\/wp\/v2\/product\/19845","targetHints":{"allow":["GET"]}}],"collection":[{"href":"https:\/\/foliobooks.pl\/en\/wp-json\/wp\/v2\/product"}],"about":[{"href":"https:\/\/foliobooks.pl\/en\/wp-json\/wp\/v2\/types\/product"}],"replies":[{"embeddable":true,"href":"https:\/\/foliobooks.pl\/en\/wp-json\/wp\/v2\/comments?post=19845"}],"wp:featuredmedia":[{"embeddable":true,"href":"https:\/\/foliobooks.pl\/en\/wp-json\/wp\/v2\/media\/19836"}],"wp:attachment":[{"href":"https:\/\/foliobooks.pl\/en\/wp-json\/wp\/v2\/media?parent=19845"}],"wp:term":[{"taxonomy":"product_brand","embeddable":true,"href":"https:\/\/foliobooks.pl\/en\/wp-json\/wp\/v2\/product_brand?post=19845"},{"taxonomy":"product_cat","embeddable":true,"href":"https:\/\/foliobooks.pl\/en\/wp-json\/wp\/v2\/product_cat?post=19845"},{"taxonomy":"product_tag","embeddable":true,"href":"https:\/\/foliobooks.pl\/en\/wp-json\/wp\/v2\/product_tag?post=19845"}],"curies":[{"name":"wp","href":"https:\/\/api.w.org\/{rel}","templated":true}]}}