{"id":19821,"date":"2017-06-07T13:03:24","date_gmt":"2017-06-07T11:03:24","guid":{"rendered":"https:\/\/foliobooks.pl\/sklep\/impressionist-art\/"},"modified":"2023-06-02T16:13:36","modified_gmt":"2023-06-02T14:13:36","slug":"impressionist-art","status":"publish","type":"product","link":"https:\/\/foliobooks.pl\/en\/shop\/impressionist-art\/","title":{"rendered":"Impressionist Art"},"content":{"rendered":"<p>It was a dappled and daubed harbor scene that gave Impressionism its name. When Impression, Sunrise by Claude Monet was exhibited in April 1874, critics seized upon the work\u2019s title and its loose stylistic rendering of light and motion upon water to deride this new, impressionistic tendency in art.<\/p>\n<p>As with many seminal art movements, the critics got their comeuppance. Today, Impressionism is close contender for the world\u2019s favorite period of painting. With blockbuster exhibitions, record-breaking auction prices, and packed museums, the works once dismissed as unfinished or imprecise are now beloved for their atmospheric evocation of time and place, as well as the stylistic flair of rapid brushstrokes upon canvas.<\/p>\n<p>Despite its popularity and a whole host of publications, many areas and artists of Impressionism remain inadequately researched. This TASCHEN book fills the gap, raising the profile of unjustly neglected pioneers such as Berthe Morisot, Lucien Pissarro, and Gustave Caillebotte, while exploring the characteristics of Impressionism, from painting en plein air to vivid color contrasts, not only in the movement\u2019s native France but also across the rest of Europe and North America.<\/p>\n","protected":false},"excerpt":{"rendered":"<p>It was a dappled and daubed harbor scene that gave Impressionism its name. When Impression, Sunrise by Claude Monet was exhibited in April 1874, critics seized upon the work\u2019s title and its loose stylistic rendering of light and motion upon water to deride this new, impressionistic tendency in art. As with many seminal art movements,&#8230;<\/p>\n","protected":false},"featured_media":19812,"comment_status":"closed","ping_status":"closed","template":"","meta":[],"product_brand":[],"product_cat":[4522],"product_tag":[2767,159,6772,524],"class_list":{"0":"post-19821","1":"product","2":"type-product","3":"status-publish","4":"has-post-thumbnail","6":"product_cat-art-en","7":"product_tag-art-history","8":"product_tag-art-movements-en","9":"product_tag-impressionism","10":"product_tag-painting-en","11":"pa_author_att-ingo-f-walther-en","12":"pa_cover-hardcover","13":"pa_format-14-x-195-cm-en","14":"pa_isbn-9783836557115-en","15":"pa_language-eng","16":"pa_pages-784-en","17":"pa_published-2016-06-06-en","18":"pa_publisher-taschen-en-en","20":"first","21":"instock","22":"sold-individually","23":"shipping-taxable","24":"purchasable","25":"product-type-simple"},"yoast_head":"<!-- This site is optimized with the Yoast SEO plugin v27.4 - https:\/\/yoast.com\/product\/yoast-seo-wordpress\/ -->\n<title>Impressionist Art (Ingo F. Walther) - book \/ album - Folio<\/title>\n<meta name=\"description\" content=\"Wejd\u017a i kup ksi\u0105\u017ck\u0119 Impressionist Art autorstwa Ingo F. Walther wydan\u0105 przez TASCHEN (2016-06-06) w formacie 14 x 19,5 cm (ISBN: 9783836557115). Zapraszamy!\" \/>\n<meta name=\"robots\" content=\"index, follow, max-snippet:-1, max-image-preview:large, max-video-preview:-1\" \/>\n<link rel=\"canonical\" href=\"https:\/\/foliobooks.pl\/en\/shop\/impressionist-art\/\" \/>\n<meta property=\"og:locale\" content=\"en_US\" \/>\n<meta property=\"og:type\" content=\"article\" \/>\n<meta property=\"og:title\" content=\"Impressionist Art (Ingo F. Walther) - book \/ album - Folio\" \/>\n<meta property=\"og:description\" content=\"Wejd\u017a i kup ksi\u0105\u017ck\u0119 Impressionist Art autorstwa Ingo F. Walther wydan\u0105 przez TASCHEN (2016-06-06) w formacie 14 x 19,5 cm (ISBN: 9783836557115). Zapraszamy!\" \/>\n<meta property=\"og:url\" content=\"https:\/\/foliobooks.pl\/en\/shop\/impressionist-art\/\" \/>\n<meta property=\"og:site_name\" content=\"Folio\" \/>\n<meta property=\"article:modified_time\" content=\"2023-06-02T14:13:36+00:00\" \/>\n<meta property=\"og:image\" content=\"https:\/\/foliobooks.pl\/wp-content\/uploads\/2017\/06\/9783836557115.png\" \/>\n\t<meta property=\"og:image:width\" content=\"570\" \/>\n\t<meta property=\"og:image:height\" content=\"708\" \/>\n\t<meta property=\"og:image:type\" content=\"image\/png\" \/>\n<meta name=\"twitter:card\" content=\"summary_large_image\" \/>\n<meta name=\"twitter:label1\" content=\"Est. reading time\" \/>\n\t<meta name=\"twitter:data1\" content=\"1 minute\" \/>\n<script type=\"application\/ld+json\" class=\"yoast-schema-graph\">{\"@context\":\"https:\\\/\\\/schema.org\",\"@graph\":[{\"@type\":\"WebPage\",\"@id\":\"https:\\\/\\\/foliobooks.pl\\\/en\\\/shop\\\/impressionist-art\\\/\",\"url\":\"https:\\\/\\\/foliobooks.pl\\\/en\\\/shop\\\/impressionist-art\\\/\",\"name\":\"Impressionist Art (Ingo F. Walther) - book \\\/ album - Folio\",\"isPartOf\":{\"@id\":\"https:\\\/\\\/foliobooks.pl\\\/en\\\/#website\"},\"primaryImageOfPage\":{\"@id\":\"https:\\\/\\\/foliobooks.pl\\\/en\\\/shop\\\/impressionist-art\\\/#primaryimage\"},\"image\":{\"@id\":\"https:\\\/\\\/foliobooks.pl\\\/en\\\/shop\\\/impressionist-art\\\/#primaryimage\"},\"thumbnailUrl\":\"https:\\\/\\\/foliobooks.pl\\\/wp-content\\\/uploads\\\/2017\\\/06\\\/9783836557115.png\",\"datePublished\":\"2017-06-07T11:03:24+00:00\",\"dateModified\":\"2023-06-02T14:13:36+00:00\",\"description\":\"Wejd\u017a i kup ksi\u0105\u017ck\u0119 Impressionist Art autorstwa Ingo F. Walther wydan\u0105 przez TASCHEN (2016-06-06) w formacie 14 x 19,5 cm (ISBN: 9783836557115). Zapraszamy!\",\"breadcrumb\":{\"@id\":\"https:\\\/\\\/foliobooks.pl\\\/en\\\/shop\\\/impressionist-art\\\/#breadcrumb\"},\"inLanguage\":\"en-US\",\"potentialAction\":[{\"@type\":\"ReadAction\",\"target\":[\"https:\\\/\\\/foliobooks.pl\\\/en\\\/shop\\\/impressionist-art\\\/\"]}]},{\"@type\":\"ImageObject\",\"inLanguage\":\"en-US\",\"@id\":\"https:\\\/\\\/foliobooks.pl\\\/en\\\/shop\\\/impressionist-art\\\/#primaryimage\",\"url\":\"https:\\\/\\\/foliobooks.pl\\\/wp-content\\\/uploads\\\/2017\\\/06\\\/9783836557115.png\",\"contentUrl\":\"https:\\\/\\\/foliobooks.pl\\\/wp-content\\\/uploads\\\/2017\\\/06\\\/9783836557115.png\",\"width\":570,\"height\":708},{\"@type\":\"BreadcrumbList\",\"@id\":\"https:\\\/\\\/foliobooks.pl\\\/en\\\/shop\\\/impressionist-art\\\/#breadcrumb\",\"itemListElement\":[{\"@type\":\"ListItem\",\"position\":1,\"name\":\"Strona g\u0142\u00f3wna\",\"item\":\"https:\\\/\\\/foliobooks.pl\\\/en\\\/\"},{\"@type\":\"ListItem\",\"position\":2,\"name\":\"Shop\",\"item\":\"https:\\\/\\\/foliobooks.pl\\\/en\\\/shop\\\/\"},{\"@type\":\"ListItem\",\"position\":3,\"name\":\"Impressionist Art\"}]},{\"@type\":\"WebSite\",\"@id\":\"https:\\\/\\\/foliobooks.pl\\\/en\\\/#website\",\"url\":\"https:\\\/\\\/foliobooks.pl\\\/en\\\/\",\"name\":\"Folio\",\"description\":\"Ksi\u0119garnia internetowa\",\"potentialAction\":[{\"@type\":\"SearchAction\",\"target\":{\"@type\":\"EntryPoint\",\"urlTemplate\":\"https:\\\/\\\/foliobooks.pl\\\/en\\\/?s={search_term_string}\"},\"query-input\":{\"@type\":\"PropertyValueSpecification\",\"valueRequired\":true,\"valueName\":\"search_term_string\"}}],\"inLanguage\":\"en-US\"}]}<\/script>\n<!-- \/ Yoast SEO plugin. -->","yoast_head_json":{"title":"Impressionist Art (Ingo F. Walther) - book \/ album - Folio","description":"Wejd\u017a i kup ksi\u0105\u017ck\u0119 Impressionist Art autorstwa Ingo F. Walther wydan\u0105 przez TASCHEN (2016-06-06) w formacie 14 x 19,5 cm (ISBN: 9783836557115). Zapraszamy!","robots":{"index":"index","follow":"follow","max-snippet":"max-snippet:-1","max-image-preview":"max-image-preview:large","max-video-preview":"max-video-preview:-1"},"canonical":"https:\/\/foliobooks.pl\/en\/shop\/impressionist-art\/","og_locale":"en_US","og_type":"article","og_title":"Impressionist Art (Ingo F. Walther) - book \/ album - Folio","og_description":"Wejd\u017a i kup ksi\u0105\u017ck\u0119 Impressionist Art autorstwa Ingo F. Walther wydan\u0105 przez TASCHEN (2016-06-06) w formacie 14 x 19,5 cm (ISBN: 9783836557115). Zapraszamy!","og_url":"https:\/\/foliobooks.pl\/en\/shop\/impressionist-art\/","og_site_name":"Folio","article_modified_time":"2023-06-02T14:13:36+00:00","og_image":[{"width":570,"height":708,"url":"https:\/\/foliobooks.pl\/wp-content\/uploads\/2017\/06\/9783836557115.png","type":"image\/png"}],"twitter_card":"summary_large_image","twitter_misc":{"Est. reading time":"1 minute"},"schema":{"@context":"https:\/\/schema.org","@graph":[{"@type":"WebPage","@id":"https:\/\/foliobooks.pl\/en\/shop\/impressionist-art\/","url":"https:\/\/foliobooks.pl\/en\/shop\/impressionist-art\/","name":"Impressionist Art (Ingo F. Walther) - book \/ album - Folio","isPartOf":{"@id":"https:\/\/foliobooks.pl\/en\/#website"},"primaryImageOfPage":{"@id":"https:\/\/foliobooks.pl\/en\/shop\/impressionist-art\/#primaryimage"},"image":{"@id":"https:\/\/foliobooks.pl\/en\/shop\/impressionist-art\/#primaryimage"},"thumbnailUrl":"https:\/\/foliobooks.pl\/wp-content\/uploads\/2017\/06\/9783836557115.png","datePublished":"2017-06-07T11:03:24+00:00","dateModified":"2023-06-02T14:13:36+00:00","description":"Wejd\u017a i kup ksi\u0105\u017ck\u0119 Impressionist Art autorstwa Ingo F. Walther wydan\u0105 przez TASCHEN (2016-06-06) w formacie 14 x 19,5 cm (ISBN: 9783836557115). Zapraszamy!","breadcrumb":{"@id":"https:\/\/foliobooks.pl\/en\/shop\/impressionist-art\/#breadcrumb"},"inLanguage":"en-US","potentialAction":[{"@type":"ReadAction","target":["https:\/\/foliobooks.pl\/en\/shop\/impressionist-art\/"]}]},{"@type":"ImageObject","inLanguage":"en-US","@id":"https:\/\/foliobooks.pl\/en\/shop\/impressionist-art\/#primaryimage","url":"https:\/\/foliobooks.pl\/wp-content\/uploads\/2017\/06\/9783836557115.png","contentUrl":"https:\/\/foliobooks.pl\/wp-content\/uploads\/2017\/06\/9783836557115.png","width":570,"height":708},{"@type":"BreadcrumbList","@id":"https:\/\/foliobooks.pl\/en\/shop\/impressionist-art\/#breadcrumb","itemListElement":[{"@type":"ListItem","position":1,"name":"Strona g\u0142\u00f3wna","item":"https:\/\/foliobooks.pl\/en\/"},{"@type":"ListItem","position":2,"name":"Shop","item":"https:\/\/foliobooks.pl\/en\/shop\/"},{"@type":"ListItem","position":3,"name":"Impressionist Art"}]},{"@type":"WebSite","@id":"https:\/\/foliobooks.pl\/en\/#website","url":"https:\/\/foliobooks.pl\/en\/","name":"Folio","description":"Ksi\u0119garnia internetowa","potentialAction":[{"@type":"SearchAction","target":{"@type":"EntryPoint","urlTemplate":"https:\/\/foliobooks.pl\/en\/?s={search_term_string}"},"query-input":{"@type":"PropertyValueSpecification","valueRequired":true,"valueName":"search_term_string"}}],"inLanguage":"en-US"}]}},"_links":{"self":[{"href":"https:\/\/foliobooks.pl\/en\/wp-json\/wp\/v2\/product\/19821","targetHints":{"allow":["GET"]}}],"collection":[{"href":"https:\/\/foliobooks.pl\/en\/wp-json\/wp\/v2\/product"}],"about":[{"href":"https:\/\/foliobooks.pl\/en\/wp-json\/wp\/v2\/types\/product"}],"replies":[{"embeddable":true,"href":"https:\/\/foliobooks.pl\/en\/wp-json\/wp\/v2\/comments?post=19821"}],"wp:featuredmedia":[{"embeddable":true,"href":"https:\/\/foliobooks.pl\/en\/wp-json\/wp\/v2\/media\/19812"}],"wp:attachment":[{"href":"https:\/\/foliobooks.pl\/en\/wp-json\/wp\/v2\/media?parent=19821"}],"wp:term":[{"taxonomy":"product_brand","embeddable":true,"href":"https:\/\/foliobooks.pl\/en\/wp-json\/wp\/v2\/product_brand?post=19821"},{"taxonomy":"product_cat","embeddable":true,"href":"https:\/\/foliobooks.pl\/en\/wp-json\/wp\/v2\/product_cat?post=19821"},{"taxonomy":"product_tag","embeddable":true,"href":"https:\/\/foliobooks.pl\/en\/wp-json\/wp\/v2\/product_tag?post=19821"}],"curies":[{"name":"wp","href":"https:\/\/api.w.org\/{rel}","templated":true}]}}